 {"id":4046,"date":"2024-12-04T11:43:20","date_gmt":"2024-12-04T10:43:20","guid":{"rendered":"https:\/\/rialia.eus\/museo\/erakusketa-iraunkorra\/portugalete\/mareas\/"},"modified":"2025-01-22T12:19:09","modified_gmt":"2025-01-22T11:19:09","slug":"mareak","status":"publish","type":"page","link":"https:\/\/rialia.eus\/eu\/museoa\/erakusketa-iraunkorra\/portugalete\/biodibertsitatea\/mareak\/","title":{"rendered":"Mareak"},"content":{"rendered":"\t<div class=\"row\">\r\n\t\t\t\t\t\t<div class=\"col-md-6\"><a rel=\"single-photo\" href=\"https:\/\/rialia.eus\/wp-content\/uploads\/modulos_biodiversidad3.jpg\"><img width=\"100%\" height=\"auto\" alt=\"\" data-src=\"https:\/\/rialia.eus\/wp-content\/uploads\/modulos_biodiversidad3.jpg\" class=\" lazyload\"><\/a>\r\n\t\t\t\t\t\t\t\r\n\t\t\t\t\t\t\t<p class=\"pie-foto\">Mareas. Fuente: NASA. Rialia. Industria museoa<\/p>\r\n\t\t\t\t\t\t\t\r\n\t\t\t\t\t\t\t<\/div>\r\n\t\t\t\t\t\t\r\n\t\t\t\t\t\t<div class=\"col-md-6\">\r\n\t\t\t\t\t\t\t\r\n\t\t\t\t\t\t\t<p>Kostaldean bi itsasbehera eta bi itsasgora ematen dira ilargi-egun bakoitzeko, hau da, 24 ordu eta 50 minuturo. Bai eguzkiak eta bai ilargiak Lur planetari indar grabitazionala eragiten diote. Ilargitik hurbilen dagoen aldeak, beraz, atrakzio handiago du ilargiruntz eta horrela mareek gora egiten dute ilargitik hurbilen dagoen aldean \u201cur-koskorrak\u201d sortuz. Bestaldean ere, ilargitik urrunen dagoen aldean \u201cur-koskorrak\u201d sortzen dira, hau da, itsasgorak; aldeetan, ordea, itsasbehera ematen da.<\/p>\r\n\r\n<p>Hilabetean bitan, ilargi betea eta ilberria Lurrarekin eta Eguzkiarekin lerrokatzean, indarrak gehitu egiten dira sizigiako marea biziak sortuz.<\/p>\r\n\r\n\t<hr>\t\t\t\t\t\t\r\n\t\t\t\t\t\t\t\r\n\t<p><audio class=\"wp-audio-shortcode\" id=\"audio-4046-1\" preload=\"none\" style=\"width: 100%;\" controls=\"controls\"><source type=\"audio\/mpeg\" src=\"https:\/\/rialia.eus\/audio\/48-las_mareas_eu.mp3?_=1\"><\/source><a href=\"https:\/\/rialia.eus\/audio\/48-las_mareas_eu.mp3\">https:\/\/rialia.eus\/audio\/48-las_mareas_eu.mp3<\/a><\/audio> \t\t\t\t\t\t\r\n\t\t\t\t\t\t\t\r\n\t\t\t\t\t\t  <\/p><\/div>\r\n\r\n\r\n\t\t\t\t\t\t<div class=\"col-md-12\">\r\n\t\t\t\t\t\t\t\r\n\t\t\t\t\t\t\t<h3>Addenda (bakarrik ES)<\/h3>\r\n\r\n<p>Las subidas y bajadas regulares de las aguas del oc\u00e9ano se conocen como mareas. A lo largo de las costas, el agua sube seis horas y doce minutos sobre la orilla y luego vuelve a bajar durante el mismo tiempo. Cuando el agua ha subido a su nivel m\u00e1s alto, cubriendo gran parte de la costa, es marea alta. Cuando el agua baja a su nivel m\u00e1s bajo, es marea baja.<\/p>\r\n\r\n<p>Los componentes principales de las mareas son la atracci\u00f3n gravitatoria que ejercen la Luna y el Sol sobre la Tierra, y la fuerza de rotaci\u00f3n de la Tierra.<\/p>\r\n\r\n<p>Dos veces al mes, la Luna se alinea con la tierra y el sol. Cuando la Luna est\u00e1 entre la tierra y el sol, est\u00e1 a la sombra del Sol y parece oscura. Esta es la Luna nueva. Cuando la Tierra est\u00e1 entre el Sol y la luna, la Luna refleja la luz del sol. Esta es la Luna llena.<\/p>\r\n\r\n<p>Tanto el Sol como la Luna ejercen una fuerza gravitatoria sobre la Tierra, pero la atracci\u00f3n de la Luna es m\u00e1s fuerte porque la Luna est\u00e1 mucho m\u00e1s cerca de la tierra que el sol. Las distancias y posiciones relativas del sol, la Luna y la Tierra afectan el tama\u00f1o y la magnitud de las dos pleamares de la Tierra.<\/p>\r\n\r\n<p>El lado de la Tierra m\u00e1s cercano a la Luna, el lado que mira hacia la luna, experimenta la atracci\u00f3n de la Luna con m\u00e1s fuerza, y esto hace que los mares suban, creando mareas altas, provocando un \u00abbulto\u00bb de agua en el lado cercano hacia la luna. Justo en el lado opuesto, o el \u00ablado lejano\u00bb, la atracci\u00f3n gravitatoria de la Luna es menor porque est\u00e1 m\u00e1s lejos y la fuerza de rotaci\u00f3n de la Tierra es m\u00e1s fuerte que la atracci\u00f3n de la Luna y hace que el agua se acumule cuando trata de resistir esa fuerza, por lo que tambi\u00e9n se forman mareas altas en ese lado, formando tambi\u00e9n un abultamiento. En otras partes de la Tierra, el oc\u00e9ano retrocede, produciendo mareas bajas.<\/p>\r\n\r\n<p>Durante las fases de Luna llena y Luna nueva, el sol, la Luna y la tierra est\u00e1n alineados, la fuerza de atracci\u00f3n del Sol se une a la fuerza de la luna, y esta atracci\u00f3n combinada causa las mareas m\u00e1s altas y m\u00e1s bajas del mes, llamadas mareas de sizigia y se dan en los puntos opuestos del planeta. En el per\u00edodo entre las dos mareas vivas, la Luna mira a la Tierra en \u00e1ngulo recto con el sol, lo que provoca las mareas muertas que son m\u00e1s bajas de lo habitual. Cuando esto sucede, la atracci\u00f3n del Sol y la Luna son d\u00e9biles.<\/p>\r\n\r\n<p>Al igual que con las mareas vivas mensuales, que ocurren un par de veces al mes, dos veces al a\u00f1o existen otro tipo de mareas a\u00fan m\u00e1s intensas. Ocurren en dos momentos del a\u00f1o, cuando la Luna gira m\u00e1s cerca de la Tierra, y la Tierra gira m\u00e1s cerca del sol. Son las mareas vivas de equinoccio, en marzo y septiembre. En este caso, el Sol se sit\u00faa en el plano del Ecuador por lo que la alineaci\u00f3n es casi perfecta con la Luna y la Tierra, provocando una mayor atracci\u00f3n gravitatoria y dando lugar a mareas a\u00fan m\u00e1s pronunciadas, m\u00e1s altas y m\u00e1s bajas, que las mareas vivas normales, llamadas mareas vivas equinocciales.<\/p><br>\r\n\r\n \r\n\r\n<p><strong>Un d\u00eda lunar<\/strong> tiene 24 horas y 50 minutos, es 50 minutos m\u00e1s largo que un d\u00eda solar. Experimentamos dos mareas altas y dos bajas cada 24 horas y 50 minutos. Las mareas altas ocurren cada 12 horas y 25 minutos, y el agua de la orilla tarda seis horas y 12,5 minutos en pasar de pleamar a bajamar, o viceversa. Por eso una semana tenemos marea alta por la ma\u00f1ana y la semana siguiente la tenemos por la tarde.<\/p><br>\r\n\r\n \r\n\r\n<p>La amplitud de las mareas Es la diferencia de nivel entre la pleamar y la bajamar consecutivas. El mar sube de nivel durante 6 horas y 12 minutos aproximadamente, fen\u00f3meno que recibe el nombre de flujo y desciende durante el mismo tiempo produci\u00e9ndose el reflujo, por lo que el intervalo de tiempo entre dos pleamares consecutivas es de 12 horas y 25 minutos.<\/p>\r\n\r\n<p>Como se sabe, hay dos per\u00edodos mensuales de mareas vivas, tambi\u00e9n llamadas mareas de sicig\u00eda, coincidiendo con plenilunio y novilunio, en los que se agregan el efecto de atracci\u00f3n del sol y de la luna; y dos per\u00edodos de mareas muertas: cuarto creciente y cuarto menguante, en los que el efecto de atracci\u00f3n de la luna queda contrarrestado por el del sol. El recorrido de las mareas en las primeras es el de mayor amplitud y en las segundas lo contrario. Dentro de las mareas vivas, hay dos puntos extremos que son las mareas equinocciales de Marzo y Septiembre<\/p>\r\n\r\n\t\t\t\t\t\t\r\n\t\t\t\t\t\t\t\r\n\t\t\t\t\t\t  <\/div>\r\n\t\t\t\t\t\t\r\n\t\t\t\t\t\t\r\n\t\t\t\t\t\t<\/div>","protected":false},"excerpt":{"rendered":"<p>Mareas. Fuente: NASA. Rialia. Industria museoa Kostaldean bi itsasbehera eta bi itsasgora ematen dira ilargi-egun bakoitzeko, hau da, 24 ordu eta 50 minuturo. Bai eguzkiak eta bai ilargiak Lur planetari indar grabitazionala eragiten diote. Ilargitik hurbilen dagoen aldeak, beraz, atrakzio handiago du ilargiruntz eta horrela mareek gora egiten dute ilargitik hurbilen dagoen aldean \u201cur-koskorrak\u201d sortuz. [&hellip;]<\/p>\n","protected":false},"author":1,"featured_media":0,"parent":4053,"menu_order":0,"comment_status":"closed","ping_status":"closed","template":"templates\/page-interior-expo-permanente.php","meta":{"_acf_changed":false,"footnotes":""},"class_list":["post-4046","page","type-page","status-publish","hentry"],"acf":[],"yoast_head":"<!-- This site is optimized with the Yoast SEO plugin v27.3 - https:\/\/yoast.com\/product\/yoast-seo-wordpress\/ -->\n<title>Mareak - Rialia<\/title>\n<meta name=\"robots\" content=\"index, follow, max-snippet:-1, max-image-preview:large, max-video-preview:-1\" \/>\n<link rel=\"canonical\" href=\"https:\/\/rialia.eus\/museo\/exposicion-permanente\/portugalete\/biodiversidad\/mareas\/\" \/>\n<meta property=\"og:locale\" content=\"eu_ES\" \/>\n<meta property=\"og:type\" content=\"article\" \/>\n<meta property=\"og:title\" content=\"Mareak - Rialia\" \/>\n<meta property=\"og:description\" content=\"Mareas. Fuente: NASA. Rialia. Industria museoa Kostaldean bi itsasbehera eta bi itsasgora ematen dira ilargi-egun bakoitzeko, hau da, 24 ordu eta 50 minuturo. Bai eguzkiak eta bai ilargiak Lur planetari indar grabitazionala eragiten diote. Ilargitik hurbilen dagoen aldeak, beraz, atrakzio handiago du ilargiruntz eta horrela mareek gora egiten dute ilargitik hurbilen dagoen aldean \u201cur-koskorrak\u201d sortuz. [&hellip;]\" \/>\n<meta property=\"og:url\" content=\"https:\/\/rialia.eus\/museo\/exposicion-permanente\/portugalete\/biodiversidad\/mareas\/\" \/>\n<meta property=\"og:site_name\" content=\"Rialia\" \/>\n<meta property=\"article:modified_time\" content=\"2025-01-22T11:19:09+00:00\" \/>\n<meta property=\"og:image\" content=\"https:\/\/rialia.eus\/wp-content\/uploads\/modulos_biodiversidad3.jpg\" \/>\n<meta name=\"twitter:card\" content=\"summary_large_image\" \/>\n<meta name=\"twitter:label1\" content=\"Est. reading time\" \/>\n\t<meta name=\"twitter:data1\" content=\"5 minutes\" \/>\n<script type=\"application\/ld+json\" class=\"yoast-schema-graph\">{\"@context\":\"https:\\\/\\\/schema.org\",\"@graph\":[{\"@type\":\"WebPage\",\"@id\":\"https:\\\/\\\/rialia.eus\\\/museo\\\/exposicion-permanente\\\/portugalete\\\/biodiversidad\\\/mareas\\\/\",\"url\":\"https:\\\/\\\/rialia.eus\\\/museo\\\/exposicion-permanente\\\/portugalete\\\/biodiversidad\\\/mareas\\\/\",\"name\":\"Mareak - Rialia\",\"isPartOf\":{\"@id\":\"https:\\\/\\\/rialia.eus\\\/#website\"},\"primaryImageOfPage\":{\"@id\":\"https:\\\/\\\/rialia.eus\\\/museo\\\/exposicion-permanente\\\/portugalete\\\/biodiversidad\\\/mareas\\\/#primaryimage\"},\"image\":{\"@id\":\"https:\\\/\\\/rialia.eus\\\/museo\\\/exposicion-permanente\\\/portugalete\\\/biodiversidad\\\/mareas\\\/#primaryimage\"},\"thumbnailUrl\":\"https:\\\/\\\/rialia.eus\\\/wp-content\\\/uploads\\\/modulos_biodiversidad3.jpg\",\"datePublished\":\"2024-12-04T10:43:20+00:00\",\"dateModified\":\"2025-01-22T11:19:09+00:00\",\"breadcrumb\":{\"@id\":\"https:\\\/\\\/rialia.eus\\\/museo\\\/exposicion-permanente\\\/portugalete\\\/biodiversidad\\\/mareas\\\/#breadcrumb\"},\"inLanguage\":\"eu-ES\",\"potentialAction\":[{\"@type\":\"ReadAction\",\"target\":[\"https:\\\/\\\/rialia.eus\\\/museo\\\/exposicion-permanente\\\/portugalete\\\/biodiversidad\\\/mareas\\\/\"]}]},{\"@type\":\"ImageObject\",\"inLanguage\":\"eu-ES\",\"@id\":\"https:\\\/\\\/rialia.eus\\\/museo\\\/exposicion-permanente\\\/portugalete\\\/biodiversidad\\\/mareas\\\/#primaryimage\",\"url\":\"https:\\\/\\\/rialia.eus\\\/wp-content\\\/uploads\\\/modulos_biodiversidad3.jpg\",\"contentUrl\":\"https:\\\/\\\/rialia.eus\\\/wp-content\\\/uploads\\\/modulos_biodiversidad3.jpg\"},{\"@type\":\"BreadcrumbList\",\"@id\":\"https:\\\/\\\/rialia.eus\\\/museo\\\/exposicion-permanente\\\/portugalete\\\/biodiversidad\\\/mareas\\\/#breadcrumb\",\"itemListElement\":[{\"@type\":\"ListItem\",\"position\":1,\"name\":\"Portada\",\"item\":\"https:\\\/\\\/rialia.eus\\\/eu\\\/\"},{\"@type\":\"ListItem\",\"position\":2,\"name\":\"Museoa\",\"item\":\"https:\\\/\\\/rialia.eus\\\/eu\\\/museoa\\\/\"},{\"@type\":\"ListItem\",\"position\":3,\"name\":\"Erakusketa iraunkorra\",\"item\":\"https:\\\/\\\/rialia.eus\\\/eu\\\/museoa\\\/erakusketa-iraunkorra\\\/\"},{\"@type\":\"ListItem\",\"position\":4,\"name\":\"Portugalete\",\"item\":\"https:\\\/\\\/rialia.eus\\\/eu\\\/museoa\\\/erakusketa-iraunkorra\\\/portugalete\\\/\"},{\"@type\":\"ListItem\",\"position\":5,\"name\":\"Biodibertsitatea\",\"item\":\"https:\\\/\\\/rialia.eus\\\/museo\\\/exposicion-permanente\\\/portugalete\\\/biodiversidad\\\/\"},{\"@type\":\"ListItem\",\"position\":6,\"name\":\"Mareak\"}]},{\"@type\":\"WebSite\",\"@id\":\"https:\\\/\\\/rialia.eus\\\/#website\",\"url\":\"https:\\\/\\\/rialia.eus\\\/\",\"name\":\"Rialia\",\"description\":\"Industria Museoa \u2013 Museo de la Industria\",\"potentialAction\":[{\"@type\":\"SearchAction\",\"target\":{\"@type\":\"EntryPoint\",\"urlTemplate\":\"https:\\\/\\\/rialia.eus\\\/?s={search_term_string}\"},\"query-input\":{\"@type\":\"PropertyValueSpecification\",\"valueRequired\":true,\"valueName\":\"search_term_string\"}}],\"inLanguage\":\"eu-ES\"}]}<\/script>\n<!-- \/ Yoast SEO plugin. -->","yoast_head_json":{"title":"Mareak - Rialia","robots":{"index":"index","follow":"follow","max-snippet":"max-snippet:-1","max-image-preview":"max-image-preview:large","max-video-preview":"max-video-preview:-1"},"canonical":"https:\/\/rialia.eus\/museo\/exposicion-permanente\/portugalete\/biodiversidad\/mareas\/","og_locale":"eu_ES","og_type":"article","og_title":"Mareak - Rialia","og_description":"Mareas. Fuente: NASA. Rialia. Industria museoa Kostaldean bi itsasbehera eta bi itsasgora ematen dira ilargi-egun bakoitzeko, hau da, 24 ordu eta 50 minuturo. Bai eguzkiak eta bai ilargiak Lur planetari indar grabitazionala eragiten diote. Ilargitik hurbilen dagoen aldeak, beraz, atrakzio handiago du ilargiruntz eta horrela mareek gora egiten dute ilargitik hurbilen dagoen aldean \u201cur-koskorrak\u201d sortuz. [&hellip;]","og_url":"https:\/\/rialia.eus\/museo\/exposicion-permanente\/portugalete\/biodiversidad\/mareas\/","og_site_name":"Rialia","article_modified_time":"2025-01-22T11:19:09+00:00","og_image":[{"url":"https:\/\/rialia.eus\/wp-content\/uploads\/modulos_biodiversidad3.jpg","type":"","width":"","height":""}],"twitter_card":"summary_large_image","twitter_misc":{"Est. reading time":"5 minutes"},"schema":{"@context":"https:\/\/schema.org","@graph":[{"@type":"WebPage","@id":"https:\/\/rialia.eus\/museo\/exposicion-permanente\/portugalete\/biodiversidad\/mareas\/","url":"https:\/\/rialia.eus\/museo\/exposicion-permanente\/portugalete\/biodiversidad\/mareas\/","name":"Mareak - Rialia","isPartOf":{"@id":"https:\/\/rialia.eus\/#website"},"primaryImageOfPage":{"@id":"https:\/\/rialia.eus\/museo\/exposicion-permanente\/portugalete\/biodiversidad\/mareas\/#primaryimage"},"image":{"@id":"https:\/\/rialia.eus\/museo\/exposicion-permanente\/portugalete\/biodiversidad\/mareas\/#primaryimage"},"thumbnailUrl":"https:\/\/rialia.eus\/wp-content\/uploads\/modulos_biodiversidad3.jpg","datePublished":"2024-12-04T10:43:20+00:00","dateModified":"2025-01-22T11:19:09+00:00","breadcrumb":{"@id":"https:\/\/rialia.eus\/museo\/exposicion-permanente\/portugalete\/biodiversidad\/mareas\/#breadcrumb"},"inLanguage":"eu-ES","potentialAction":[{"@type":"ReadAction","target":["https:\/\/rialia.eus\/museo\/exposicion-permanente\/portugalete\/biodiversidad\/mareas\/"]}]},{"@type":"ImageObject","inLanguage":"eu-ES","@id":"https:\/\/rialia.eus\/museo\/exposicion-permanente\/portugalete\/biodiversidad\/mareas\/#primaryimage","url":"https:\/\/rialia.eus\/wp-content\/uploads\/modulos_biodiversidad3.jpg","contentUrl":"https:\/\/rialia.eus\/wp-content\/uploads\/modulos_biodiversidad3.jpg"},{"@type":"BreadcrumbList","@id":"https:\/\/rialia.eus\/museo\/exposicion-permanente\/portugalete\/biodiversidad\/mareas\/#breadcrumb","itemListElement":[{"@type":"ListItem","position":1,"name":"Portada","item":"https:\/\/rialia.eus\/eu\/"},{"@type":"ListItem","position":2,"name":"Museoa","item":"https:\/\/rialia.eus\/eu\/museoa\/"},{"@type":"ListItem","position":3,"name":"Erakusketa iraunkorra","item":"https:\/\/rialia.eus\/eu\/museoa\/erakusketa-iraunkorra\/"},{"@type":"ListItem","position":4,"name":"Portugalete","item":"https:\/\/rialia.eus\/eu\/museoa\/erakusketa-iraunkorra\/portugalete\/"},{"@type":"ListItem","position":5,"name":"Biodibertsitatea","item":"https:\/\/rialia.eus\/museo\/exposicion-permanente\/portugalete\/biodiversidad\/"},{"@type":"ListItem","position":6,"name":"Mareak"}]},{"@type":"WebSite","@id":"https:\/\/rialia.eus\/#website","url":"https:\/\/rialia.eus\/","name":"Rialia","description":"Industria Museoa \u2013 Museo de la Industria","potentialAction":[{"@type":"SearchAction","target":{"@type":"EntryPoint","urlTemplate":"https:\/\/rialia.eus\/?s={search_term_string}"},"query-input":{"@type":"PropertyValueSpecification","valueRequired":true,"valueName":"search_term_string"}}],"inLanguage":"eu-ES"}]}},"_links":{"self":[{"href":"https:\/\/rialia.eus\/eu\/wp-json\/wp\/v2\/pages\/4046","targetHints":{"allow":["GET"]}}],"collection":[{"href":"https:\/\/rialia.eus\/eu\/wp-json\/wp\/v2\/pages"}],"about":[{"href":"https:\/\/rialia.eus\/eu\/wp-json\/wp\/v2\/types\/page"}],"author":[{"embeddable":true,"href":"https:\/\/rialia.eus\/eu\/wp-json\/wp\/v2\/users\/1"}],"replies":[{"embeddable":true,"href":"https:\/\/rialia.eus\/eu\/wp-json\/wp\/v2\/comments?post=4046"}],"version-history":[{"count":1,"href":"https:\/\/rialia.eus\/eu\/wp-json\/wp\/v2\/pages\/4046\/revisions"}],"predecessor-version":[{"id":4047,"href":"https:\/\/rialia.eus\/eu\/wp-json\/wp\/v2\/pages\/4046\/revisions\/4047"}],"up":[{"embeddable":true,"href":"https:\/\/rialia.eus\/eu\/wp-json\/wp\/v2\/pages\/4053"}],"wp:attachment":[{"href":"https:\/\/rialia.eus\/eu\/wp-json\/wp\/v2\/media?parent=4046"}],"curies":[{"name":"wp","href":"https:\/\/api.w.org\/{rel}","templated":true}]}}