 {"id":3937,"date":"2024-11-28T13:25:17","date_gmt":"2024-11-28T12:25:17","guid":{"rendered":"https:\/\/rialia.eus\/museo\/erakusketa-iraunkorra\/itsasoa\/coriolis-y-el-muelle-de-hierro\/"},"modified":"2025-01-22T12:15:02","modified_gmt":"2025-01-22T11:15:02","slug":"coriolis-eta-burdinazko-kaia","status":"publish","type":"page","link":"https:\/\/rialia.eus\/eu\/museoa\/erakusketa-iraunkorra\/itsasoa\/coriolis-eta-burdinazko-kaia\/","title":{"rendered":"Coriolis eta Burdinazko Kaia"},"content":{"rendered":"\t<div class=\"row\">\r\n\t\t\t\t\t\t<div class=\"col-md-6\"><a rel=\"single-photo\" href=\"https:\/\/rialia.eus\/wp-content\/uploads\/Rialia-Industria-Museoa-Coriolis-y-el-Muelle-de-HIerro.jpg\"><img width=\"100%\" height=\"auto\" alt=\"\" data-src=\"https:\/\/rialia.eus\/wp-content\/uploads\/Rialia-Industria-Museoa-Coriolis-y-el-Muelle-de-HIerro.jpg\" class=\" lazyload\"><\/a>\r\n\t\t\t\t\t\t\t\r\n\t\t\t\t\t\t\t<p class=\"pie-foto\">En la foto: La construcci\u00f3n del muelle de hierro permiti\u00f3 la entrada y salida en cualquier marea de buques de alto porte. A\u00fan no se hab\u00edan iniciado las obras del rompeolas de Santurtzi y del contramuelle de Algorta. A la derecha se pueden apreciar los restos de un barco hundido. (1891)<\/p>\r\n\t\t\t\t\t\t\t\r\n\t\t\t\t\t\t\t<\/div>\r\n\t\t\t\t\t\t\r\n\t\t\t\t\t\t<div class=\"col-md-6\">\r\n\t\t\t\t\t\t\t\r\n\t\t\t\t\t\t\t<p>1835an, Gaspard-Gustave Coriolis matematikari eta ingeniari frantsesak \u00abCoriolis efektua\u00bb deitua formulatu zuen. Haren arabera, Lurraren errotazioak eragindako indarrak itsas korronteak eskuinerantz desbideratzen ditu ipar hemisferioan eta ezkerrerantz hego hemisferioan, haizeekin gertatzen den bezala.<\/p>\r\n\r\n<p>Ipar hemisferioan, beraz, ibai-ahoetan hondarrak eskuinaldean pilatzen dira eta ezkerraldean portuaren sakonera handiagoko tartea uzten dute. Hego hemisferioan, aldiz, ezkerraldean egiten da pilaketa.<\/p>\r\n\r\n<p>Evaristo Churrucak 800 metro luze izango zen kai bat diseinatu zuen, aurrekoaren mutur batetik hasiko zena, eta Coriolis efektuaren jakitun izanik, 3000 metroko erradiodun kurbatura behartu zion, honela hiru urteren buruan barraren arazoari amaiera eman ziolarik.\r\n<\/p>\r\n\r\n\t\t\t\t\t\r\n\t\t\t\t\t\t\t\r\n\t\t\t\t\t\r\n\t\t\t\t\t\t\t\r\n\t\t\t\t\t\t  <\/div>\r\n\t\t\t\t\t\t\r\n\t\t\t\t\t\t\r\n\t\t\t\t\t\t<\/div>","protected":false},"excerpt":{"rendered":"<p>En la foto: La construcci\u00f3n del muelle de hierro permiti\u00f3 la entrada y salida en cualquier marea de buques de alto porte. A\u00fan no se hab\u00edan iniciado las obras del rompeolas de Santurtzi y del contramuelle de Algorta. A la derecha se pueden apreciar los restos de un barco hundido. (1891) 1835an, Gaspard-Gustave Coriolis matematikari [&hellip;]<\/p>\n","protected":false},"author":1,"featured_media":0,"parent":2570,"menu_order":0,"comment_status":"closed","ping_status":"closed","template":"templates\/page-interior-expo-permanente.php","meta":{"_acf_changed":false,"footnotes":""},"class_list":["post-3937","page","type-page","status-publish","hentry"],"acf":[],"yoast_head":"<!-- This site is optimized with the Yoast SEO plugin v27.3 - https:\/\/yoast.com\/product\/yoast-seo-wordpress\/ -->\n<title>Coriolis eta Burdinazko Kaia - Rialia<\/title>\n<meta name=\"robots\" content=\"index, follow, max-snippet:-1, max-image-preview:large, max-video-preview:-1\" \/>\n<link rel=\"canonical\" href=\"https:\/\/rialia.eus\/museo\/exposicion-permanente\/mar\/coriolis-y-el-muelle-de-hierro\/\" \/>\n<meta property=\"og:locale\" content=\"eu_ES\" \/>\n<meta property=\"og:type\" content=\"article\" \/>\n<meta property=\"og:title\" content=\"Coriolis eta Burdinazko Kaia - Rialia\" \/>\n<meta property=\"og:description\" content=\"En la foto: La construcci\u00f3n del muelle de hierro permiti\u00f3 la entrada y salida en cualquier marea de buques de alto porte. A\u00fan no se hab\u00edan iniciado las obras del rompeolas de Santurtzi y del contramuelle de Algorta. A la derecha se pueden apreciar los restos de un barco hundido. (1891) 1835an, Gaspard-Gustave Coriolis matematikari [&hellip;]\" \/>\n<meta property=\"og:url\" content=\"https:\/\/rialia.eus\/museo\/exposicion-permanente\/mar\/coriolis-y-el-muelle-de-hierro\/\" \/>\n<meta property=\"og:site_name\" content=\"Rialia\" \/>\n<meta property=\"article:modified_time\" content=\"2025-01-22T11:15:02+00:00\" \/>\n<meta property=\"og:image\" content=\"https:\/\/rialia.eus\/wp-content\/uploads\/Rialia-Industria-Museoa-Coriolis-y-el-Muelle-de-HIerro.jpg\" \/>\n<meta name=\"twitter:card\" content=\"summary_large_image\" \/>\n<meta name=\"twitter:label1\" content=\"Est. reading time\" \/>\n\t<meta name=\"twitter:data1\" content=\"2 minutes\" \/>\n<script type=\"application\/ld+json\" class=\"yoast-schema-graph\">{\"@context\":\"https:\\\/\\\/schema.org\",\"@graph\":[{\"@type\":\"WebPage\",\"@id\":\"https:\\\/\\\/rialia.eus\\\/museo\\\/exposicion-permanente\\\/mar\\\/coriolis-y-el-muelle-de-hierro\\\/\",\"url\":\"https:\\\/\\\/rialia.eus\\\/museo\\\/exposicion-permanente\\\/mar\\\/coriolis-y-el-muelle-de-hierro\\\/\",\"name\":\"Coriolis eta Burdinazko Kaia - Rialia\",\"isPartOf\":{\"@id\":\"https:\\\/\\\/rialia.eus\\\/#website\"},\"primaryImageOfPage\":{\"@id\":\"https:\\\/\\\/rialia.eus\\\/museo\\\/exposicion-permanente\\\/mar\\\/coriolis-y-el-muelle-de-hierro\\\/#primaryimage\"},\"image\":{\"@id\":\"https:\\\/\\\/rialia.eus\\\/museo\\\/exposicion-permanente\\\/mar\\\/coriolis-y-el-muelle-de-hierro\\\/#primaryimage\"},\"thumbnailUrl\":\"https:\\\/\\\/rialia.eus\\\/wp-content\\\/uploads\\\/Rialia-Industria-Museoa-Coriolis-y-el-Muelle-de-HIerro.jpg\",\"datePublished\":\"2024-11-28T12:25:17+00:00\",\"dateModified\":\"2025-01-22T11:15:02+00:00\",\"breadcrumb\":{\"@id\":\"https:\\\/\\\/rialia.eus\\\/museo\\\/exposicion-permanente\\\/mar\\\/coriolis-y-el-muelle-de-hierro\\\/#breadcrumb\"},\"inLanguage\":\"eu-ES\",\"potentialAction\":[{\"@type\":\"ReadAction\",\"target\":[\"https:\\\/\\\/rialia.eus\\\/museo\\\/exposicion-permanente\\\/mar\\\/coriolis-y-el-muelle-de-hierro\\\/\"]}]},{\"@type\":\"ImageObject\",\"inLanguage\":\"eu-ES\",\"@id\":\"https:\\\/\\\/rialia.eus\\\/museo\\\/exposicion-permanente\\\/mar\\\/coriolis-y-el-muelle-de-hierro\\\/#primaryimage\",\"url\":\"https:\\\/\\\/rialia.eus\\\/wp-content\\\/uploads\\\/Rialia-Industria-Museoa-Coriolis-y-el-Muelle-de-HIerro.jpg\",\"contentUrl\":\"https:\\\/\\\/rialia.eus\\\/wp-content\\\/uploads\\\/Rialia-Industria-Museoa-Coriolis-y-el-Muelle-de-HIerro.jpg\"},{\"@type\":\"BreadcrumbList\",\"@id\":\"https:\\\/\\\/rialia.eus\\\/museo\\\/exposicion-permanente\\\/mar\\\/coriolis-y-el-muelle-de-hierro\\\/#breadcrumb\",\"itemListElement\":[{\"@type\":\"ListItem\",\"position\":1,\"name\":\"Portada\",\"item\":\"https:\\\/\\\/rialia.eus\\\/eu\\\/\"},{\"@type\":\"ListItem\",\"position\":2,\"name\":\"Museoa\",\"item\":\"https:\\\/\\\/rialia.eus\\\/eu\\\/museoa\\\/\"},{\"@type\":\"ListItem\",\"position\":3,\"name\":\"Erakusketa iraunkorra\",\"item\":\"https:\\\/\\\/rialia.eus\\\/eu\\\/museoa\\\/erakusketa-iraunkorra\\\/\"},{\"@type\":\"ListItem\",\"position\":4,\"name\":\"Itsasoa\",\"item\":\"https:\\\/\\\/rialia.eus\\\/museo\\\/exposicion-permanente\\\/mar\\\/\"},{\"@type\":\"ListItem\",\"position\":5,\"name\":\"Coriolis eta Burdinazko Kaia\"}]},{\"@type\":\"WebSite\",\"@id\":\"https:\\\/\\\/rialia.eus\\\/#website\",\"url\":\"https:\\\/\\\/rialia.eus\\\/\",\"name\":\"Rialia\",\"description\":\"Industria Museoa \u2013 Museo de la Industria\",\"potentialAction\":[{\"@type\":\"SearchAction\",\"target\":{\"@type\":\"EntryPoint\",\"urlTemplate\":\"https:\\\/\\\/rialia.eus\\\/?s={search_term_string}\"},\"query-input\":{\"@type\":\"PropertyValueSpecification\",\"valueRequired\":true,\"valueName\":\"search_term_string\"}}],\"inLanguage\":\"eu-ES\"}]}<\/script>\n<!-- \/ Yoast SEO plugin. -->","yoast_head_json":{"title":"Coriolis eta Burdinazko Kaia - Rialia","robots":{"index":"index","follow":"follow","max-snippet":"max-snippet:-1","max-image-preview":"max-image-preview:large","max-video-preview":"max-video-preview:-1"},"canonical":"https:\/\/rialia.eus\/museo\/exposicion-permanente\/mar\/coriolis-y-el-muelle-de-hierro\/","og_locale":"eu_ES","og_type":"article","og_title":"Coriolis eta Burdinazko Kaia - Rialia","og_description":"En la foto: La construcci\u00f3n del muelle de hierro permiti\u00f3 la entrada y salida en cualquier marea de buques de alto porte. A\u00fan no se hab\u00edan iniciado las obras del rompeolas de Santurtzi y del contramuelle de Algorta. A la derecha se pueden apreciar los restos de un barco hundido. (1891) 1835an, Gaspard-Gustave Coriolis matematikari [&hellip;]","og_url":"https:\/\/rialia.eus\/museo\/exposicion-permanente\/mar\/coriolis-y-el-muelle-de-hierro\/","og_site_name":"Rialia","article_modified_time":"2025-01-22T11:15:02+00:00","og_image":[{"url":"https:\/\/rialia.eus\/wp-content\/uploads\/Rialia-Industria-Museoa-Coriolis-y-el-Muelle-de-HIerro.jpg","type":"","width":"","height":""}],"twitter_card":"summary_large_image","twitter_misc":{"Est. reading time":"2 minutes"},"schema":{"@context":"https:\/\/schema.org","@graph":[{"@type":"WebPage","@id":"https:\/\/rialia.eus\/museo\/exposicion-permanente\/mar\/coriolis-y-el-muelle-de-hierro\/","url":"https:\/\/rialia.eus\/museo\/exposicion-permanente\/mar\/coriolis-y-el-muelle-de-hierro\/","name":"Coriolis eta Burdinazko Kaia - Rialia","isPartOf":{"@id":"https:\/\/rialia.eus\/#website"},"primaryImageOfPage":{"@id":"https:\/\/rialia.eus\/museo\/exposicion-permanente\/mar\/coriolis-y-el-muelle-de-hierro\/#primaryimage"},"image":{"@id":"https:\/\/rialia.eus\/museo\/exposicion-permanente\/mar\/coriolis-y-el-muelle-de-hierro\/#primaryimage"},"thumbnailUrl":"https:\/\/rialia.eus\/wp-content\/uploads\/Rialia-Industria-Museoa-Coriolis-y-el-Muelle-de-HIerro.jpg","datePublished":"2024-11-28T12:25:17+00:00","dateModified":"2025-01-22T11:15:02+00:00","breadcrumb":{"@id":"https:\/\/rialia.eus\/museo\/exposicion-permanente\/mar\/coriolis-y-el-muelle-de-hierro\/#breadcrumb"},"inLanguage":"eu-ES","potentialAction":[{"@type":"ReadAction","target":["https:\/\/rialia.eus\/museo\/exposicion-permanente\/mar\/coriolis-y-el-muelle-de-hierro\/"]}]},{"@type":"ImageObject","inLanguage":"eu-ES","@id":"https:\/\/rialia.eus\/museo\/exposicion-permanente\/mar\/coriolis-y-el-muelle-de-hierro\/#primaryimage","url":"https:\/\/rialia.eus\/wp-content\/uploads\/Rialia-Industria-Museoa-Coriolis-y-el-Muelle-de-HIerro.jpg","contentUrl":"https:\/\/rialia.eus\/wp-content\/uploads\/Rialia-Industria-Museoa-Coriolis-y-el-Muelle-de-HIerro.jpg"},{"@type":"BreadcrumbList","@id":"https:\/\/rialia.eus\/museo\/exposicion-permanente\/mar\/coriolis-y-el-muelle-de-hierro\/#breadcrumb","itemListElement":[{"@type":"ListItem","position":1,"name":"Portada","item":"https:\/\/rialia.eus\/eu\/"},{"@type":"ListItem","position":2,"name":"Museoa","item":"https:\/\/rialia.eus\/eu\/museoa\/"},{"@type":"ListItem","position":3,"name":"Erakusketa iraunkorra","item":"https:\/\/rialia.eus\/eu\/museoa\/erakusketa-iraunkorra\/"},{"@type":"ListItem","position":4,"name":"Itsasoa","item":"https:\/\/rialia.eus\/museo\/exposicion-permanente\/mar\/"},{"@type":"ListItem","position":5,"name":"Coriolis eta Burdinazko Kaia"}]},{"@type":"WebSite","@id":"https:\/\/rialia.eus\/#website","url":"https:\/\/rialia.eus\/","name":"Rialia","description":"Industria Museoa \u2013 Museo de la Industria","potentialAction":[{"@type":"SearchAction","target":{"@type":"EntryPoint","urlTemplate":"https:\/\/rialia.eus\/?s={search_term_string}"},"query-input":{"@type":"PropertyValueSpecification","valueRequired":true,"valueName":"search_term_string"}}],"inLanguage":"eu-ES"}]}},"_links":{"self":[{"href":"https:\/\/rialia.eus\/eu\/wp-json\/wp\/v2\/pages\/3937","targetHints":{"allow":["GET"]}}],"collection":[{"href":"https:\/\/rialia.eus\/eu\/wp-json\/wp\/v2\/pages"}],"about":[{"href":"https:\/\/rialia.eus\/eu\/wp-json\/wp\/v2\/types\/page"}],"author":[{"embeddable":true,"href":"https:\/\/rialia.eus\/eu\/wp-json\/wp\/v2\/users\/1"}],"replies":[{"embeddable":true,"href":"https:\/\/rialia.eus\/eu\/wp-json\/wp\/v2\/comments?post=3937"}],"version-history":[{"count":1,"href":"https:\/\/rialia.eus\/eu\/wp-json\/wp\/v2\/pages\/3937\/revisions"}],"predecessor-version":[{"id":3938,"href":"https:\/\/rialia.eus\/eu\/wp-json\/wp\/v2\/pages\/3937\/revisions\/3938"}],"up":[{"embeddable":true,"href":"https:\/\/rialia.eus\/eu\/wp-json\/wp\/v2\/pages\/2570"}],"wp:attachment":[{"href":"https:\/\/rialia.eus\/eu\/wp-json\/wp\/v2\/media?parent=3937"}],"curies":[{"name":"wp","href":"https:\/\/api.w.org\/{rel}","templated":true}]}}