 {"id":3882,"date":"2024-11-28T12:47:36","date_gmt":"2024-11-28T11:47:36","guid":{"rendered":"https:\/\/rialia.eus\/museo\/erakusketa-iraunkorra\/itsasoa\/el-habana\/"},"modified":"2025-01-22T12:15:27","modified_gmt":"2025-01-22T11:15:27","slug":"habana","status":"publish","type":"page","link":"https:\/\/rialia.eus\/eu\/museoa\/erakusketa-iraunkorra\/itsasoa\/habana\/","title":{"rendered":"HABANA"},"content":{"rendered":"\t<div class=\"row\">\r\n\t\t\t\t\t\t<div class=\"col-md-6\"><a rel=\"single-photo\" href=\"https:\/\/rialia.eus\/wp-content\/uploads\/El-Habana.jpg\"><img width=\"100%\" height=\"auto\" alt=\"\" data-src=\"https:\/\/rialia.eus\/wp-content\/uploads\/El-Habana.jpg\" class=\" lazyload\"><\/a>\r\n\t\t\t\t\t\t\t\r\n\r\n\t\t\t\t\t\t\t\r\n\t\t\t\t\t\t\t<\/div>\r\n\t\t\t\t\t\t\r\n\t\t\t\t\t\t<div class=\"col-md-6\">\r\n<p><em>Alfonso XIII<\/em> baporea Compa\u00f1\u00eda Trasatl\u00e1ntica konpainiak enkargatua, Sestaoko La Naval ontziolan eraikitako lehenengo ontzia izan zen. Ontzia 1920an uretaratu zuten eta penintsulan ordura arte eraikitako handiena izan zen.  1809 bidaiari 14.000 tonako neurketa, 146,30 metroko luzera, 18,6 metroko erruna, 10,9 metroko eskora eta 6,3 metroko kalatua zituen. Lurrun turbinek mugitzen zuten, 10.700eko zaldi- potentziara heltzen ziren bi helize zituen eta 19,5 korapilora (36,11 km\/ordu) heltzen zen.<\/p>\r\n\r\n<p>1931ko apirilean <em>Alfonso XIII<\/em>ri izena aldatu zioten, <em>Habana<\/em> deitu zuten eta karga- garraio eta bidaiariak garraiatzera dedikatu zen.<\/p>\r\n\r\n<p>1936an Gipuzkoako frontetik zetozen pertsonentzako babesleku izan zen. 1937an ospitale gisa erabili zuten, eta, 1937an, azkenik, sei bidai egin zituen Santurtzitik umeak ebakuatzeko.  Baporea Bordelen egon zen amarraturik ordutik aurrera eta ontzi- ospitale izan zen gerra amaitu arte.<\/p>\r\n\r\n<p>Ontzia lantegi- izozkailu bihurtu zuten, eta <em>Galicia<\/em> izena jarri zioten. 1975era arte egon zen zerbitzuan eta 1978an desegin zuten.\r\n<\/p>\r\n\r\n<\/div>\r\n<\/div>\r\n","protected":false},"excerpt":{"rendered":"<p>Alfonso XIII baporea Compa\u00f1\u00eda Trasatl\u00e1ntica konpainiak enkargatua, Sestaoko La Naval ontziolan eraikitako lehenengo ontzia izan zen. Ontzia 1920an uretaratu zuten eta penintsulan ordura arte eraikitako handiena izan zen. 1809 bidaiari 14.000 tonako neurketa, 146,30 metroko luzera, 18,6 metroko erruna, 10,9 metroko eskora eta 6,3 metroko kalatua zituen. Lurrun turbinek mugitzen zuten, 10.700eko zaldi- potentziara heltzen [&hellip;]<\/p>\n","protected":false},"author":1,"featured_media":0,"parent":2570,"menu_order":0,"comment_status":"closed","ping_status":"closed","template":"templates\/page-interior-expo-permanente.php","meta":{"_acf_changed":false,"footnotes":""},"class_list":["post-3882","page","type-page","status-publish","hentry"],"acf":[],"yoast_head":"<!-- This site is optimized with the Yoast SEO plugin v27.3 - https:\/\/yoast.com\/product\/yoast-seo-wordpress\/ -->\n<title>HABANA - Rialia<\/title>\n<meta name=\"robots\" content=\"index, follow, max-snippet:-1, max-image-preview:large, max-video-preview:-1\" \/>\n<link rel=\"canonical\" href=\"https:\/\/rialia.eus\/museo\/exposicion-permanente\/mar\/el-habana\/\" \/>\n<meta property=\"og:locale\" content=\"eu_ES\" \/>\n<meta property=\"og:type\" content=\"article\" \/>\n<meta property=\"og:title\" content=\"HABANA - Rialia\" \/>\n<meta property=\"og:description\" content=\"Alfonso XIII baporea Compa\u00f1\u00eda Trasatl\u00e1ntica konpainiak enkargatua, Sestaoko La Naval ontziolan eraikitako lehenengo ontzia izan zen. Ontzia 1920an uretaratu zuten eta penintsulan ordura arte eraikitako handiena izan zen. 1809 bidaiari 14.000 tonako neurketa, 146,30 metroko luzera, 18,6 metroko erruna, 10,9 metroko eskora eta 6,3 metroko kalatua zituen. Lurrun turbinek mugitzen zuten, 10.700eko zaldi- potentziara heltzen [&hellip;]\" \/>\n<meta property=\"og:url\" content=\"https:\/\/rialia.eus\/museo\/exposicion-permanente\/mar\/el-habana\/\" \/>\n<meta property=\"og:site_name\" content=\"Rialia\" \/>\n<meta property=\"article:modified_time\" content=\"2025-01-22T11:15:27+00:00\" \/>\n<meta property=\"og:image\" content=\"https:\/\/rialia.eus\/wp-content\/uploads\/El-Habana.jpg\" \/>\n<meta name=\"twitter:card\" content=\"summary_large_image\" \/>\n<meta name=\"twitter:label1\" content=\"Est. reading time\" \/>\n\t<meta name=\"twitter:data1\" content=\"1 minute\" \/>\n<script type=\"application\/ld+json\" class=\"yoast-schema-graph\">{\"@context\":\"https:\\\/\\\/schema.org\",\"@graph\":[{\"@type\":\"WebPage\",\"@id\":\"https:\\\/\\\/rialia.eus\\\/museo\\\/exposicion-permanente\\\/mar\\\/el-habana\\\/\",\"url\":\"https:\\\/\\\/rialia.eus\\\/museo\\\/exposicion-permanente\\\/mar\\\/el-habana\\\/\",\"name\":\"HABANA - Rialia\",\"isPartOf\":{\"@id\":\"https:\\\/\\\/rialia.eus\\\/#website\"},\"primaryImageOfPage\":{\"@id\":\"https:\\\/\\\/rialia.eus\\\/museo\\\/exposicion-permanente\\\/mar\\\/el-habana\\\/#primaryimage\"},\"image\":{\"@id\":\"https:\\\/\\\/rialia.eus\\\/museo\\\/exposicion-permanente\\\/mar\\\/el-habana\\\/#primaryimage\"},\"thumbnailUrl\":\"https:\\\/\\\/rialia.eus\\\/wp-content\\\/uploads\\\/El-Habana.jpg\",\"datePublished\":\"2024-11-28T11:47:36+00:00\",\"dateModified\":\"2025-01-22T11:15:27+00:00\",\"breadcrumb\":{\"@id\":\"https:\\\/\\\/rialia.eus\\\/museo\\\/exposicion-permanente\\\/mar\\\/el-habana\\\/#breadcrumb\"},\"inLanguage\":\"eu-ES\",\"potentialAction\":[{\"@type\":\"ReadAction\",\"target\":[\"https:\\\/\\\/rialia.eus\\\/museo\\\/exposicion-permanente\\\/mar\\\/el-habana\\\/\"]}]},{\"@type\":\"ImageObject\",\"inLanguage\":\"eu-ES\",\"@id\":\"https:\\\/\\\/rialia.eus\\\/museo\\\/exposicion-permanente\\\/mar\\\/el-habana\\\/#primaryimage\",\"url\":\"https:\\\/\\\/rialia.eus\\\/wp-content\\\/uploads\\\/El-Habana.jpg\",\"contentUrl\":\"https:\\\/\\\/rialia.eus\\\/wp-content\\\/uploads\\\/El-Habana.jpg\"},{\"@type\":\"BreadcrumbList\",\"@id\":\"https:\\\/\\\/rialia.eus\\\/museo\\\/exposicion-permanente\\\/mar\\\/el-habana\\\/#breadcrumb\",\"itemListElement\":[{\"@type\":\"ListItem\",\"position\":1,\"name\":\"Portada\",\"item\":\"https:\\\/\\\/rialia.eus\\\/eu\\\/\"},{\"@type\":\"ListItem\",\"position\":2,\"name\":\"Museoa\",\"item\":\"https:\\\/\\\/rialia.eus\\\/eu\\\/museoa\\\/\"},{\"@type\":\"ListItem\",\"position\":3,\"name\":\"Erakusketa iraunkorra\",\"item\":\"https:\\\/\\\/rialia.eus\\\/eu\\\/museoa\\\/erakusketa-iraunkorra\\\/\"},{\"@type\":\"ListItem\",\"position\":4,\"name\":\"Itsasoa\",\"item\":\"https:\\\/\\\/rialia.eus\\\/museo\\\/exposicion-permanente\\\/mar\\\/\"},{\"@type\":\"ListItem\",\"position\":5,\"name\":\"HABANA\"}]},{\"@type\":\"WebSite\",\"@id\":\"https:\\\/\\\/rialia.eus\\\/#website\",\"url\":\"https:\\\/\\\/rialia.eus\\\/\",\"name\":\"Rialia\",\"description\":\"Industria Museoa \u2013 Museo de la Industria\",\"potentialAction\":[{\"@type\":\"SearchAction\",\"target\":{\"@type\":\"EntryPoint\",\"urlTemplate\":\"https:\\\/\\\/rialia.eus\\\/?s={search_term_string}\"},\"query-input\":{\"@type\":\"PropertyValueSpecification\",\"valueRequired\":true,\"valueName\":\"search_term_string\"}}],\"inLanguage\":\"eu-ES\"}]}<\/script>\n<!-- \/ Yoast SEO plugin. -->","yoast_head_json":{"title":"HABANA - Rialia","robots":{"index":"index","follow":"follow","max-snippet":"max-snippet:-1","max-image-preview":"max-image-preview:large","max-video-preview":"max-video-preview:-1"},"canonical":"https:\/\/rialia.eus\/museo\/exposicion-permanente\/mar\/el-habana\/","og_locale":"eu_ES","og_type":"article","og_title":"HABANA - Rialia","og_description":"Alfonso XIII baporea Compa\u00f1\u00eda Trasatl\u00e1ntica konpainiak enkargatua, Sestaoko La Naval ontziolan eraikitako lehenengo ontzia izan zen. Ontzia 1920an uretaratu zuten eta penintsulan ordura arte eraikitako handiena izan zen. 1809 bidaiari 14.000 tonako neurketa, 146,30 metroko luzera, 18,6 metroko erruna, 10,9 metroko eskora eta 6,3 metroko kalatua zituen. Lurrun turbinek mugitzen zuten, 10.700eko zaldi- potentziara heltzen [&hellip;]","og_url":"https:\/\/rialia.eus\/museo\/exposicion-permanente\/mar\/el-habana\/","og_site_name":"Rialia","article_modified_time":"2025-01-22T11:15:27+00:00","og_image":[{"url":"https:\/\/rialia.eus\/wp-content\/uploads\/El-Habana.jpg","type":"","width":"","height":""}],"twitter_card":"summary_large_image","twitter_misc":{"Est. reading time":"1 minute"},"schema":{"@context":"https:\/\/schema.org","@graph":[{"@type":"WebPage","@id":"https:\/\/rialia.eus\/museo\/exposicion-permanente\/mar\/el-habana\/","url":"https:\/\/rialia.eus\/museo\/exposicion-permanente\/mar\/el-habana\/","name":"HABANA - Rialia","isPartOf":{"@id":"https:\/\/rialia.eus\/#website"},"primaryImageOfPage":{"@id":"https:\/\/rialia.eus\/museo\/exposicion-permanente\/mar\/el-habana\/#primaryimage"},"image":{"@id":"https:\/\/rialia.eus\/museo\/exposicion-permanente\/mar\/el-habana\/#primaryimage"},"thumbnailUrl":"https:\/\/rialia.eus\/wp-content\/uploads\/El-Habana.jpg","datePublished":"2024-11-28T11:47:36+00:00","dateModified":"2025-01-22T11:15:27+00:00","breadcrumb":{"@id":"https:\/\/rialia.eus\/museo\/exposicion-permanente\/mar\/el-habana\/#breadcrumb"},"inLanguage":"eu-ES","potentialAction":[{"@type":"ReadAction","target":["https:\/\/rialia.eus\/museo\/exposicion-permanente\/mar\/el-habana\/"]}]},{"@type":"ImageObject","inLanguage":"eu-ES","@id":"https:\/\/rialia.eus\/museo\/exposicion-permanente\/mar\/el-habana\/#primaryimage","url":"https:\/\/rialia.eus\/wp-content\/uploads\/El-Habana.jpg","contentUrl":"https:\/\/rialia.eus\/wp-content\/uploads\/El-Habana.jpg"},{"@type":"BreadcrumbList","@id":"https:\/\/rialia.eus\/museo\/exposicion-permanente\/mar\/el-habana\/#breadcrumb","itemListElement":[{"@type":"ListItem","position":1,"name":"Portada","item":"https:\/\/rialia.eus\/eu\/"},{"@type":"ListItem","position":2,"name":"Museoa","item":"https:\/\/rialia.eus\/eu\/museoa\/"},{"@type":"ListItem","position":3,"name":"Erakusketa iraunkorra","item":"https:\/\/rialia.eus\/eu\/museoa\/erakusketa-iraunkorra\/"},{"@type":"ListItem","position":4,"name":"Itsasoa","item":"https:\/\/rialia.eus\/museo\/exposicion-permanente\/mar\/"},{"@type":"ListItem","position":5,"name":"HABANA"}]},{"@type":"WebSite","@id":"https:\/\/rialia.eus\/#website","url":"https:\/\/rialia.eus\/","name":"Rialia","description":"Industria Museoa \u2013 Museo de la Industria","potentialAction":[{"@type":"SearchAction","target":{"@type":"EntryPoint","urlTemplate":"https:\/\/rialia.eus\/?s={search_term_string}"},"query-input":{"@type":"PropertyValueSpecification","valueRequired":true,"valueName":"search_term_string"}}],"inLanguage":"eu-ES"}]}},"_links":{"self":[{"href":"https:\/\/rialia.eus\/eu\/wp-json\/wp\/v2\/pages\/3882","targetHints":{"allow":["GET"]}}],"collection":[{"href":"https:\/\/rialia.eus\/eu\/wp-json\/wp\/v2\/pages"}],"about":[{"href":"https:\/\/rialia.eus\/eu\/wp-json\/wp\/v2\/types\/page"}],"author":[{"embeddable":true,"href":"https:\/\/rialia.eus\/eu\/wp-json\/wp\/v2\/users\/1"}],"replies":[{"embeddable":true,"href":"https:\/\/rialia.eus\/eu\/wp-json\/wp\/v2\/comments?post=3882"}],"version-history":[{"count":3,"href":"https:\/\/rialia.eus\/eu\/wp-json\/wp\/v2\/pages\/3882\/revisions"}],"predecessor-version":[{"id":3889,"href":"https:\/\/rialia.eus\/eu\/wp-json\/wp\/v2\/pages\/3882\/revisions\/3889"}],"up":[{"embeddable":true,"href":"https:\/\/rialia.eus\/eu\/wp-json\/wp\/v2\/pages\/2570"}],"wp:attachment":[{"href":"https:\/\/rialia.eus\/eu\/wp-json\/wp\/v2\/media?parent=3882"}],"curies":[{"name":"wp","href":"https:\/\/api.w.org\/{rel}","templated":true}]}}