 {"id":3826,"date":"2024-11-28T13:51:28","date_gmt":"2024-11-28T12:51:28","guid":{"rendered":"https:\/\/rialia.eus\/museo\/erakusketa-iraunkorra\/itsasoa\/maqueta-del-primer-puente-transbordador-del-mundo\/"},"modified":"2025-01-22T12:15:34","modified_gmt":"2025-01-22T11:15:34","slug":"munduko-lehenengo-transbordadore-zubiaren-maketa","status":"publish","type":"page","link":"https:\/\/rialia.eus\/eu\/museoa\/erakusketa-iraunkorra\/itsasoa\/munduko-lehenengo-transbordadore-zubiaren-maketa\/","title":{"rendered":"Munduko lehenengo transbordadore-zubiaren maketa"},"content":{"rendered":"\t<div class=\"row\">\r\n\t\t\t\t\t\t<div class=\"col-md-6\"><a rel=\"single-photo\" href=\"https:\/\/rialia.eus\/wp-content\/uploads\/Maqueta-del-Puente-Colgante-RIALIA-Industria-Museoa-1.jpg\"><img width=\"80%\" height=\"auto\" alt=\"\" data-src=\"https:\/\/rialia.eus\/wp-content\/uploads\/Maqueta-del-Puente-Colgante-RIALIA-Industria-Museoa-1.jpg\" class=\" lazyload\"><\/a>\r\n\t\t\t\t\t\t\t\r\n\t\t\t\t\t\t\t<p class=\"pie-foto\">Fotograf\u00eda de la maqueta construida por Salesianos DEUSTO<\/p>\r\n\t\t\t\t\t\t\t\r\n\t\t\t\t\t\t\t<\/div>\r\n\t\t\t\t\t\t\r\n\t\t\t\t\t\t<div class=\"col-md-6\">\r\n\t\t\t\t\t\t\t\r\n\t\t\t\t\t\t\t<p>Mart\u00edn Alberto de Palacio Elissag\u00fce arkitektoak diseinatu zuen zubia, Joseph Ferdinand Amodin ingeniari frantziarraren laguntzarekin, itsasontzien ibilbidea oztopatu gabe ibaiaren bazter batetik bestera gurutzatu ahal izateko, eta Portugalete eta Areeta lotzen ditu itsasadarraren bokalearen gainetik.<\/p>\r\n\r\n<p>Zubia diseinatu zen garaian, masta handiko itsasontziak zeuden oraindik, eta horrek eskatzen zuen zubiak 50 metro inguruko garaiera librea izatea itsasgoraren mailaren gainetik. Harrez geroztik, transbordadore-zubien plataformen garaiera estandarra bilakatu zen.<\/p>\r\n\r\n<p>Berrikuntza bultzatu zuten mekanika eta metala uztartzen dituen zientzia baten bidez, eta horri esker zubi eseki bat diseinatu zuten, zeinean gondola bat airetik pasatzen baitzen oinezkoak, makinak, ekipoak, autoak eta ibilgailu handiak alde batetik bestera eramateko. UNESCOren Gizadiaren Ondarearen zerrendan jasota dago 2006ko uztailaren 13tik, \u201csormen tekniko\u201d bikainaren adierazpena den aldetik.<\/p>\r\n\r\n<p>Ferryarekin alderatuta, transbordadore-zubiak erosotasuna, abiadura, segurtasuna eta itsasaldien, korrontearen, lainoaren, olatuen, klimaren eta abarren independentzia ematen zituen, gainera atrakatzea leuna zen eta azkar sartzeko eta ateratzeko aukera ematen zuen, bai eta gauez eguneko erraztasun eta erregulartasun berberarekin lan egiteko aukera ere.<\/p>\r\n\r\n<p>Puntu horretan itsasadarrak 160 metroko zabalera du nasatik nasara, eta ontzian 150 lagun eramanda minutu bakarrean gurutzatu zitekeen; gaur egun, 90 segundotan gurutzatzen da.<\/p>\r\n\r\n<p zubiaren aldeko iritzia dute erosoa atsegina eta azkarra den aldetik garraiobide leuna erraza efizientea isila da.>\r\n\r\n\t\t\t\t\t\t\r\n\t\t\t\t\t\t\t\r\n\t\t\t\t\t\t  <\/p><\/div>\r\n\t\t\t\t\t\t\r\n\t\t\t\t\t\t\r\n\t\t\t\t\t\t<\/div>","protected":false},"excerpt":{"rendered":"<p>Fotograf\u00eda de la maqueta construida por Salesianos DEUSTO Mart\u00edn Alberto de Palacio Elissag\u00fce arkitektoak diseinatu zuen zubia, Joseph Ferdinand Amodin ingeniari frantziarraren laguntzarekin, itsasontzien ibilbidea oztopatu gabe ibaiaren bazter batetik bestera gurutzatu ahal izateko, eta Portugalete eta Areeta lotzen ditu itsasadarraren bokalearen gainetik. Zubia diseinatu zen garaian, masta handiko itsasontziak zeuden oraindik, eta horrek eskatzen [&hellip;]<\/p>\n","protected":false},"author":1,"featured_media":0,"parent":2570,"menu_order":0,"comment_status":"closed","ping_status":"closed","template":"templates\/page-interior-expo-permanente.php","meta":{"_acf_changed":false,"footnotes":""},"class_list":["post-3826","page","type-page","status-publish","hentry"],"acf":[],"yoast_head":"<!-- This site is optimized with the Yoast SEO plugin v27.3 - https:\/\/yoast.com\/product\/yoast-seo-wordpress\/ -->\n<title>Munduko lehenengo transbordadore-zubiaren maketa - Rialia<\/title>\n<meta name=\"robots\" content=\"index, follow, max-snippet:-1, max-image-preview:large, max-video-preview:-1\" \/>\n<link rel=\"canonical\" href=\"https:\/\/rialia.eus\/museo\/exposicion-permanente\/mar\/maqueta-del-primer-puente-transbordador-del-mundo\/\" \/>\n<meta property=\"og:locale\" content=\"eu_ES\" \/>\n<meta property=\"og:type\" content=\"article\" \/>\n<meta property=\"og:title\" content=\"Munduko lehenengo transbordadore-zubiaren maketa - Rialia\" \/>\n<meta property=\"og:description\" content=\"Fotograf\u00eda de la maqueta construida por Salesianos DEUSTO Mart\u00edn Alberto de Palacio Elissag\u00fce arkitektoak diseinatu zuen zubia, Joseph Ferdinand Amodin ingeniari frantziarraren laguntzarekin, itsasontzien ibilbidea oztopatu gabe ibaiaren bazter batetik bestera gurutzatu ahal izateko, eta Portugalete eta Areeta lotzen ditu itsasadarraren bokalearen gainetik. Zubia diseinatu zen garaian, masta handiko itsasontziak zeuden oraindik, eta horrek eskatzen [&hellip;]\" \/>\n<meta property=\"og:url\" content=\"https:\/\/rialia.eus\/museo\/exposicion-permanente\/mar\/maqueta-del-primer-puente-transbordador-del-mundo\/\" \/>\n<meta property=\"og:site_name\" content=\"Rialia\" \/>\n<meta property=\"article:modified_time\" content=\"2025-01-22T11:15:34+00:00\" \/>\n<meta property=\"og:image\" content=\"https:\/\/rialia.eus\/wp-content\/uploads\/Maqueta-del-Puente-Colgante-RIALIA-Industria-Museoa-1.jpg\" \/>\n<meta name=\"twitter:card\" content=\"summary_large_image\" \/>\n<meta name=\"twitter:label1\" content=\"Est. reading time\" \/>\n\t<meta name=\"twitter:data1\" content=\"2 minutes\" \/>\n<script type=\"application\/ld+json\" class=\"yoast-schema-graph\">{\"@context\":\"https:\\\/\\\/schema.org\",\"@graph\":[{\"@type\":\"WebPage\",\"@id\":\"https:\\\/\\\/rialia.eus\\\/museo\\\/exposicion-permanente\\\/mar\\\/maqueta-del-primer-puente-transbordador-del-mundo\\\/\",\"url\":\"https:\\\/\\\/rialia.eus\\\/museo\\\/exposicion-permanente\\\/mar\\\/maqueta-del-primer-puente-transbordador-del-mundo\\\/\",\"name\":\"Munduko lehenengo transbordadore-zubiaren maketa - Rialia\",\"isPartOf\":{\"@id\":\"https:\\\/\\\/rialia.eus\\\/#website\"},\"primaryImageOfPage\":{\"@id\":\"https:\\\/\\\/rialia.eus\\\/museo\\\/exposicion-permanente\\\/mar\\\/maqueta-del-primer-puente-transbordador-del-mundo\\\/#primaryimage\"},\"image\":{\"@id\":\"https:\\\/\\\/rialia.eus\\\/museo\\\/exposicion-permanente\\\/mar\\\/maqueta-del-primer-puente-transbordador-del-mundo\\\/#primaryimage\"},\"thumbnailUrl\":\"https:\\\/\\\/rialia.eus\\\/wp-content\\\/uploads\\\/Maqueta-del-Puente-Colgante-RIALIA-Industria-Museoa-1.jpg\",\"datePublished\":\"2024-11-28T12:51:28+00:00\",\"dateModified\":\"2025-01-22T11:15:34+00:00\",\"breadcrumb\":{\"@id\":\"https:\\\/\\\/rialia.eus\\\/museo\\\/exposicion-permanente\\\/mar\\\/maqueta-del-primer-puente-transbordador-del-mundo\\\/#breadcrumb\"},\"inLanguage\":\"eu-ES\",\"potentialAction\":[{\"@type\":\"ReadAction\",\"target\":[\"https:\\\/\\\/rialia.eus\\\/museo\\\/exposicion-permanente\\\/mar\\\/maqueta-del-primer-puente-transbordador-del-mundo\\\/\"]}]},{\"@type\":\"ImageObject\",\"inLanguage\":\"eu-ES\",\"@id\":\"https:\\\/\\\/rialia.eus\\\/museo\\\/exposicion-permanente\\\/mar\\\/maqueta-del-primer-puente-transbordador-del-mundo\\\/#primaryimage\",\"url\":\"https:\\\/\\\/rialia.eus\\\/wp-content\\\/uploads\\\/Maqueta-del-Puente-Colgante-RIALIA-Industria-Museoa-1.jpg\",\"contentUrl\":\"https:\\\/\\\/rialia.eus\\\/wp-content\\\/uploads\\\/Maqueta-del-Puente-Colgante-RIALIA-Industria-Museoa-1.jpg\"},{\"@type\":\"BreadcrumbList\",\"@id\":\"https:\\\/\\\/rialia.eus\\\/museo\\\/exposicion-permanente\\\/mar\\\/maqueta-del-primer-puente-transbordador-del-mundo\\\/#breadcrumb\",\"itemListElement\":[{\"@type\":\"ListItem\",\"position\":1,\"name\":\"Portada\",\"item\":\"https:\\\/\\\/rialia.eus\\\/eu\\\/\"},{\"@type\":\"ListItem\",\"position\":2,\"name\":\"Museoa\",\"item\":\"https:\\\/\\\/rialia.eus\\\/eu\\\/museoa\\\/\"},{\"@type\":\"ListItem\",\"position\":3,\"name\":\"Erakusketa iraunkorra\",\"item\":\"https:\\\/\\\/rialia.eus\\\/eu\\\/museoa\\\/erakusketa-iraunkorra\\\/\"},{\"@type\":\"ListItem\",\"position\":4,\"name\":\"Itsasoa\",\"item\":\"https:\\\/\\\/rialia.eus\\\/museo\\\/exposicion-permanente\\\/mar\\\/\"},{\"@type\":\"ListItem\",\"position\":5,\"name\":\"Munduko lehenengo transbordadore-zubiaren maketa\"}]},{\"@type\":\"WebSite\",\"@id\":\"https:\\\/\\\/rialia.eus\\\/#website\",\"url\":\"https:\\\/\\\/rialia.eus\\\/\",\"name\":\"Rialia\",\"description\":\"Industria Museoa \u2013 Museo de la Industria\",\"potentialAction\":[{\"@type\":\"SearchAction\",\"target\":{\"@type\":\"EntryPoint\",\"urlTemplate\":\"https:\\\/\\\/rialia.eus\\\/?s={search_term_string}\"},\"query-input\":{\"@type\":\"PropertyValueSpecification\",\"valueRequired\":true,\"valueName\":\"search_term_string\"}}],\"inLanguage\":\"eu-ES\"}]}<\/script>\n<!-- \/ Yoast SEO plugin. -->","yoast_head_json":{"title":"Munduko lehenengo transbordadore-zubiaren maketa - Rialia","robots":{"index":"index","follow":"follow","max-snippet":"max-snippet:-1","max-image-preview":"max-image-preview:large","max-video-preview":"max-video-preview:-1"},"canonical":"https:\/\/rialia.eus\/museo\/exposicion-permanente\/mar\/maqueta-del-primer-puente-transbordador-del-mundo\/","og_locale":"eu_ES","og_type":"article","og_title":"Munduko lehenengo transbordadore-zubiaren maketa - Rialia","og_description":"Fotograf\u00eda de la maqueta construida por Salesianos DEUSTO Mart\u00edn Alberto de Palacio Elissag\u00fce arkitektoak diseinatu zuen zubia, Joseph Ferdinand Amodin ingeniari frantziarraren laguntzarekin, itsasontzien ibilbidea oztopatu gabe ibaiaren bazter batetik bestera gurutzatu ahal izateko, eta Portugalete eta Areeta lotzen ditu itsasadarraren bokalearen gainetik. Zubia diseinatu zen garaian, masta handiko itsasontziak zeuden oraindik, eta horrek eskatzen [&hellip;]","og_url":"https:\/\/rialia.eus\/museo\/exposicion-permanente\/mar\/maqueta-del-primer-puente-transbordador-del-mundo\/","og_site_name":"Rialia","article_modified_time":"2025-01-22T11:15:34+00:00","og_image":[{"url":"https:\/\/rialia.eus\/wp-content\/uploads\/Maqueta-del-Puente-Colgante-RIALIA-Industria-Museoa-1.jpg","type":"","width":"","height":""}],"twitter_card":"summary_large_image","twitter_misc":{"Est. reading time":"2 minutes"},"schema":{"@context":"https:\/\/schema.org","@graph":[{"@type":"WebPage","@id":"https:\/\/rialia.eus\/museo\/exposicion-permanente\/mar\/maqueta-del-primer-puente-transbordador-del-mundo\/","url":"https:\/\/rialia.eus\/museo\/exposicion-permanente\/mar\/maqueta-del-primer-puente-transbordador-del-mundo\/","name":"Munduko lehenengo transbordadore-zubiaren maketa - Rialia","isPartOf":{"@id":"https:\/\/rialia.eus\/#website"},"primaryImageOfPage":{"@id":"https:\/\/rialia.eus\/museo\/exposicion-permanente\/mar\/maqueta-del-primer-puente-transbordador-del-mundo\/#primaryimage"},"image":{"@id":"https:\/\/rialia.eus\/museo\/exposicion-permanente\/mar\/maqueta-del-primer-puente-transbordador-del-mundo\/#primaryimage"},"thumbnailUrl":"https:\/\/rialia.eus\/wp-content\/uploads\/Maqueta-del-Puente-Colgante-RIALIA-Industria-Museoa-1.jpg","datePublished":"2024-11-28T12:51:28+00:00","dateModified":"2025-01-22T11:15:34+00:00","breadcrumb":{"@id":"https:\/\/rialia.eus\/museo\/exposicion-permanente\/mar\/maqueta-del-primer-puente-transbordador-del-mundo\/#breadcrumb"},"inLanguage":"eu-ES","potentialAction":[{"@type":"ReadAction","target":["https:\/\/rialia.eus\/museo\/exposicion-permanente\/mar\/maqueta-del-primer-puente-transbordador-del-mundo\/"]}]},{"@type":"ImageObject","inLanguage":"eu-ES","@id":"https:\/\/rialia.eus\/museo\/exposicion-permanente\/mar\/maqueta-del-primer-puente-transbordador-del-mundo\/#primaryimage","url":"https:\/\/rialia.eus\/wp-content\/uploads\/Maqueta-del-Puente-Colgante-RIALIA-Industria-Museoa-1.jpg","contentUrl":"https:\/\/rialia.eus\/wp-content\/uploads\/Maqueta-del-Puente-Colgante-RIALIA-Industria-Museoa-1.jpg"},{"@type":"BreadcrumbList","@id":"https:\/\/rialia.eus\/museo\/exposicion-permanente\/mar\/maqueta-del-primer-puente-transbordador-del-mundo\/#breadcrumb","itemListElement":[{"@type":"ListItem","position":1,"name":"Portada","item":"https:\/\/rialia.eus\/eu\/"},{"@type":"ListItem","position":2,"name":"Museoa","item":"https:\/\/rialia.eus\/eu\/museoa\/"},{"@type":"ListItem","position":3,"name":"Erakusketa iraunkorra","item":"https:\/\/rialia.eus\/eu\/museoa\/erakusketa-iraunkorra\/"},{"@type":"ListItem","position":4,"name":"Itsasoa","item":"https:\/\/rialia.eus\/museo\/exposicion-permanente\/mar\/"},{"@type":"ListItem","position":5,"name":"Munduko lehenengo transbordadore-zubiaren maketa"}]},{"@type":"WebSite","@id":"https:\/\/rialia.eus\/#website","url":"https:\/\/rialia.eus\/","name":"Rialia","description":"Industria Museoa \u2013 Museo de la Industria","potentialAction":[{"@type":"SearchAction","target":{"@type":"EntryPoint","urlTemplate":"https:\/\/rialia.eus\/?s={search_term_string}"},"query-input":{"@type":"PropertyValueSpecification","valueRequired":true,"valueName":"search_term_string"}}],"inLanguage":"eu-ES"}]}},"_links":{"self":[{"href":"https:\/\/rialia.eus\/eu\/wp-json\/wp\/v2\/pages\/3826","targetHints":{"allow":["GET"]}}],"collection":[{"href":"https:\/\/rialia.eus\/eu\/wp-json\/wp\/v2\/pages"}],"about":[{"href":"https:\/\/rialia.eus\/eu\/wp-json\/wp\/v2\/types\/page"}],"author":[{"embeddable":true,"href":"https:\/\/rialia.eus\/eu\/wp-json\/wp\/v2\/users\/1"}],"replies":[{"embeddable":true,"href":"https:\/\/rialia.eus\/eu\/wp-json\/wp\/v2\/comments?post=3826"}],"version-history":[{"count":2,"href":"https:\/\/rialia.eus\/eu\/wp-json\/wp\/v2\/pages\/3826\/revisions"}],"predecessor-version":[{"id":3829,"href":"https:\/\/rialia.eus\/eu\/wp-json\/wp\/v2\/pages\/3826\/revisions\/3829"}],"up":[{"embeddable":true,"href":"https:\/\/rialia.eus\/eu\/wp-json\/wp\/v2\/pages\/2570"}],"wp:attachment":[{"href":"https:\/\/rialia.eus\/eu\/wp-json\/wp\/v2\/media?parent=3826"}],"curies":[{"name":"wp","href":"https:\/\/api.w.org\/{rel}","templated":true}]}}