 {"id":3354,"date":"2024-12-11T17:24:06","date_gmt":"2024-12-11T16:24:06","guid":{"rendered":"https:\/\/rialia.eus\/linea-del-tiempo\/1880-1885\/"},"modified":"2025-01-28T15:03:30","modified_gmt":"2025-01-28T14:03:30","slug":"1880-1885","status":"publish","type":"page","link":"https:\/\/rialia.eus\/eu\/museoa\/denbora-lerroa\/1880-1885\/","title":{"rendered":"1880-1885"},"content":{"rendered":"<section class=\"module-sm\"><div class=\"container-fluid\">\t\t<section class=\"timeline\">\r\n\t\t\t<div class=\"swiper-container\" data-background=\"https:\/\/rialia.eus\/assets\/media\/VII_003_Autoridad-Portuaria-de-Bilbao.jpg\">\r\n\t\t\t\t<main class=\"swiper-wrapper\">\r\n\t\t\t\t\t\t\t        \t\t<article class=\"swiper-slide\" data-year=\"1880\">\r\n\t\t        \t\t\t<div class=\"swiper-slide-content\">\r\n\t\t\t        \t\t\t<span class=\"timeline-year\">1880<\/span>\r\n\t\t\t        \t\t\t \r\n\t\t\t                      <div class=\"timeline-text\"><p>Soci\u00e9t\u00e9 Franco Belge des mines de Somorrostro sozietateak (\u201cde las Conchas\u201d izenez ere ezaguna)hiru zamaleku jarri zituen Desertun, eta Trianokoaren paraleloan zihoazen<\/p>\n<\/div>\r\n\t\t\t                    \t\t                \t<\/div>\r\n\t\t        \t\t<\/article>\r\n\t\t        \t\t\t\t        \t\t<article class=\"swiper-slide\" data-year=\"1881\">\r\n\t\t        \t\t\t<div class=\"swiper-slide-content\">\r\n\t\t\t        \t\t\t<span class=\"timeline-year\">1881<\/span>\r\n\t\t\t        \t\t\t \r\n\t\t\t                      <div class=\"timeline-text\"><p>The Landore Siemens Steel Company konpainiak zamaleku bat jarri zuen Olabeagan. Airetiko tranbia bat zen, \u201cPrimitiva\u201d meategirako soilik erabiltzen zena \u2013 Mac Lennan eta \u201cThe Wright Butler and Company Limited\u201d konpainiek ustitutakoa \u2013 eta Zorrotzaraino iristen zen<\/p>\n<\/div>\r\n\t\t\t                    \t\t                \t<\/div>\r\n\t\t        \t\t<\/article>\r\n\t\t        \t\t\t\t        \t\t<article class=\"swiper-slide\" data-year=\"1882\">\r\n\t\t        \t\t\t<div class=\"swiper-slide-content\">\r\n\t\t\t        \t\t\t<span class=\"timeline-year\">1882<\/span>\r\n\t\t\t        \t\t\t \r\n\t\t\t                      <div class=\"timeline-text\"><p>Maria Beasley-k salbamendu-txalupa asmatu zuen Ibarra Hermanos y Compa\u00f1\u00eda sozietateak Altos Hornos y F\u00e1brica de Hierro y Acero de Bilbao sortu zuen<\/p>\n<\/div>\r\n\t\t\t                    \t\t                \t<\/div>\r\n\t\t        \t\t<\/article>\r\n\t\t        \t\t\t\t        \t\t<article class=\"swiper-slide\" data-year=\"1882\">\r\n\t\t        \t\t\t<div class=\"swiper-slide-content\">\r\n\t\t\t        \t\t\t<span class=\"timeline-year\">1882<\/span>\r\n\t\t\t        \t\t\t \r\n\t\t\t                      <div class=\"timeline-text\"><p>Ch\u00e1varri anaiek eta beste bazkide batzuek Sociedad Metal\u00fargica y Construcciones La Vizcaya sortu zuten<\/p>\n<\/div>\r\n\t\t\t                    \t\t                \t<\/div>\r\n\t\t        \t\t<\/article>\r\n\t\t        \t\t\t\t        \t\t<article class=\"swiper-slide\" data-year=\"1883\">\r\n\t\t        \t\t\t<div class=\"swiper-slide-content\">\r\n\t\t\t        \t\t\t<span class=\"timeline-year\">1883<\/span>\r\n\t\t\t        \t\t\t \r\n\t\t\t                      <div class=\"timeline-text\"><p>Portugaleteko udaletxea eraiki zen <\/p>\n<p>Portugaleteko mareometroa jarri zen<\/p>\n<\/div>\r\n\t\t\t                    \t\t                \t<\/div>\r\n\t\t        \t\t<\/article>\r\n\t\t        \t\t\t\t        \t\t<article class=\"swiper-slide\" data-year=\"1885\">\r\n\t\t        \t\t\t<div class=\"swiper-slide-content\">\r\n\t\t\t        \t\t\t<span class=\"timeline-year\">1885<\/span>\r\n\t\t\t        \t\t\t \r\n\t\t\t                      <div class=\"timeline-text\"><p>Aurrera sozietate anonimoa sortu zen<\/p>\n<\/div>\r\n\t\t\t                    \t\t                \t<\/div>\r\n\t\t        \t\t<\/article>\r\n\t\t        \t\t\t\t\t\t<\/main>\r\n\t\t\t\t<div class=\"swiper-button-prev\"><\/div>\r\n                <div class=\"swiper-button-next\"><\/div>\r\n                <div class=\"swiper-pagination\"><\/div>\r\n\t\t\t<\/div>\r\n\t\t<\/section>\r\n\t\t<\/div><\/section>","protected":false},"excerpt":{"rendered":"","protected":false},"author":1,"featured_media":0,"parent":3265,"menu_order":0,"comment_status":"closed","ping_status":"closed","template":"templates\/page-interior-linea-tiempo.php","meta":{"_acf_changed":false,"footnotes":""},"class_list":["post-3354","page","type-page","status-publish","hentry"],"acf":[],"yoast_head":"<!-- This site is optimized with the Yoast SEO plugin v27.3 - https:\/\/yoast.com\/product\/yoast-seo-wordpress\/ -->\n<title>1880-1885 - Rialia<\/title>\n<meta name=\"robots\" content=\"index, follow, max-snippet:-1, max-image-preview:large, max-video-preview:-1\" \/>\n<link rel=\"canonical\" href=\"https:\/\/rialia.eus\/museo\/linea-del-tiempo\/1880-1885\/\" \/>\n<meta property=\"og:locale\" content=\"eu_ES\" \/>\n<meta property=\"og:type\" content=\"article\" \/>\n<meta property=\"og:title\" content=\"1880-1885 - Rialia\" \/>\n<meta property=\"og:url\" content=\"https:\/\/rialia.eus\/museo\/linea-del-tiempo\/1880-1885\/\" \/>\n<meta property=\"og:site_name\" content=\"Rialia\" \/>\n<meta property=\"article:modified_time\" content=\"2025-01-28T14:03:30+00:00\" \/>\n<meta name=\"twitter:card\" content=\"summary_large_image\" \/>\n<meta name=\"twitter:label1\" content=\"Est. reading time\" \/>\n\t<meta name=\"twitter:data1\" content=\"1 minute\" \/>\n<script type=\"application\/ld+json\" class=\"yoast-schema-graph\">{\"@context\":\"https:\\\/\\\/schema.org\",\"@graph\":[{\"@type\":\"WebPage\",\"@id\":\"https:\\\/\\\/rialia.eus\\\/museo\\\/linea-del-tiempo\\\/1880-1885\\\/\",\"url\":\"https:\\\/\\\/rialia.eus\\\/museo\\\/linea-del-tiempo\\\/1880-1885\\\/\",\"name\":\"1880-1885 - Rialia\",\"isPartOf\":{\"@id\":\"https:\\\/\\\/rialia.eus\\\/#website\"},\"datePublished\":\"2024-12-11T16:24:06+00:00\",\"dateModified\":\"2025-01-28T14:03:30+00:00\",\"breadcrumb\":{\"@id\":\"https:\\\/\\\/rialia.eus\\\/museo\\\/linea-del-tiempo\\\/1880-1885\\\/#breadcrumb\"},\"inLanguage\":\"eu-ES\",\"potentialAction\":[{\"@type\":\"ReadAction\",\"target\":[\"https:\\\/\\\/rialia.eus\\\/museo\\\/linea-del-tiempo\\\/1880-1885\\\/\"]}]},{\"@type\":\"BreadcrumbList\",\"@id\":\"https:\\\/\\\/rialia.eus\\\/museo\\\/linea-del-tiempo\\\/1880-1885\\\/#breadcrumb\",\"itemListElement\":[{\"@type\":\"ListItem\",\"position\":1,\"name\":\"Portada\",\"item\":\"https:\\\/\\\/rialia.eus\\\/eu\\\/\"},{\"@type\":\"ListItem\",\"position\":2,\"name\":\"Museoa\",\"item\":\"https:\\\/\\\/rialia.eus\\\/eu\\\/museoa\\\/\"},{\"@type\":\"ListItem\",\"position\":3,\"name\":\"Denbora-Lerroa\",\"item\":\"https:\\\/\\\/rialia.eus\\\/museo\\\/linea-del-tiempo\\\/\"},{\"@type\":\"ListItem\",\"position\":4,\"name\":\"1880-1885\"}]},{\"@type\":\"WebSite\",\"@id\":\"https:\\\/\\\/rialia.eus\\\/#website\",\"url\":\"https:\\\/\\\/rialia.eus\\\/\",\"name\":\"Rialia\",\"description\":\"Industria Museoa \u2013 Museo de la Industria\",\"potentialAction\":[{\"@type\":\"SearchAction\",\"target\":{\"@type\":\"EntryPoint\",\"urlTemplate\":\"https:\\\/\\\/rialia.eus\\\/?s={search_term_string}\"},\"query-input\":{\"@type\":\"PropertyValueSpecification\",\"valueRequired\":true,\"valueName\":\"search_term_string\"}}],\"inLanguage\":\"eu-ES\"}]}<\/script>\n<!-- \/ Yoast SEO plugin. -->","yoast_head_json":{"title":"1880-1885 - Rialia","robots":{"index":"index","follow":"follow","max-snippet":"max-snippet:-1","max-image-preview":"max-image-preview:large","max-video-preview":"max-video-preview:-1"},"canonical":"https:\/\/rialia.eus\/museo\/linea-del-tiempo\/1880-1885\/","og_locale":"eu_ES","og_type":"article","og_title":"1880-1885 - Rialia","og_url":"https:\/\/rialia.eus\/museo\/linea-del-tiempo\/1880-1885\/","og_site_name":"Rialia","article_modified_time":"2025-01-28T14:03:30+00:00","twitter_card":"summary_large_image","twitter_misc":{"Est. reading time":"1 minute"},"schema":{"@context":"https:\/\/schema.org","@graph":[{"@type":"WebPage","@id":"https:\/\/rialia.eus\/museo\/linea-del-tiempo\/1880-1885\/","url":"https:\/\/rialia.eus\/museo\/linea-del-tiempo\/1880-1885\/","name":"1880-1885 - Rialia","isPartOf":{"@id":"https:\/\/rialia.eus\/#website"},"datePublished":"2024-12-11T16:24:06+00:00","dateModified":"2025-01-28T14:03:30+00:00","breadcrumb":{"@id":"https:\/\/rialia.eus\/museo\/linea-del-tiempo\/1880-1885\/#breadcrumb"},"inLanguage":"eu-ES","potentialAction":[{"@type":"ReadAction","target":["https:\/\/rialia.eus\/museo\/linea-del-tiempo\/1880-1885\/"]}]},{"@type":"BreadcrumbList","@id":"https:\/\/rialia.eus\/museo\/linea-del-tiempo\/1880-1885\/#breadcrumb","itemListElement":[{"@type":"ListItem","position":1,"name":"Portada","item":"https:\/\/rialia.eus\/eu\/"},{"@type":"ListItem","position":2,"name":"Museoa","item":"https:\/\/rialia.eus\/eu\/museoa\/"},{"@type":"ListItem","position":3,"name":"Denbora-Lerroa","item":"https:\/\/rialia.eus\/museo\/linea-del-tiempo\/"},{"@type":"ListItem","position":4,"name":"1880-1885"}]},{"@type":"WebSite","@id":"https:\/\/rialia.eus\/#website","url":"https:\/\/rialia.eus\/","name":"Rialia","description":"Industria Museoa \u2013 Museo de la Industria","potentialAction":[{"@type":"SearchAction","target":{"@type":"EntryPoint","urlTemplate":"https:\/\/rialia.eus\/?s={search_term_string}"},"query-input":{"@type":"PropertyValueSpecification","valueRequired":true,"valueName":"search_term_string"}}],"inLanguage":"eu-ES"}]}},"_links":{"self":[{"href":"https:\/\/rialia.eus\/eu\/wp-json\/wp\/v2\/pages\/3354","targetHints":{"allow":["GET"]}}],"collection":[{"href":"https:\/\/rialia.eus\/eu\/wp-json\/wp\/v2\/pages"}],"about":[{"href":"https:\/\/rialia.eus\/eu\/wp-json\/wp\/v2\/types\/page"}],"author":[{"embeddable":true,"href":"https:\/\/rialia.eus\/eu\/wp-json\/wp\/v2\/users\/1"}],"replies":[{"embeddable":true,"href":"https:\/\/rialia.eus\/eu\/wp-json\/wp\/v2\/comments?post=3354"}],"version-history":[{"count":1,"href":"https:\/\/rialia.eus\/eu\/wp-json\/wp\/v2\/pages\/3354\/revisions"}],"predecessor-version":[{"id":3358,"href":"https:\/\/rialia.eus\/eu\/wp-json\/wp\/v2\/pages\/3354\/revisions\/3358"}],"up":[{"embeddable":true,"href":"https:\/\/rialia.eus\/eu\/wp-json\/wp\/v2\/pages\/3265"}],"wp:attachment":[{"href":"https:\/\/rialia.eus\/eu\/wp-json\/wp\/v2\/media?parent=3354"}],"curies":[{"name":"wp","href":"https:\/\/api.w.org\/{rel}","templated":true}]}}