 {"id":3218,"date":"2024-12-04T09:45:28","date_gmt":"2024-12-04T08:45:28","guid":{"rendered":"https:\/\/rialia.eus\/erakusketa-iraunkorra\/portugalete\/el-unico-camino-dolores-ibarruri-1979\/"},"modified":"2024-12-04T09:45:28","modified_gmt":"2024-12-04T08:45:28","slug":"el-unico-camino-dolores-ibarruri-1979","status":"publish","type":"page","link":"https:\/\/rialia.eus\/eu\/museoa\/erakusketa-iraunkorra\/portugalete\/literatura\/el-unico-camino-dolores-ibarruri-1979\/","title":{"rendered":"El \u00fanico camino, Dolores Ibarruri, 1979"},"content":{"rendered":"<div class=\"row\">\r\n\t\t\t\t\t\t<div class=\"col-md-3\"><a rel=\"single-photo\" href=\"https:\/\/rialia.eus\/wp-content\/uploads\/unico_camino.jpg\"><img width=\"100%\" height=\"auto\" alt=\"\" data-src=\"https:\/\/rialia.eus\/wp-content\/uploads\/unico_camino.jpg\" class=\" lazyload\"><\/a>\r\n\r\n\t\t\t\t\t\t\t\r\n\t\t\t\t\t\t\t<\/div>\r\n\t\t\t\t\t\t\r\n\t\t\t\t\t\t<div class=\"col-md-9\">\r\n\t\t\t\t\t\t\t\r\n\t\t\t\t\t\t\t<p>El \u00fanico camino, Dolores Ibarruri, 1979<\/p>\r\n\r\n<p>Nombres extra\u00f1os golpean en los ojos, desde lo alto de postes indicadores. Aqu\u00ed la Luchana Mining; all\u00e1, la Orconera. M\u00e1s lejos, la Franco\u2013Belga, la Rothschild, la Galdames. All\u00e1 en Posadero y Covar\u00f3n, la Mac Lenan y otras de menor cuant\u00eda.<\/p>\r\n\r\n<p>Las pesadas carretas de bueyes, en las que se transportaba el mineral de los filones a las viejas ferrer\u00edas, a los lanchones del r\u00edo Galindo o del Somorrostro, iban siendo arrumbadas por los ferrocarriles mineros, que cruzando laderas y atravesando monta\u00f1as, enlazaban los m\u00e1s apartados rincones de la cuenca minera con los puertos de embarque y con la zona fabril siderometal\u00fargica, que nac\u00eda y se desarrollaba paralelamente.<\/p>\r\n\r\n<p>Se romp\u00eda la geograf\u00eda del pa\u00eds. Desaparec\u00edan monta\u00f1as; se quebraban vertientes; campos y prados eran cubiertos de escombros. Los valles, igualados con las colinas; levados los fondos de los barrancos y precipicios. Se tend\u00edan planos inclinados, se abr\u00edan trincheras, se levantaban puentes. Por encima de las barriadas obreras, sobre casta\u00f1ares y robledales cruzaban los tranv\u00edas a\u00e9reos.<\/p>\r\n\r\n<p>Explosiones de dinamita, chirriar de cables y vagonetas, jadear de locomotoras, golpear incesante de picos y barrenos rompen la quietud de los antes silenciosos valles y una nueva vida llena de afanes, de inquietudes, de sobresaltos, hierve en lo que anta\u00f1o fueron tranquilas monta\u00f1as y apacibles lugares.<\/p>\r\n\r\n\r\n\r\n\t\t\t\t\t\r\n\t\t\t\t\t\t\t\r\n\t\t\t\t\t\t  <\/div>\r\n\r\n<div class=\"col-md-12\">\r\n<p>[\u2026]<\/p>\r\n<p>Ante la mirada curiosa del viajero se extend\u00eda, a su derecha, la carretera de Nocedal, recost\u00e1ndose en la falda de una colina cubierta de vi\u00f1edos, mientras a su izquierda, en direcci\u00f3n a Gallarta, levantaba su imponente masa de un color rojos sombr\u00edo el famoso Monte donde estaban las minas. Enfrente se ergu\u00eda el Serantes como majestuosa muralla entre el mar y la zona minera, y al fondo, sobre el valle de Somorrostro, se perfilaba Monta\u00f1o, en cuyas estribaciones se hab\u00edan librado los m\u00e1s sangrientos combates de la \u00faltima guerra carlista.<\/p>\r\n\r\n<p>[\u2026]<\/p>\r\n\r\n<p>Una poblaci\u00f3n obrera heterog\u00e9nea, llegada de todas las regiones agrarias e incluso de los bajos fondos de las grandes ciudades, iba amonton\u00e1ndose en los inmundos barracones levantados en las cercan\u00edas de las minas por las compa\u00f1\u00edas que explotaban \u00e9stas, o se hacinaba en las habitaciones de las familias mineras, establecidas ya de manera permanente.<\/p>\r\n\r\n<p>La explotaci\u00f3n de las minas era simple y barata. Apenas hab\u00eda que quitar escombros. No se precisaba ni profundos pozos, ni costosas galer\u00edas. El mineral estaba all\u00ed, a flor de tierra, asomando por todas partes su cara de color rubio o rojo morado, que daba un aspecto particular a una zona minera donde todo estaba matizado de esas tonalidades<\/p>\r\n\r\n<p>La explotaci\u00f3n de las minas se caracterizaba no s\u00f3lo por la manera rapaz de despojar al pa\u00eds de lo que constitu\u00eda su principal riqueza, sino por el trato brutal que se daba a los obreros empleados en ellas.<\/p>\r\n\r\n<p>Trabajaban los mineros de estrella a estrella, sin horario determinado. Sal\u00edan de casa antes de amanecer y no volv\u00edan hasta bien entrada la noche.<\/p>\r\n\r\n<p>Los barracones que las compa\u00f1\u00edas mineras ofrec\u00edan como albergue a los que llegaban de otras tierras eran m\u00e1s bien cobijos de bestias que habitaciones humanas.<\/p>\r\n\r\n<p>[\u2026]<\/p>\r\n\r\n<p>Cuando disminuy\u00f3 la demanda del mineral y comenz\u00f3 a sobrar mano de obra, se prescindi\u00f3 del trabajo femenino, adornando la disposici\u00f3n discriminatoria con hip\u00f3critas consideraciones sobre la madre, la mujer, la familia y el hogar.<\/p>\r\n\r\n<p>Se liberaba a la mujer del trabajo de la mina que \u201cembrutec\u00eda\u201d para convertirla en una esclava dom\u00e9stica sin ning\u00fan derecho.<\/p>\r\n\r\n<p>En la mina, la mujer era un obrero. Pod\u00eda protestar contra la explotaci\u00f3n al lado de otros obreros, defender su personalidad como trabajadora.<\/p>\r\n\r\n<p>En el hogar, la mujer se despersonaliza; se entregaba, por la fuerza de la necesidad, al sacrificio. Era la primera en el trabajo, en las privaciones, en el apencar con todo g\u00e9nero de servicios para hacer m\u00e1s grata, menos dura, menos dif\u00edcil, la vida de sus hijos, de su marido, hasta anularse por completo para convertirse andando el tiempo en \u201cla vieja\u201d que \u201cno comprende\u201d, que estorba, o que en el mejor de los casos serv\u00eda de criada a los j\u00f3venes, de ni\u00f1era a los nietos. Y as\u00ed una generaci\u00f3n y otra y otra.<\/p>\r\n<\/div>\r\n\t\t\t\t\t\t\r\n\t\t\t\t\t\t\r\n\t\t\t\t\t\t<\/div>","protected":false},"excerpt":{"rendered":"<p>El \u00fanico camino, Dolores Ibarruri, 1979 Nombres extra\u00f1os golpean en los ojos, desde lo alto de postes indicadores. Aqu\u00ed la Luchana Mining; all\u00e1, la Orconera. M\u00e1s lejos, la Franco\u2013Belga, la Rothschild, la Galdames. All\u00e1 en Posadero y Covar\u00f3n, la Mac Lenan y otras de menor cuant\u00eda. Las pesadas carretas de bueyes, en las que se [&hellip;]<\/p>\n","protected":false},"author":1,"featured_media":0,"parent":3149,"menu_order":0,"comment_status":"closed","ping_status":"closed","template":"templates\/page-interior-expo-permanente.php","meta":{"_acf_changed":false,"footnotes":""},"class_list":["post-3218","page","type-page","status-publish","hentry"],"acf":[],"yoast_head":"<!-- This site is optimized with the Yoast SEO plugin v27.3 - https:\/\/yoast.com\/product\/yoast-seo-wordpress\/ -->\n<title>El \u00fanico camino, Dolores Ibarruri, 1979 - Rialia<\/title>\n<meta name=\"robots\" content=\"index, follow, max-snippet:-1, max-image-preview:large, max-video-preview:-1\" \/>\n<link rel=\"canonical\" href=\"https:\/\/rialia.eus\/museo\/exposicion-permanente\/portugalete\/literatura\/el-unico-camino-dolores-ibarruri-1979\/\" \/>\n<meta property=\"og:locale\" content=\"eu_ES\" \/>\n<meta property=\"og:type\" content=\"article\" \/>\n<meta property=\"og:title\" content=\"El \u00fanico camino, Dolores Ibarruri, 1979 - Rialia\" \/>\n<meta property=\"og:description\" content=\"El \u00fanico camino, Dolores Ibarruri, 1979 Nombres extra\u00f1os golpean en los ojos, desde lo alto de postes indicadores. Aqu\u00ed la Luchana Mining; all\u00e1, la Orconera. M\u00e1s lejos, la Franco\u2013Belga, la Rothschild, la Galdames. All\u00e1 en Posadero y Covar\u00f3n, la Mac Lenan y otras de menor cuant\u00eda. Las pesadas carretas de bueyes, en las que se [&hellip;]\" \/>\n<meta property=\"og:url\" content=\"https:\/\/rialia.eus\/museo\/exposicion-permanente\/portugalete\/literatura\/el-unico-camino-dolores-ibarruri-1979\/\" \/>\n<meta property=\"og:site_name\" content=\"Rialia\" \/>\n<meta property=\"og:image\" content=\"https:\/\/rialia.eus\/wp-content\/uploads\/unico_camino.jpg\" \/>\n<meta name=\"twitter:card\" content=\"summary_large_image\" \/>\n<meta name=\"twitter:label1\" content=\"Est. reading time\" \/>\n\t<meta name=\"twitter:data1\" content=\"4 minutes\" \/>\n<script type=\"application\/ld+json\" class=\"yoast-schema-graph\">{\"@context\":\"https:\\\/\\\/schema.org\",\"@graph\":[{\"@type\":\"WebPage\",\"@id\":\"https:\\\/\\\/rialia.eus\\\/museo\\\/exposicion-permanente\\\/portugalete\\\/literatura\\\/el-unico-camino-dolores-ibarruri-1979\\\/\",\"url\":\"https:\\\/\\\/rialia.eus\\\/museo\\\/exposicion-permanente\\\/portugalete\\\/literatura\\\/el-unico-camino-dolores-ibarruri-1979\\\/\",\"name\":\"El \u00fanico camino, Dolores Ibarruri, 1979 - Rialia\",\"isPartOf\":{\"@id\":\"https:\\\/\\\/rialia.eus\\\/#website\"},\"primaryImageOfPage\":{\"@id\":\"https:\\\/\\\/rialia.eus\\\/museo\\\/exposicion-permanente\\\/portugalete\\\/literatura\\\/el-unico-camino-dolores-ibarruri-1979\\\/#primaryimage\"},\"image\":{\"@id\":\"https:\\\/\\\/rialia.eus\\\/museo\\\/exposicion-permanente\\\/portugalete\\\/literatura\\\/el-unico-camino-dolores-ibarruri-1979\\\/#primaryimage\"},\"thumbnailUrl\":\"https:\\\/\\\/rialia.eus\\\/wp-content\\\/uploads\\\/unico_camino.jpg\",\"datePublished\":\"2024-12-04T08:45:28+00:00\",\"breadcrumb\":{\"@id\":\"https:\\\/\\\/rialia.eus\\\/museo\\\/exposicion-permanente\\\/portugalete\\\/literatura\\\/el-unico-camino-dolores-ibarruri-1979\\\/#breadcrumb\"},\"inLanguage\":\"eu-ES\",\"potentialAction\":[{\"@type\":\"ReadAction\",\"target\":[\"https:\\\/\\\/rialia.eus\\\/museo\\\/exposicion-permanente\\\/portugalete\\\/literatura\\\/el-unico-camino-dolores-ibarruri-1979\\\/\"]}]},{\"@type\":\"ImageObject\",\"inLanguage\":\"eu-ES\",\"@id\":\"https:\\\/\\\/rialia.eus\\\/museo\\\/exposicion-permanente\\\/portugalete\\\/literatura\\\/el-unico-camino-dolores-ibarruri-1979\\\/#primaryimage\",\"url\":\"https:\\\/\\\/rialia.eus\\\/wp-content\\\/uploads\\\/unico_camino.jpg\",\"contentUrl\":\"https:\\\/\\\/rialia.eus\\\/wp-content\\\/uploads\\\/unico_camino.jpg\"},{\"@type\":\"BreadcrumbList\",\"@id\":\"https:\\\/\\\/rialia.eus\\\/museo\\\/exposicion-permanente\\\/portugalete\\\/literatura\\\/el-unico-camino-dolores-ibarruri-1979\\\/#breadcrumb\",\"itemListElement\":[{\"@type\":\"ListItem\",\"position\":1,\"name\":\"Portada\",\"item\":\"https:\\\/\\\/rialia.eus\\\/eu\\\/\"},{\"@type\":\"ListItem\",\"position\":2,\"name\":\"Museoa\",\"item\":\"https:\\\/\\\/rialia.eus\\\/eu\\\/museoa\\\/\"},{\"@type\":\"ListItem\",\"position\":3,\"name\":\"Erakusketa iraunkorra\",\"item\":\"https:\\\/\\\/rialia.eus\\\/eu\\\/museoa\\\/erakusketa-iraunkorra\\\/\"},{\"@type\":\"ListItem\",\"position\":4,\"name\":\"Portugalete\",\"item\":\"https:\\\/\\\/rialia.eus\\\/eu\\\/museoa\\\/erakusketa-iraunkorra\\\/portugalete\\\/\"},{\"@type\":\"ListItem\",\"position\":5,\"name\":\"LITERATURA\",\"item\":\"https:\\\/\\\/rialia.eus\\\/museo\\\/exposicion-permanente\\\/portugalete\\\/literatura\\\/\"},{\"@type\":\"ListItem\",\"position\":6,\"name\":\"El \u00fanico camino, Dolores Ibarruri, 1979\"}]},{\"@type\":\"WebSite\",\"@id\":\"https:\\\/\\\/rialia.eus\\\/#website\",\"url\":\"https:\\\/\\\/rialia.eus\\\/\",\"name\":\"Rialia\",\"description\":\"Industria Museoa \u2013 Museo de la Industria\",\"potentialAction\":[{\"@type\":\"SearchAction\",\"target\":{\"@type\":\"EntryPoint\",\"urlTemplate\":\"https:\\\/\\\/rialia.eus\\\/?s={search_term_string}\"},\"query-input\":{\"@type\":\"PropertyValueSpecification\",\"valueRequired\":true,\"valueName\":\"search_term_string\"}}],\"inLanguage\":\"eu-ES\"}]}<\/script>\n<!-- \/ Yoast SEO plugin. -->","yoast_head_json":{"title":"El \u00fanico camino, Dolores Ibarruri, 1979 - Rialia","robots":{"index":"index","follow":"follow","max-snippet":"max-snippet:-1","max-image-preview":"max-image-preview:large","max-video-preview":"max-video-preview:-1"},"canonical":"https:\/\/rialia.eus\/museo\/exposicion-permanente\/portugalete\/literatura\/el-unico-camino-dolores-ibarruri-1979\/","og_locale":"eu_ES","og_type":"article","og_title":"El \u00fanico camino, Dolores Ibarruri, 1979 - Rialia","og_description":"El \u00fanico camino, Dolores Ibarruri, 1979 Nombres extra\u00f1os golpean en los ojos, desde lo alto de postes indicadores. Aqu\u00ed la Luchana Mining; all\u00e1, la Orconera. M\u00e1s lejos, la Franco\u2013Belga, la Rothschild, la Galdames. All\u00e1 en Posadero y Covar\u00f3n, la Mac Lenan y otras de menor cuant\u00eda. Las pesadas carretas de bueyes, en las que se [&hellip;]","og_url":"https:\/\/rialia.eus\/museo\/exposicion-permanente\/portugalete\/literatura\/el-unico-camino-dolores-ibarruri-1979\/","og_site_name":"Rialia","og_image":[{"url":"https:\/\/rialia.eus\/wp-content\/uploads\/unico_camino.jpg","type":"","width":"","height":""}],"twitter_card":"summary_large_image","twitter_misc":{"Est. reading time":"4 minutes"},"schema":{"@context":"https:\/\/schema.org","@graph":[{"@type":"WebPage","@id":"https:\/\/rialia.eus\/museo\/exposicion-permanente\/portugalete\/literatura\/el-unico-camino-dolores-ibarruri-1979\/","url":"https:\/\/rialia.eus\/museo\/exposicion-permanente\/portugalete\/literatura\/el-unico-camino-dolores-ibarruri-1979\/","name":"El \u00fanico camino, Dolores Ibarruri, 1979 - Rialia","isPartOf":{"@id":"https:\/\/rialia.eus\/#website"},"primaryImageOfPage":{"@id":"https:\/\/rialia.eus\/museo\/exposicion-permanente\/portugalete\/literatura\/el-unico-camino-dolores-ibarruri-1979\/#primaryimage"},"image":{"@id":"https:\/\/rialia.eus\/museo\/exposicion-permanente\/portugalete\/literatura\/el-unico-camino-dolores-ibarruri-1979\/#primaryimage"},"thumbnailUrl":"https:\/\/rialia.eus\/wp-content\/uploads\/unico_camino.jpg","datePublished":"2024-12-04T08:45:28+00:00","breadcrumb":{"@id":"https:\/\/rialia.eus\/museo\/exposicion-permanente\/portugalete\/literatura\/el-unico-camino-dolores-ibarruri-1979\/#breadcrumb"},"inLanguage":"eu-ES","potentialAction":[{"@type":"ReadAction","target":["https:\/\/rialia.eus\/museo\/exposicion-permanente\/portugalete\/literatura\/el-unico-camino-dolores-ibarruri-1979\/"]}]},{"@type":"ImageObject","inLanguage":"eu-ES","@id":"https:\/\/rialia.eus\/museo\/exposicion-permanente\/portugalete\/literatura\/el-unico-camino-dolores-ibarruri-1979\/#primaryimage","url":"https:\/\/rialia.eus\/wp-content\/uploads\/unico_camino.jpg","contentUrl":"https:\/\/rialia.eus\/wp-content\/uploads\/unico_camino.jpg"},{"@type":"BreadcrumbList","@id":"https:\/\/rialia.eus\/museo\/exposicion-permanente\/portugalete\/literatura\/el-unico-camino-dolores-ibarruri-1979\/#breadcrumb","itemListElement":[{"@type":"ListItem","position":1,"name":"Portada","item":"https:\/\/rialia.eus\/eu\/"},{"@type":"ListItem","position":2,"name":"Museoa","item":"https:\/\/rialia.eus\/eu\/museoa\/"},{"@type":"ListItem","position":3,"name":"Erakusketa iraunkorra","item":"https:\/\/rialia.eus\/eu\/museoa\/erakusketa-iraunkorra\/"},{"@type":"ListItem","position":4,"name":"Portugalete","item":"https:\/\/rialia.eus\/eu\/museoa\/erakusketa-iraunkorra\/portugalete\/"},{"@type":"ListItem","position":5,"name":"LITERATURA","item":"https:\/\/rialia.eus\/museo\/exposicion-permanente\/portugalete\/literatura\/"},{"@type":"ListItem","position":6,"name":"El \u00fanico camino, Dolores Ibarruri, 1979"}]},{"@type":"WebSite","@id":"https:\/\/rialia.eus\/#website","url":"https:\/\/rialia.eus\/","name":"Rialia","description":"Industria Museoa \u2013 Museo de la Industria","potentialAction":[{"@type":"SearchAction","target":{"@type":"EntryPoint","urlTemplate":"https:\/\/rialia.eus\/?s={search_term_string}"},"query-input":{"@type":"PropertyValueSpecification","valueRequired":true,"valueName":"search_term_string"}}],"inLanguage":"eu-ES"}]}},"_links":{"self":[{"href":"https:\/\/rialia.eus\/eu\/wp-json\/wp\/v2\/pages\/3218","targetHints":{"allow":["GET"]}}],"collection":[{"href":"https:\/\/rialia.eus\/eu\/wp-json\/wp\/v2\/pages"}],"about":[{"href":"https:\/\/rialia.eus\/eu\/wp-json\/wp\/v2\/types\/page"}],"author":[{"embeddable":true,"href":"https:\/\/rialia.eus\/eu\/wp-json\/wp\/v2\/users\/1"}],"replies":[{"embeddable":true,"href":"https:\/\/rialia.eus\/eu\/wp-json\/wp\/v2\/comments?post=3218"}],"version-history":[{"count":0,"href":"https:\/\/rialia.eus\/eu\/wp-json\/wp\/v2\/pages\/3218\/revisions"}],"up":[{"embeddable":true,"href":"https:\/\/rialia.eus\/eu\/wp-json\/wp\/v2\/pages\/3149"}],"wp:attachment":[{"href":"https:\/\/rialia.eus\/eu\/wp-json\/wp\/v2\/media?parent=3218"}],"curies":[{"name":"wp","href":"https:\/\/api.w.org\/{rel}","templated":true}]}}