 {"id":3202,"date":"2024-12-04T11:13:43","date_gmt":"2024-12-04T10:13:43","guid":{"rendered":"https:\/\/rialia.eus\/erakusketa-iraunkorra\/portugalete\/los-quinientos-millones-de-la-begun-julio-verne-1879\/"},"modified":"2024-12-04T11:13:43","modified_gmt":"2024-12-04T10:13:43","slug":"los-quinientos-millones-de-la-begun-julio-verne-1879","status":"publish","type":"page","link":"https:\/\/rialia.eus\/eu\/museoa\/erakusketa-iraunkorra\/portugalete\/literatura\/los-quinientos-millones-de-la-begun-julio-verne-1879\/","title":{"rendered":"Los quinientos millones de la Beg\u00fan, Julio Verne. 1879"},"content":{"rendered":"<div class=\"row\">\r\n\t\t\t\t\t\t<div class=\"col-md-3\"><a rel=\"single-photo\" href=\"https:\/\/rialia.eus\/wp-content\/uploads\/Los-quinientos-millones-de-la-Begun-Julio-Verne_1879-1.jpg\"><img width=\"100%\" height=\"auto\" alt=\"\" data-src=\"https:\/\/rialia.eus\/wp-content\/uploads\/Los-quinientos-millones-de-la-Begun-Julio-Verne_1879-1.jpg\" class=\" lazyload\"><\/a>\r\n\r\n\t\t\t\t\t\t\t\r\n\t\t\t\t\t\t\t<\/div>\r\n\t\t\t\t\t\t\r\n\t\t\t\t\t\t<div class=\"col-md-9\">\r\n\t\t\t\t\t\t\t\r\n\t\t\t\t\t\t\t<p>\r\n<strong>Los quinientos millones de la Beg\u00fan,<\/strong> Julio Verne. 1879<\/p>\r\n\r\n<p>La operaci\u00f3n del pudelador tiene por objeto efectuar esa metamorfosis. Unos equipos de c\u00edclopes semidesnudos, armados de largos ganchos de hierro, se dedicaban a ella con actividad. Los lingotes de fundici\u00f3n, arrojados a un horno recubierto por una capa de escorias, eran sometidos a una temperatura elevada. Para obtener el hierro, se comenzaba por batir la fundici\u00f3n hasta que se hiciera pastosa. Para obtener el acero -ese carburo de hierro, tan semejante a su cong\u00e9nere y, sin embargo, tan distinto por sus propiedades-, se esperaba a que la fundici\u00f3n estuviese fluida, y se ten\u00eda cuidado de mantener los hornos a mayor temperatura. El pudelador entonces, con el extremo de su gancho, amasaba y bat\u00eda en todos sentidos la masa met\u00e1lica; la volv\u00eda y revolv\u00eda en medio de la llama. Luego, en el momento preciso en que alcanzaba un cierto grado de resistencia, debido a su mezcla con las escorias, la divid\u00eda en cuatro bolas o \u00ablupias\u00bb esponjosas, que iba entregando, una por una, a los martilladores.<\/p>\r\n<p>\u00a1Rudos muchachos, no obstante, aquellos pudeladores! \u00a1Amasar casi con los brazos, envueltos por una temperatura t\u00f3rrida, una masa met\u00e1lica de doscientos kilogramos, permanecer varias horas con la mirada fija en aquel hierro incandescente que cegaba, constituye un r\u00e9gimen terrible que estropea a un hombre en diez a\u00f1os!\r\n<\/p>\r\n\t\t\t\t\t\r\n\t\t\t\t\t\t\t\r\n\t\t\t\t\t\t  <\/div>\r\n\t\t\t\t\r\n\t\t\t\t\t\t\r\n\t\t\t\t\t\t<\/div>","protected":false},"excerpt":{"rendered":"<p>Los quinientos millones de la Beg\u00fan, Julio Verne. 1879 La operaci\u00f3n del pudelador tiene por objeto efectuar esa metamorfosis. Unos equipos de c\u00edclopes semidesnudos, armados de largos ganchos de hierro, se dedicaban a ella con actividad. Los lingotes de fundici\u00f3n, arrojados a un horno recubierto por una capa de escorias, eran sometidos a una temperatura [&hellip;]<\/p>\n","protected":false},"author":1,"featured_media":0,"parent":3149,"menu_order":0,"comment_status":"closed","ping_status":"closed","template":"templates\/page-interior-expo-permanente.php","meta":{"_acf_changed":false,"footnotes":""},"class_list":["post-3202","page","type-page","status-publish","hentry"],"acf":[],"yoast_head":"<!-- This site is optimized with the Yoast SEO plugin v27.3 - https:\/\/yoast.com\/product\/yoast-seo-wordpress\/ -->\n<title>Los quinientos millones de la Beg\u00fan, Julio Verne. 1879 - Rialia<\/title>\n<meta name=\"robots\" content=\"index, follow, max-snippet:-1, max-image-preview:large, max-video-preview:-1\" \/>\n<link rel=\"canonical\" href=\"https:\/\/rialia.eus\/museo\/exposicion-permanente\/portugalete\/literatura\/los-quinientos-millones-de-la-begun-julio-verne-1879\/\" \/>\n<meta property=\"og:locale\" content=\"eu_ES\" \/>\n<meta property=\"og:type\" content=\"article\" \/>\n<meta property=\"og:title\" content=\"Los quinientos millones de la Beg\u00fan, Julio Verne. 1879 - Rialia\" \/>\n<meta property=\"og:description\" content=\"Los quinientos millones de la Beg\u00fan, Julio Verne. 1879 La operaci\u00f3n del pudelador tiene por objeto efectuar esa metamorfosis. Unos equipos de c\u00edclopes semidesnudos, armados de largos ganchos de hierro, se dedicaban a ella con actividad. Los lingotes de fundici\u00f3n, arrojados a un horno recubierto por una capa de escorias, eran sometidos a una temperatura [&hellip;]\" \/>\n<meta property=\"og:url\" content=\"https:\/\/rialia.eus\/museo\/exposicion-permanente\/portugalete\/literatura\/los-quinientos-millones-de-la-begun-julio-verne-1879\/\" \/>\n<meta property=\"og:site_name\" content=\"Rialia\" \/>\n<meta property=\"og:image\" content=\"https:\/\/rialia.eus\/wp-content\/uploads\/Los-quinientos-millones-de-la-Begun-Julio-Verne_1879-1.jpg\" \/>\n<meta name=\"twitter:card\" content=\"summary_large_image\" \/>\n<script type=\"application\/ld+json\" class=\"yoast-schema-graph\">{\"@context\":\"https:\\\/\\\/schema.org\",\"@graph\":[{\"@type\":\"WebPage\",\"@id\":\"https:\\\/\\\/rialia.eus\\\/museo\\\/exposicion-permanente\\\/portugalete\\\/literatura\\\/los-quinientos-millones-de-la-begun-julio-verne-1879\\\/\",\"url\":\"https:\\\/\\\/rialia.eus\\\/museo\\\/exposicion-permanente\\\/portugalete\\\/literatura\\\/los-quinientos-millones-de-la-begun-julio-verne-1879\\\/\",\"name\":\"Los quinientos millones de la Beg\u00fan, Julio Verne. 1879 - Rialia\",\"isPartOf\":{\"@id\":\"https:\\\/\\\/rialia.eus\\\/#website\"},\"primaryImageOfPage\":{\"@id\":\"https:\\\/\\\/rialia.eus\\\/museo\\\/exposicion-permanente\\\/portugalete\\\/literatura\\\/los-quinientos-millones-de-la-begun-julio-verne-1879\\\/#primaryimage\"},\"image\":{\"@id\":\"https:\\\/\\\/rialia.eus\\\/museo\\\/exposicion-permanente\\\/portugalete\\\/literatura\\\/los-quinientos-millones-de-la-begun-julio-verne-1879\\\/#primaryimage\"},\"thumbnailUrl\":\"https:\\\/\\\/rialia.eus\\\/wp-content\\\/uploads\\\/Los-quinientos-millones-de-la-Begun-Julio-Verne_1879-1.jpg\",\"datePublished\":\"2024-12-04T10:13:43+00:00\",\"breadcrumb\":{\"@id\":\"https:\\\/\\\/rialia.eus\\\/museo\\\/exposicion-permanente\\\/portugalete\\\/literatura\\\/los-quinientos-millones-de-la-begun-julio-verne-1879\\\/#breadcrumb\"},\"inLanguage\":\"eu-ES\",\"potentialAction\":[{\"@type\":\"ReadAction\",\"target\":[\"https:\\\/\\\/rialia.eus\\\/museo\\\/exposicion-permanente\\\/portugalete\\\/literatura\\\/los-quinientos-millones-de-la-begun-julio-verne-1879\\\/\"]}]},{\"@type\":\"ImageObject\",\"inLanguage\":\"eu-ES\",\"@id\":\"https:\\\/\\\/rialia.eus\\\/museo\\\/exposicion-permanente\\\/portugalete\\\/literatura\\\/los-quinientos-millones-de-la-begun-julio-verne-1879\\\/#primaryimage\",\"url\":\"https:\\\/\\\/rialia.eus\\\/wp-content\\\/uploads\\\/Los-quinientos-millones-de-la-Begun-Julio-Verne_1879-1.jpg\",\"contentUrl\":\"https:\\\/\\\/rialia.eus\\\/wp-content\\\/uploads\\\/Los-quinientos-millones-de-la-Begun-Julio-Verne_1879-1.jpg\"},{\"@type\":\"BreadcrumbList\",\"@id\":\"https:\\\/\\\/rialia.eus\\\/museo\\\/exposicion-permanente\\\/portugalete\\\/literatura\\\/los-quinientos-millones-de-la-begun-julio-verne-1879\\\/#breadcrumb\",\"itemListElement\":[{\"@type\":\"ListItem\",\"position\":1,\"name\":\"Portada\",\"item\":\"https:\\\/\\\/rialia.eus\\\/eu\\\/\"},{\"@type\":\"ListItem\",\"position\":2,\"name\":\"Museoa\",\"item\":\"https:\\\/\\\/rialia.eus\\\/eu\\\/museoa\\\/\"},{\"@type\":\"ListItem\",\"position\":3,\"name\":\"Erakusketa iraunkorra\",\"item\":\"https:\\\/\\\/rialia.eus\\\/eu\\\/museoa\\\/erakusketa-iraunkorra\\\/\"},{\"@type\":\"ListItem\",\"position\":4,\"name\":\"Portugalete\",\"item\":\"https:\\\/\\\/rialia.eus\\\/eu\\\/museoa\\\/erakusketa-iraunkorra\\\/portugalete\\\/\"},{\"@type\":\"ListItem\",\"position\":5,\"name\":\"LITERATURA\",\"item\":\"https:\\\/\\\/rialia.eus\\\/museo\\\/exposicion-permanente\\\/portugalete\\\/literatura\\\/\"},{\"@type\":\"ListItem\",\"position\":6,\"name\":\"Los quinientos millones de la Beg\u00fan, Julio Verne. 1879\"}]},{\"@type\":\"WebSite\",\"@id\":\"https:\\\/\\\/rialia.eus\\\/#website\",\"url\":\"https:\\\/\\\/rialia.eus\\\/\",\"name\":\"Rialia\",\"description\":\"Industria Museoa \u2013 Museo de la Industria\",\"potentialAction\":[{\"@type\":\"SearchAction\",\"target\":{\"@type\":\"EntryPoint\",\"urlTemplate\":\"https:\\\/\\\/rialia.eus\\\/?s={search_term_string}\"},\"query-input\":{\"@type\":\"PropertyValueSpecification\",\"valueRequired\":true,\"valueName\":\"search_term_string\"}}],\"inLanguage\":\"eu-ES\"}]}<\/script>\n<!-- \/ Yoast SEO plugin. -->","yoast_head_json":{"title":"Los quinientos millones de la Beg\u00fan, Julio Verne. 1879 - Rialia","robots":{"index":"index","follow":"follow","max-snippet":"max-snippet:-1","max-image-preview":"max-image-preview:large","max-video-preview":"max-video-preview:-1"},"canonical":"https:\/\/rialia.eus\/museo\/exposicion-permanente\/portugalete\/literatura\/los-quinientos-millones-de-la-begun-julio-verne-1879\/","og_locale":"eu_ES","og_type":"article","og_title":"Los quinientos millones de la Beg\u00fan, Julio Verne. 1879 - Rialia","og_description":"Los quinientos millones de la Beg\u00fan, Julio Verne. 1879 La operaci\u00f3n del pudelador tiene por objeto efectuar esa metamorfosis. Unos equipos de c\u00edclopes semidesnudos, armados de largos ganchos de hierro, se dedicaban a ella con actividad. Los lingotes de fundici\u00f3n, arrojados a un horno recubierto por una capa de escorias, eran sometidos a una temperatura [&hellip;]","og_url":"https:\/\/rialia.eus\/museo\/exposicion-permanente\/portugalete\/literatura\/los-quinientos-millones-de-la-begun-julio-verne-1879\/","og_site_name":"Rialia","og_image":[{"url":"https:\/\/rialia.eus\/wp-content\/uploads\/Los-quinientos-millones-de-la-Begun-Julio-Verne_1879-1.jpg","type":"","width":"","height":""}],"twitter_card":"summary_large_image","schema":{"@context":"https:\/\/schema.org","@graph":[{"@type":"WebPage","@id":"https:\/\/rialia.eus\/museo\/exposicion-permanente\/portugalete\/literatura\/los-quinientos-millones-de-la-begun-julio-verne-1879\/","url":"https:\/\/rialia.eus\/museo\/exposicion-permanente\/portugalete\/literatura\/los-quinientos-millones-de-la-begun-julio-verne-1879\/","name":"Los quinientos millones de la Beg\u00fan, Julio Verne. 1879 - Rialia","isPartOf":{"@id":"https:\/\/rialia.eus\/#website"},"primaryImageOfPage":{"@id":"https:\/\/rialia.eus\/museo\/exposicion-permanente\/portugalete\/literatura\/los-quinientos-millones-de-la-begun-julio-verne-1879\/#primaryimage"},"image":{"@id":"https:\/\/rialia.eus\/museo\/exposicion-permanente\/portugalete\/literatura\/los-quinientos-millones-de-la-begun-julio-verne-1879\/#primaryimage"},"thumbnailUrl":"https:\/\/rialia.eus\/wp-content\/uploads\/Los-quinientos-millones-de-la-Begun-Julio-Verne_1879-1.jpg","datePublished":"2024-12-04T10:13:43+00:00","breadcrumb":{"@id":"https:\/\/rialia.eus\/museo\/exposicion-permanente\/portugalete\/literatura\/los-quinientos-millones-de-la-begun-julio-verne-1879\/#breadcrumb"},"inLanguage":"eu-ES","potentialAction":[{"@type":"ReadAction","target":["https:\/\/rialia.eus\/museo\/exposicion-permanente\/portugalete\/literatura\/los-quinientos-millones-de-la-begun-julio-verne-1879\/"]}]},{"@type":"ImageObject","inLanguage":"eu-ES","@id":"https:\/\/rialia.eus\/museo\/exposicion-permanente\/portugalete\/literatura\/los-quinientos-millones-de-la-begun-julio-verne-1879\/#primaryimage","url":"https:\/\/rialia.eus\/wp-content\/uploads\/Los-quinientos-millones-de-la-Begun-Julio-Verne_1879-1.jpg","contentUrl":"https:\/\/rialia.eus\/wp-content\/uploads\/Los-quinientos-millones-de-la-Begun-Julio-Verne_1879-1.jpg"},{"@type":"BreadcrumbList","@id":"https:\/\/rialia.eus\/museo\/exposicion-permanente\/portugalete\/literatura\/los-quinientos-millones-de-la-begun-julio-verne-1879\/#breadcrumb","itemListElement":[{"@type":"ListItem","position":1,"name":"Portada","item":"https:\/\/rialia.eus\/eu\/"},{"@type":"ListItem","position":2,"name":"Museoa","item":"https:\/\/rialia.eus\/eu\/museoa\/"},{"@type":"ListItem","position":3,"name":"Erakusketa iraunkorra","item":"https:\/\/rialia.eus\/eu\/museoa\/erakusketa-iraunkorra\/"},{"@type":"ListItem","position":4,"name":"Portugalete","item":"https:\/\/rialia.eus\/eu\/museoa\/erakusketa-iraunkorra\/portugalete\/"},{"@type":"ListItem","position":5,"name":"LITERATURA","item":"https:\/\/rialia.eus\/museo\/exposicion-permanente\/portugalete\/literatura\/"},{"@type":"ListItem","position":6,"name":"Los quinientos millones de la Beg\u00fan, Julio Verne. 1879"}]},{"@type":"WebSite","@id":"https:\/\/rialia.eus\/#website","url":"https:\/\/rialia.eus\/","name":"Rialia","description":"Industria Museoa \u2013 Museo de la Industria","potentialAction":[{"@type":"SearchAction","target":{"@type":"EntryPoint","urlTemplate":"https:\/\/rialia.eus\/?s={search_term_string}"},"query-input":{"@type":"PropertyValueSpecification","valueRequired":true,"valueName":"search_term_string"}}],"inLanguage":"eu-ES"}]}},"_links":{"self":[{"href":"https:\/\/rialia.eus\/eu\/wp-json\/wp\/v2\/pages\/3202","targetHints":{"allow":["GET"]}}],"collection":[{"href":"https:\/\/rialia.eus\/eu\/wp-json\/wp\/v2\/pages"}],"about":[{"href":"https:\/\/rialia.eus\/eu\/wp-json\/wp\/v2\/types\/page"}],"author":[{"embeddable":true,"href":"https:\/\/rialia.eus\/eu\/wp-json\/wp\/v2\/users\/1"}],"replies":[{"embeddable":true,"href":"https:\/\/rialia.eus\/eu\/wp-json\/wp\/v2\/comments?post=3202"}],"version-history":[{"count":0,"href":"https:\/\/rialia.eus\/eu\/wp-json\/wp\/v2\/pages\/3202\/revisions"}],"up":[{"embeddable":true,"href":"https:\/\/rialia.eus\/eu\/wp-json\/wp\/v2\/pages\/3149"}],"wp:attachment":[{"href":"https:\/\/rialia.eus\/eu\/wp-json\/wp\/v2\/media?parent=3202"}],"curies":[{"name":"wp","href":"https:\/\/api.w.org\/{rel}","templated":true}]}}