 {"id":3169,"date":"2024-12-04T10:44:17","date_gmt":"2024-12-04T09:44:17","guid":{"rendered":"https:\/\/rialia.eus\/erakusketa-iraunkorra\/portugalete\/las-cenizas-del-hierro-ramiro-pinilla-1986\/"},"modified":"2024-12-04T10:44:17","modified_gmt":"2024-12-04T09:44:17","slug":"las-cenizas-del-hierro-ramiro-pinilla-1986","status":"publish","type":"page","link":"https:\/\/rialia.eus\/eu\/museoa\/erakusketa-iraunkorra\/portugalete\/literatura\/las-cenizas-del-hierro-ramiro-pinilla-1986\/","title":{"rendered":"Las cenizas del hierro, Ramiro Pinilla.1986"},"content":{"rendered":"<div class=\"row\">\r\n\t\t\t\t\t\t<div class=\"col-md-3\"><a rel=\"single-photo\" href=\"https:\/\/rialia.eus\/wp-content\/uploads\/Las-cenizas-del-hierro-Ramiro-Pinilla.1986.jpg\"><img width=\"100%\" height=\"auto\" alt=\"\" data-src=\"https:\/\/rialia.eus\/wp-content\/uploads\/Las-cenizas-del-hierro-Ramiro-Pinilla.1986.jpg\" class=\" lazyload\"><\/a>\r\n\r\n\t\t\t\t\t\t\t\r\n\t\t\t\t\t\t\t<\/div>\r\n\t\t\t\t\t\t\r\n\t\t\t\t\t\t<div class=\"col-md-9\">\r\n\t\t\t\t\t\t\t\r\n\t\t\t\t\t\t\t<p><strong>Las cenizas del hierro<\/strong> (<em>Verdes valles, colinas rojas 3<\/em>), Ramiro Pinilla.1986<\/p>\r\n\r\n<p>Por la noche, en la cama, pensando en ello, record\u00e9 que el t\u00edo Roque hab\u00eda trabajado en Altos Hornos en el tiempo de las grandes huelgas, y que se ech\u00f3 una novia en La Arboleda, hija de minero, y que la madre y la hija que tuvieron seguramente nunca pisaron Getxo. Todos conoc\u00edamos esta parte secreta de la vida del t\u00edo Roque, pero s\u00f3lo algunos \u2014yo entre ellos\u2014 la verdadera raz\u00f3n de que don Manuel, en 1916, ya muerta la madre de aquella hija, solicitara la plaza de maestro en La Arboleda. \u00bfPor qu\u00e9 sospech\u00e9 una relaci\u00f3n entre eso y el miedo del t\u00edo a que yo trabajara en la industria, e incluso entre todo eso y la lucha de los anarquistas?<\/p>\r\n\r\n<p>[\u2026]<\/p>\r\n\r\n<p>En 1944, ante la inminente derrota de los fascismos y la urgencia de maquillar su r\u00e9gimen, Franco se sac\u00f3 de la manga la figura del enlace sindical, votado democr\u00e1ticamente por el t\u00e1ndem capital-trabajo. La funci\u00f3n de estos enlaces ser\u00eda la de elevar a los de arriba las reivindicaciones de los de abajo, y negociarlas, pero no eran m\u00e1s que meros recadistas para empresarios y jerarcas del verticalismo. Buscaron un lavado de cara intentando enemigo: un ministro de la Rep\u00fablica durante la Guerra, preso, pudo salvar el pellejo aceptando, pero se neg\u00f3 y fue fusilado; se llamaba Joan Peir\u00f3 y era anarquista. El alrededor identidades hasta entonces sumergidas en una masa trabajadora postrada. Todav\u00eda se fusilaba a diario en las prisiones. Result\u00f3 que, en Altos Hornos, cierto ajustador era, adem\u00e1s, socialista, y cierto hornero, comunista, y cierto fundidor, nacionalista, y cierto laminador, anarquista. Eran mayores que yo y hab\u00edan hecho la Guerra, valores que me achicaban, igual que ante Tob\u00edas. Fueron apareciendo nuevos militantes de partidos, entre ellos nueve anarquistas. Como tantos otros, eran expresos, no hab\u00edan tocado un arma desde el final de la Guerra y me aseguraron que ya no lo har\u00edan, que la lucha hab\u00eda de plantearse de otra manera. Yo, aunque no pertenec\u00eda a ning\u00fan partido ni hab\u00eda hecho la Guerra, era anarquista, y fue un honor que aquellos experimentados luchadores procedentes de otra \u00e9poca me permitieran actuar con ellos codo con codo. No era el \u00fanico: todos los partidos ten\u00edan j\u00f3venes de la nueva generaci\u00f3n. Altos Hornos pas\u00f3 de burdo incubador de lingotes a reguero de m\u00edtines m\u00e1s o menos clandestinos. Yo mismo habl\u00e9 a manojos de caras incr\u00e9dulas y expectantes. No me gust\u00e9, no estuve a la altura. En las dos o tres ocasiones siguientes lo llev\u00e9 escrito para leerlo, pero era una irreverencia el enfriar as\u00ed aquellos mensajes de libertad. Me volqu\u00e9 en la redacci\u00f3n de panfletos con puntos reivindicativos que se acordaban en asambleas cada vez m\u00e1s nutridas.\r\n<\/p>\r\n\t\t\t\t\t\r\n\t\t\t\t\t\t\t\r\n\t\t\t\t\t\t  <\/div>\r\n\t\t\t\t\t\t\r\n\t\t\t\t\t\t\r\n\t\t\t\t\t\t<\/div>","protected":false},"excerpt":{"rendered":"<p>Las cenizas del hierro (Verdes valles, colinas rojas 3), Ramiro Pinilla.1986 Por la noche, en la cama, pensando en ello, record\u00e9 que el t\u00edo Roque hab\u00eda trabajado en Altos Hornos en el tiempo de las grandes huelgas, y que se ech\u00f3 una novia en La Arboleda, hija de minero, y que la madre y la [&hellip;]<\/p>\n","protected":false},"author":1,"featured_media":0,"parent":3149,"menu_order":0,"comment_status":"closed","ping_status":"closed","template":"templates\/page-interior-expo-permanente.php","meta":{"_acf_changed":false,"footnotes":""},"class_list":["post-3169","page","type-page","status-publish","hentry"],"acf":[],"yoast_head":"<!-- This site is optimized with the Yoast SEO plugin v27.3 - https:\/\/yoast.com\/product\/yoast-seo-wordpress\/ -->\n<title>Las cenizas del hierro, Ramiro Pinilla.1986 - Rialia<\/title>\n<meta name=\"robots\" content=\"index, follow, max-snippet:-1, max-image-preview:large, max-video-preview:-1\" \/>\n<link rel=\"canonical\" href=\"https:\/\/rialia.eus\/museo\/exposicion-permanente\/portugalete\/literatura\/las-cenizas-del-hierro-ramiro-pinilla-1986\/\" \/>\n<meta property=\"og:locale\" content=\"eu_ES\" \/>\n<meta property=\"og:type\" content=\"article\" \/>\n<meta property=\"og:title\" content=\"Las cenizas del hierro, Ramiro Pinilla.1986 - Rialia\" \/>\n<meta property=\"og:description\" content=\"Las cenizas del hierro (Verdes valles, colinas rojas 3), Ramiro Pinilla.1986 Por la noche, en la cama, pensando en ello, record\u00e9 que el t\u00edo Roque hab\u00eda trabajado en Altos Hornos en el tiempo de las grandes huelgas, y que se ech\u00f3 una novia en La Arboleda, hija de minero, y que la madre y la [&hellip;]\" \/>\n<meta property=\"og:url\" content=\"https:\/\/rialia.eus\/museo\/exposicion-permanente\/portugalete\/literatura\/las-cenizas-del-hierro-ramiro-pinilla-1986\/\" \/>\n<meta property=\"og:site_name\" content=\"Rialia\" \/>\n<meta property=\"og:image\" content=\"https:\/\/rialia.eus\/wp-content\/uploads\/Las-cenizas-del-hierro-Ramiro-Pinilla.1986.jpg\" \/>\n<meta name=\"twitter:card\" content=\"summary_large_image\" \/>\n<script type=\"application\/ld+json\" class=\"yoast-schema-graph\">{\"@context\":\"https:\\\/\\\/schema.org\",\"@graph\":[{\"@type\":\"WebPage\",\"@id\":\"https:\\\/\\\/rialia.eus\\\/museo\\\/exposicion-permanente\\\/portugalete\\\/literatura\\\/las-cenizas-del-hierro-ramiro-pinilla-1986\\\/\",\"url\":\"https:\\\/\\\/rialia.eus\\\/museo\\\/exposicion-permanente\\\/portugalete\\\/literatura\\\/las-cenizas-del-hierro-ramiro-pinilla-1986\\\/\",\"name\":\"Las cenizas del hierro, Ramiro Pinilla.1986 - Rialia\",\"isPartOf\":{\"@id\":\"https:\\\/\\\/rialia.eus\\\/#website\"},\"primaryImageOfPage\":{\"@id\":\"https:\\\/\\\/rialia.eus\\\/museo\\\/exposicion-permanente\\\/portugalete\\\/literatura\\\/las-cenizas-del-hierro-ramiro-pinilla-1986\\\/#primaryimage\"},\"image\":{\"@id\":\"https:\\\/\\\/rialia.eus\\\/museo\\\/exposicion-permanente\\\/portugalete\\\/literatura\\\/las-cenizas-del-hierro-ramiro-pinilla-1986\\\/#primaryimage\"},\"thumbnailUrl\":\"https:\\\/\\\/rialia.eus\\\/wp-content\\\/uploads\\\/Las-cenizas-del-hierro-Ramiro-Pinilla.1986.jpg\",\"datePublished\":\"2024-12-04T09:44:17+00:00\",\"breadcrumb\":{\"@id\":\"https:\\\/\\\/rialia.eus\\\/museo\\\/exposicion-permanente\\\/portugalete\\\/literatura\\\/las-cenizas-del-hierro-ramiro-pinilla-1986\\\/#breadcrumb\"},\"inLanguage\":\"eu-ES\",\"potentialAction\":[{\"@type\":\"ReadAction\",\"target\":[\"https:\\\/\\\/rialia.eus\\\/museo\\\/exposicion-permanente\\\/portugalete\\\/literatura\\\/las-cenizas-del-hierro-ramiro-pinilla-1986\\\/\"]}]},{\"@type\":\"ImageObject\",\"inLanguage\":\"eu-ES\",\"@id\":\"https:\\\/\\\/rialia.eus\\\/museo\\\/exposicion-permanente\\\/portugalete\\\/literatura\\\/las-cenizas-del-hierro-ramiro-pinilla-1986\\\/#primaryimage\",\"url\":\"https:\\\/\\\/rialia.eus\\\/wp-content\\\/uploads\\\/Las-cenizas-del-hierro-Ramiro-Pinilla.1986.jpg\",\"contentUrl\":\"https:\\\/\\\/rialia.eus\\\/wp-content\\\/uploads\\\/Las-cenizas-del-hierro-Ramiro-Pinilla.1986.jpg\"},{\"@type\":\"BreadcrumbList\",\"@id\":\"https:\\\/\\\/rialia.eus\\\/museo\\\/exposicion-permanente\\\/portugalete\\\/literatura\\\/las-cenizas-del-hierro-ramiro-pinilla-1986\\\/#breadcrumb\",\"itemListElement\":[{\"@type\":\"ListItem\",\"position\":1,\"name\":\"Portada\",\"item\":\"https:\\\/\\\/rialia.eus\\\/eu\\\/\"},{\"@type\":\"ListItem\",\"position\":2,\"name\":\"Museoa\",\"item\":\"https:\\\/\\\/rialia.eus\\\/eu\\\/museoa\\\/\"},{\"@type\":\"ListItem\",\"position\":3,\"name\":\"Erakusketa iraunkorra\",\"item\":\"https:\\\/\\\/rialia.eus\\\/eu\\\/museoa\\\/erakusketa-iraunkorra\\\/\"},{\"@type\":\"ListItem\",\"position\":4,\"name\":\"Portugalete\",\"item\":\"https:\\\/\\\/rialia.eus\\\/eu\\\/museoa\\\/erakusketa-iraunkorra\\\/portugalete\\\/\"},{\"@type\":\"ListItem\",\"position\":5,\"name\":\"LITERATURA\",\"item\":\"https:\\\/\\\/rialia.eus\\\/museo\\\/exposicion-permanente\\\/portugalete\\\/literatura\\\/\"},{\"@type\":\"ListItem\",\"position\":6,\"name\":\"Las cenizas del hierro, Ramiro Pinilla.1986\"}]},{\"@type\":\"WebSite\",\"@id\":\"https:\\\/\\\/rialia.eus\\\/#website\",\"url\":\"https:\\\/\\\/rialia.eus\\\/\",\"name\":\"Rialia\",\"description\":\"Industria Museoa \u2013 Museo de la Industria\",\"potentialAction\":[{\"@type\":\"SearchAction\",\"target\":{\"@type\":\"EntryPoint\",\"urlTemplate\":\"https:\\\/\\\/rialia.eus\\\/?s={search_term_string}\"},\"query-input\":{\"@type\":\"PropertyValueSpecification\",\"valueRequired\":true,\"valueName\":\"search_term_string\"}}],\"inLanguage\":\"eu-ES\"}]}<\/script>\n<!-- \/ Yoast SEO plugin. -->","yoast_head_json":{"title":"Las cenizas del hierro, Ramiro Pinilla.1986 - Rialia","robots":{"index":"index","follow":"follow","max-snippet":"max-snippet:-1","max-image-preview":"max-image-preview:large","max-video-preview":"max-video-preview:-1"},"canonical":"https:\/\/rialia.eus\/museo\/exposicion-permanente\/portugalete\/literatura\/las-cenizas-del-hierro-ramiro-pinilla-1986\/","og_locale":"eu_ES","og_type":"article","og_title":"Las cenizas del hierro, Ramiro Pinilla.1986 - Rialia","og_description":"Las cenizas del hierro (Verdes valles, colinas rojas 3), Ramiro Pinilla.1986 Por la noche, en la cama, pensando en ello, record\u00e9 que el t\u00edo Roque hab\u00eda trabajado en Altos Hornos en el tiempo de las grandes huelgas, y que se ech\u00f3 una novia en La Arboleda, hija de minero, y que la madre y la [&hellip;]","og_url":"https:\/\/rialia.eus\/museo\/exposicion-permanente\/portugalete\/literatura\/las-cenizas-del-hierro-ramiro-pinilla-1986\/","og_site_name":"Rialia","og_image":[{"url":"https:\/\/rialia.eus\/wp-content\/uploads\/Las-cenizas-del-hierro-Ramiro-Pinilla.1986.jpg","type":"","width":"","height":""}],"twitter_card":"summary_large_image","schema":{"@context":"https:\/\/schema.org","@graph":[{"@type":"WebPage","@id":"https:\/\/rialia.eus\/museo\/exposicion-permanente\/portugalete\/literatura\/las-cenizas-del-hierro-ramiro-pinilla-1986\/","url":"https:\/\/rialia.eus\/museo\/exposicion-permanente\/portugalete\/literatura\/las-cenizas-del-hierro-ramiro-pinilla-1986\/","name":"Las cenizas del hierro, Ramiro Pinilla.1986 - Rialia","isPartOf":{"@id":"https:\/\/rialia.eus\/#website"},"primaryImageOfPage":{"@id":"https:\/\/rialia.eus\/museo\/exposicion-permanente\/portugalete\/literatura\/las-cenizas-del-hierro-ramiro-pinilla-1986\/#primaryimage"},"image":{"@id":"https:\/\/rialia.eus\/museo\/exposicion-permanente\/portugalete\/literatura\/las-cenizas-del-hierro-ramiro-pinilla-1986\/#primaryimage"},"thumbnailUrl":"https:\/\/rialia.eus\/wp-content\/uploads\/Las-cenizas-del-hierro-Ramiro-Pinilla.1986.jpg","datePublished":"2024-12-04T09:44:17+00:00","breadcrumb":{"@id":"https:\/\/rialia.eus\/museo\/exposicion-permanente\/portugalete\/literatura\/las-cenizas-del-hierro-ramiro-pinilla-1986\/#breadcrumb"},"inLanguage":"eu-ES","potentialAction":[{"@type":"ReadAction","target":["https:\/\/rialia.eus\/museo\/exposicion-permanente\/portugalete\/literatura\/las-cenizas-del-hierro-ramiro-pinilla-1986\/"]}]},{"@type":"ImageObject","inLanguage":"eu-ES","@id":"https:\/\/rialia.eus\/museo\/exposicion-permanente\/portugalete\/literatura\/las-cenizas-del-hierro-ramiro-pinilla-1986\/#primaryimage","url":"https:\/\/rialia.eus\/wp-content\/uploads\/Las-cenizas-del-hierro-Ramiro-Pinilla.1986.jpg","contentUrl":"https:\/\/rialia.eus\/wp-content\/uploads\/Las-cenizas-del-hierro-Ramiro-Pinilla.1986.jpg"},{"@type":"BreadcrumbList","@id":"https:\/\/rialia.eus\/museo\/exposicion-permanente\/portugalete\/literatura\/las-cenizas-del-hierro-ramiro-pinilla-1986\/#breadcrumb","itemListElement":[{"@type":"ListItem","position":1,"name":"Portada","item":"https:\/\/rialia.eus\/eu\/"},{"@type":"ListItem","position":2,"name":"Museoa","item":"https:\/\/rialia.eus\/eu\/museoa\/"},{"@type":"ListItem","position":3,"name":"Erakusketa iraunkorra","item":"https:\/\/rialia.eus\/eu\/museoa\/erakusketa-iraunkorra\/"},{"@type":"ListItem","position":4,"name":"Portugalete","item":"https:\/\/rialia.eus\/eu\/museoa\/erakusketa-iraunkorra\/portugalete\/"},{"@type":"ListItem","position":5,"name":"LITERATURA","item":"https:\/\/rialia.eus\/museo\/exposicion-permanente\/portugalete\/literatura\/"},{"@type":"ListItem","position":6,"name":"Las cenizas del hierro, Ramiro Pinilla.1986"}]},{"@type":"WebSite","@id":"https:\/\/rialia.eus\/#website","url":"https:\/\/rialia.eus\/","name":"Rialia","description":"Industria Museoa \u2013 Museo de la Industria","potentialAction":[{"@type":"SearchAction","target":{"@type":"EntryPoint","urlTemplate":"https:\/\/rialia.eus\/?s={search_term_string}"},"query-input":{"@type":"PropertyValueSpecification","valueRequired":true,"valueName":"search_term_string"}}],"inLanguage":"eu-ES"}]}},"_links":{"self":[{"href":"https:\/\/rialia.eus\/eu\/wp-json\/wp\/v2\/pages\/3169","targetHints":{"allow":["GET"]}}],"collection":[{"href":"https:\/\/rialia.eus\/eu\/wp-json\/wp\/v2\/pages"}],"about":[{"href":"https:\/\/rialia.eus\/eu\/wp-json\/wp\/v2\/types\/page"}],"author":[{"embeddable":true,"href":"https:\/\/rialia.eus\/eu\/wp-json\/wp\/v2\/users\/1"}],"replies":[{"embeddable":true,"href":"https:\/\/rialia.eus\/eu\/wp-json\/wp\/v2\/comments?post=3169"}],"version-history":[{"count":0,"href":"https:\/\/rialia.eus\/eu\/wp-json\/wp\/v2\/pages\/3169\/revisions"}],"up":[{"embeddable":true,"href":"https:\/\/rialia.eus\/eu\/wp-json\/wp\/v2\/pages\/3149"}],"wp:attachment":[{"href":"https:\/\/rialia.eus\/eu\/wp-json\/wp\/v2\/media?parent=3169"}],"curies":[{"name":"wp","href":"https:\/\/api.w.org\/{rel}","templated":true}]}}