 {"id":3149,"date":"2024-12-12T09:45:06","date_gmt":"2024-12-12T08:45:06","guid":{"rendered":"https:\/\/rialia.eus\/erakusketa-iraunkorra\/portugalete\/literatura\/"},"modified":"2025-01-28T17:54:29","modified_gmt":"2025-01-28T16:54:29","slug":"literatura","status":"publish","type":"page","link":"https:\/\/rialia.eus\/eu\/museoa\/erakusketa-iraunkorra\/portugalete\/literatura\/","title":{"rendered":"LITERATURA"},"content":{"rendered":"<div class=\"row listado-exposicion\">\r\n\t\t\r\n\t\t<div class=\"col-md-4\">\r\n\t\t<div class=\"card\">\r\n        <div class=\"card-actions\">\r\n        <a class=\"card-image\" href=\"https:\/\/rialia.eus\/eu\/museoa\/erakusketa-iraunkorra\/portugalete\/literatura\/printzak-begietan-iratxe-ormatza-imatz-2023\/\" title=\"M\u00e1s info\"><img width=\"100%\" height=\"auto\" alt=\"\" data-src=\"https:\/\/rialia.eus\/wp-content\/uploads\/1.jpg\" class=\" lazyload\"><\/a>\r\n        <\/div>\r\n        <div class=\"card-body\">\r\n\t\t<h3>Printzak Begietan, Iratxe Ormatza Imatz. 2023<\/h3>\r\n\t     <\/div>\r\n        <\/div>\r\n\t\t<\/div>\t\r\n\t\t<div class=\"col-md-4\">\r\n\t\t<div class=\"card\">\r\n        <div class=\"card-actions\">\r\n        <a class=\"card-image\" href=\"https:\/\/rialia.eus\/eu\/museoa\/erakusketa-iraunkorra\/portugalete\/literatura\/margen-izquierda-de-la-ria-blas-de-otero-1963\/\" title=\"M\u00e1s info\"><img width=\"100%\" height=\"auto\" alt=\"\" data-src=\"https:\/\/rialia.eus\/wp-content\/uploads\/2.jpg\" class=\" lazyload\"><\/a>\r\n        <\/div>\r\n        <div class=\"card-body\">\r\n\t\t<h3>Margen izquierda de la r\u00eda, Blas de Otero. 1963<\/h3>\r\n\t     <\/div>\r\n        <\/div>\r\n\t\t<\/div>\r\n\t\t<div class=\"col-md-4\">\r\n\t\t<div class=\"card\">\r\n        <div class=\"card-actions\">\r\n        <a class=\"card-image\" href=\"https:\/\/rialia.eus\/eu\/museoa\/erakusketa-iraunkorra\/portugalete\/literatura\/angela-figuera\/\" title=\"M\u00e1s info\"><img width=\"100%\" height=\"auto\" alt=\"\" data-src=\"https:\/\/rialia.eus\/wp-content\/uploads\/3.jpg\" class=\" lazyload\"><\/a>\r\n        <\/div>\r\n        <div class=\"card-body\">\r\n\t\t<h3>\u00c1ngela Figuera<\/h3>\r\n\t     <\/div>\r\n        <\/div>\r\n\t\t\t\r\n\t\t<\/div>\r\n<div class=\"col-md-4\">\r\n\t\t<div class=\"card\">\r\n        <div class=\"card-actions\">\r\n        <a class=\"card-image\" href=\"https:\/\/rialia.eus\/eu\/museoa\/erakusketa-iraunkorra\/portugalete\/literatura\/las-cenizas-del-hierro-ramiro-pinilla-1986\/\" title=\"M\u00e1s info\"><img width=\"100%\" height=\"auto\" alt=\"\" data-src=\"https:\/\/rialia.eus\/wp-content\/uploads\/4.jpg\" class=\" lazyload\"><\/a>\r\n        <\/div>\r\n        <div class=\"card-body\">\r\n\t\t<h3>Las cenizas del hierro, Ramiro Pinilla.1986<\/h3>\r\n\t     <\/div>\r\n        <\/div>\r\n\t\t<\/div>\t\r\n\t\t<div class=\"col-md-4\">\r\n\t\t<div class=\"card\">\r\n        <div class=\"card-actions\">\r\n        <a class=\"card-image\" href=\"https:\/\/rialia.eus\/eu\/museoa\/erakusketa-iraunkorra\/portugalete\/literatura\/julian-zugazagoitia\/\" title=\"M\u00e1s info\"><img width=\"100%\" height=\"auto\" alt=\"\" data-src=\"https:\/\/rialia.eus\/wp-content\/uploads\/5.jpg\" class=\" lazyload\"><\/a>\r\n        <\/div>\r\n        <div class=\"card-body\">\r\n\t\t<h3>Juli\u00e1n Zugazagoitia<\/h3>\r\n\t     <\/div>\r\n        <\/div>\r\n\t\t<\/div>\r\n\t\t<div class=\"col-md-4\">\r\n\t\t<div class=\"card\">\r\n        <div class=\"card-actions\">\r\n        <a class=\"card-image\" href=\"https:\/\/rialia.eus\/eu\/museoa\/erakusketa-iraunkorra\/portugalete\/literatura\/juan-antonio-zunzunegui\/\" title=\"M\u00e1s info\"><img width=\"100%\" height=\"auto\" alt=\"\" data-src=\"https:\/\/rialia.eus\/wp-content\/uploads\/6.jpg\" class=\" lazyload\"><\/a>\r\n        <\/div>\r\n        <div class=\"card-body\">\r\n\t\t<h3>Juan Antonio Zunzunegui<\/h3>\r\n\t     <\/div>\r\n        <\/div>\r\n\t\t\t\r\n\t\t<\/div>\r\n<div class=\"col-md-4\">\r\n\t\t<div class=\"card\">\r\n        <div class=\"card-actions\">\r\n        <a class=\"card-image\" href=\"https:\/\/rialia.eus\/eu\/museoa\/erakusketa-iraunkorra\/portugalete\/literatura\/denbora-kapsula-batean-paloma-rodriguez-minambres-2019\/\" title=\"M\u00e1s info\"><img width=\"100%\" height=\"auto\" alt=\"\" data-src=\"https:\/\/rialia.eus\/wp-content\/uploads\/7.jpg\" class=\" lazyload\"><\/a>\r\n        <\/div>\r\n        <div class=\"card-body\">\r\n\t\t<h3>Denbora kapsula batean, Paloma Rodriguez-Mi\u00f1ambres. 2019<\/h3>\r\n\t     <\/div>\r\n        <\/div>\r\n\t\t<\/div>\t\r\n\t\t<div class=\"col-md-4\">\r\n\t\t<div class=\"card\">\r\n        <div class=\"card-actions\">\r\n        <a class=\"card-image\" href=\"https:\/\/rialia.eus\/eu\/museoa\/erakusketa-iraunkorra\/portugalete\/literatura\/ibar-ezkerra-omar-nabarro-1984\/\" title=\"M\u00e1s info\"><img width=\"100%\" height=\"auto\" alt=\"\" data-src=\"https:\/\/rialia.eus\/wp-content\/uploads\/8.jpg\" class=\" lazyload\"><\/a>\r\n        <\/div>\r\n        <div class=\"card-body\">\r\n\t\t<h3>Ibar Ezkerra, Omar Nabarro, 1984<\/h3>\r\n\t     <\/div>\r\n        <\/div>\r\n\t\t<\/div>\r\n\t\t<div class=\"col-md-4\">\r\n\t\t<div class=\"card\">\r\n        <div class=\"card-actions\">\r\n        <a class=\"card-image\" href=\"https:\/\/rialia.eus\/eu\/museoa\/erakusketa-iraunkorra\/portugalete\/literatura\/hiria-eraikitzean-luigi-anselmi-1988\/\" title=\"M\u00e1s info\"><img width=\"100%\" height=\"auto\" alt=\"\" data-src=\"https:\/\/rialia.eus\/wp-content\/uploads\/9.jpg\" class=\" lazyload\"><\/a>\r\n        <\/div>\r\n        <div class=\"card-body\">\r\n\t\t<h3>Hiria eraikitzean, Luigi Anselmi. 1988<\/h3>\r\n\t     <\/div>\r\n        <\/div>\r\n\t\t\t\r\n\t\t<\/div>\r\n<div class=\"col-md-4\">\r\n\t\t<div class=\"card\">\r\n        <div class=\"card-actions\">\r\n        <a class=\"card-image\" href=\"https:\/\/rialia.eus\/eu\/museoa\/erakusketa-iraunkorra\/portugalete\/literatura\/gabriel-aresti\/\" title=\"M\u00e1s info\"><img width=\"100%\" height=\"auto\" alt=\"\" data-src=\"https:\/\/rialia.eus\/wp-content\/uploads\/10.jpg\" class=\" lazyload\"><\/a>\r\n        <\/div>\r\n        <div class=\"card-body\">\r\n\t\t<h3>Gabriel Aresti<\/h3>\r\n\t     <\/div>\r\n        <\/div>\r\n\t\t<\/div>\t\r\n\t\t<div class=\"col-md-4\">\r\n\t\t<div class=\"card\">\r\n        <div class=\"card-actions\">\r\n        <a class=\"card-image\" href=\"https:\/\/rialia.eus\/eu\/museoa\/erakusketa-iraunkorra\/portugalete\/literatura\/peru-abarka-juan-antonio-moguel-urquiza-1802\/\" title=\"M\u00e1s info\"><img width=\"100%\" height=\"auto\" alt=\"\" data-src=\"https:\/\/rialia.eus\/wp-content\/uploads\/11.jpg\" class=\" lazyload\"><\/a>\r\n        <\/div>\r\n        <div class=\"card-body\">\r\n\t\t<h3>Peru Abarka, Juan Antonio Moguel Urquiza. 1802<\/h3>\r\n\t     <\/div>\r\n        <\/div>\r\n\t\t<\/div>\r\n\t\t<div class=\"col-md-4\">\r\n\t\t<div class=\"card\">\r\n        <div class=\"card-actions\">\r\n        <a class=\"card-image\" href=\"https:\/\/rialia.eus\/eu\/museoa\/erakusketa-iraunkorra\/portugalete\/literatura\/los-quinientos-millones-de-la-begun-julio-verne-1879\/\" title=\"M\u00e1s info\"><img width=\"100%\" height=\"auto\" alt=\"\" data-src=\"https:\/\/rialia.eus\/wp-content\/uploads\/12.jpg\" class=\" lazyload\"><\/a>\r\n        <\/div>\r\n        <div class=\"card-body\">\r\n\t\t<h3>Los quinientos millones de la Beg\u00fan, Julio Verne. 1879<\/h3>\r\n\t     <\/div>\r\n        <\/div>\r\n\t\t\t\r\n\t\t<\/div>\r\n<div class=\"col-md-4\">\r\n\t\t<div class=\"card\">\r\n        <div class=\"card-actions\">\r\n        <a class=\"card-image\" href=\"https:\/\/rialia.eus\/eu\/museoa\/erakusketa-iraunkorra\/portugalete\/literatura\/el-intruso-vicente-blasco-ibanez-1904\/\" title=\"M\u00e1s info\"><img width=\"100%\" height=\"auto\" alt=\"\" data-src=\"https:\/\/rialia.eus\/wp-content\/uploads\/literatura.jpg\" class=\" lazyload\"><\/a>\r\n        <\/div>\r\n        <div class=\"card-body\">\r\n\t\t<h3>El intruso, Vicente Blasco Ib\u00e1\u00f1ez. 1904<\/h3>\r\n\t     <\/div>\r\n        <\/div>\r\n\t\t<\/div>\t\r\n\t\t<div class=\"col-md-4\">\r\n\t\t<div class=\"card\">\r\n        <div class=\"card-actions\">\r\n        <a class=\"card-image\" href=\"https:\/\/rialia.eus\/eu\/museoa\/erakusketa-iraunkorra\/portugalete\/paz-en-la-guerra-miguel-de-unamuno-1897\/\" title=\"M\u00e1s info\"><img width=\"100%\" height=\"auto\" alt=\"\" data-src=\"https:\/\/rialia.eus\/wp-content\/uploads\/13.jpg\" class=\" lazyload\"><\/a>\r\n        <\/div>\r\n        <div class=\"card-body\">\r\n\t\t<h3>Paz en la guerra, Miguel de Unamuno. 1897<\/h3>\r\n\t     <\/div>\r\n        <\/div>\r\n\t\t<\/div>\r\n\t\t<div class=\"col-md-4\">\r\n\t\t<div class=\"card\">\r\n        <div class=\"card-actions\">\r\n        <a class=\"card-image\" href=\"https:\/\/rialia.eus\/eu\/museoa\/erakusketa-iraunkorra\/portugalete\/literatura\/mary-lavelle-kate-obrien-1936\/\" title=\"M\u00e1s info\"><img width=\"100%\" height=\"auto\" alt=\"\" data-src=\"https:\/\/rialia.eus\/wp-content\/uploads\/14.jpg\" class=\" lazyload\"><\/a>\r\n        <\/div>\r\n        <div class=\"card-body\">\r\n\t\t<h3>Mary Lavelle, Kate O\u2019Brien. 1936<\/h3>\r\n\t     <\/div>\r\n        <\/div>\r\n\t\t\t\r\n\t\t<\/div>\r\n<div class=\"col-md-4\">\r\n\t\t<div class=\"card\">\r\n        <div class=\"card-actions\">\r\n        <a class=\"card-image\" href=\"https:\/\/rialia.eus\/eu\/museoa\/erakusketa-iraunkorra\/portugalete\/literatura\/el-unico-camino-dolores-ibarruri-1979\/\" title=\"M\u00e1s info\"><img width=\"100%\" height=\"auto\" alt=\"\" data-src=\"https:\/\/rialia.eus\/wp-content\/uploads\/15.jpg\" class=\" lazyload\"><\/a>\r\n        <\/div>\r\n        <div class=\"card-body\">\r\n\t\t<h3>El \u00fanico camino, Dolores Ibarruri, 1979<\/h3>\r\n\t     <\/div>\r\n        <\/div>\r\n\t\t<\/div>\t\r\n\t\t<div class=\"col-md-4\">\r\n\t\t<div class=\"card\">\r\n        <div class=\"card-actions\">\r\n        <a class=\"card-image\" href=\"https:\/\/rialia.eus\/eu\/museoa\/erakusketa-iraunkorra\/portugalete\/literatura\/montes-de-hierro-luis-de-castresana-1982\/\" title=\"M\u00e1s info\"><img width=\"100%\" height=\"auto\" alt=\"\" data-src=\"https:\/\/rialia.eus\/wp-content\/uploads\/16.jpg\" class=\" lazyload\"><\/a>\r\n        <\/div>\r\n        <div class=\"card-body\">\r\n\t\t<h3>Montes de Hierro, Luis de Castresana. 1982<\/h3>\r\n\t     <\/div>\r\n        <\/div>\r\n\t\t<\/div>\r\n\t\t<div class=\"col-md-4\">\r\n\t\t<div class=\"card\">\r\n        <div class=\"card-actions\">\r\n        <a class=\"card-image\" href=\"https:\/\/rialia.eus\/eu\/museoa\/erakusketa-iraunkorra\/portugalete\/literatura\/ugerra-eta-kedarra-sonia-gonzalez-2003\/\" title=\"M\u00e1s info\"><img width=\"100%\" height=\"auto\" alt=\"\" data-src=\"https:\/\/rialia.eus\/wp-content\/uploads\/17.jpg\" class=\" lazyload\"><\/a>\r\n        <\/div>\r\n        <div class=\"card-body\">\r\n\t\t<h3>Ugerra eta kedarra, Sonia Gonzalez. 2003<\/h3>\r\n\t     <\/div>\r\n        <\/div>\r\n\t\t\t\r\n\t\t<\/div>\r\n<div class=\"col-md-4\">\r\n\t\t<div class=\"card\">\r\n        <div class=\"card-actions\">\r\n        <a class=\"card-image\" href=\"https:\/\/rialia.eus\/eu\/museoa\/erakusketa-iraunkorra\/portugalete\/literatura\/betaurrekoei-esker-laura-mintegi-lakarra-1983\/\" title=\"M\u00e1s info\"><img width=\"100%\" height=\"auto\" alt=\"\" data-src=\"https:\/\/rialia.eus\/wp-content\/uploads\/18.jpg\" class=\" lazyload\"><\/a>\r\n        <\/div>\r\n        <div class=\"card-body\">\r\n\t\t<h3>Betaurrekoei esker, Laura Mintegi Lakarra.1983<\/h3>\r\n\t     <\/div>\r\n        <\/div>\r\n\t\t<\/div>\t\r\n\t\t<div class=\"col-md-4\">\r\n\t\t<div class=\"card\">\r\n        <div class=\"card-actions\">\r\n        <a class=\"card-image\" href=\"https:\/\/rialia.eus\/eu\/museoa\/erakusketa-iraunkorra\/portugalete\/literatura\/maite-zaitut-ez-kirmen-uribe-2003\/\" title=\"M\u00e1s info\"><img width=\"100%\" height=\"auto\" alt=\"\" data-src=\"https:\/\/rialia.eus\/wp-content\/uploads\/19.jpg\" class=\" lazyload\"><\/a>\r\n        <\/div>\r\n        <div class=\"card-body\">\r\n\t\t<h3>Maite Zaitut, Ez, Kirmen Uribe. 2003<\/h3>\r\n\t     <\/div>\r\n        <\/div>\r\n\t\t<\/div>\r\n\t\t\r\n\r\n\r\n<\/div>\r\n","protected":false},"excerpt":{"rendered":"<p>Printzak Begietan, Iratxe Ormatza Imatz. 2023 Margen izquierda de la r\u00eda, Blas de Otero. 1963 \u00c1ngela Figuera Las cenizas del hierro, Ramiro Pinilla.1986 Juli\u00e1n Zugazagoitia Juan Antonio Zunzunegui Denbora kapsula batean, Paloma Rodriguez-Mi\u00f1ambres. 2019 Ibar Ezkerra, Omar Nabarro, 1984 Hiria eraikitzean, Luigi Anselmi. 1988 Gabriel Aresti Peru Abarka, Juan Antonio Moguel Urquiza. 1802 Los quinientos [&hellip;]<\/p>\n","protected":false},"author":1,"featured_media":0,"parent":2942,"menu_order":0,"comment_status":"closed","ping_status":"closed","template":"templates\/page-interior-expo-permanente.php","meta":{"_acf_changed":false,"footnotes":""},"class_list":["post-3149","page","type-page","status-publish","hentry"],"acf":[],"yoast_head":"<!-- This site is optimized with the Yoast SEO plugin v27.3 - https:\/\/yoast.com\/product\/yoast-seo-wordpress\/ -->\n<title>LITERATURA - Rialia<\/title>\n<meta name=\"robots\" content=\"index, follow, max-snippet:-1, max-image-preview:large, max-video-preview:-1\" \/>\n<link rel=\"canonical\" href=\"https:\/\/rialia.eus\/museo\/exposicion-permanente\/portugalete\/literatura\/\" \/>\n<meta property=\"og:locale\" content=\"eu_ES\" \/>\n<meta property=\"og:type\" content=\"article\" \/>\n<meta property=\"og:title\" content=\"LITERATURA - Rialia\" \/>\n<meta property=\"og:description\" content=\"Printzak Begietan, Iratxe Ormatza Imatz. 2023 Margen izquierda de la r\u00eda, Blas de Otero. 1963 \u00c1ngela Figuera Las cenizas del hierro, Ramiro Pinilla.1986 Juli\u00e1n Zugazagoitia Juan Antonio Zunzunegui Denbora kapsula batean, Paloma Rodriguez-Mi\u00f1ambres. 2019 Ibar Ezkerra, Omar Nabarro, 1984 Hiria eraikitzean, Luigi Anselmi. 1988 Gabriel Aresti Peru Abarka, Juan Antonio Moguel Urquiza. 1802 Los quinientos [&hellip;]\" \/>\n<meta property=\"og:url\" content=\"https:\/\/rialia.eus\/museo\/exposicion-permanente\/portugalete\/literatura\/\" \/>\n<meta property=\"og:site_name\" content=\"Rialia\" \/>\n<meta property=\"article:modified_time\" content=\"2025-01-28T16:54:29+00:00\" \/>\n<meta property=\"og:image\" content=\"https:\/\/rialia.eus\/wp-content\/uploads\/1.jpg\" \/>\n<meta name=\"twitter:card\" content=\"summary_large_image\" \/>\n<meta name=\"twitter:label1\" content=\"Est. reading time\" \/>\n\t<meta name=\"twitter:data1\" content=\"5 minutes\" \/>\n<script type=\"application\/ld+json\" class=\"yoast-schema-graph\">{\"@context\":\"https:\\\/\\\/schema.org\",\"@graph\":[{\"@type\":\"WebPage\",\"@id\":\"https:\\\/\\\/rialia.eus\\\/museo\\\/exposicion-permanente\\\/portugalete\\\/literatura\\\/\",\"url\":\"https:\\\/\\\/rialia.eus\\\/museo\\\/exposicion-permanente\\\/portugalete\\\/literatura\\\/\",\"name\":\"LITERATURA - Rialia\",\"isPartOf\":{\"@id\":\"https:\\\/\\\/rialia.eus\\\/#website\"},\"primaryImageOfPage\":{\"@id\":\"https:\\\/\\\/rialia.eus\\\/museo\\\/exposicion-permanente\\\/portugalete\\\/literatura\\\/#primaryimage\"},\"image\":{\"@id\":\"https:\\\/\\\/rialia.eus\\\/museo\\\/exposicion-permanente\\\/portugalete\\\/literatura\\\/#primaryimage\"},\"thumbnailUrl\":\"https:\\\/\\\/rialia.eus\\\/wp-content\\\/uploads\\\/1.jpg\",\"datePublished\":\"2024-12-12T08:45:06+00:00\",\"dateModified\":\"2025-01-28T16:54:29+00:00\",\"breadcrumb\":{\"@id\":\"https:\\\/\\\/rialia.eus\\\/museo\\\/exposicion-permanente\\\/portugalete\\\/literatura\\\/#breadcrumb\"},\"inLanguage\":\"eu-ES\",\"potentialAction\":[{\"@type\":\"ReadAction\",\"target\":[\"https:\\\/\\\/rialia.eus\\\/museo\\\/exposicion-permanente\\\/portugalete\\\/literatura\\\/\"]}]},{\"@type\":\"ImageObject\",\"inLanguage\":\"eu-ES\",\"@id\":\"https:\\\/\\\/rialia.eus\\\/museo\\\/exposicion-permanente\\\/portugalete\\\/literatura\\\/#primaryimage\",\"url\":\"https:\\\/\\\/rialia.eus\\\/wp-content\\\/uploads\\\/1.jpg\",\"contentUrl\":\"https:\\\/\\\/rialia.eus\\\/wp-content\\\/uploads\\\/1.jpg\"},{\"@type\":\"BreadcrumbList\",\"@id\":\"https:\\\/\\\/rialia.eus\\\/museo\\\/exposicion-permanente\\\/portugalete\\\/literatura\\\/#breadcrumb\",\"itemListElement\":[{\"@type\":\"ListItem\",\"position\":1,\"name\":\"Portada\",\"item\":\"https:\\\/\\\/rialia.eus\\\/eu\\\/\"},{\"@type\":\"ListItem\",\"position\":2,\"name\":\"Museoa\",\"item\":\"https:\\\/\\\/rialia.eus\\\/eu\\\/museoa\\\/\"},{\"@type\":\"ListItem\",\"position\":3,\"name\":\"Erakusketa iraunkorra\",\"item\":\"https:\\\/\\\/rialia.eus\\\/eu\\\/museoa\\\/erakusketa-iraunkorra\\\/\"},{\"@type\":\"ListItem\",\"position\":4,\"name\":\"Portugalete\",\"item\":\"https:\\\/\\\/rialia.eus\\\/eu\\\/museoa\\\/erakusketa-iraunkorra\\\/portugalete\\\/\"},{\"@type\":\"ListItem\",\"position\":5,\"name\":\"LITERATURA\"}]},{\"@type\":\"WebSite\",\"@id\":\"https:\\\/\\\/rialia.eus\\\/#website\",\"url\":\"https:\\\/\\\/rialia.eus\\\/\",\"name\":\"Rialia\",\"description\":\"Industria Museoa \u2013 Museo de la Industria\",\"potentialAction\":[{\"@type\":\"SearchAction\",\"target\":{\"@type\":\"EntryPoint\",\"urlTemplate\":\"https:\\\/\\\/rialia.eus\\\/?s={search_term_string}\"},\"query-input\":{\"@type\":\"PropertyValueSpecification\",\"valueRequired\":true,\"valueName\":\"search_term_string\"}}],\"inLanguage\":\"eu-ES\"}]}<\/script>\n<!-- \/ Yoast SEO plugin. -->","yoast_head_json":{"title":"LITERATURA - Rialia","robots":{"index":"index","follow":"follow","max-snippet":"max-snippet:-1","max-image-preview":"max-image-preview:large","max-video-preview":"max-video-preview:-1"},"canonical":"https:\/\/rialia.eus\/museo\/exposicion-permanente\/portugalete\/literatura\/","og_locale":"eu_ES","og_type":"article","og_title":"LITERATURA - Rialia","og_description":"Printzak Begietan, Iratxe Ormatza Imatz. 2023 Margen izquierda de la r\u00eda, Blas de Otero. 1963 \u00c1ngela Figuera Las cenizas del hierro, Ramiro Pinilla.1986 Juli\u00e1n Zugazagoitia Juan Antonio Zunzunegui Denbora kapsula batean, Paloma Rodriguez-Mi\u00f1ambres. 2019 Ibar Ezkerra, Omar Nabarro, 1984 Hiria eraikitzean, Luigi Anselmi. 1988 Gabriel Aresti Peru Abarka, Juan Antonio Moguel Urquiza. 1802 Los quinientos [&hellip;]","og_url":"https:\/\/rialia.eus\/museo\/exposicion-permanente\/portugalete\/literatura\/","og_site_name":"Rialia","article_modified_time":"2025-01-28T16:54:29+00:00","og_image":[{"url":"https:\/\/rialia.eus\/wp-content\/uploads\/1.jpg","type":"","width":"","height":""}],"twitter_card":"summary_large_image","twitter_misc":{"Est. reading time":"5 minutes"},"schema":{"@context":"https:\/\/schema.org","@graph":[{"@type":"WebPage","@id":"https:\/\/rialia.eus\/museo\/exposicion-permanente\/portugalete\/literatura\/","url":"https:\/\/rialia.eus\/museo\/exposicion-permanente\/portugalete\/literatura\/","name":"LITERATURA - Rialia","isPartOf":{"@id":"https:\/\/rialia.eus\/#website"},"primaryImageOfPage":{"@id":"https:\/\/rialia.eus\/museo\/exposicion-permanente\/portugalete\/literatura\/#primaryimage"},"image":{"@id":"https:\/\/rialia.eus\/museo\/exposicion-permanente\/portugalete\/literatura\/#primaryimage"},"thumbnailUrl":"https:\/\/rialia.eus\/wp-content\/uploads\/1.jpg","datePublished":"2024-12-12T08:45:06+00:00","dateModified":"2025-01-28T16:54:29+00:00","breadcrumb":{"@id":"https:\/\/rialia.eus\/museo\/exposicion-permanente\/portugalete\/literatura\/#breadcrumb"},"inLanguage":"eu-ES","potentialAction":[{"@type":"ReadAction","target":["https:\/\/rialia.eus\/museo\/exposicion-permanente\/portugalete\/literatura\/"]}]},{"@type":"ImageObject","inLanguage":"eu-ES","@id":"https:\/\/rialia.eus\/museo\/exposicion-permanente\/portugalete\/literatura\/#primaryimage","url":"https:\/\/rialia.eus\/wp-content\/uploads\/1.jpg","contentUrl":"https:\/\/rialia.eus\/wp-content\/uploads\/1.jpg"},{"@type":"BreadcrumbList","@id":"https:\/\/rialia.eus\/museo\/exposicion-permanente\/portugalete\/literatura\/#breadcrumb","itemListElement":[{"@type":"ListItem","position":1,"name":"Portada","item":"https:\/\/rialia.eus\/eu\/"},{"@type":"ListItem","position":2,"name":"Museoa","item":"https:\/\/rialia.eus\/eu\/museoa\/"},{"@type":"ListItem","position":3,"name":"Erakusketa iraunkorra","item":"https:\/\/rialia.eus\/eu\/museoa\/erakusketa-iraunkorra\/"},{"@type":"ListItem","position":4,"name":"Portugalete","item":"https:\/\/rialia.eus\/eu\/museoa\/erakusketa-iraunkorra\/portugalete\/"},{"@type":"ListItem","position":5,"name":"LITERATURA"}]},{"@type":"WebSite","@id":"https:\/\/rialia.eus\/#website","url":"https:\/\/rialia.eus\/","name":"Rialia","description":"Industria Museoa \u2013 Museo de la Industria","potentialAction":[{"@type":"SearchAction","target":{"@type":"EntryPoint","urlTemplate":"https:\/\/rialia.eus\/?s={search_term_string}"},"query-input":{"@type":"PropertyValueSpecification","valueRequired":true,"valueName":"search_term_string"}}],"inLanguage":"eu-ES"}]}},"_links":{"self":[{"href":"https:\/\/rialia.eus\/eu\/wp-json\/wp\/v2\/pages\/3149","targetHints":{"allow":["GET"]}}],"collection":[{"href":"https:\/\/rialia.eus\/eu\/wp-json\/wp\/v2\/pages"}],"about":[{"href":"https:\/\/rialia.eus\/eu\/wp-json\/wp\/v2\/types\/page"}],"author":[{"embeddable":true,"href":"https:\/\/rialia.eus\/eu\/wp-json\/wp\/v2\/users\/1"}],"replies":[{"embeddable":true,"href":"https:\/\/rialia.eus\/eu\/wp-json\/wp\/v2\/comments?post=3149"}],"version-history":[{"count":5,"href":"https:\/\/rialia.eus\/eu\/wp-json\/wp\/v2\/pages\/3149\/revisions"}],"predecessor-version":[{"id":4895,"href":"https:\/\/rialia.eus\/eu\/wp-json\/wp\/v2\/pages\/3149\/revisions\/4895"}],"up":[{"embeddable":true,"href":"https:\/\/rialia.eus\/eu\/wp-json\/wp\/v2\/pages\/2942"}],"wp:attachment":[{"href":"https:\/\/rialia.eus\/eu\/wp-json\/wp\/v2\/media?parent=3149"}],"curies":[{"name":"wp","href":"https:\/\/api.w.org\/{rel}","templated":true}]}}