 {"id":3132,"date":"2024-12-10T11:10:46","date_gmt":"2024-12-10T10:10:46","guid":{"rendered":"https:\/\/rialia.eus\/erakusketa-iraunkorra\/portugalete\/las-vulpess-anarkia-en-tv\/"},"modified":"2024-12-18T14:01:23","modified_gmt":"2024-12-18T13:01:23","slug":"las-vulpess-anarkia-en-tv","status":"publish","type":"page","link":"https:\/\/rialia.eus\/eu\/museoa\/erakusketa-iraunkorra\/portugalete\/banden-trena\/las-vulpess-anarkia-en-tv\/","title":{"rendered":"Las Vulpess \u2013 Anarkia en TV"},"content":{"rendered":"<iframe loading=\"lazy\" title=\"Las Vulpes - Anark\u00eda en TV (letra)\" width=\"1140\" height=\"855\" src=\"https:\/\/www.youtube.com\/embed\/dP9iE_OXKTA?feature=oembed\" frameborder=\"0\" allow=\"accelerometer; autoplay; clipboard-write; encrypted-media; gyroscope; picture-in-picture; web-share\" allowfullscreen=\"\"><\/iframe>\r\n\r\n\r\n\r\n\t\t\t\t\t\t\t\t<!-- Accordion -->\r\n\t\t\t\t\t\t\t\t<div class=\"accordion p-t-50\" id=\"accordionExample\">\r\n  <div class=\"accordion-item\">\r\n    <h2 class=\"accordion-header\">\r\n      <button class=\"accordion-button collapsed\" type=\"button\" data-bs-toggle=\"collapse\" data-bs-target=\"#collapseOne\" aria-expanded=\"false\" aria-controls=\"collapseOne\">\r\n       Ikusi letra\r\n      <\/button>\r\n    <\/h2>\r\n    <div id=\"collapseOne\" class=\"accordion-collapse collapse\" data-bs-parent=\"#accordionExample\">\r\n      <div class=\"accordion-body\">\r\n      <h3>Anark\u00eda en tv<\/h3>\r\n\r\n<p>Estoy en mi casa sin nada que hacer,<br>\r\nEscuchando la misma m\u00fasica que ayer.<br>\r\nEnciendo la tele, nada que ver,<br>\r\nSolo la misma mierda que ayer\u2026<br>\r\nYa no aguanto m\u00e1s, hay que conseguir<br>\r\nAnarqu\u00eda en televisi\u00f3n.<br>\r\nYa no aguanto m\u00e1s, hay que exigir<br>\r\nAnarqu\u00eda en televisi\u00f3n.<\/p>\r\n\r\n<p>Si hay alg\u00fan pat\u00e1n con su cara de anormal<br>\r\nIntentando convencer de que esa m\u00fasica est\u00e1 bien,<br>\r\nPara una pija contando cotilleos;<br>\r\nY cuatro babosos meneando sus traseros.<br>\r\nYa no aguanto m\u00e1s, hay que conseguir<br>\r\nAnarqu\u00eda en televisi\u00f3n.<br>\r\nYa no aguanto m\u00e1s, hay que exigir<br>\r\nAnarqu\u00eda en televisi\u00f3n.<\/p>\r\n\r\n<p>Tambi\u00e9n puedes ver al completo el noticiario.<br>\r\nAl Felipe o al oreja o al papa con una vieja.<br>\r\nPero lo que es la palabra sin dejar de gritar<br>\r\nAnarqu\u00eda en televisi\u00f3n.<br>\r\nYa no aguanto m\u00e1s, hay que conseguir<br>\r\nAnarqu\u00eda en televisi\u00f3n.<br>\r\nYa no aguanto mas, hay que exigir<br>\r\nAnarqu\u00eda en televisi\u00f3n.<\/p>\r\n\r\n<p>Ya no aguanto m\u00e1s, hay que conseguir<br>\r\nAnarqu\u00eda en televisi\u00f3n.<br>\r\nYa no aguanto m\u00e1s\u2026<\/p>\r\n      <\/div>\r\n    <\/div>\r\n  <\/div>\r\n \r\n \r\n<\/div>","protected":false},"excerpt":{"rendered":"<p>Ikusi letra Anark\u00eda en tv Estoy en mi casa sin nada que hacer, Escuchando la misma m\u00fasica que ayer. Enciendo la tele, nada que ver, Solo la misma mierda que ayer\u2026 Ya no aguanto m\u00e1s, hay que conseguir Anarqu\u00eda en televisi\u00f3n. Ya no aguanto m\u00e1s, hay que exigir Anarqu\u00eda en televisi\u00f3n. Si hay alg\u00fan pat\u00e1n [&hellip;]<\/p>\n","protected":false},"author":1,"featured_media":0,"parent":2931,"menu_order":0,"comment_status":"closed","ping_status":"closed","template":"templates\/page-interior-expo-permanente.php","meta":{"_acf_changed":false,"footnotes":""},"class_list":["post-3132","page","type-page","status-publish","hentry"],"acf":[],"yoast_head":"<!-- This site is optimized with the Yoast SEO plugin v27.3 - https:\/\/yoast.com\/product\/yoast-seo-wordpress\/ -->\n<title>Las Vulpess \u2013 Anarkia en TV - Rialia<\/title>\n<meta name=\"robots\" content=\"index, follow, max-snippet:-1, max-image-preview:large, max-video-preview:-1\" \/>\n<link rel=\"canonical\" href=\"https:\/\/rialia.eus\/museo\/exposicion-permanente\/portugalete\/musica\/las-vulpess-anarkia-en-tv\/\" \/>\n<meta property=\"og:locale\" content=\"eu_ES\" \/>\n<meta property=\"og:type\" content=\"article\" \/>\n<meta property=\"og:title\" content=\"Las Vulpess \u2013 Anarkia en TV - Rialia\" \/>\n<meta property=\"og:description\" content=\"Ikusi letra Anark\u00eda en tv Estoy en mi casa sin nada que hacer, Escuchando la misma m\u00fasica que ayer. Enciendo la tele, nada que ver, Solo la misma mierda que ayer\u2026 Ya no aguanto m\u00e1s, hay que conseguir Anarqu\u00eda en televisi\u00f3n. Ya no aguanto m\u00e1s, hay que exigir Anarqu\u00eda en televisi\u00f3n. Si hay alg\u00fan pat\u00e1n [&hellip;]\" \/>\n<meta property=\"og:url\" content=\"https:\/\/rialia.eus\/museo\/exposicion-permanente\/portugalete\/musica\/las-vulpess-anarkia-en-tv\/\" \/>\n<meta property=\"og:site_name\" content=\"Rialia\" \/>\n<meta property=\"article:modified_time\" content=\"2024-12-18T13:01:23+00:00\" \/>\n<meta name=\"twitter:card\" content=\"summary_large_image\" \/>\n<meta name=\"twitter:label1\" content=\"Est. reading time\" \/>\n\t<meta name=\"twitter:data1\" content=\"1 minute\" \/>\n<script type=\"application\/ld+json\" class=\"yoast-schema-graph\">{\"@context\":\"https:\\\/\\\/schema.org\",\"@graph\":[{\"@type\":\"WebPage\",\"@id\":\"https:\\\/\\\/rialia.eus\\\/museo\\\/exposicion-permanente\\\/portugalete\\\/musica\\\/las-vulpess-anarkia-en-tv\\\/\",\"url\":\"https:\\\/\\\/rialia.eus\\\/museo\\\/exposicion-permanente\\\/portugalete\\\/musica\\\/las-vulpess-anarkia-en-tv\\\/\",\"name\":\"Las Vulpess \u2013 Anarkia en TV - Rialia\",\"isPartOf\":{\"@id\":\"https:\\\/\\\/rialia.eus\\\/#website\"},\"datePublished\":\"2024-12-10T10:10:46+00:00\",\"dateModified\":\"2024-12-18T13:01:23+00:00\",\"breadcrumb\":{\"@id\":\"https:\\\/\\\/rialia.eus\\\/museo\\\/exposicion-permanente\\\/portugalete\\\/musica\\\/las-vulpess-anarkia-en-tv\\\/#breadcrumb\"},\"inLanguage\":\"eu-ES\",\"potentialAction\":[{\"@type\":\"ReadAction\",\"target\":[\"https:\\\/\\\/rialia.eus\\\/museo\\\/exposicion-permanente\\\/portugalete\\\/musica\\\/las-vulpess-anarkia-en-tv\\\/\"]}]},{\"@type\":\"BreadcrumbList\",\"@id\":\"https:\\\/\\\/rialia.eus\\\/museo\\\/exposicion-permanente\\\/portugalete\\\/musica\\\/las-vulpess-anarkia-en-tv\\\/#breadcrumb\",\"itemListElement\":[{\"@type\":\"ListItem\",\"position\":1,\"name\":\"Portada\",\"item\":\"https:\\\/\\\/rialia.eus\\\/eu\\\/\"},{\"@type\":\"ListItem\",\"position\":2,\"name\":\"Museoa\",\"item\":\"https:\\\/\\\/rialia.eus\\\/eu\\\/museoa\\\/\"},{\"@type\":\"ListItem\",\"position\":3,\"name\":\"Erakusketa iraunkorra\",\"item\":\"https:\\\/\\\/rialia.eus\\\/eu\\\/museoa\\\/erakusketa-iraunkorra\\\/\"},{\"@type\":\"ListItem\",\"position\":4,\"name\":\"Portugalete\",\"item\":\"https:\\\/\\\/rialia.eus\\\/eu\\\/museoa\\\/erakusketa-iraunkorra\\\/portugalete\\\/\"},{\"@type\":\"ListItem\",\"position\":5,\"name\":\"BANDEN TRENA\",\"item\":\"https:\\\/\\\/rialia.eus\\\/eu\\\/museoa\\\/erakusketa-iraunkorra\\\/portugalete\\\/banden-trena\\\/\"},{\"@type\":\"ListItem\",\"position\":6,\"name\":\"Las Vulpess \u2013 Anarkia en TV\"}]},{\"@type\":\"WebSite\",\"@id\":\"https:\\\/\\\/rialia.eus\\\/#website\",\"url\":\"https:\\\/\\\/rialia.eus\\\/\",\"name\":\"Rialia\",\"description\":\"Industria Museoa \u2013 Museo de la Industria\",\"potentialAction\":[{\"@type\":\"SearchAction\",\"target\":{\"@type\":\"EntryPoint\",\"urlTemplate\":\"https:\\\/\\\/rialia.eus\\\/?s={search_term_string}\"},\"query-input\":{\"@type\":\"PropertyValueSpecification\",\"valueRequired\":true,\"valueName\":\"search_term_string\"}}],\"inLanguage\":\"eu-ES\"}]}<\/script>\n<!-- \/ Yoast SEO plugin. -->","yoast_head_json":{"title":"Las Vulpess \u2013 Anarkia en TV - Rialia","robots":{"index":"index","follow":"follow","max-snippet":"max-snippet:-1","max-image-preview":"max-image-preview:large","max-video-preview":"max-video-preview:-1"},"canonical":"https:\/\/rialia.eus\/museo\/exposicion-permanente\/portugalete\/musica\/las-vulpess-anarkia-en-tv\/","og_locale":"eu_ES","og_type":"article","og_title":"Las Vulpess \u2013 Anarkia en TV - Rialia","og_description":"Ikusi letra Anark\u00eda en tv Estoy en mi casa sin nada que hacer, Escuchando la misma m\u00fasica que ayer. Enciendo la tele, nada que ver, Solo la misma mierda que ayer\u2026 Ya no aguanto m\u00e1s, hay que conseguir Anarqu\u00eda en televisi\u00f3n. Ya no aguanto m\u00e1s, hay que exigir Anarqu\u00eda en televisi\u00f3n. Si hay alg\u00fan pat\u00e1n [&hellip;]","og_url":"https:\/\/rialia.eus\/museo\/exposicion-permanente\/portugalete\/musica\/las-vulpess-anarkia-en-tv\/","og_site_name":"Rialia","article_modified_time":"2024-12-18T13:01:23+00:00","twitter_card":"summary_large_image","twitter_misc":{"Est. reading time":"1 minute"},"schema":{"@context":"https:\/\/schema.org","@graph":[{"@type":"WebPage","@id":"https:\/\/rialia.eus\/museo\/exposicion-permanente\/portugalete\/musica\/las-vulpess-anarkia-en-tv\/","url":"https:\/\/rialia.eus\/museo\/exposicion-permanente\/portugalete\/musica\/las-vulpess-anarkia-en-tv\/","name":"Las Vulpess \u2013 Anarkia en TV - Rialia","isPartOf":{"@id":"https:\/\/rialia.eus\/#website"},"datePublished":"2024-12-10T10:10:46+00:00","dateModified":"2024-12-18T13:01:23+00:00","breadcrumb":{"@id":"https:\/\/rialia.eus\/museo\/exposicion-permanente\/portugalete\/musica\/las-vulpess-anarkia-en-tv\/#breadcrumb"},"inLanguage":"eu-ES","potentialAction":[{"@type":"ReadAction","target":["https:\/\/rialia.eus\/museo\/exposicion-permanente\/portugalete\/musica\/las-vulpess-anarkia-en-tv\/"]}]},{"@type":"BreadcrumbList","@id":"https:\/\/rialia.eus\/museo\/exposicion-permanente\/portugalete\/musica\/las-vulpess-anarkia-en-tv\/#breadcrumb","itemListElement":[{"@type":"ListItem","position":1,"name":"Portada","item":"https:\/\/rialia.eus\/eu\/"},{"@type":"ListItem","position":2,"name":"Museoa","item":"https:\/\/rialia.eus\/eu\/museoa\/"},{"@type":"ListItem","position":3,"name":"Erakusketa iraunkorra","item":"https:\/\/rialia.eus\/eu\/museoa\/erakusketa-iraunkorra\/"},{"@type":"ListItem","position":4,"name":"Portugalete","item":"https:\/\/rialia.eus\/eu\/museoa\/erakusketa-iraunkorra\/portugalete\/"},{"@type":"ListItem","position":5,"name":"BANDEN TRENA","item":"https:\/\/rialia.eus\/eu\/museoa\/erakusketa-iraunkorra\/portugalete\/banden-trena\/"},{"@type":"ListItem","position":6,"name":"Las Vulpess \u2013 Anarkia en TV"}]},{"@type":"WebSite","@id":"https:\/\/rialia.eus\/#website","url":"https:\/\/rialia.eus\/","name":"Rialia","description":"Industria Museoa \u2013 Museo de la Industria","potentialAction":[{"@type":"SearchAction","target":{"@type":"EntryPoint","urlTemplate":"https:\/\/rialia.eus\/?s={search_term_string}"},"query-input":{"@type":"PropertyValueSpecification","valueRequired":true,"valueName":"search_term_string"}}],"inLanguage":"eu-ES"}]}},"_links":{"self":[{"href":"https:\/\/rialia.eus\/eu\/wp-json\/wp\/v2\/pages\/3132","targetHints":{"allow":["GET"]}}],"collection":[{"href":"https:\/\/rialia.eus\/eu\/wp-json\/wp\/v2\/pages"}],"about":[{"href":"https:\/\/rialia.eus\/eu\/wp-json\/wp\/v2\/types\/page"}],"author":[{"embeddable":true,"href":"https:\/\/rialia.eus\/eu\/wp-json\/wp\/v2\/users\/1"}],"replies":[{"embeddable":true,"href":"https:\/\/rialia.eus\/eu\/wp-json\/wp\/v2\/comments?post=3132"}],"version-history":[{"count":2,"href":"https:\/\/rialia.eus\/eu\/wp-json\/wp\/v2\/pages\/3132\/revisions"}],"predecessor-version":[{"id":3136,"href":"https:\/\/rialia.eus\/eu\/wp-json\/wp\/v2\/pages\/3132\/revisions\/3136"}],"up":[{"embeddable":true,"href":"https:\/\/rialia.eus\/eu\/wp-json\/wp\/v2\/pages\/2931"}],"wp:attachment":[{"href":"https:\/\/rialia.eus\/eu\/wp-json\/wp\/v2\/media?parent=3132"}],"curies":[{"name":"wp","href":"https:\/\/api.w.org\/{rel}","templated":true}]}}