 {"id":3120,"date":"2024-12-10T11:05:26","date_gmt":"2024-12-10T10:05:26","guid":{"rendered":"https:\/\/rialia.eus\/erakusketa-iraunkorra\/portugalete\/inkubo-bilbao-ria-2000\/"},"modified":"2024-12-18T13:59:29","modified_gmt":"2024-12-18T12:59:29","slug":"inkubo-bilbao-ria-2000","status":"publish","type":"page","link":"https:\/\/rialia.eus\/eu\/museoa\/erakusketa-iraunkorra\/portugalete\/banden-trena\/inkubo-bilbao-ria-2000\/","title":{"rendered":"Inkubo- BILBAO R\u00cdA 2000"},"content":{"rendered":"<iframe loading=\"lazy\" title=\"iNKuBo - Bilbao Ria 2000\" width=\"1140\" height=\"855\" src=\"https:\/\/www.youtube.com\/embed\/VEn7C-Db7Jg?feature=oembed\" frameborder=\"0\" allow=\"accelerometer; autoplay; clipboard-write; encrypted-media; gyroscope; picture-in-picture; web-share\" allowfullscreen=\"\"><\/iframe>\r\n\r\n\r\n\r\n\t\t\t\t\t\t\t\t<!-- Accordion -->\r\n\t\t\t\t\t\t\t\t<div class=\"accordion p-t-50\" id=\"accordionExample\">\r\n  <div class=\"accordion-item\">\r\n    <h2 class=\"accordion-header\">\r\n      <button class=\"accordion-button collapsed\" type=\"button\" data-bs-toggle=\"collapse\" data-bs-target=\"#collapseOne\" aria-expanded=\"false\" aria-controls=\"collapseOne\">\r\n        Ikusi letra\r\n      <\/button>\r\n    <\/h2>\r\n    <div id=\"collapseOne\" class=\"accordion-collapse collapse\" data-bs-parent=\"#accordionExample\">\r\n      <div class=\"accordion-body\">\r\n      <h3>BILBAO R\u00cdA 2000<\/h3>\r\n\r\n<p>Las cloacas vomitando excrementos a la R\u00eda.<br>\r\nChimeneas humeando que destrozan nuestras vidas.<br>\r\nVertidos incontrolados se encuentran por todos los lados.<br>\r\nEl ambiente corrompido, el aire est\u00e1 podrido.<\/p>\r\n\r\n<p>Bilbao R\u00eda 2000, que negocio hay aqu\u00ed.<br>\r\nBilbao R\u00eda 2000, r\u00edase hasta morir de asco.<\/p>\r\n\r\n<p>Bienvenido al para\u00edso de la putrefacci\u00f3n.<br>\r\nBienvenido a la Margen Izquierda del puto Nervi\u00f3n,<br>\r\ndonde el paro y la miseria controlan la situaci\u00f3n,<br>\r\ndonde la ruina es producto de la especulaci\u00f3n.<\/p>\r\n\r\n<p>Bilbao R\u00eda 2000, que negocio hay aqu\u00ed.<br>\r\nBilbao R\u00eda 2000, r\u00edase hasta morir de asco.<\/p>\r\n\r\n<p>Nacimos al otro lado de esta puta sociedad.<br>\r\nFue cosa de mala suerte o de la casualidad.<br>\r\nCogidos de la mano de la marginalidad,<br>\r\nhemos conocido la necesidad.<br>\r\nEl orgullo es nuestro pan,<br>\r\ny la calle nuestro hogar.<br>\r\nNacimos al otro lado de esta puta sociedad.<\/p>\r\n\r\n<p>Nacimos al otro lado,<br>\r\nnunca pudimos pasar,<br>\r\npero no nos interesa vuestra puta sociedad.<br>\r\nNo queremos vuestras leyes,<br>\r\nvuestra forma de pensar.<br>\r\nNacimos al otro lado y nos queremos quedar.<\/p>\r\n\r\n<p>El orgullo es nuestro pan,<br>\r\ny la calle nuestro hogar.<br>\r\nNacimos al otro lado de esta puta sociedad.<br>\r\n(Acaba con el Aleluya de Haendel)<\/p>\r\n      <\/div>\r\n    <\/div>\r\n  <\/div>\r\n \r\n \r\n<\/div>","protected":false},"excerpt":{"rendered":"<p>Ikusi letra BILBAO R\u00cdA 2000 Las cloacas vomitando excrementos a la R\u00eda. Chimeneas humeando que destrozan nuestras vidas. Vertidos incontrolados se encuentran por todos los lados. El ambiente corrompido, el aire est\u00e1 podrido. Bilbao R\u00eda 2000, que negocio hay aqu\u00ed. Bilbao R\u00eda 2000, r\u00edase hasta morir de asco. Bienvenido al para\u00edso de la putrefacci\u00f3n. Bienvenido [&hellip;]<\/p>\n","protected":false},"author":1,"featured_media":0,"parent":2931,"menu_order":0,"comment_status":"closed","ping_status":"closed","template":"templates\/page-interior-expo-permanente.php","meta":{"_acf_changed":false,"footnotes":""},"class_list":["post-3120","page","type-page","status-publish","hentry"],"acf":[],"yoast_head":"<!-- This site is optimized with the Yoast SEO plugin v27.3 - https:\/\/yoast.com\/product\/yoast-seo-wordpress\/ -->\n<title>Inkubo- BILBAO R\u00cdA 2000 - Rialia<\/title>\n<meta name=\"robots\" content=\"index, follow, max-snippet:-1, max-image-preview:large, max-video-preview:-1\" \/>\n<link rel=\"canonical\" href=\"https:\/\/rialia.eus\/museo\/exposicion-permanente\/portugalete\/musica\/inkubo-bilbao-ria-2000\/\" \/>\n<meta property=\"og:locale\" content=\"eu_ES\" \/>\n<meta property=\"og:type\" content=\"article\" \/>\n<meta property=\"og:title\" content=\"Inkubo- BILBAO R\u00cdA 2000 - Rialia\" \/>\n<meta property=\"og:description\" content=\"Ikusi letra BILBAO R\u00cdA 2000 Las cloacas vomitando excrementos a la R\u00eda. Chimeneas humeando que destrozan nuestras vidas. Vertidos incontrolados se encuentran por todos los lados. El ambiente corrompido, el aire est\u00e1 podrido. Bilbao R\u00eda 2000, que negocio hay aqu\u00ed. Bilbao R\u00eda 2000, r\u00edase hasta morir de asco. Bienvenido al para\u00edso de la putrefacci\u00f3n. Bienvenido [&hellip;]\" \/>\n<meta property=\"og:url\" content=\"https:\/\/rialia.eus\/museo\/exposicion-permanente\/portugalete\/musica\/inkubo-bilbao-ria-2000\/\" \/>\n<meta property=\"og:site_name\" content=\"Rialia\" \/>\n<meta property=\"article:modified_time\" content=\"2024-12-18T12:59:29+00:00\" \/>\n<meta name=\"twitter:card\" content=\"summary_large_image\" \/>\n<meta name=\"twitter:label1\" content=\"Est. reading time\" \/>\n\t<meta name=\"twitter:data1\" content=\"1 minute\" \/>\n<script type=\"application\/ld+json\" class=\"yoast-schema-graph\">{\"@context\":\"https:\\\/\\\/schema.org\",\"@graph\":[{\"@type\":\"WebPage\",\"@id\":\"https:\\\/\\\/rialia.eus\\\/museo\\\/exposicion-permanente\\\/portugalete\\\/musica\\\/inkubo-bilbao-ria-2000\\\/\",\"url\":\"https:\\\/\\\/rialia.eus\\\/museo\\\/exposicion-permanente\\\/portugalete\\\/musica\\\/inkubo-bilbao-ria-2000\\\/\",\"name\":\"Inkubo- BILBAO R\u00cdA 2000 - Rialia\",\"isPartOf\":{\"@id\":\"https:\\\/\\\/rialia.eus\\\/#website\"},\"datePublished\":\"2024-12-10T10:05:26+00:00\",\"dateModified\":\"2024-12-18T12:59:29+00:00\",\"breadcrumb\":{\"@id\":\"https:\\\/\\\/rialia.eus\\\/museo\\\/exposicion-permanente\\\/portugalete\\\/musica\\\/inkubo-bilbao-ria-2000\\\/#breadcrumb\"},\"inLanguage\":\"eu-ES\",\"potentialAction\":[{\"@type\":\"ReadAction\",\"target\":[\"https:\\\/\\\/rialia.eus\\\/museo\\\/exposicion-permanente\\\/portugalete\\\/musica\\\/inkubo-bilbao-ria-2000\\\/\"]}]},{\"@type\":\"BreadcrumbList\",\"@id\":\"https:\\\/\\\/rialia.eus\\\/museo\\\/exposicion-permanente\\\/portugalete\\\/musica\\\/inkubo-bilbao-ria-2000\\\/#breadcrumb\",\"itemListElement\":[{\"@type\":\"ListItem\",\"position\":1,\"name\":\"Portada\",\"item\":\"https:\\\/\\\/rialia.eus\\\/eu\\\/\"},{\"@type\":\"ListItem\",\"position\":2,\"name\":\"Museoa\",\"item\":\"https:\\\/\\\/rialia.eus\\\/eu\\\/museoa\\\/\"},{\"@type\":\"ListItem\",\"position\":3,\"name\":\"Erakusketa iraunkorra\",\"item\":\"https:\\\/\\\/rialia.eus\\\/eu\\\/museoa\\\/erakusketa-iraunkorra\\\/\"},{\"@type\":\"ListItem\",\"position\":4,\"name\":\"Portugalete\",\"item\":\"https:\\\/\\\/rialia.eus\\\/eu\\\/museoa\\\/erakusketa-iraunkorra\\\/portugalete\\\/\"},{\"@type\":\"ListItem\",\"position\":5,\"name\":\"BANDEN TRENA\",\"item\":\"https:\\\/\\\/rialia.eus\\\/eu\\\/museoa\\\/erakusketa-iraunkorra\\\/portugalete\\\/banden-trena\\\/\"},{\"@type\":\"ListItem\",\"position\":6,\"name\":\"Inkubo- BILBAO R\u00cdA 2000\"}]},{\"@type\":\"WebSite\",\"@id\":\"https:\\\/\\\/rialia.eus\\\/#website\",\"url\":\"https:\\\/\\\/rialia.eus\\\/\",\"name\":\"Rialia\",\"description\":\"Industria Museoa \u2013 Museo de la Industria\",\"potentialAction\":[{\"@type\":\"SearchAction\",\"target\":{\"@type\":\"EntryPoint\",\"urlTemplate\":\"https:\\\/\\\/rialia.eus\\\/?s={search_term_string}\"},\"query-input\":{\"@type\":\"PropertyValueSpecification\",\"valueRequired\":true,\"valueName\":\"search_term_string\"}}],\"inLanguage\":\"eu-ES\"}]}<\/script>\n<!-- \/ Yoast SEO plugin. -->","yoast_head_json":{"title":"Inkubo- BILBAO R\u00cdA 2000 - Rialia","robots":{"index":"index","follow":"follow","max-snippet":"max-snippet:-1","max-image-preview":"max-image-preview:large","max-video-preview":"max-video-preview:-1"},"canonical":"https:\/\/rialia.eus\/museo\/exposicion-permanente\/portugalete\/musica\/inkubo-bilbao-ria-2000\/","og_locale":"eu_ES","og_type":"article","og_title":"Inkubo- BILBAO R\u00cdA 2000 - Rialia","og_description":"Ikusi letra BILBAO R\u00cdA 2000 Las cloacas vomitando excrementos a la R\u00eda. Chimeneas humeando que destrozan nuestras vidas. Vertidos incontrolados se encuentran por todos los lados. El ambiente corrompido, el aire est\u00e1 podrido. Bilbao R\u00eda 2000, que negocio hay aqu\u00ed. Bilbao R\u00eda 2000, r\u00edase hasta morir de asco. Bienvenido al para\u00edso de la putrefacci\u00f3n. Bienvenido [&hellip;]","og_url":"https:\/\/rialia.eus\/museo\/exposicion-permanente\/portugalete\/musica\/inkubo-bilbao-ria-2000\/","og_site_name":"Rialia","article_modified_time":"2024-12-18T12:59:29+00:00","twitter_card":"summary_large_image","twitter_misc":{"Est. reading time":"1 minute"},"schema":{"@context":"https:\/\/schema.org","@graph":[{"@type":"WebPage","@id":"https:\/\/rialia.eus\/museo\/exposicion-permanente\/portugalete\/musica\/inkubo-bilbao-ria-2000\/","url":"https:\/\/rialia.eus\/museo\/exposicion-permanente\/portugalete\/musica\/inkubo-bilbao-ria-2000\/","name":"Inkubo- BILBAO R\u00cdA 2000 - Rialia","isPartOf":{"@id":"https:\/\/rialia.eus\/#website"},"datePublished":"2024-12-10T10:05:26+00:00","dateModified":"2024-12-18T12:59:29+00:00","breadcrumb":{"@id":"https:\/\/rialia.eus\/museo\/exposicion-permanente\/portugalete\/musica\/inkubo-bilbao-ria-2000\/#breadcrumb"},"inLanguage":"eu-ES","potentialAction":[{"@type":"ReadAction","target":["https:\/\/rialia.eus\/museo\/exposicion-permanente\/portugalete\/musica\/inkubo-bilbao-ria-2000\/"]}]},{"@type":"BreadcrumbList","@id":"https:\/\/rialia.eus\/museo\/exposicion-permanente\/portugalete\/musica\/inkubo-bilbao-ria-2000\/#breadcrumb","itemListElement":[{"@type":"ListItem","position":1,"name":"Portada","item":"https:\/\/rialia.eus\/eu\/"},{"@type":"ListItem","position":2,"name":"Museoa","item":"https:\/\/rialia.eus\/eu\/museoa\/"},{"@type":"ListItem","position":3,"name":"Erakusketa iraunkorra","item":"https:\/\/rialia.eus\/eu\/museoa\/erakusketa-iraunkorra\/"},{"@type":"ListItem","position":4,"name":"Portugalete","item":"https:\/\/rialia.eus\/eu\/museoa\/erakusketa-iraunkorra\/portugalete\/"},{"@type":"ListItem","position":5,"name":"BANDEN TRENA","item":"https:\/\/rialia.eus\/eu\/museoa\/erakusketa-iraunkorra\/portugalete\/banden-trena\/"},{"@type":"ListItem","position":6,"name":"Inkubo- BILBAO R\u00cdA 2000"}]},{"@type":"WebSite","@id":"https:\/\/rialia.eus\/#website","url":"https:\/\/rialia.eus\/","name":"Rialia","description":"Industria Museoa \u2013 Museo de la Industria","potentialAction":[{"@type":"SearchAction","target":{"@type":"EntryPoint","urlTemplate":"https:\/\/rialia.eus\/?s={search_term_string}"},"query-input":{"@type":"PropertyValueSpecification","valueRequired":true,"valueName":"search_term_string"}}],"inLanguage":"eu-ES"}]}},"_links":{"self":[{"href":"https:\/\/rialia.eus\/eu\/wp-json\/wp\/v2\/pages\/3120","targetHints":{"allow":["GET"]}}],"collection":[{"href":"https:\/\/rialia.eus\/eu\/wp-json\/wp\/v2\/pages"}],"about":[{"href":"https:\/\/rialia.eus\/eu\/wp-json\/wp\/v2\/types\/page"}],"author":[{"embeddable":true,"href":"https:\/\/rialia.eus\/eu\/wp-json\/wp\/v2\/users\/1"}],"replies":[{"embeddable":true,"href":"https:\/\/rialia.eus\/eu\/wp-json\/wp\/v2\/comments?post=3120"}],"version-history":[{"count":1,"href":"https:\/\/rialia.eus\/eu\/wp-json\/wp\/v2\/pages\/3120\/revisions"}],"predecessor-version":[{"id":3121,"href":"https:\/\/rialia.eus\/eu\/wp-json\/wp\/v2\/pages\/3120\/revisions\/3121"}],"up":[{"embeddable":true,"href":"https:\/\/rialia.eus\/eu\/wp-json\/wp\/v2\/pages\/2931"}],"wp:attachment":[{"href":"https:\/\/rialia.eus\/eu\/wp-json\/wp\/v2\/media?parent=3120"}],"curies":[{"name":"wp","href":"https:\/\/api.w.org\/{rel}","templated":true}]}}