 {"id":3108,"date":"2024-12-10T10:59:14","date_gmt":"2024-12-10T09:59:14","guid":{"rendered":"https:\/\/rialia.eus\/erakusketa-iraunkorra\/portugalete\/las-vulpes-central-nuclear\/"},"modified":"2024-12-18T13:57:01","modified_gmt":"2024-12-18T12:57:01","slug":"las-vulpes-central-nuclear","status":"publish","type":"page","link":"https:\/\/rialia.eus\/eu\/museoa\/erakusketa-iraunkorra\/portugalete\/banden-trena\/las-vulpes-central-nuclear\/","title":{"rendered":"Las Vulpes \u2013 Central Nuclear"},"content":{"rendered":"<iframe loading=\"lazy\" title=\"las vulpes nuclear\" width=\"1140\" height=\"855\" src=\"https:\/\/www.youtube.com\/embed\/3tRhXUb8ZO4?feature=oembed\" frameborder=\"0\" allow=\"accelerometer; autoplay; clipboard-write; encrypted-media; gyroscope; picture-in-picture; web-share\" allowfullscreen=\"\"><\/iframe>\r\n\r\n\r\n\r\n\t\t\t\t\t\t\t\t<!-- Accordion -->\r\n\t\t\t\t\t\t\t\t<div class=\"accordion p-t-50\" id=\"accordionExample\">\r\n  <div class=\"accordion-item\">\r\n    <h2 class=\"accordion-header\">\r\n      <button class=\"accordion-button collapsed\" type=\"button\" data-bs-toggle=\"collapse\" data-bs-target=\"#collapseOne\" aria-expanded=\"false\" aria-controls=\"collapseOne\">\r\n        Ikusi letra\r\n      <\/button>\r\n    <\/h2>\r\n    <div id=\"collapseOne\" class=\"accordion-collapse collapse\" data-bs-parent=\"#accordionExample\">\r\n      <div class=\"accordion-body\">\r\n      <h3>VULPESS \u2013 CENTRAL NUCLEAR<\/h3>\r\n\r\n<p>Esta ma\u00f1ana temprano,<br>\r\nnos invadi\u00f3 tu olor a gas<br>\r\ndicen que algo ocurri\u00f3 en la central nuclear,<br>\r\nun grito de horror se qued\u00f3 en el aire.<br>\r\nEl ojo de un viejo se va desintegrando,<br>\r\npero la realidad del hecho no la sabe nadie,<br>\r\ntodos van cayendo uno a uno,<br>\r\nning\u00fan humano se salvar\u00e1.<br>\r\nlas ratas de alcantarilla,<br>\r\nsobre los cuerpos rondan ya,<br>\r\nellos tampoco se salvar\u00e1n,<br>\r\nun grito de horror se qued\u00f3 en el aire<br>.\r\nel ojo de un viejo se est\u00e1 desintegrando,<br>\r\npero la realidad del hecho no la sabe nadie,<br>\r\nesta ma\u00f1ana temprano,<br>\r\nnos invadi\u00f3 tu olor a gas.<br>\r\ndicen que algo ocurri\u00f3 en la central nuclear,<br>\r\nun grito de horror se qued\u00f3 en el aire,<br>\r\nel ojo de un viejo se va desintegrando,<br>\r\npero la realidad del hecho no la sabe nadie,<br>\r\nnadie!<\/p>\r\n      <\/div>\r\n    <\/div>\r\n  <\/div>\r\n \r\n \r\n<\/div>","protected":false},"excerpt":{"rendered":"<p>Ikusi letra VULPESS \u2013 CENTRAL NUCLEAR Esta ma\u00f1ana temprano, nos invadi\u00f3 tu olor a gas dicen que algo ocurri\u00f3 en la central nuclear, un grito de horror se qued\u00f3 en el aire. El ojo de un viejo se va desintegrando, pero la realidad del hecho no la sabe nadie, todos van cayendo uno a uno, [&hellip;]<\/p>\n","protected":false},"author":1,"featured_media":0,"parent":2931,"menu_order":0,"comment_status":"closed","ping_status":"closed","template":"templates\/page-interior-expo-permanente.php","meta":{"_acf_changed":false,"footnotes":""},"class_list":["post-3108","page","type-page","status-publish","hentry"],"acf":[],"yoast_head":"<!-- This site is optimized with the Yoast SEO plugin v27.3 - https:\/\/yoast.com\/product\/yoast-seo-wordpress\/ -->\n<title>Las Vulpes \u2013 Central Nuclear - Rialia<\/title>\n<meta name=\"robots\" content=\"index, follow, max-snippet:-1, max-image-preview:large, max-video-preview:-1\" \/>\n<link rel=\"canonical\" href=\"https:\/\/rialia.eus\/museo\/exposicion-permanente\/portugalete\/musica\/las-vulpes-central-nuclear\/\" \/>\n<meta property=\"og:locale\" content=\"eu_ES\" \/>\n<meta property=\"og:type\" content=\"article\" \/>\n<meta property=\"og:title\" content=\"Las Vulpes \u2013 Central Nuclear - Rialia\" \/>\n<meta property=\"og:description\" content=\"Ikusi letra VULPESS \u2013 CENTRAL NUCLEAR Esta ma\u00f1ana temprano, nos invadi\u00f3 tu olor a gas dicen que algo ocurri\u00f3 en la central nuclear, un grito de horror se qued\u00f3 en el aire. El ojo de un viejo se va desintegrando, pero la realidad del hecho no la sabe nadie, todos van cayendo uno a uno, [&hellip;]\" \/>\n<meta property=\"og:url\" content=\"https:\/\/rialia.eus\/museo\/exposicion-permanente\/portugalete\/musica\/las-vulpes-central-nuclear\/\" \/>\n<meta property=\"og:site_name\" content=\"Rialia\" \/>\n<meta property=\"article:modified_time\" content=\"2024-12-18T12:57:01+00:00\" \/>\n<meta name=\"twitter:card\" content=\"summary_large_image\" \/>\n<meta name=\"twitter:label1\" content=\"Est. reading time\" \/>\n\t<meta name=\"twitter:data1\" content=\"1 minute\" \/>\n<script type=\"application\/ld+json\" class=\"yoast-schema-graph\">{\"@context\":\"https:\\\/\\\/schema.org\",\"@graph\":[{\"@type\":\"WebPage\",\"@id\":\"https:\\\/\\\/rialia.eus\\\/museo\\\/exposicion-permanente\\\/portugalete\\\/musica\\\/las-vulpes-central-nuclear\\\/\",\"url\":\"https:\\\/\\\/rialia.eus\\\/museo\\\/exposicion-permanente\\\/portugalete\\\/musica\\\/las-vulpes-central-nuclear\\\/\",\"name\":\"Las Vulpes \u2013 Central Nuclear - Rialia\",\"isPartOf\":{\"@id\":\"https:\\\/\\\/rialia.eus\\\/#website\"},\"datePublished\":\"2024-12-10T09:59:14+00:00\",\"dateModified\":\"2024-12-18T12:57:01+00:00\",\"breadcrumb\":{\"@id\":\"https:\\\/\\\/rialia.eus\\\/museo\\\/exposicion-permanente\\\/portugalete\\\/musica\\\/las-vulpes-central-nuclear\\\/#breadcrumb\"},\"inLanguage\":\"eu-ES\",\"potentialAction\":[{\"@type\":\"ReadAction\",\"target\":[\"https:\\\/\\\/rialia.eus\\\/museo\\\/exposicion-permanente\\\/portugalete\\\/musica\\\/las-vulpes-central-nuclear\\\/\"]}]},{\"@type\":\"BreadcrumbList\",\"@id\":\"https:\\\/\\\/rialia.eus\\\/museo\\\/exposicion-permanente\\\/portugalete\\\/musica\\\/las-vulpes-central-nuclear\\\/#breadcrumb\",\"itemListElement\":[{\"@type\":\"ListItem\",\"position\":1,\"name\":\"Portada\",\"item\":\"https:\\\/\\\/rialia.eus\\\/eu\\\/\"},{\"@type\":\"ListItem\",\"position\":2,\"name\":\"Museoa\",\"item\":\"https:\\\/\\\/rialia.eus\\\/eu\\\/museoa\\\/\"},{\"@type\":\"ListItem\",\"position\":3,\"name\":\"Erakusketa iraunkorra\",\"item\":\"https:\\\/\\\/rialia.eus\\\/eu\\\/museoa\\\/erakusketa-iraunkorra\\\/\"},{\"@type\":\"ListItem\",\"position\":4,\"name\":\"Portugalete\",\"item\":\"https:\\\/\\\/rialia.eus\\\/eu\\\/museoa\\\/erakusketa-iraunkorra\\\/portugalete\\\/\"},{\"@type\":\"ListItem\",\"position\":5,\"name\":\"BANDEN TRENA\",\"item\":\"https:\\\/\\\/rialia.eus\\\/eu\\\/museoa\\\/erakusketa-iraunkorra\\\/portugalete\\\/banden-trena\\\/\"},{\"@type\":\"ListItem\",\"position\":6,\"name\":\"Las Vulpes \u2013 Central Nuclear\"}]},{\"@type\":\"WebSite\",\"@id\":\"https:\\\/\\\/rialia.eus\\\/#website\",\"url\":\"https:\\\/\\\/rialia.eus\\\/\",\"name\":\"Rialia\",\"description\":\"Industria Museoa \u2013 Museo de la Industria\",\"potentialAction\":[{\"@type\":\"SearchAction\",\"target\":{\"@type\":\"EntryPoint\",\"urlTemplate\":\"https:\\\/\\\/rialia.eus\\\/?s={search_term_string}\"},\"query-input\":{\"@type\":\"PropertyValueSpecification\",\"valueRequired\":true,\"valueName\":\"search_term_string\"}}],\"inLanguage\":\"eu-ES\"}]}<\/script>\n<!-- \/ Yoast SEO plugin. -->","yoast_head_json":{"title":"Las Vulpes \u2013 Central Nuclear - Rialia","robots":{"index":"index","follow":"follow","max-snippet":"max-snippet:-1","max-image-preview":"max-image-preview:large","max-video-preview":"max-video-preview:-1"},"canonical":"https:\/\/rialia.eus\/museo\/exposicion-permanente\/portugalete\/musica\/las-vulpes-central-nuclear\/","og_locale":"eu_ES","og_type":"article","og_title":"Las Vulpes \u2013 Central Nuclear - Rialia","og_description":"Ikusi letra VULPESS \u2013 CENTRAL NUCLEAR Esta ma\u00f1ana temprano, nos invadi\u00f3 tu olor a gas dicen que algo ocurri\u00f3 en la central nuclear, un grito de horror se qued\u00f3 en el aire. El ojo de un viejo se va desintegrando, pero la realidad del hecho no la sabe nadie, todos van cayendo uno a uno, [&hellip;]","og_url":"https:\/\/rialia.eus\/museo\/exposicion-permanente\/portugalete\/musica\/las-vulpes-central-nuclear\/","og_site_name":"Rialia","article_modified_time":"2024-12-18T12:57:01+00:00","twitter_card":"summary_large_image","twitter_misc":{"Est. reading time":"1 minute"},"schema":{"@context":"https:\/\/schema.org","@graph":[{"@type":"WebPage","@id":"https:\/\/rialia.eus\/museo\/exposicion-permanente\/portugalete\/musica\/las-vulpes-central-nuclear\/","url":"https:\/\/rialia.eus\/museo\/exposicion-permanente\/portugalete\/musica\/las-vulpes-central-nuclear\/","name":"Las Vulpes \u2013 Central Nuclear - Rialia","isPartOf":{"@id":"https:\/\/rialia.eus\/#website"},"datePublished":"2024-12-10T09:59:14+00:00","dateModified":"2024-12-18T12:57:01+00:00","breadcrumb":{"@id":"https:\/\/rialia.eus\/museo\/exposicion-permanente\/portugalete\/musica\/las-vulpes-central-nuclear\/#breadcrumb"},"inLanguage":"eu-ES","potentialAction":[{"@type":"ReadAction","target":["https:\/\/rialia.eus\/museo\/exposicion-permanente\/portugalete\/musica\/las-vulpes-central-nuclear\/"]}]},{"@type":"BreadcrumbList","@id":"https:\/\/rialia.eus\/museo\/exposicion-permanente\/portugalete\/musica\/las-vulpes-central-nuclear\/#breadcrumb","itemListElement":[{"@type":"ListItem","position":1,"name":"Portada","item":"https:\/\/rialia.eus\/eu\/"},{"@type":"ListItem","position":2,"name":"Museoa","item":"https:\/\/rialia.eus\/eu\/museoa\/"},{"@type":"ListItem","position":3,"name":"Erakusketa iraunkorra","item":"https:\/\/rialia.eus\/eu\/museoa\/erakusketa-iraunkorra\/"},{"@type":"ListItem","position":4,"name":"Portugalete","item":"https:\/\/rialia.eus\/eu\/museoa\/erakusketa-iraunkorra\/portugalete\/"},{"@type":"ListItem","position":5,"name":"BANDEN TRENA","item":"https:\/\/rialia.eus\/eu\/museoa\/erakusketa-iraunkorra\/portugalete\/banden-trena\/"},{"@type":"ListItem","position":6,"name":"Las Vulpes \u2013 Central Nuclear"}]},{"@type":"WebSite","@id":"https:\/\/rialia.eus\/#website","url":"https:\/\/rialia.eus\/","name":"Rialia","description":"Industria Museoa \u2013 Museo de la Industria","potentialAction":[{"@type":"SearchAction","target":{"@type":"EntryPoint","urlTemplate":"https:\/\/rialia.eus\/?s={search_term_string}"},"query-input":{"@type":"PropertyValueSpecification","valueRequired":true,"valueName":"search_term_string"}}],"inLanguage":"eu-ES"}]}},"_links":{"self":[{"href":"https:\/\/rialia.eus\/eu\/wp-json\/wp\/v2\/pages\/3108","targetHints":{"allow":["GET"]}}],"collection":[{"href":"https:\/\/rialia.eus\/eu\/wp-json\/wp\/v2\/pages"}],"about":[{"href":"https:\/\/rialia.eus\/eu\/wp-json\/wp\/v2\/types\/page"}],"author":[{"embeddable":true,"href":"https:\/\/rialia.eus\/eu\/wp-json\/wp\/v2\/users\/1"}],"replies":[{"embeddable":true,"href":"https:\/\/rialia.eus\/eu\/wp-json\/wp\/v2\/comments?post=3108"}],"version-history":[{"count":1,"href":"https:\/\/rialia.eus\/eu\/wp-json\/wp\/v2\/pages\/3108\/revisions"}],"predecessor-version":[{"id":3109,"href":"https:\/\/rialia.eus\/eu\/wp-json\/wp\/v2\/pages\/3108\/revisions\/3109"}],"up":[{"embeddable":true,"href":"https:\/\/rialia.eus\/eu\/wp-json\/wp\/v2\/pages\/2931"}],"wp:attachment":[{"href":"https:\/\/rialia.eus\/eu\/wp-json\/wp\/v2\/media?parent=3108"}],"curies":[{"name":"wp","href":"https:\/\/api.w.org\/{rel}","templated":true}]}}