 {"id":3053,"date":"2024-12-10T10:35:00","date_gmt":"2024-12-10T09:35:00","guid":{"rendered":"https:\/\/rialia.eus\/portugalete\/la-polla-records-ellos-dicen-mierda-1990\/"},"modified":"2024-12-18T13:22:29","modified_gmt":"2024-12-18T12:22:29","slug":"la-polla-records-ellos-dicen-mierda-1990","status":"publish","type":"page","link":"https:\/\/rialia.eus\/eu\/museoa\/erakusketa-iraunkorra\/portugalete\/banden-trena\/la-polla-records-ellos-dicen-mierda-1990\/","title":{"rendered":"La Polla Records \u2013 ellos dicen mierda 1990"},"content":{"rendered":"\r\n\r\n\r\n\t\t\t\t\t\t\t\t<!-- Accordion -->\r\n\t\t\t\t\t\t\t\t<div class=\"accordion p-t-50\" id=\"accordionExample\">\r\n  <div class=\"accordion-item\">\r\n    <h2 class=\"accordion-header\">\r\n      <button class=\"accordion-button collapsed\" type=\"button\" data-bs-toggle=\"collapse\" data-bs-target=\"#collapseOne\" aria-expanded=\"false\" aria-controls=\"collapseOne\">\r\n       Ikusi letra\r\n      <\/button>\r\n    <\/h2>\r\n    <div id=\"collapseOne\" class=\"accordion-collapse collapse\" data-bs-parent=\"#accordionExample\">\r\n      <div class=\"accordion-body\">\r\n      <h3>ELLOS DICEN MIERDA 1990<\/h3>\r\n\r\n<p>Mil colegas quedan tiraos por el camino<br>\r\ny cu\u00e1ntos m\u00e1s van a quedar<br>\r\nCu\u00e1nto viviremos, cu\u00e1nto tiempo moriremos<br>\r\nen esta absurda derrota sin final.<\/p>\r\n\r\n<p>Dos semanas, tres semanas<br>\r\no cuarenta mil ma\u00f1anas, qu\u00e9 pringue<br>\r\na la madre de dios<br>\r\ncu\u00e1nto horror habr\u00e1 que ver<br>\r\ncu\u00e1ntos golpes recibir,<br>\r\ncu\u00e1nta gente tendr\u00e1 que morir.<\/p>\r\n\r\n<p>La cabeza bien cuidada<br>\r\no muy bien estropeada y nada<br>\r\nnada que agradecer<br>\r\ndentro de nuestro vac\u00edo<br>\r\ns\u00f3lo queda en pie el orgullo,<br>\r\npor eso seguiremos de pie.<\/p>\r\n\r\n<p>Mogoll\u00f3n de gente vive tristemente<br>\r\ny van a morir democr\u00e1ticamente<br>\r\ny yo y yo<br>\r\ny yo no quiero callarme<br>\r\nla moral proh\u00edbe que nadie proteste<br>\r\nellos dicen mierda y nosotros am\u00e9n<br>\r\nam\u00e9n am\u00e9n<br>\r\nam\u00e9n a menudo llueve.<\/p>\r\n\r\n<p>y es ke ellos dicen mierda. NOSOTROS AMEN!! AMEN!!!<\/p>\r\n      <\/div>\r\n    <\/div>\r\n  <\/div>\r\n \r\n \r\n<\/div>","protected":false},"excerpt":{"rendered":"<p>Ikusi letra ELLOS DICEN MIERDA 1990 Mil colegas quedan tiraos por el camino y cu\u00e1ntos m\u00e1s van a quedar Cu\u00e1nto viviremos, cu\u00e1nto tiempo moriremos en esta absurda derrota sin final. Dos semanas, tres semanas o cuarenta mil ma\u00f1anas, qu\u00e9 pringue a la madre de dios cu\u00e1nto horror habr\u00e1 que ver cu\u00e1ntos golpes recibir, cu\u00e1nta gente [&hellip;]<\/p>\n","protected":false},"author":1,"featured_media":0,"parent":2931,"menu_order":0,"comment_status":"closed","ping_status":"closed","template":"templates\/page-interior-expo-permanente.php","meta":{"_acf_changed":false,"footnotes":""},"class_list":["post-3053","page","type-page","status-publish","hentry"],"acf":[],"yoast_head":"<!-- This site is optimized with the Yoast SEO plugin v27.3 - https:\/\/yoast.com\/product\/yoast-seo-wordpress\/ -->\n<title>La Polla Records \u2013 ellos dicen mierda 1990 - Rialia<\/title>\n<meta name=\"robots\" content=\"index, follow, max-snippet:-1, max-image-preview:large, max-video-preview:-1\" \/>\n<link rel=\"canonical\" href=\"https:\/\/rialia.eus\/museo\/exposicion-permanente\/portugalete\/musica\/la-polla-records-ellos-dicen-mierda-1990\/\" \/>\n<meta property=\"og:locale\" content=\"eu_ES\" \/>\n<meta property=\"og:type\" content=\"article\" \/>\n<meta property=\"og:title\" content=\"La Polla Records \u2013 ellos dicen mierda 1990 - Rialia\" \/>\n<meta property=\"og:description\" content=\"Ikusi letra ELLOS DICEN MIERDA 1990 Mil colegas quedan tiraos por el camino y cu\u00e1ntos m\u00e1s van a quedar Cu\u00e1nto viviremos, cu\u00e1nto tiempo moriremos en esta absurda derrota sin final. Dos semanas, tres semanas o cuarenta mil ma\u00f1anas, qu\u00e9 pringue a la madre de dios cu\u00e1nto horror habr\u00e1 que ver cu\u00e1ntos golpes recibir, cu\u00e1nta gente [&hellip;]\" \/>\n<meta property=\"og:url\" content=\"https:\/\/rialia.eus\/museo\/exposicion-permanente\/portugalete\/musica\/la-polla-records-ellos-dicen-mierda-1990\/\" \/>\n<meta property=\"og:site_name\" content=\"Rialia\" \/>\n<meta property=\"article:modified_time\" content=\"2024-12-18T12:22:29+00:00\" \/>\n<meta name=\"twitter:card\" content=\"summary_large_image\" \/>\n<meta name=\"twitter:label1\" content=\"Est. reading time\" \/>\n\t<meta name=\"twitter:data1\" content=\"1 minute\" \/>\n<script type=\"application\/ld+json\" class=\"yoast-schema-graph\">{\"@context\":\"https:\\\/\\\/schema.org\",\"@graph\":[{\"@type\":\"WebPage\",\"@id\":\"https:\\\/\\\/rialia.eus\\\/museo\\\/exposicion-permanente\\\/portugalete\\\/musica\\\/la-polla-records-ellos-dicen-mierda-1990\\\/\",\"url\":\"https:\\\/\\\/rialia.eus\\\/museo\\\/exposicion-permanente\\\/portugalete\\\/musica\\\/la-polla-records-ellos-dicen-mierda-1990\\\/\",\"name\":\"La Polla Records \u2013 ellos dicen mierda 1990 - Rialia\",\"isPartOf\":{\"@id\":\"https:\\\/\\\/rialia.eus\\\/#website\"},\"datePublished\":\"2024-12-10T09:35:00+00:00\",\"dateModified\":\"2024-12-18T12:22:29+00:00\",\"breadcrumb\":{\"@id\":\"https:\\\/\\\/rialia.eus\\\/museo\\\/exposicion-permanente\\\/portugalete\\\/musica\\\/la-polla-records-ellos-dicen-mierda-1990\\\/#breadcrumb\"},\"inLanguage\":\"eu-ES\",\"potentialAction\":[{\"@type\":\"ReadAction\",\"target\":[\"https:\\\/\\\/rialia.eus\\\/museo\\\/exposicion-permanente\\\/portugalete\\\/musica\\\/la-polla-records-ellos-dicen-mierda-1990\\\/\"]}]},{\"@type\":\"BreadcrumbList\",\"@id\":\"https:\\\/\\\/rialia.eus\\\/museo\\\/exposicion-permanente\\\/portugalete\\\/musica\\\/la-polla-records-ellos-dicen-mierda-1990\\\/#breadcrumb\",\"itemListElement\":[{\"@type\":\"ListItem\",\"position\":1,\"name\":\"Portada\",\"item\":\"https:\\\/\\\/rialia.eus\\\/eu\\\/\"},{\"@type\":\"ListItem\",\"position\":2,\"name\":\"Museoa\",\"item\":\"https:\\\/\\\/rialia.eus\\\/eu\\\/museoa\\\/\"},{\"@type\":\"ListItem\",\"position\":3,\"name\":\"Erakusketa iraunkorra\",\"item\":\"https:\\\/\\\/rialia.eus\\\/eu\\\/museoa\\\/erakusketa-iraunkorra\\\/\"},{\"@type\":\"ListItem\",\"position\":4,\"name\":\"Portugalete\",\"item\":\"https:\\\/\\\/rialia.eus\\\/eu\\\/museoa\\\/erakusketa-iraunkorra\\\/portugalete\\\/\"},{\"@type\":\"ListItem\",\"position\":5,\"name\":\"BANDEN TRENA\",\"item\":\"https:\\\/\\\/rialia.eus\\\/eu\\\/museoa\\\/erakusketa-iraunkorra\\\/portugalete\\\/banden-trena\\\/\"},{\"@type\":\"ListItem\",\"position\":6,\"name\":\"La Polla Records \u2013 ellos dicen mierda 1990\"}]},{\"@type\":\"WebSite\",\"@id\":\"https:\\\/\\\/rialia.eus\\\/#website\",\"url\":\"https:\\\/\\\/rialia.eus\\\/\",\"name\":\"Rialia\",\"description\":\"Industria Museoa \u2013 Museo de la Industria\",\"potentialAction\":[{\"@type\":\"SearchAction\",\"target\":{\"@type\":\"EntryPoint\",\"urlTemplate\":\"https:\\\/\\\/rialia.eus\\\/?s={search_term_string}\"},\"query-input\":{\"@type\":\"PropertyValueSpecification\",\"valueRequired\":true,\"valueName\":\"search_term_string\"}}],\"inLanguage\":\"eu-ES\"}]}<\/script>\n<!-- \/ Yoast SEO plugin. -->","yoast_head_json":{"title":"La Polla Records \u2013 ellos dicen mierda 1990 - Rialia","robots":{"index":"index","follow":"follow","max-snippet":"max-snippet:-1","max-image-preview":"max-image-preview:large","max-video-preview":"max-video-preview:-1"},"canonical":"https:\/\/rialia.eus\/museo\/exposicion-permanente\/portugalete\/musica\/la-polla-records-ellos-dicen-mierda-1990\/","og_locale":"eu_ES","og_type":"article","og_title":"La Polla Records \u2013 ellos dicen mierda 1990 - Rialia","og_description":"Ikusi letra ELLOS DICEN MIERDA 1990 Mil colegas quedan tiraos por el camino y cu\u00e1ntos m\u00e1s van a quedar Cu\u00e1nto viviremos, cu\u00e1nto tiempo moriremos en esta absurda derrota sin final. Dos semanas, tres semanas o cuarenta mil ma\u00f1anas, qu\u00e9 pringue a la madre de dios cu\u00e1nto horror habr\u00e1 que ver cu\u00e1ntos golpes recibir, cu\u00e1nta gente [&hellip;]","og_url":"https:\/\/rialia.eus\/museo\/exposicion-permanente\/portugalete\/musica\/la-polla-records-ellos-dicen-mierda-1990\/","og_site_name":"Rialia","article_modified_time":"2024-12-18T12:22:29+00:00","twitter_card":"summary_large_image","twitter_misc":{"Est. reading time":"1 minute"},"schema":{"@context":"https:\/\/schema.org","@graph":[{"@type":"WebPage","@id":"https:\/\/rialia.eus\/museo\/exposicion-permanente\/portugalete\/musica\/la-polla-records-ellos-dicen-mierda-1990\/","url":"https:\/\/rialia.eus\/museo\/exposicion-permanente\/portugalete\/musica\/la-polla-records-ellos-dicen-mierda-1990\/","name":"La Polla Records \u2013 ellos dicen mierda 1990 - Rialia","isPartOf":{"@id":"https:\/\/rialia.eus\/#website"},"datePublished":"2024-12-10T09:35:00+00:00","dateModified":"2024-12-18T12:22:29+00:00","breadcrumb":{"@id":"https:\/\/rialia.eus\/museo\/exposicion-permanente\/portugalete\/musica\/la-polla-records-ellos-dicen-mierda-1990\/#breadcrumb"},"inLanguage":"eu-ES","potentialAction":[{"@type":"ReadAction","target":["https:\/\/rialia.eus\/museo\/exposicion-permanente\/portugalete\/musica\/la-polla-records-ellos-dicen-mierda-1990\/"]}]},{"@type":"BreadcrumbList","@id":"https:\/\/rialia.eus\/museo\/exposicion-permanente\/portugalete\/musica\/la-polla-records-ellos-dicen-mierda-1990\/#breadcrumb","itemListElement":[{"@type":"ListItem","position":1,"name":"Portada","item":"https:\/\/rialia.eus\/eu\/"},{"@type":"ListItem","position":2,"name":"Museoa","item":"https:\/\/rialia.eus\/eu\/museoa\/"},{"@type":"ListItem","position":3,"name":"Erakusketa iraunkorra","item":"https:\/\/rialia.eus\/eu\/museoa\/erakusketa-iraunkorra\/"},{"@type":"ListItem","position":4,"name":"Portugalete","item":"https:\/\/rialia.eus\/eu\/museoa\/erakusketa-iraunkorra\/portugalete\/"},{"@type":"ListItem","position":5,"name":"BANDEN TRENA","item":"https:\/\/rialia.eus\/eu\/museoa\/erakusketa-iraunkorra\/portugalete\/banden-trena\/"},{"@type":"ListItem","position":6,"name":"La Polla Records \u2013 ellos dicen mierda 1990"}]},{"@type":"WebSite","@id":"https:\/\/rialia.eus\/#website","url":"https:\/\/rialia.eus\/","name":"Rialia","description":"Industria Museoa \u2013 Museo de la Industria","potentialAction":[{"@type":"SearchAction","target":{"@type":"EntryPoint","urlTemplate":"https:\/\/rialia.eus\/?s={search_term_string}"},"query-input":{"@type":"PropertyValueSpecification","valueRequired":true,"valueName":"search_term_string"}}],"inLanguage":"eu-ES"}]}},"_links":{"self":[{"href":"https:\/\/rialia.eus\/eu\/wp-json\/wp\/v2\/pages\/3053","targetHints":{"allow":["GET"]}}],"collection":[{"href":"https:\/\/rialia.eus\/eu\/wp-json\/wp\/v2\/pages"}],"about":[{"href":"https:\/\/rialia.eus\/eu\/wp-json\/wp\/v2\/types\/page"}],"author":[{"embeddable":true,"href":"https:\/\/rialia.eus\/eu\/wp-json\/wp\/v2\/users\/1"}],"replies":[{"embeddable":true,"href":"https:\/\/rialia.eus\/eu\/wp-json\/wp\/v2\/comments?post=3053"}],"version-history":[{"count":1,"href":"https:\/\/rialia.eus\/eu\/wp-json\/wp\/v2\/pages\/3053\/revisions"}],"predecessor-version":[{"id":3054,"href":"https:\/\/rialia.eus\/eu\/wp-json\/wp\/v2\/pages\/3053\/revisions\/3054"}],"up":[{"embeddable":true,"href":"https:\/\/rialia.eus\/eu\/wp-json\/wp\/v2\/pages\/2931"}],"wp:attachment":[{"href":"https:\/\/rialia.eus\/eu\/wp-json\/wp\/v2\/media?parent=3053"}],"curies":[{"name":"wp","href":"https:\/\/api.w.org\/{rel}","templated":true}]}}