 {"id":3014,"date":"2024-12-10T10:16:00","date_gmt":"2024-12-10T09:16:00","guid":{"rendered":"https:\/\/rialia.eus\/portugalete\/exodo-margen-izquierda-el-bronx\/"},"modified":"2024-12-18T12:54:44","modified_gmt":"2024-12-18T11:54:44","slug":"exodo-margen-izquierda-el-bronx","status":"publish","type":"page","link":"https:\/\/rialia.eus\/eu\/museoa\/erakusketa-iraunkorra\/portugalete\/banden-trena\/exodo-margen-izquierda-el-bronx\/","title":{"rendered":"\u00c9xodo \u2013 Margen Izquierda (El Bronx)"},"content":{"rendered":"<iframe loading=\"lazy\" title=\"\u00c9XODO - Margen Izquierda (El Bronx) (Demo 1985)\" width=\"1140\" height=\"855\" src=\"https:\/\/www.youtube.com\/embed\/ei3ko6NVZGA?feature=oembed\" frameborder=\"0\" allow=\"accelerometer; autoplay; clipboard-write; encrypted-media; gyroscope; picture-in-picture; web-share\" allowfullscreen=\"\"><\/iframe>\r\n\r\n\r\n\r\n\t\t\t\t\t\t\t\t<!-- Accordion -->\r\n\t\t\t\t\t\t\t\t<div class=\"accordion p-t-50\" id=\"accordionExample\">\r\n  <div class=\"accordion-item\">\r\n    <h2 class=\"accordion-header\">\r\n      <button class=\"accordion-button collapsed\" type=\"button\" data-bs-toggle=\"collapse\" data-bs-target=\"#collapseOne\" aria-expanded=\"false\" aria-controls=\"collapseOne\">\r\n        Ikusi letra\r\n      <\/button>\r\n    <\/h2>\r\n    <div id=\"collapseOne\" class=\"accordion-collapse collapse\" data-bs-parent=\"#accordionExample\">\r\n      <div class=\"accordion-body\">\r\n      <h3>\u00c9xodo \u2013 Margen Izquierda (El Bronx)<\/h3>\r\n\r\n<p>La soledad, un d\u00eda m\u00e1s.<br>\r\nEl cielo gris, la suciedad.<br>\r\nEl paro cruel, no se qu\u00e9 hacer.<br>\r\nMe siento mal, me picar\u00e9.<br>\r\nCaballo cruel, tal vez me matar\u00e1s.<\/p>\r\n\r\n<p>La soledad, un d\u00eda m\u00e1s.<br>\r\nEl cielo gris, la suciedad.<br>\r\nLa represi\u00f3n, marginaci\u00f3n,<br>\r\nla poluci\u00f3n, la incomprensi\u00f3n.<br>\r\nNo pienses m\u00e1s, estamos en el Bronx.<\/p>\r\n\r\n<p>La soledad, un d\u00eda m\u00e1s.<br>\r\nEl cielo gris, la suciedad.<br>\r\nEl paro cruel, no se qu\u00e9 hacer<br>\r\nUn d\u00eda m\u00e1s, ni a donde ir.<br>\r\nMe siento mal, me picar\u00e9.<br>\r\nCaballo cruel, me matar\u00e1s\u2026<\/p>\r\n\r\n<p>Margen Izquierda, tan terrible como el Bronx.<br>\r\nMargen Izquierda, lucha por sobrevivir.<br>\r\nMargen Izquierda, tan terrible como el Bronx.<\/p>\r\n      <\/div>\r\n    <\/div>\r\n  <\/div>\r\n \r\n \r\n<\/div>","protected":false},"excerpt":{"rendered":"<p>Ikusi letra \u00c9xodo \u2013 Margen Izquierda (El Bronx) La soledad, un d\u00eda m\u00e1s. El cielo gris, la suciedad. El paro cruel, no se qu\u00e9 hacer. Me siento mal, me picar\u00e9. Caballo cruel, tal vez me matar\u00e1s. La soledad, un d\u00eda m\u00e1s. El cielo gris, la suciedad. La represi\u00f3n, marginaci\u00f3n, la poluci\u00f3n, la incomprensi\u00f3n. No pienses [&hellip;]<\/p>\n","protected":false},"author":1,"featured_media":0,"parent":2931,"menu_order":0,"comment_status":"closed","ping_status":"closed","template":"templates\/page-interior-expo-permanente.php","meta":{"_acf_changed":false,"footnotes":""},"class_list":["post-3014","page","type-page","status-publish","hentry"],"acf":[],"yoast_head":"<!-- This site is optimized with the Yoast SEO plugin v27.3 - https:\/\/yoast.com\/product\/yoast-seo-wordpress\/ -->\n<title>\u00c9xodo \u2013 Margen Izquierda (El Bronx) - Rialia<\/title>\n<meta name=\"robots\" content=\"index, follow, max-snippet:-1, max-image-preview:large, max-video-preview:-1\" \/>\n<link rel=\"canonical\" href=\"https:\/\/rialia.eus\/museo\/exposicion-permanente\/portugalete\/musica\/exodo-margen-izquierda-el-bronx\/\" \/>\n<meta property=\"og:locale\" content=\"eu_ES\" \/>\n<meta property=\"og:type\" content=\"article\" \/>\n<meta property=\"og:title\" content=\"\u00c9xodo \u2013 Margen Izquierda (El Bronx) - Rialia\" \/>\n<meta property=\"og:description\" content=\"Ikusi letra \u00c9xodo \u2013 Margen Izquierda (El Bronx) La soledad, un d\u00eda m\u00e1s. El cielo gris, la suciedad. El paro cruel, no se qu\u00e9 hacer. Me siento mal, me picar\u00e9. Caballo cruel, tal vez me matar\u00e1s. La soledad, un d\u00eda m\u00e1s. El cielo gris, la suciedad. La represi\u00f3n, marginaci\u00f3n, la poluci\u00f3n, la incomprensi\u00f3n. No pienses [&hellip;]\" \/>\n<meta property=\"og:url\" content=\"https:\/\/rialia.eus\/museo\/exposicion-permanente\/portugalete\/musica\/exodo-margen-izquierda-el-bronx\/\" \/>\n<meta property=\"og:site_name\" content=\"Rialia\" \/>\n<meta property=\"article:modified_time\" content=\"2024-12-18T11:54:44+00:00\" \/>\n<meta name=\"twitter:card\" content=\"summary_large_image\" \/>\n<meta name=\"twitter:label1\" content=\"Est. reading time\" \/>\n\t<meta name=\"twitter:data1\" content=\"1 minute\" \/>\n<script type=\"application\/ld+json\" class=\"yoast-schema-graph\">{\"@context\":\"https:\\\/\\\/schema.org\",\"@graph\":[{\"@type\":\"WebPage\",\"@id\":\"https:\\\/\\\/rialia.eus\\\/museo\\\/exposicion-permanente\\\/portugalete\\\/musica\\\/exodo-margen-izquierda-el-bronx\\\/\",\"url\":\"https:\\\/\\\/rialia.eus\\\/museo\\\/exposicion-permanente\\\/portugalete\\\/musica\\\/exodo-margen-izquierda-el-bronx\\\/\",\"name\":\"\u00c9xodo \u2013 Margen Izquierda (El Bronx) - Rialia\",\"isPartOf\":{\"@id\":\"https:\\\/\\\/rialia.eus\\\/#website\"},\"datePublished\":\"2024-12-10T09:16:00+00:00\",\"dateModified\":\"2024-12-18T11:54:44+00:00\",\"breadcrumb\":{\"@id\":\"https:\\\/\\\/rialia.eus\\\/museo\\\/exposicion-permanente\\\/portugalete\\\/musica\\\/exodo-margen-izquierda-el-bronx\\\/#breadcrumb\"},\"inLanguage\":\"eu-ES\",\"potentialAction\":[{\"@type\":\"ReadAction\",\"target\":[\"https:\\\/\\\/rialia.eus\\\/museo\\\/exposicion-permanente\\\/portugalete\\\/musica\\\/exodo-margen-izquierda-el-bronx\\\/\"]}]},{\"@type\":\"BreadcrumbList\",\"@id\":\"https:\\\/\\\/rialia.eus\\\/museo\\\/exposicion-permanente\\\/portugalete\\\/musica\\\/exodo-margen-izquierda-el-bronx\\\/#breadcrumb\",\"itemListElement\":[{\"@type\":\"ListItem\",\"position\":1,\"name\":\"Portada\",\"item\":\"https:\\\/\\\/rialia.eus\\\/eu\\\/\"},{\"@type\":\"ListItem\",\"position\":2,\"name\":\"Museoa\",\"item\":\"https:\\\/\\\/rialia.eus\\\/eu\\\/museoa\\\/\"},{\"@type\":\"ListItem\",\"position\":3,\"name\":\"Erakusketa iraunkorra\",\"item\":\"https:\\\/\\\/rialia.eus\\\/eu\\\/museoa\\\/erakusketa-iraunkorra\\\/\"},{\"@type\":\"ListItem\",\"position\":4,\"name\":\"Portugalete\",\"item\":\"https:\\\/\\\/rialia.eus\\\/eu\\\/museoa\\\/erakusketa-iraunkorra\\\/portugalete\\\/\"},{\"@type\":\"ListItem\",\"position\":5,\"name\":\"BANDEN TRENA\",\"item\":\"https:\\\/\\\/rialia.eus\\\/eu\\\/museoa\\\/erakusketa-iraunkorra\\\/portugalete\\\/banden-trena\\\/\"},{\"@type\":\"ListItem\",\"position\":6,\"name\":\"\u00c9xodo \u2013 Margen Izquierda (El Bronx)\"}]},{\"@type\":\"WebSite\",\"@id\":\"https:\\\/\\\/rialia.eus\\\/#website\",\"url\":\"https:\\\/\\\/rialia.eus\\\/\",\"name\":\"Rialia\",\"description\":\"Industria Museoa \u2013 Museo de la Industria\",\"potentialAction\":[{\"@type\":\"SearchAction\",\"target\":{\"@type\":\"EntryPoint\",\"urlTemplate\":\"https:\\\/\\\/rialia.eus\\\/?s={search_term_string}\"},\"query-input\":{\"@type\":\"PropertyValueSpecification\",\"valueRequired\":true,\"valueName\":\"search_term_string\"}}],\"inLanguage\":\"eu-ES\"}]}<\/script>\n<!-- \/ Yoast SEO plugin. -->","yoast_head_json":{"title":"\u00c9xodo \u2013 Margen Izquierda (El Bronx) - Rialia","robots":{"index":"index","follow":"follow","max-snippet":"max-snippet:-1","max-image-preview":"max-image-preview:large","max-video-preview":"max-video-preview:-1"},"canonical":"https:\/\/rialia.eus\/museo\/exposicion-permanente\/portugalete\/musica\/exodo-margen-izquierda-el-bronx\/","og_locale":"eu_ES","og_type":"article","og_title":"\u00c9xodo \u2013 Margen Izquierda (El Bronx) - Rialia","og_description":"Ikusi letra \u00c9xodo \u2013 Margen Izquierda (El Bronx) La soledad, un d\u00eda m\u00e1s. El cielo gris, la suciedad. El paro cruel, no se qu\u00e9 hacer. Me siento mal, me picar\u00e9. Caballo cruel, tal vez me matar\u00e1s. La soledad, un d\u00eda m\u00e1s. El cielo gris, la suciedad. La represi\u00f3n, marginaci\u00f3n, la poluci\u00f3n, la incomprensi\u00f3n. No pienses [&hellip;]","og_url":"https:\/\/rialia.eus\/museo\/exposicion-permanente\/portugalete\/musica\/exodo-margen-izquierda-el-bronx\/","og_site_name":"Rialia","article_modified_time":"2024-12-18T11:54:44+00:00","twitter_card":"summary_large_image","twitter_misc":{"Est. reading time":"1 minute"},"schema":{"@context":"https:\/\/schema.org","@graph":[{"@type":"WebPage","@id":"https:\/\/rialia.eus\/museo\/exposicion-permanente\/portugalete\/musica\/exodo-margen-izquierda-el-bronx\/","url":"https:\/\/rialia.eus\/museo\/exposicion-permanente\/portugalete\/musica\/exodo-margen-izquierda-el-bronx\/","name":"\u00c9xodo \u2013 Margen Izquierda (El Bronx) - Rialia","isPartOf":{"@id":"https:\/\/rialia.eus\/#website"},"datePublished":"2024-12-10T09:16:00+00:00","dateModified":"2024-12-18T11:54:44+00:00","breadcrumb":{"@id":"https:\/\/rialia.eus\/museo\/exposicion-permanente\/portugalete\/musica\/exodo-margen-izquierda-el-bronx\/#breadcrumb"},"inLanguage":"eu-ES","potentialAction":[{"@type":"ReadAction","target":["https:\/\/rialia.eus\/museo\/exposicion-permanente\/portugalete\/musica\/exodo-margen-izquierda-el-bronx\/"]}]},{"@type":"BreadcrumbList","@id":"https:\/\/rialia.eus\/museo\/exposicion-permanente\/portugalete\/musica\/exodo-margen-izquierda-el-bronx\/#breadcrumb","itemListElement":[{"@type":"ListItem","position":1,"name":"Portada","item":"https:\/\/rialia.eus\/eu\/"},{"@type":"ListItem","position":2,"name":"Museoa","item":"https:\/\/rialia.eus\/eu\/museoa\/"},{"@type":"ListItem","position":3,"name":"Erakusketa iraunkorra","item":"https:\/\/rialia.eus\/eu\/museoa\/erakusketa-iraunkorra\/"},{"@type":"ListItem","position":4,"name":"Portugalete","item":"https:\/\/rialia.eus\/eu\/museoa\/erakusketa-iraunkorra\/portugalete\/"},{"@type":"ListItem","position":5,"name":"BANDEN TRENA","item":"https:\/\/rialia.eus\/eu\/museoa\/erakusketa-iraunkorra\/portugalete\/banden-trena\/"},{"@type":"ListItem","position":6,"name":"\u00c9xodo \u2013 Margen Izquierda (El Bronx)"}]},{"@type":"WebSite","@id":"https:\/\/rialia.eus\/#website","url":"https:\/\/rialia.eus\/","name":"Rialia","description":"Industria Museoa \u2013 Museo de la Industria","potentialAction":[{"@type":"SearchAction","target":{"@type":"EntryPoint","urlTemplate":"https:\/\/rialia.eus\/?s={search_term_string}"},"query-input":{"@type":"PropertyValueSpecification","valueRequired":true,"valueName":"search_term_string"}}],"inLanguage":"eu-ES"}]}},"_links":{"self":[{"href":"https:\/\/rialia.eus\/eu\/wp-json\/wp\/v2\/pages\/3014","targetHints":{"allow":["GET"]}}],"collection":[{"href":"https:\/\/rialia.eus\/eu\/wp-json\/wp\/v2\/pages"}],"about":[{"href":"https:\/\/rialia.eus\/eu\/wp-json\/wp\/v2\/types\/page"}],"author":[{"embeddable":true,"href":"https:\/\/rialia.eus\/eu\/wp-json\/wp\/v2\/users\/1"}],"replies":[{"embeddable":true,"href":"https:\/\/rialia.eus\/eu\/wp-json\/wp\/v2\/comments?post=3014"}],"version-history":[{"count":1,"href":"https:\/\/rialia.eus\/eu\/wp-json\/wp\/v2\/pages\/3014\/revisions"}],"predecessor-version":[{"id":3015,"href":"https:\/\/rialia.eus\/eu\/wp-json\/wp\/v2\/pages\/3014\/revisions\/3015"}],"up":[{"embeddable":true,"href":"https:\/\/rialia.eus\/eu\/wp-json\/wp\/v2\/pages\/2931"}],"wp:attachment":[{"href":"https:\/\/rialia.eus\/eu\/wp-json\/wp\/v2\/media?parent=3014"}],"curies":[{"name":"wp","href":"https:\/\/api.w.org\/{rel}","templated":true}]}}