 {"id":3002,"date":"2024-12-10T10:09:36","date_gmt":"2024-12-10T09:09:36","guid":{"rendered":"https:\/\/rialia.eus\/portugalete\/inri-ortuella-1993\/"},"modified":"2024-12-18T12:44:52","modified_gmt":"2024-12-18T11:44:52","slug":"inri-ortuella-1993","status":"publish","type":"page","link":"https:\/\/rialia.eus\/eu\/museoa\/erakusketa-iraunkorra\/portugalete\/banden-trena\/inri-ortuella-1993\/","title":{"rendered":"INRI \u2013 Ortuella (1993)"},"content":{"rendered":"<iframe loading=\"lazy\" title=\"INRI - Ortuella (Demo 1993)\" width=\"1140\" height=\"641\" src=\"https:\/\/www.youtube.com\/embed\/7P26pv-bEZQ?feature=oembed\" frameborder=\"0\" allow=\"accelerometer; autoplay; clipboard-write; encrypted-media; gyroscope; picture-in-picture; web-share\" allowfullscreen=\"\"><\/iframe>\r\n\r\n\r\n\r\n\t\t\t\t\t\t\t\t<!-- Accordion -->\r\n\t\t\t\t\t\t\t\t<div class=\"accordion p-t-50\" id=\"accordionExample\">\r\n  <div class=\"accordion-item\">\r\n    <h2 class=\"accordion-header\">\r\n      <button class=\"accordion-button collapsed\" type=\"button\" data-bs-toggle=\"collapse\" data-bs-target=\"#collapseOne\" aria-expanded=\"false\" aria-controls=\"collapseOne\">\r\n        Ikusi letra\r\n      <\/button>\r\n    <\/h2>\r\n    <div id=\"collapseOne\" class=\"accordion-collapse collapse\" data-bs-parent=\"#accordionExample\">\r\n      <div class=\"accordion-body\">\r\n      <h3>ORTUELLA (1993)<\/h3>\r\n\r\n<p>Mataron los Montes,<br>\r\nrobaron el Hierro<br>\r\nFiel Reflejo, lo repelen.<\/p>\r\n\r\n<p>Murieron Familias, trabajando noche y d\u00eda<br>\r\nPagaron cuatro gordas, francos y belgas,<br>\r\nmuri\u00f3 medio mundo, sin respetarte.<\/p>\r\n\r\n<p>C\u00f3mo dejaste que te robaran.<br>\r\nT\u00fa que ten\u00edas la riqueza en tus manos.<br>\r\nEl futuro, te lo quitaron por la fuerza.<\/p>\r\n\r\n<p>Ortuella, qui\u00e9n te ha visto y qui\u00e9n te ve.<br>\r\nAunque yo sigo queriendo y odi\u00e1ndote a la vez.<\/p>\r\n\r\n<p>Ortuella, qui\u00e9n te ha visto y qui\u00e9n te ve.<br>\r\nAunque yo sigo queriendo y odi\u00e1ndote a la vez.<\/p>\r\n\r\n<p>Ahora ya no hay nada, s\u00f3lo pobreza.<br>\r\nLos j\u00f3venes se marchan, es la realidad.<br>\r\nBuscando otro lugar, donde vivir.<\/p>\r\n\r\n<p>Los viejos se amontonan en el Centro de D\u00eda.<br>\r\nConvertida en la escoria del Gran Bilbao.<br>\r\nS\u00f3lo queda frustraci\u00f3n.<br>\r\nLaderas y montes claman justicia.<br>\r\nY t\u00fa les env\u00edas mucha basura, mucha basura,<br>\r\ny campos de Golf. \u00a1Cag\u00fcen Dios!<\/p>\r\n\r\n<p>Ortuella, qui\u00e9n te ha visto y qui\u00e9n te ve.<br>\r\nAunque yo sigo queriendo y odi\u00e1ndote a la vez.<\/p>\r\n\r\n<p>Ortuella, qui\u00e9n te ha visto y qui\u00e9n te ve.<br>\r\nAunque yo sigo queriendo y odi\u00e1ndote a la vez.<\/p>\r\n\r\n<p>Ni siquiera el Metro llega aqu\u00ed.<br>\r\nSin autobuses, trenes, diez meses al a\u00f1o.<br>\r\nAislados por el poder.<\/p>\r\n\r\n<p>Monumento al minero, un cacho de piedra.<br>\r\nQuitaron la belleza de la vagoneta,<br>\r\nen la que tus gentes dejaron sangre.<\/p>\r\n\r\n<p>Ya no te acuerdas lo que eso fue,<br>\r\nsi ellos levantasen la cabeza,<br>\r\nmorir\u00edan otra vez, otra vez, otra vez\u2026<\/p>\r\n      <\/div>\r\n    <\/div>\r\n  <\/div>\r\n \r\n \r\n<\/div>","protected":false},"excerpt":{"rendered":"<p>Ikusi letra ORTUELLA (1993) Mataron los Montes, robaron el Hierro Fiel Reflejo, lo repelen. Murieron Familias, trabajando noche y d\u00eda Pagaron cuatro gordas, francos y belgas, muri\u00f3 medio mundo, sin respetarte. C\u00f3mo dejaste que te robaran. T\u00fa que ten\u00edas la riqueza en tus manos. El futuro, te lo quitaron por la fuerza. Ortuella, qui\u00e9n te [&hellip;]<\/p>\n","protected":false},"author":1,"featured_media":0,"parent":2931,"menu_order":0,"comment_status":"closed","ping_status":"closed","template":"templates\/page-interior-expo-permanente.php","meta":{"_acf_changed":false,"footnotes":""},"class_list":["post-3002","page","type-page","status-publish","hentry"],"acf":[],"yoast_head":"<!-- This site is optimized with the Yoast SEO plugin v27.3 - https:\/\/yoast.com\/product\/yoast-seo-wordpress\/ -->\n<title>INRI \u2013 Ortuella (1993) - Rialia<\/title>\n<meta name=\"robots\" content=\"index, follow, max-snippet:-1, max-image-preview:large, max-video-preview:-1\" \/>\n<link rel=\"canonical\" href=\"https:\/\/rialia.eus\/museo\/exposicion-permanente\/portugalete\/musica\/inri-ortuella-1993\/\" \/>\n<meta property=\"og:locale\" content=\"eu_ES\" \/>\n<meta property=\"og:type\" content=\"article\" \/>\n<meta property=\"og:title\" content=\"INRI \u2013 Ortuella (1993) - Rialia\" \/>\n<meta property=\"og:description\" content=\"Ikusi letra ORTUELLA (1993) Mataron los Montes, robaron el Hierro Fiel Reflejo, lo repelen. Murieron Familias, trabajando noche y d\u00eda Pagaron cuatro gordas, francos y belgas, muri\u00f3 medio mundo, sin respetarte. C\u00f3mo dejaste que te robaran. T\u00fa que ten\u00edas la riqueza en tus manos. El futuro, te lo quitaron por la fuerza. Ortuella, qui\u00e9n te [&hellip;]\" \/>\n<meta property=\"og:url\" content=\"https:\/\/rialia.eus\/museo\/exposicion-permanente\/portugalete\/musica\/inri-ortuella-1993\/\" \/>\n<meta property=\"og:site_name\" content=\"Rialia\" \/>\n<meta property=\"article:modified_time\" content=\"2024-12-18T11:44:52+00:00\" \/>\n<meta name=\"twitter:card\" content=\"summary_large_image\" \/>\n<meta name=\"twitter:label1\" content=\"Est. reading time\" \/>\n\t<meta name=\"twitter:data1\" content=\"2 minutes\" \/>\n<script type=\"application\/ld+json\" class=\"yoast-schema-graph\">{\"@context\":\"https:\\\/\\\/schema.org\",\"@graph\":[{\"@type\":\"WebPage\",\"@id\":\"https:\\\/\\\/rialia.eus\\\/museo\\\/exposicion-permanente\\\/portugalete\\\/musica\\\/inri-ortuella-1993\\\/\",\"url\":\"https:\\\/\\\/rialia.eus\\\/museo\\\/exposicion-permanente\\\/portugalete\\\/musica\\\/inri-ortuella-1993\\\/\",\"name\":\"INRI \u2013 Ortuella (1993) - Rialia\",\"isPartOf\":{\"@id\":\"https:\\\/\\\/rialia.eus\\\/#website\"},\"datePublished\":\"2024-12-10T09:09:36+00:00\",\"dateModified\":\"2024-12-18T11:44:52+00:00\",\"breadcrumb\":{\"@id\":\"https:\\\/\\\/rialia.eus\\\/museo\\\/exposicion-permanente\\\/portugalete\\\/musica\\\/inri-ortuella-1993\\\/#breadcrumb\"},\"inLanguage\":\"eu-ES\",\"potentialAction\":[{\"@type\":\"ReadAction\",\"target\":[\"https:\\\/\\\/rialia.eus\\\/museo\\\/exposicion-permanente\\\/portugalete\\\/musica\\\/inri-ortuella-1993\\\/\"]}]},{\"@type\":\"BreadcrumbList\",\"@id\":\"https:\\\/\\\/rialia.eus\\\/museo\\\/exposicion-permanente\\\/portugalete\\\/musica\\\/inri-ortuella-1993\\\/#breadcrumb\",\"itemListElement\":[{\"@type\":\"ListItem\",\"position\":1,\"name\":\"Portada\",\"item\":\"https:\\\/\\\/rialia.eus\\\/eu\\\/\"},{\"@type\":\"ListItem\",\"position\":2,\"name\":\"Museoa\",\"item\":\"https:\\\/\\\/rialia.eus\\\/eu\\\/museoa\\\/\"},{\"@type\":\"ListItem\",\"position\":3,\"name\":\"Erakusketa iraunkorra\",\"item\":\"https:\\\/\\\/rialia.eus\\\/eu\\\/museoa\\\/erakusketa-iraunkorra\\\/\"},{\"@type\":\"ListItem\",\"position\":4,\"name\":\"Portugalete\",\"item\":\"https:\\\/\\\/rialia.eus\\\/eu\\\/museoa\\\/erakusketa-iraunkorra\\\/portugalete\\\/\"},{\"@type\":\"ListItem\",\"position\":5,\"name\":\"BANDEN TRENA\",\"item\":\"https:\\\/\\\/rialia.eus\\\/eu\\\/museoa\\\/erakusketa-iraunkorra\\\/portugalete\\\/banden-trena\\\/\"},{\"@type\":\"ListItem\",\"position\":6,\"name\":\"INRI \u2013 Ortuella (1993)\"}]},{\"@type\":\"WebSite\",\"@id\":\"https:\\\/\\\/rialia.eus\\\/#website\",\"url\":\"https:\\\/\\\/rialia.eus\\\/\",\"name\":\"Rialia\",\"description\":\"Industria Museoa \u2013 Museo de la Industria\",\"potentialAction\":[{\"@type\":\"SearchAction\",\"target\":{\"@type\":\"EntryPoint\",\"urlTemplate\":\"https:\\\/\\\/rialia.eus\\\/?s={search_term_string}\"},\"query-input\":{\"@type\":\"PropertyValueSpecification\",\"valueRequired\":true,\"valueName\":\"search_term_string\"}}],\"inLanguage\":\"eu-ES\"}]}<\/script>\n<!-- \/ Yoast SEO plugin. -->","yoast_head_json":{"title":"INRI \u2013 Ortuella (1993) - Rialia","robots":{"index":"index","follow":"follow","max-snippet":"max-snippet:-1","max-image-preview":"max-image-preview:large","max-video-preview":"max-video-preview:-1"},"canonical":"https:\/\/rialia.eus\/museo\/exposicion-permanente\/portugalete\/musica\/inri-ortuella-1993\/","og_locale":"eu_ES","og_type":"article","og_title":"INRI \u2013 Ortuella (1993) - Rialia","og_description":"Ikusi letra ORTUELLA (1993) Mataron los Montes, robaron el Hierro Fiel Reflejo, lo repelen. Murieron Familias, trabajando noche y d\u00eda Pagaron cuatro gordas, francos y belgas, muri\u00f3 medio mundo, sin respetarte. C\u00f3mo dejaste que te robaran. T\u00fa que ten\u00edas la riqueza en tus manos. El futuro, te lo quitaron por la fuerza. Ortuella, qui\u00e9n te [&hellip;]","og_url":"https:\/\/rialia.eus\/museo\/exposicion-permanente\/portugalete\/musica\/inri-ortuella-1993\/","og_site_name":"Rialia","article_modified_time":"2024-12-18T11:44:52+00:00","twitter_card":"summary_large_image","twitter_misc":{"Est. reading time":"2 minutes"},"schema":{"@context":"https:\/\/schema.org","@graph":[{"@type":"WebPage","@id":"https:\/\/rialia.eus\/museo\/exposicion-permanente\/portugalete\/musica\/inri-ortuella-1993\/","url":"https:\/\/rialia.eus\/museo\/exposicion-permanente\/portugalete\/musica\/inri-ortuella-1993\/","name":"INRI \u2013 Ortuella (1993) - Rialia","isPartOf":{"@id":"https:\/\/rialia.eus\/#website"},"datePublished":"2024-12-10T09:09:36+00:00","dateModified":"2024-12-18T11:44:52+00:00","breadcrumb":{"@id":"https:\/\/rialia.eus\/museo\/exposicion-permanente\/portugalete\/musica\/inri-ortuella-1993\/#breadcrumb"},"inLanguage":"eu-ES","potentialAction":[{"@type":"ReadAction","target":["https:\/\/rialia.eus\/museo\/exposicion-permanente\/portugalete\/musica\/inri-ortuella-1993\/"]}]},{"@type":"BreadcrumbList","@id":"https:\/\/rialia.eus\/museo\/exposicion-permanente\/portugalete\/musica\/inri-ortuella-1993\/#breadcrumb","itemListElement":[{"@type":"ListItem","position":1,"name":"Portada","item":"https:\/\/rialia.eus\/eu\/"},{"@type":"ListItem","position":2,"name":"Museoa","item":"https:\/\/rialia.eus\/eu\/museoa\/"},{"@type":"ListItem","position":3,"name":"Erakusketa iraunkorra","item":"https:\/\/rialia.eus\/eu\/museoa\/erakusketa-iraunkorra\/"},{"@type":"ListItem","position":4,"name":"Portugalete","item":"https:\/\/rialia.eus\/eu\/museoa\/erakusketa-iraunkorra\/portugalete\/"},{"@type":"ListItem","position":5,"name":"BANDEN TRENA","item":"https:\/\/rialia.eus\/eu\/museoa\/erakusketa-iraunkorra\/portugalete\/banden-trena\/"},{"@type":"ListItem","position":6,"name":"INRI \u2013 Ortuella (1993)"}]},{"@type":"WebSite","@id":"https:\/\/rialia.eus\/#website","url":"https:\/\/rialia.eus\/","name":"Rialia","description":"Industria Museoa \u2013 Museo de la Industria","potentialAction":[{"@type":"SearchAction","target":{"@type":"EntryPoint","urlTemplate":"https:\/\/rialia.eus\/?s={search_term_string}"},"query-input":{"@type":"PropertyValueSpecification","valueRequired":true,"valueName":"search_term_string"}}],"inLanguage":"eu-ES"}]}},"_links":{"self":[{"href":"https:\/\/rialia.eus\/eu\/wp-json\/wp\/v2\/pages\/3002","targetHints":{"allow":["GET"]}}],"collection":[{"href":"https:\/\/rialia.eus\/eu\/wp-json\/wp\/v2\/pages"}],"about":[{"href":"https:\/\/rialia.eus\/eu\/wp-json\/wp\/v2\/types\/page"}],"author":[{"embeddable":true,"href":"https:\/\/rialia.eus\/eu\/wp-json\/wp\/v2\/users\/1"}],"replies":[{"embeddable":true,"href":"https:\/\/rialia.eus\/eu\/wp-json\/wp\/v2\/comments?post=3002"}],"version-history":[{"count":1,"href":"https:\/\/rialia.eus\/eu\/wp-json\/wp\/v2\/pages\/3002\/revisions"}],"predecessor-version":[{"id":3003,"href":"https:\/\/rialia.eus\/eu\/wp-json\/wp\/v2\/pages\/3002\/revisions\/3003"}],"up":[{"embeddable":true,"href":"https:\/\/rialia.eus\/eu\/wp-json\/wp\/v2\/pages\/2931"}],"wp:attachment":[{"href":"https:\/\/rialia.eus\/eu\/wp-json\/wp\/v2\/media?parent=3002"}],"curies":[{"name":"wp","href":"https:\/\/api.w.org\/{rel}","templated":true}]}}