 {"id":2971,"date":"2024-12-10T09:58:39","date_gmt":"2024-12-10T08:58:39","guid":{"rendered":"https:\/\/rialia.eus\/portugalete\/los-whitos-semos-de-sestao\/"},"modified":"2024-12-18T12:42:43","modified_gmt":"2024-12-18T11:42:43","slug":"los-whitos-semos-de-sestao","status":"publish","type":"page","link":"https:\/\/rialia.eus\/eu\/museoa\/erakusketa-iraunkorra\/portugalete\/banden-trena\/los-whitos-semos-de-sestao\/","title":{"rendered":"Los whitos \u2013 Semos de Sestao"},"content":{"rendered":"<iframe loading=\"lazy\" title=\"Semos de Sestao\" width=\"1140\" height=\"855\" src=\"https:\/\/www.youtube.com\/embed\/He6veXL0jzc?feature=oembed\" frameborder=\"0\" allow=\"accelerometer; autoplay; clipboard-write; encrypted-media; gyroscope; picture-in-picture; web-share\" allowfullscreen=\"\"><\/iframe>\r\n\r\n\r\n\r\n\t\t\t\t\t\t\t\t<!-- Accordion -->\r\n\t\t\t\t\t\t\t\t<div class=\"accordion p-t-50\" id=\"accordionExample\">\r\n  <div class=\"accordion-item\">\r\n    <h2 class=\"accordion-header\">\r\n      <button class=\"accordion-button collapsed\" type=\"button\" data-bs-toggle=\"collapse\" data-bs-target=\"#collapseOne\" aria-expanded=\"false\" aria-controls=\"collapseOne\">\r\n        Ikusi letra\r\n      <\/button>\r\n    <\/h2>\r\n    <div id=\"collapseOne\" class=\"accordion-collapse collapse\" data-bs-parent=\"#accordionExample\">\r\n      <div class=\"accordion-body\">\r\n      <h3>SEMOS DE SESTAO<\/h3>\r\n\r\n<p>Entre Portu y Barakaldo,<br>\r\nun pueblo muy rutinario.<br>\r\nPor el d\u00eda hay pocas crestas,<br>\r\npor las noches aberrando.<\/p>\r\n\r\n<p>Aupa River, Pe\u00f1a Norte<br>\r\nLa afici\u00f3n est\u00e1 que rompe.<br>\r\n\u00a1\u00a1Siempre, que rompe!!<\/p>\r\n\r\n<p>Porque semos de Sestado,<br>\r\nno nos gusta el bakalado\u2026<br>\r\nDo, do , re, mi, fa sol\u2026<br>\r\nPorque semos de Sestado<br>\r\n\u00a1\u00a1Ay, Ay, que no!!<br>\r\nno nos gusta el bakalado\u2026<\/p>\r\n      <\/div>\r\n    <\/div>\r\n  <\/div>\r\n \r\n \r\n<\/div>","protected":false},"excerpt":{"rendered":"<p>Ikusi letra SEMOS DE SESTAO Entre Portu y Barakaldo, un pueblo muy rutinario. Por el d\u00eda hay pocas crestas, por las noches aberrando. Aupa River, Pe\u00f1a Norte La afici\u00f3n est\u00e1 que rompe. \u00a1\u00a1Siempre, que rompe!! Porque semos de Sestado, no nos gusta el bakalado\u2026 Do, do , re, mi, fa sol\u2026 Porque semos de Sestado [&hellip;]<\/p>\n","protected":false},"author":1,"featured_media":0,"parent":2931,"menu_order":0,"comment_status":"closed","ping_status":"closed","template":"templates\/page-interior-expo-permanente.php","meta":{"_acf_changed":false,"footnotes":""},"class_list":["post-2971","page","type-page","status-publish","hentry"],"acf":[],"yoast_head":"<!-- This site is optimized with the Yoast SEO plugin v27.3 - https:\/\/yoast.com\/product\/yoast-seo-wordpress\/ -->\n<title>Los whitos \u2013 Semos de Sestao - Rialia<\/title>\n<meta name=\"robots\" content=\"index, follow, max-snippet:-1, max-image-preview:large, max-video-preview:-1\" \/>\n<link rel=\"canonical\" href=\"https:\/\/rialia.eus\/museo\/exposicion-permanente\/portugalete\/musica\/los-whitos-semos-de-sestao\/\" \/>\n<meta property=\"og:locale\" content=\"eu_ES\" \/>\n<meta property=\"og:type\" content=\"article\" \/>\n<meta property=\"og:title\" content=\"Los whitos \u2013 Semos de Sestao - Rialia\" \/>\n<meta property=\"og:description\" content=\"Ikusi letra SEMOS DE SESTAO Entre Portu y Barakaldo, un pueblo muy rutinario. Por el d\u00eda hay pocas crestas, por las noches aberrando. Aupa River, Pe\u00f1a Norte La afici\u00f3n est\u00e1 que rompe. \u00a1\u00a1Siempre, que rompe!! Porque semos de Sestado, no nos gusta el bakalado\u2026 Do, do , re, mi, fa sol\u2026 Porque semos de Sestado [&hellip;]\" \/>\n<meta property=\"og:url\" content=\"https:\/\/rialia.eus\/museo\/exposicion-permanente\/portugalete\/musica\/los-whitos-semos-de-sestao\/\" \/>\n<meta property=\"og:site_name\" content=\"Rialia\" \/>\n<meta property=\"article:modified_time\" content=\"2024-12-18T11:42:43+00:00\" \/>\n<meta name=\"twitter:card\" content=\"summary_large_image\" \/>\n<meta name=\"twitter:label1\" content=\"Est. reading time\" \/>\n\t<meta name=\"twitter:data1\" content=\"1 minute\" \/>\n<script type=\"application\/ld+json\" class=\"yoast-schema-graph\">{\"@context\":\"https:\\\/\\\/schema.org\",\"@graph\":[{\"@type\":\"WebPage\",\"@id\":\"https:\\\/\\\/rialia.eus\\\/museo\\\/exposicion-permanente\\\/portugalete\\\/musica\\\/los-whitos-semos-de-sestao\\\/\",\"url\":\"https:\\\/\\\/rialia.eus\\\/museo\\\/exposicion-permanente\\\/portugalete\\\/musica\\\/los-whitos-semos-de-sestao\\\/\",\"name\":\"Los whitos \u2013 Semos de Sestao - Rialia\",\"isPartOf\":{\"@id\":\"https:\\\/\\\/rialia.eus\\\/#website\"},\"datePublished\":\"2024-12-10T08:58:39+00:00\",\"dateModified\":\"2024-12-18T11:42:43+00:00\",\"breadcrumb\":{\"@id\":\"https:\\\/\\\/rialia.eus\\\/museo\\\/exposicion-permanente\\\/portugalete\\\/musica\\\/los-whitos-semos-de-sestao\\\/#breadcrumb\"},\"inLanguage\":\"eu-ES\",\"potentialAction\":[{\"@type\":\"ReadAction\",\"target\":[\"https:\\\/\\\/rialia.eus\\\/museo\\\/exposicion-permanente\\\/portugalete\\\/musica\\\/los-whitos-semos-de-sestao\\\/\"]}]},{\"@type\":\"BreadcrumbList\",\"@id\":\"https:\\\/\\\/rialia.eus\\\/museo\\\/exposicion-permanente\\\/portugalete\\\/musica\\\/los-whitos-semos-de-sestao\\\/#breadcrumb\",\"itemListElement\":[{\"@type\":\"ListItem\",\"position\":1,\"name\":\"Portada\",\"item\":\"https:\\\/\\\/rialia.eus\\\/eu\\\/\"},{\"@type\":\"ListItem\",\"position\":2,\"name\":\"Museoa\",\"item\":\"https:\\\/\\\/rialia.eus\\\/eu\\\/museoa\\\/\"},{\"@type\":\"ListItem\",\"position\":3,\"name\":\"Erakusketa iraunkorra\",\"item\":\"https:\\\/\\\/rialia.eus\\\/eu\\\/museoa\\\/erakusketa-iraunkorra\\\/\"},{\"@type\":\"ListItem\",\"position\":4,\"name\":\"Portugalete\",\"item\":\"https:\\\/\\\/rialia.eus\\\/eu\\\/museoa\\\/erakusketa-iraunkorra\\\/portugalete\\\/\"},{\"@type\":\"ListItem\",\"position\":5,\"name\":\"BANDEN TRENA\",\"item\":\"https:\\\/\\\/rialia.eus\\\/eu\\\/museoa\\\/erakusketa-iraunkorra\\\/portugalete\\\/banden-trena\\\/\"},{\"@type\":\"ListItem\",\"position\":6,\"name\":\"Los whitos \u2013 Semos de Sestao\"}]},{\"@type\":\"WebSite\",\"@id\":\"https:\\\/\\\/rialia.eus\\\/#website\",\"url\":\"https:\\\/\\\/rialia.eus\\\/\",\"name\":\"Rialia\",\"description\":\"Industria Museoa \u2013 Museo de la Industria\",\"potentialAction\":[{\"@type\":\"SearchAction\",\"target\":{\"@type\":\"EntryPoint\",\"urlTemplate\":\"https:\\\/\\\/rialia.eus\\\/?s={search_term_string}\"},\"query-input\":{\"@type\":\"PropertyValueSpecification\",\"valueRequired\":true,\"valueName\":\"search_term_string\"}}],\"inLanguage\":\"eu-ES\"}]}<\/script>\n<!-- \/ Yoast SEO plugin. -->","yoast_head_json":{"title":"Los whitos \u2013 Semos de Sestao - Rialia","robots":{"index":"index","follow":"follow","max-snippet":"max-snippet:-1","max-image-preview":"max-image-preview:large","max-video-preview":"max-video-preview:-1"},"canonical":"https:\/\/rialia.eus\/museo\/exposicion-permanente\/portugalete\/musica\/los-whitos-semos-de-sestao\/","og_locale":"eu_ES","og_type":"article","og_title":"Los whitos \u2013 Semos de Sestao - Rialia","og_description":"Ikusi letra SEMOS DE SESTAO Entre Portu y Barakaldo, un pueblo muy rutinario. Por el d\u00eda hay pocas crestas, por las noches aberrando. Aupa River, Pe\u00f1a Norte La afici\u00f3n est\u00e1 que rompe. \u00a1\u00a1Siempre, que rompe!! Porque semos de Sestado, no nos gusta el bakalado\u2026 Do, do , re, mi, fa sol\u2026 Porque semos de Sestado [&hellip;]","og_url":"https:\/\/rialia.eus\/museo\/exposicion-permanente\/portugalete\/musica\/los-whitos-semos-de-sestao\/","og_site_name":"Rialia","article_modified_time":"2024-12-18T11:42:43+00:00","twitter_card":"summary_large_image","twitter_misc":{"Est. reading time":"1 minute"},"schema":{"@context":"https:\/\/schema.org","@graph":[{"@type":"WebPage","@id":"https:\/\/rialia.eus\/museo\/exposicion-permanente\/portugalete\/musica\/los-whitos-semos-de-sestao\/","url":"https:\/\/rialia.eus\/museo\/exposicion-permanente\/portugalete\/musica\/los-whitos-semos-de-sestao\/","name":"Los whitos \u2013 Semos de Sestao - Rialia","isPartOf":{"@id":"https:\/\/rialia.eus\/#website"},"datePublished":"2024-12-10T08:58:39+00:00","dateModified":"2024-12-18T11:42:43+00:00","breadcrumb":{"@id":"https:\/\/rialia.eus\/museo\/exposicion-permanente\/portugalete\/musica\/los-whitos-semos-de-sestao\/#breadcrumb"},"inLanguage":"eu-ES","potentialAction":[{"@type":"ReadAction","target":["https:\/\/rialia.eus\/museo\/exposicion-permanente\/portugalete\/musica\/los-whitos-semos-de-sestao\/"]}]},{"@type":"BreadcrumbList","@id":"https:\/\/rialia.eus\/museo\/exposicion-permanente\/portugalete\/musica\/los-whitos-semos-de-sestao\/#breadcrumb","itemListElement":[{"@type":"ListItem","position":1,"name":"Portada","item":"https:\/\/rialia.eus\/eu\/"},{"@type":"ListItem","position":2,"name":"Museoa","item":"https:\/\/rialia.eus\/eu\/museoa\/"},{"@type":"ListItem","position":3,"name":"Erakusketa iraunkorra","item":"https:\/\/rialia.eus\/eu\/museoa\/erakusketa-iraunkorra\/"},{"@type":"ListItem","position":4,"name":"Portugalete","item":"https:\/\/rialia.eus\/eu\/museoa\/erakusketa-iraunkorra\/portugalete\/"},{"@type":"ListItem","position":5,"name":"BANDEN TRENA","item":"https:\/\/rialia.eus\/eu\/museoa\/erakusketa-iraunkorra\/portugalete\/banden-trena\/"},{"@type":"ListItem","position":6,"name":"Los whitos \u2013 Semos de Sestao"}]},{"@type":"WebSite","@id":"https:\/\/rialia.eus\/#website","url":"https:\/\/rialia.eus\/","name":"Rialia","description":"Industria Museoa \u2013 Museo de la Industria","potentialAction":[{"@type":"SearchAction","target":{"@type":"EntryPoint","urlTemplate":"https:\/\/rialia.eus\/?s={search_term_string}"},"query-input":{"@type":"PropertyValueSpecification","valueRequired":true,"valueName":"search_term_string"}}],"inLanguage":"eu-ES"}]}},"_links":{"self":[{"href":"https:\/\/rialia.eus\/eu\/wp-json\/wp\/v2\/pages\/2971","targetHints":{"allow":["GET"]}}],"collection":[{"href":"https:\/\/rialia.eus\/eu\/wp-json\/wp\/v2\/pages"}],"about":[{"href":"https:\/\/rialia.eus\/eu\/wp-json\/wp\/v2\/types\/page"}],"author":[{"embeddable":true,"href":"https:\/\/rialia.eus\/eu\/wp-json\/wp\/v2\/users\/1"}],"replies":[{"embeddable":true,"href":"https:\/\/rialia.eus\/eu\/wp-json\/wp\/v2\/comments?post=2971"}],"version-history":[{"count":2,"href":"https:\/\/rialia.eus\/eu\/wp-json\/wp\/v2\/pages\/2971\/revisions"}],"predecessor-version":[{"id":2997,"href":"https:\/\/rialia.eus\/eu\/wp-json\/wp\/v2\/pages\/2971\/revisions\/2997"}],"up":[{"embeddable":true,"href":"https:\/\/rialia.eus\/eu\/wp-json\/wp\/v2\/pages\/2931"}],"wp:attachment":[{"href":"https:\/\/rialia.eus\/eu\/wp-json\/wp\/v2\/media?parent=2971"}],"curies":[{"name":"wp","href":"https:\/\/api.w.org\/{rel}","templated":true}]}}