 {"id":2828,"date":"2024-12-03T10:51:10","date_gmt":"2024-12-03T09:51:10","guid":{"rendered":"https:\/\/rialia.eus\/burdina\/homenaje-a-la-gente-trabajadora-de-agustin-ibarrola\/"},"modified":"2025-01-22T12:12:22","modified_gmt":"2025-01-22T11:12:22","slug":"langileei-omenaldia-agustin-ibarrola","status":"publish","type":"page","link":"https:\/\/rialia.eus\/eu\/museoa\/erakusketa-iraunkorra\/burdina\/langileei-omenaldia-agustin-ibarrola\/","title":{"rendered":"Langileei omenaldia. Agustin Ibarrola"},"content":{"rendered":"\t<div class=\"row\">\r\n\t\t\t\t\t\t<div class=\"col-md-6\"><a rel=\"single-photo\" href=\"https:\/\/rialia.eus\/wp-content\/uploads\/totem_ibarrola.jpg\"><img width=\"100%\" height=\"auto\" alt=\"\" data-src=\"https:\/\/rialia.eus\/wp-content\/uploads\/totem_ibarrola.jpg\" class=\" lazyload\"><\/a>\r\n\t\t\t\t\t\t\t\r\n\t\t\t\t\t\t\t\r\n\t\t\t\t\t\t\t\r\n\t\t\t\t\t\t\t<\/div>\r\n\t\t\t\t\t\t\r\n\t\t\t\t\t\t<div class=\"col-md-6\">\r\n\t\t\t\t\t\t\t\r\n\t\t\t\t\t\t\t<p><strong>Agust\u00edn Ibarrola Goicoechea (Basauri, 1930)<\/strong><\/p>\r\n<p>Langile estiloko eta estetika industrialeko eskultore eta margolari honek Daniel V\u00e1zquez D\u00edazen tailerrean ikasi zuen, 1955era arte. Parisen, Equipo 57 sortu eta \u00abManifiesto de Interactividad\u00bb argitaratu zuen (\u201cElkarrekintzaren manifestua\u201d). 1961ean Bilbora itzuli ostean, euskal grabatu-egileen \u00abEstampa Popular\u00bb taldea sortu zuen, Franciska Dapena eta beste artista batzuekin batera, sorkuntza plastikoa militantzia kritikorako eta salaketa sozialerako elementu bihurtzeko asmoz. Jorge Oteizarekin batera, \u201cGaur Emen, Orain, Danok\u201d mugimendu kulturala sortu zuen, euskal kulturaren gaineko kontzientzia pizte aldera. Bertan, adin eta joera desberdinetako artista ugari batu zituzten, Euskal Artisten Unibertsitatea sortzeko.<\/p>\r\n\r\n<p>Hona hemen beren obretako batzuk , arte sozialaren barruan kokatutako beren ideologia politikoaren garapen plastikoaren lekuko: \u00abOmako basoa\u00bb, \u00abRuhr-eko zeharkaldiak\u00bb, \u00abSiderurgiako langileak Reinosan\u00bb, \u00abOlatua txalapartaren erritmora\u00bb Chamart\u00ednen, \u00abSoinez soin\u00bb Babcock Wilcox zaharrean, eta \u00abTximinia pertsonaiak\u00bb Barakaldon.<\/p>\r\n\r\n<p>Trenbideko zeharkaldiekin egindako lanak, Rialiarako dohaintzan emandako totem hau kasu, trenak zeharkatu dituen bideak eta batu dituen herriak iradokitzen ditu. 1989az geroztik, Portugaleten \u00abBurdinazko etxea\u00bb ere badugu, Ugaldebietako bidegurutzean, Trianoko mendien parean.<\/p>\r\n\r\n\t<hr>\t\t\t\t\t\t\r\n\t\t\t\t\t\t\t\r\n\t<p><audio class=\"wp-audio-shortcode\" id=\"audio-2828-1\" preload=\"none\" style=\"width: 100%;\" controls=\"controls\"><source type=\"audio\/mpeg\" src=\"https:\/\/rialia.eus\/audio\/19-agustin_ibarrola_eu.mp3?_=1\"><\/source><a href=\"https:\/\/rialia.eus\/audio\/19-agustin_ibarrola_eu.mp3\">https:\/\/rialia.eus\/audio\/19-agustin_ibarrola_eu.mp3<\/a><\/audio> \t\t\t\t\t\t\r\n\t\t\t\t\t\t\t\r\n\t\t\t\t\t\t  <\/p><\/div>\r\n\t\t\t\t\t\t\r\n\t\t\t\t\t\t\r\n\t\t\t\t\t\t<\/div>","protected":false},"excerpt":{"rendered":"<p>Agust\u00edn Ibarrola Goicoechea (Basauri, 1930) Langile estiloko eta estetika industrialeko eskultore eta margolari honek Daniel V\u00e1zquez D\u00edazen tailerrean ikasi zuen, 1955era arte. Parisen, Equipo 57 sortu eta \u00abManifiesto de Interactividad\u00bb argitaratu zuen (\u201cElkarrekintzaren manifestua\u201d). 1961ean Bilbora itzuli ostean, euskal grabatu-egileen \u00abEstampa Popular\u00bb taldea sortu zuen, Franciska Dapena eta beste artista batzuekin batera, sorkuntza plastikoa militantzia [&hellip;]<\/p>\n","protected":false},"author":1,"featured_media":0,"parent":2575,"menu_order":0,"comment_status":"closed","ping_status":"closed","template":"templates\/page-interior-expo-permanente.php","meta":{"_acf_changed":false,"footnotes":""},"class_list":["post-2828","page","type-page","status-publish","hentry"],"acf":[],"yoast_head":"<!-- This site is optimized with the Yoast SEO plugin v27.3 - https:\/\/yoast.com\/product\/yoast-seo-wordpress\/ -->\n<title>Langileei omenaldia. Agustin Ibarrola - Rialia<\/title>\n<meta name=\"robots\" content=\"index, follow, max-snippet:-1, max-image-preview:large, max-video-preview:-1\" \/>\n<link rel=\"canonical\" href=\"https:\/\/rialia.eus\/museo\/exposicion-permanente\/hierro\/homenaje-a-la-gente-trabajadora-de-agustin-ibarrola\/\" \/>\n<meta property=\"og:locale\" content=\"eu_ES\" \/>\n<meta property=\"og:type\" content=\"article\" \/>\n<meta property=\"og:title\" content=\"Langileei omenaldia. Agustin Ibarrola - Rialia\" \/>\n<meta property=\"og:description\" content=\"Agust\u00edn Ibarrola Goicoechea (Basauri, 1930) Langile estiloko eta estetika industrialeko eskultore eta margolari honek Daniel V\u00e1zquez D\u00edazen tailerrean ikasi zuen, 1955era arte. Parisen, Equipo 57 sortu eta \u00abManifiesto de Interactividad\u00bb argitaratu zuen (\u201cElkarrekintzaren manifestua\u201d). 1961ean Bilbora itzuli ostean, euskal grabatu-egileen \u00abEstampa Popular\u00bb taldea sortu zuen, Franciska Dapena eta beste artista batzuekin batera, sorkuntza plastikoa militantzia [&hellip;]\" \/>\n<meta property=\"og:url\" content=\"https:\/\/rialia.eus\/museo\/exposicion-permanente\/hierro\/homenaje-a-la-gente-trabajadora-de-agustin-ibarrola\/\" \/>\n<meta property=\"og:site_name\" content=\"Rialia\" \/>\n<meta property=\"article:modified_time\" content=\"2025-01-22T11:12:22+00:00\" \/>\n<meta property=\"og:image\" content=\"https:\/\/rialia.eus\/wp-content\/uploads\/totem_ibarrola.jpg\" \/>\n<meta name=\"twitter:card\" content=\"summary_large_image\" \/>\n<meta name=\"twitter:label1\" content=\"Est. reading time\" \/>\n\t<meta name=\"twitter:data1\" content=\"2 minutes\" \/>\n<script type=\"application\/ld+json\" class=\"yoast-schema-graph\">{\"@context\":\"https:\\\/\\\/schema.org\",\"@graph\":[{\"@type\":\"WebPage\",\"@id\":\"https:\\\/\\\/rialia.eus\\\/museo\\\/exposicion-permanente\\\/hierro\\\/homenaje-a-la-gente-trabajadora-de-agustin-ibarrola\\\/\",\"url\":\"https:\\\/\\\/rialia.eus\\\/museo\\\/exposicion-permanente\\\/hierro\\\/homenaje-a-la-gente-trabajadora-de-agustin-ibarrola\\\/\",\"name\":\"Langileei omenaldia. Agustin Ibarrola - Rialia\",\"isPartOf\":{\"@id\":\"https:\\\/\\\/rialia.eus\\\/#website\"},\"primaryImageOfPage\":{\"@id\":\"https:\\\/\\\/rialia.eus\\\/museo\\\/exposicion-permanente\\\/hierro\\\/homenaje-a-la-gente-trabajadora-de-agustin-ibarrola\\\/#primaryimage\"},\"image\":{\"@id\":\"https:\\\/\\\/rialia.eus\\\/museo\\\/exposicion-permanente\\\/hierro\\\/homenaje-a-la-gente-trabajadora-de-agustin-ibarrola\\\/#primaryimage\"},\"thumbnailUrl\":\"https:\\\/\\\/rialia.eus\\\/wp-content\\\/uploads\\\/totem_ibarrola.jpg\",\"datePublished\":\"2024-12-03T09:51:10+00:00\",\"dateModified\":\"2025-01-22T11:12:22+00:00\",\"breadcrumb\":{\"@id\":\"https:\\\/\\\/rialia.eus\\\/museo\\\/exposicion-permanente\\\/hierro\\\/homenaje-a-la-gente-trabajadora-de-agustin-ibarrola\\\/#breadcrumb\"},\"inLanguage\":\"eu-ES\",\"potentialAction\":[{\"@type\":\"ReadAction\",\"target\":[\"https:\\\/\\\/rialia.eus\\\/museo\\\/exposicion-permanente\\\/hierro\\\/homenaje-a-la-gente-trabajadora-de-agustin-ibarrola\\\/\"]}]},{\"@type\":\"ImageObject\",\"inLanguage\":\"eu-ES\",\"@id\":\"https:\\\/\\\/rialia.eus\\\/museo\\\/exposicion-permanente\\\/hierro\\\/homenaje-a-la-gente-trabajadora-de-agustin-ibarrola\\\/#primaryimage\",\"url\":\"https:\\\/\\\/rialia.eus\\\/wp-content\\\/uploads\\\/totem_ibarrola.jpg\",\"contentUrl\":\"https:\\\/\\\/rialia.eus\\\/wp-content\\\/uploads\\\/totem_ibarrola.jpg\"},{\"@type\":\"BreadcrumbList\",\"@id\":\"https:\\\/\\\/rialia.eus\\\/museo\\\/exposicion-permanente\\\/hierro\\\/homenaje-a-la-gente-trabajadora-de-agustin-ibarrola\\\/#breadcrumb\",\"itemListElement\":[{\"@type\":\"ListItem\",\"position\":1,\"name\":\"Portada\",\"item\":\"https:\\\/\\\/rialia.eus\\\/eu\\\/\"},{\"@type\":\"ListItem\",\"position\":2,\"name\":\"Museoa\",\"item\":\"https:\\\/\\\/rialia.eus\\\/eu\\\/museoa\\\/\"},{\"@type\":\"ListItem\",\"position\":3,\"name\":\"Erakusketa iraunkorra\",\"item\":\"https:\\\/\\\/rialia.eus\\\/eu\\\/museoa\\\/erakusketa-iraunkorra\\\/\"},{\"@type\":\"ListItem\",\"position\":4,\"name\":\"Burdina\",\"item\":\"https:\\\/\\\/rialia.eus\\\/museo\\\/exposicion-permanente\\\/hierro\\\/\"},{\"@type\":\"ListItem\",\"position\":5,\"name\":\"Langileei omenaldia. Agustin Ibarrola\"}]},{\"@type\":\"WebSite\",\"@id\":\"https:\\\/\\\/rialia.eus\\\/#website\",\"url\":\"https:\\\/\\\/rialia.eus\\\/\",\"name\":\"Rialia\",\"description\":\"Industria Museoa \u2013 Museo de la Industria\",\"potentialAction\":[{\"@type\":\"SearchAction\",\"target\":{\"@type\":\"EntryPoint\",\"urlTemplate\":\"https:\\\/\\\/rialia.eus\\\/?s={search_term_string}\"},\"query-input\":{\"@type\":\"PropertyValueSpecification\",\"valueRequired\":true,\"valueName\":\"search_term_string\"}}],\"inLanguage\":\"eu-ES\"}]}<\/script>\n<!-- \/ Yoast SEO plugin. -->","yoast_head_json":{"title":"Langileei omenaldia. Agustin Ibarrola - Rialia","robots":{"index":"index","follow":"follow","max-snippet":"max-snippet:-1","max-image-preview":"max-image-preview:large","max-video-preview":"max-video-preview:-1"},"canonical":"https:\/\/rialia.eus\/museo\/exposicion-permanente\/hierro\/homenaje-a-la-gente-trabajadora-de-agustin-ibarrola\/","og_locale":"eu_ES","og_type":"article","og_title":"Langileei omenaldia. Agustin Ibarrola - Rialia","og_description":"Agust\u00edn Ibarrola Goicoechea (Basauri, 1930) Langile estiloko eta estetika industrialeko eskultore eta margolari honek Daniel V\u00e1zquez D\u00edazen tailerrean ikasi zuen, 1955era arte. Parisen, Equipo 57 sortu eta \u00abManifiesto de Interactividad\u00bb argitaratu zuen (\u201cElkarrekintzaren manifestua\u201d). 1961ean Bilbora itzuli ostean, euskal grabatu-egileen \u00abEstampa Popular\u00bb taldea sortu zuen, Franciska Dapena eta beste artista batzuekin batera, sorkuntza plastikoa militantzia [&hellip;]","og_url":"https:\/\/rialia.eus\/museo\/exposicion-permanente\/hierro\/homenaje-a-la-gente-trabajadora-de-agustin-ibarrola\/","og_site_name":"Rialia","article_modified_time":"2025-01-22T11:12:22+00:00","og_image":[{"url":"https:\/\/rialia.eus\/wp-content\/uploads\/totem_ibarrola.jpg","type":"","width":"","height":""}],"twitter_card":"summary_large_image","twitter_misc":{"Est. reading time":"2 minutes"},"schema":{"@context":"https:\/\/schema.org","@graph":[{"@type":"WebPage","@id":"https:\/\/rialia.eus\/museo\/exposicion-permanente\/hierro\/homenaje-a-la-gente-trabajadora-de-agustin-ibarrola\/","url":"https:\/\/rialia.eus\/museo\/exposicion-permanente\/hierro\/homenaje-a-la-gente-trabajadora-de-agustin-ibarrola\/","name":"Langileei omenaldia. Agustin Ibarrola - Rialia","isPartOf":{"@id":"https:\/\/rialia.eus\/#website"},"primaryImageOfPage":{"@id":"https:\/\/rialia.eus\/museo\/exposicion-permanente\/hierro\/homenaje-a-la-gente-trabajadora-de-agustin-ibarrola\/#primaryimage"},"image":{"@id":"https:\/\/rialia.eus\/museo\/exposicion-permanente\/hierro\/homenaje-a-la-gente-trabajadora-de-agustin-ibarrola\/#primaryimage"},"thumbnailUrl":"https:\/\/rialia.eus\/wp-content\/uploads\/totem_ibarrola.jpg","datePublished":"2024-12-03T09:51:10+00:00","dateModified":"2025-01-22T11:12:22+00:00","breadcrumb":{"@id":"https:\/\/rialia.eus\/museo\/exposicion-permanente\/hierro\/homenaje-a-la-gente-trabajadora-de-agustin-ibarrola\/#breadcrumb"},"inLanguage":"eu-ES","potentialAction":[{"@type":"ReadAction","target":["https:\/\/rialia.eus\/museo\/exposicion-permanente\/hierro\/homenaje-a-la-gente-trabajadora-de-agustin-ibarrola\/"]}]},{"@type":"ImageObject","inLanguage":"eu-ES","@id":"https:\/\/rialia.eus\/museo\/exposicion-permanente\/hierro\/homenaje-a-la-gente-trabajadora-de-agustin-ibarrola\/#primaryimage","url":"https:\/\/rialia.eus\/wp-content\/uploads\/totem_ibarrola.jpg","contentUrl":"https:\/\/rialia.eus\/wp-content\/uploads\/totem_ibarrola.jpg"},{"@type":"BreadcrumbList","@id":"https:\/\/rialia.eus\/museo\/exposicion-permanente\/hierro\/homenaje-a-la-gente-trabajadora-de-agustin-ibarrola\/#breadcrumb","itemListElement":[{"@type":"ListItem","position":1,"name":"Portada","item":"https:\/\/rialia.eus\/eu\/"},{"@type":"ListItem","position":2,"name":"Museoa","item":"https:\/\/rialia.eus\/eu\/museoa\/"},{"@type":"ListItem","position":3,"name":"Erakusketa iraunkorra","item":"https:\/\/rialia.eus\/eu\/museoa\/erakusketa-iraunkorra\/"},{"@type":"ListItem","position":4,"name":"Burdina","item":"https:\/\/rialia.eus\/museo\/exposicion-permanente\/hierro\/"},{"@type":"ListItem","position":5,"name":"Langileei omenaldia. Agustin Ibarrola"}]},{"@type":"WebSite","@id":"https:\/\/rialia.eus\/#website","url":"https:\/\/rialia.eus\/","name":"Rialia","description":"Industria Museoa \u2013 Museo de la Industria","potentialAction":[{"@type":"SearchAction","target":{"@type":"EntryPoint","urlTemplate":"https:\/\/rialia.eus\/?s={search_term_string}"},"query-input":{"@type":"PropertyValueSpecification","valueRequired":true,"valueName":"search_term_string"}}],"inLanguage":"eu-ES"}]}},"_links":{"self":[{"href":"https:\/\/rialia.eus\/eu\/wp-json\/wp\/v2\/pages\/2828","targetHints":{"allow":["GET"]}}],"collection":[{"href":"https:\/\/rialia.eus\/eu\/wp-json\/wp\/v2\/pages"}],"about":[{"href":"https:\/\/rialia.eus\/eu\/wp-json\/wp\/v2\/types\/page"}],"author":[{"embeddable":true,"href":"https:\/\/rialia.eus\/eu\/wp-json\/wp\/v2\/users\/1"}],"replies":[{"embeddable":true,"href":"https:\/\/rialia.eus\/eu\/wp-json\/wp\/v2\/comments?post=2828"}],"version-history":[{"count":1,"href":"https:\/\/rialia.eus\/eu\/wp-json\/wp\/v2\/pages\/2828\/revisions"}],"predecessor-version":[{"id":2829,"href":"https:\/\/rialia.eus\/eu\/wp-json\/wp\/v2\/pages\/2828\/revisions\/2829"}],"up":[{"embeddable":true,"href":"https:\/\/rialia.eus\/eu\/wp-json\/wp\/v2\/pages\/2575"}],"wp:attachment":[{"href":"https:\/\/rialia.eus\/eu\/wp-json\/wp\/v2\/media?parent=2828"}],"curies":[{"name":"wp","href":"https:\/\/api.w.org\/{rel}","templated":true}]}}