 {"id":2801,"date":"2024-12-03T10:31:26","date_gmt":"2024-12-03T09:31:26","guid":{"rendered":"https:\/\/rialia.eus\/burdina\/sotera-de-la-mier-elorriaga\/"},"modified":"2025-01-22T12:13:28","modified_gmt":"2025-01-22T11:13:28","slug":"sotera-de-la-mier-elorriaga","status":"publish","type":"page","link":"https:\/\/rialia.eus\/eu\/museoa\/erakusketa-iraunkorra\/burdina\/sotera-de-la-mier-elorriaga\/","title":{"rendered":"Sotera de la Mier Elorriaga"},"content":{"rendered":"\t<div class=\"row\">\r\n\t\t\t\t\t\t<div class=\"col-md-6\"><a rel=\"single-photo\" href=\"https:\/\/rialia.eus\/wp-content\/uploads\/sotera-de-la-mier-2.jpg\"><img width=\"100%\" height=\"auto\" alt=\"\" data-src=\"https:\/\/rialia.eus\/wp-content\/uploads\/sotera-de-la-mier-2.jpg\" class=\" lazyload\"><\/a>\r\n\t\t\t\t\t\t\t\r\n\t\t\t\r\n\t\t\t\t\t\t\t\r\n\t\t\t\t\t\t\t<\/div>\r\n\t\t\t\t\t\t\r\n\t\t\t\t\t\t<div class=\"col-md-6\">\r\n\t\t\t\t\t\t\t\r\n\t\t\t\t\t\t\t<p><strong>Sotera De La Mier Elorriaga<\/strong> (1821-1900)<\/p>\r\n<p>Hemeretzigarren mendeko burgesia industrialeko kide izan ziren emakume portugaletetarren artean lehenengoetarikoa izan zen. Jos\u00e9 de Gorostiza y Casal (1808-1876) enpresaburuarekin ezkondu zen, eta oso emakume ernea izan zen negozioetan. 1876an alargun geratu arren, bere garaiko konbentzionalismoei aurre egin zien.<\/p>\r\n\r\n<p>Aitaren familiako meatzaritzako eta siderurgiako enpresa-munduaren parte izan zen Ybarratarrekin batera, eta sendotasunez aurre egin behar izan zien El Carmen fabrikatik bazter ez zezaten, Mier abizena kendu baitzuten. 1882an, oker egindako zenbait likidaziok eragindako desadostasunen ondorioz, Ybarratarrak eta beren kudeatzaileak alde batera utzi zituen eta bere interes finantzarioak F\u00e9lix Ch\u00e1varri del Alisal koinatuaren (1831-1905) kargu utzi zituen, zeina V\u00edcor Ch\u00e1varri Salazarren osaba baitzen.<\/p>\r\n\r\n<p>Portugaleteko hiribilduko ongile handietako bat izan zen. Meategietako langileen zurtzen arazoa ezagutzen zuenez, Karmengo Ama Ikastetxea sortu zuen Abatxolo eta Azeta auzoen artean.<\/p>\r\n\r\n<p>Bere kapitalaren zati bat ere eman zuen Santa Maria Basilikaren dorrea zaharberritzeko eta bertako organoa finantzatzeko. Sestaoko Rebonza y Mello zaharren egoitza ordaindu zuen, bai eta Portugaleteko Ospitale eta Babes-etxe Santua ere. Portugaleten hil zen, 1900eko abenduaren 9an, eta ez zuen ondorengorik izan.<\/p>\r\n\r\n\t<hr>\t\t\t\t\t\t\r\n\t\t\t\t\t\t\t\r\n\t<p><audio class=\"wp-audio-shortcode\" id=\"audio-2801-1\" preload=\"none\" style=\"width: 100%;\" controls=\"controls\"><source type=\"audio\/mpeg\" src=\"https:\/\/rialia.eus\/audio\/25qr-sotera_de_la_mier_eu.mp3?_=1\"><\/source><a href=\"https:\/\/rialia.eus\/audio\/25qr-sotera_de_la_mier_eu.mp3\">https:\/\/rialia.eus\/audio\/25qr-sotera_de_la_mier_eu.mp3<\/a><\/audio> \t\t\t\t\t\t\r\n\t\t\t\t\t\t\t\r\n\t\t\t\t\t\t  <\/p><\/div>\r\n\t\t\t\t\t\t\r\n\t\t\t\t\t\t\r\n\t\t\t\t\t\t<\/div>","protected":false},"excerpt":{"rendered":"<p>Sotera De La Mier Elorriaga (1821-1900) Hemeretzigarren mendeko burgesia industrialeko kide izan ziren emakume portugaletetarren artean lehenengoetarikoa izan zen. Jos\u00e9 de Gorostiza y Casal (1808-1876) enpresaburuarekin ezkondu zen, eta oso emakume ernea izan zen negozioetan. 1876an alargun geratu arren, bere garaiko konbentzionalismoei aurre egin zien. Aitaren familiako meatzaritzako eta siderurgiako enpresa-munduaren parte izan zen Ybarratarrekin [&hellip;]<\/p>\n","protected":false},"author":1,"featured_media":0,"parent":2575,"menu_order":0,"comment_status":"closed","ping_status":"closed","template":"templates\/page-interior-expo-permanente.php","meta":{"_acf_changed":false,"footnotes":""},"class_list":["post-2801","page","type-page","status-publish","hentry"],"acf":[],"yoast_head":"<!-- This site is optimized with the Yoast SEO plugin v27.3 - https:\/\/yoast.com\/product\/yoast-seo-wordpress\/ -->\n<title>Sotera de la Mier Elorriaga - Rialia<\/title>\n<meta name=\"robots\" content=\"index, follow, max-snippet:-1, max-image-preview:large, max-video-preview:-1\" \/>\n<link rel=\"canonical\" href=\"https:\/\/rialia.eus\/museo\/exposicion-permanente\/hierro\/sotera-de-la-mier-elorriaga\/\" \/>\n<meta property=\"og:locale\" content=\"eu_ES\" \/>\n<meta property=\"og:type\" content=\"article\" \/>\n<meta property=\"og:title\" content=\"Sotera de la Mier Elorriaga - Rialia\" \/>\n<meta property=\"og:description\" content=\"Sotera De La Mier Elorriaga (1821-1900) Hemeretzigarren mendeko burgesia industrialeko kide izan ziren emakume portugaletetarren artean lehenengoetarikoa izan zen. Jos\u00e9 de Gorostiza y Casal (1808-1876) enpresaburuarekin ezkondu zen, eta oso emakume ernea izan zen negozioetan. 1876an alargun geratu arren, bere garaiko konbentzionalismoei aurre egin zien. Aitaren familiako meatzaritzako eta siderurgiako enpresa-munduaren parte izan zen Ybarratarrekin [&hellip;]\" \/>\n<meta property=\"og:url\" content=\"https:\/\/rialia.eus\/museo\/exposicion-permanente\/hierro\/sotera-de-la-mier-elorriaga\/\" \/>\n<meta property=\"og:site_name\" content=\"Rialia\" \/>\n<meta property=\"article:modified_time\" content=\"2025-01-22T11:13:28+00:00\" \/>\n<meta property=\"og:image\" content=\"https:\/\/rialia.eus\/wp-content\/uploads\/sotera-de-la-mier-2.jpg\" \/>\n<meta name=\"twitter:card\" content=\"summary_large_image\" \/>\n<meta name=\"twitter:label1\" content=\"Est. reading time\" \/>\n\t<meta name=\"twitter:data1\" content=\"2 minutes\" \/>\n<script type=\"application\/ld+json\" class=\"yoast-schema-graph\">{\"@context\":\"https:\\\/\\\/schema.org\",\"@graph\":[{\"@type\":\"WebPage\",\"@id\":\"https:\\\/\\\/rialia.eus\\\/museo\\\/exposicion-permanente\\\/hierro\\\/sotera-de-la-mier-elorriaga\\\/\",\"url\":\"https:\\\/\\\/rialia.eus\\\/museo\\\/exposicion-permanente\\\/hierro\\\/sotera-de-la-mier-elorriaga\\\/\",\"name\":\"Sotera de la Mier Elorriaga - Rialia\",\"isPartOf\":{\"@id\":\"https:\\\/\\\/rialia.eus\\\/#website\"},\"primaryImageOfPage\":{\"@id\":\"https:\\\/\\\/rialia.eus\\\/museo\\\/exposicion-permanente\\\/hierro\\\/sotera-de-la-mier-elorriaga\\\/#primaryimage\"},\"image\":{\"@id\":\"https:\\\/\\\/rialia.eus\\\/museo\\\/exposicion-permanente\\\/hierro\\\/sotera-de-la-mier-elorriaga\\\/#primaryimage\"},\"thumbnailUrl\":\"https:\\\/\\\/rialia.eus\\\/wp-content\\\/uploads\\\/sotera-de-la-mier-2.jpg\",\"datePublished\":\"2024-12-03T09:31:26+00:00\",\"dateModified\":\"2025-01-22T11:13:28+00:00\",\"breadcrumb\":{\"@id\":\"https:\\\/\\\/rialia.eus\\\/museo\\\/exposicion-permanente\\\/hierro\\\/sotera-de-la-mier-elorriaga\\\/#breadcrumb\"},\"inLanguage\":\"eu-ES\",\"potentialAction\":[{\"@type\":\"ReadAction\",\"target\":[\"https:\\\/\\\/rialia.eus\\\/museo\\\/exposicion-permanente\\\/hierro\\\/sotera-de-la-mier-elorriaga\\\/\"]}]},{\"@type\":\"ImageObject\",\"inLanguage\":\"eu-ES\",\"@id\":\"https:\\\/\\\/rialia.eus\\\/museo\\\/exposicion-permanente\\\/hierro\\\/sotera-de-la-mier-elorriaga\\\/#primaryimage\",\"url\":\"https:\\\/\\\/rialia.eus\\\/wp-content\\\/uploads\\\/sotera-de-la-mier-2.jpg\",\"contentUrl\":\"https:\\\/\\\/rialia.eus\\\/wp-content\\\/uploads\\\/sotera-de-la-mier-2.jpg\"},{\"@type\":\"BreadcrumbList\",\"@id\":\"https:\\\/\\\/rialia.eus\\\/museo\\\/exposicion-permanente\\\/hierro\\\/sotera-de-la-mier-elorriaga\\\/#breadcrumb\",\"itemListElement\":[{\"@type\":\"ListItem\",\"position\":1,\"name\":\"Portada\",\"item\":\"https:\\\/\\\/rialia.eus\\\/eu\\\/\"},{\"@type\":\"ListItem\",\"position\":2,\"name\":\"Museoa\",\"item\":\"https:\\\/\\\/rialia.eus\\\/eu\\\/museoa\\\/\"},{\"@type\":\"ListItem\",\"position\":3,\"name\":\"Erakusketa iraunkorra\",\"item\":\"https:\\\/\\\/rialia.eus\\\/eu\\\/museoa\\\/erakusketa-iraunkorra\\\/\"},{\"@type\":\"ListItem\",\"position\":4,\"name\":\"Burdina\",\"item\":\"https:\\\/\\\/rialia.eus\\\/museo\\\/exposicion-permanente\\\/hierro\\\/\"},{\"@type\":\"ListItem\",\"position\":5,\"name\":\"Sotera de la Mier Elorriaga\"}]},{\"@type\":\"WebSite\",\"@id\":\"https:\\\/\\\/rialia.eus\\\/#website\",\"url\":\"https:\\\/\\\/rialia.eus\\\/\",\"name\":\"Rialia\",\"description\":\"Industria Museoa \u2013 Museo de la Industria\",\"potentialAction\":[{\"@type\":\"SearchAction\",\"target\":{\"@type\":\"EntryPoint\",\"urlTemplate\":\"https:\\\/\\\/rialia.eus\\\/?s={search_term_string}\"},\"query-input\":{\"@type\":\"PropertyValueSpecification\",\"valueRequired\":true,\"valueName\":\"search_term_string\"}}],\"inLanguage\":\"eu-ES\"}]}<\/script>\n<!-- \/ Yoast SEO plugin. -->","yoast_head_json":{"title":"Sotera de la Mier Elorriaga - Rialia","robots":{"index":"index","follow":"follow","max-snippet":"max-snippet:-1","max-image-preview":"max-image-preview:large","max-video-preview":"max-video-preview:-1"},"canonical":"https:\/\/rialia.eus\/museo\/exposicion-permanente\/hierro\/sotera-de-la-mier-elorriaga\/","og_locale":"eu_ES","og_type":"article","og_title":"Sotera de la Mier Elorriaga - Rialia","og_description":"Sotera De La Mier Elorriaga (1821-1900) Hemeretzigarren mendeko burgesia industrialeko kide izan ziren emakume portugaletetarren artean lehenengoetarikoa izan zen. Jos\u00e9 de Gorostiza y Casal (1808-1876) enpresaburuarekin ezkondu zen, eta oso emakume ernea izan zen negozioetan. 1876an alargun geratu arren, bere garaiko konbentzionalismoei aurre egin zien. Aitaren familiako meatzaritzako eta siderurgiako enpresa-munduaren parte izan zen Ybarratarrekin [&hellip;]","og_url":"https:\/\/rialia.eus\/museo\/exposicion-permanente\/hierro\/sotera-de-la-mier-elorriaga\/","og_site_name":"Rialia","article_modified_time":"2025-01-22T11:13:28+00:00","og_image":[{"url":"https:\/\/rialia.eus\/wp-content\/uploads\/sotera-de-la-mier-2.jpg","type":"","width":"","height":""}],"twitter_card":"summary_large_image","twitter_misc":{"Est. reading time":"2 minutes"},"schema":{"@context":"https:\/\/schema.org","@graph":[{"@type":"WebPage","@id":"https:\/\/rialia.eus\/museo\/exposicion-permanente\/hierro\/sotera-de-la-mier-elorriaga\/","url":"https:\/\/rialia.eus\/museo\/exposicion-permanente\/hierro\/sotera-de-la-mier-elorriaga\/","name":"Sotera de la Mier Elorriaga - Rialia","isPartOf":{"@id":"https:\/\/rialia.eus\/#website"},"primaryImageOfPage":{"@id":"https:\/\/rialia.eus\/museo\/exposicion-permanente\/hierro\/sotera-de-la-mier-elorriaga\/#primaryimage"},"image":{"@id":"https:\/\/rialia.eus\/museo\/exposicion-permanente\/hierro\/sotera-de-la-mier-elorriaga\/#primaryimage"},"thumbnailUrl":"https:\/\/rialia.eus\/wp-content\/uploads\/sotera-de-la-mier-2.jpg","datePublished":"2024-12-03T09:31:26+00:00","dateModified":"2025-01-22T11:13:28+00:00","breadcrumb":{"@id":"https:\/\/rialia.eus\/museo\/exposicion-permanente\/hierro\/sotera-de-la-mier-elorriaga\/#breadcrumb"},"inLanguage":"eu-ES","potentialAction":[{"@type":"ReadAction","target":["https:\/\/rialia.eus\/museo\/exposicion-permanente\/hierro\/sotera-de-la-mier-elorriaga\/"]}]},{"@type":"ImageObject","inLanguage":"eu-ES","@id":"https:\/\/rialia.eus\/museo\/exposicion-permanente\/hierro\/sotera-de-la-mier-elorriaga\/#primaryimage","url":"https:\/\/rialia.eus\/wp-content\/uploads\/sotera-de-la-mier-2.jpg","contentUrl":"https:\/\/rialia.eus\/wp-content\/uploads\/sotera-de-la-mier-2.jpg"},{"@type":"BreadcrumbList","@id":"https:\/\/rialia.eus\/museo\/exposicion-permanente\/hierro\/sotera-de-la-mier-elorriaga\/#breadcrumb","itemListElement":[{"@type":"ListItem","position":1,"name":"Portada","item":"https:\/\/rialia.eus\/eu\/"},{"@type":"ListItem","position":2,"name":"Museoa","item":"https:\/\/rialia.eus\/eu\/museoa\/"},{"@type":"ListItem","position":3,"name":"Erakusketa iraunkorra","item":"https:\/\/rialia.eus\/eu\/museoa\/erakusketa-iraunkorra\/"},{"@type":"ListItem","position":4,"name":"Burdina","item":"https:\/\/rialia.eus\/museo\/exposicion-permanente\/hierro\/"},{"@type":"ListItem","position":5,"name":"Sotera de la Mier Elorriaga"}]},{"@type":"WebSite","@id":"https:\/\/rialia.eus\/#website","url":"https:\/\/rialia.eus\/","name":"Rialia","description":"Industria Museoa \u2013 Museo de la Industria","potentialAction":[{"@type":"SearchAction","target":{"@type":"EntryPoint","urlTemplate":"https:\/\/rialia.eus\/?s={search_term_string}"},"query-input":{"@type":"PropertyValueSpecification","valueRequired":true,"valueName":"search_term_string"}}],"inLanguage":"eu-ES"}]}},"_links":{"self":[{"href":"https:\/\/rialia.eus\/eu\/wp-json\/wp\/v2\/pages\/2801","targetHints":{"allow":["GET"]}}],"collection":[{"href":"https:\/\/rialia.eus\/eu\/wp-json\/wp\/v2\/pages"}],"about":[{"href":"https:\/\/rialia.eus\/eu\/wp-json\/wp\/v2\/types\/page"}],"author":[{"embeddable":true,"href":"https:\/\/rialia.eus\/eu\/wp-json\/wp\/v2\/users\/1"}],"replies":[{"embeddable":true,"href":"https:\/\/rialia.eus\/eu\/wp-json\/wp\/v2\/comments?post=2801"}],"version-history":[{"count":2,"href":"https:\/\/rialia.eus\/eu\/wp-json\/wp\/v2\/pages\/2801\/revisions"}],"predecessor-version":[{"id":2803,"href":"https:\/\/rialia.eus\/eu\/wp-json\/wp\/v2\/pages\/2801\/revisions\/2803"}],"up":[{"embeddable":true,"href":"https:\/\/rialia.eus\/eu\/wp-json\/wp\/v2\/pages\/2575"}],"wp:attachment":[{"href":"https:\/\/rialia.eus\/eu\/wp-json\/wp\/v2\/media?parent=2801"}],"curies":[{"name":"wp","href":"https:\/\/api.w.org\/{rel}","templated":true}]}}