 {"id":2753,"date":"2024-12-03T09:55:38","date_gmt":"2024-12-03T08:55:38","guid":{"rendered":"https:\/\/rialia.eus\/burdina\/hornos-de-acero-martin-siemens\/"},"modified":"2025-01-22T12:12:49","modified_gmt":"2025-01-22T11:12:49","slug":"martin-siemens-altzairu-labeak","status":"publish","type":"page","link":"https:\/\/rialia.eus\/eu\/museoa\/erakusketa-iraunkorra\/burdina\/martin-siemens-altzairu-labeak\/","title":{"rendered":"Martin-Siemens Altzairu Labeak"},"content":{"rendered":"\t<div class=\"row\">\r\n\t\t\t\t\t\t<div class=\"col-md-6\"><a rel=\"single-photo\" href=\"https:\/\/rialia.eus\/wp-content\/uploads\/RIALIA_69-01.jpg\"><img width=\"100%\" height=\"auto\" alt=\"\" data-src=\"https:\/\/rialia.eus\/wp-content\/uploads\/RIALIA_69-01.jpg\" class=\" lazyload\"><\/a>\r\n\t\t\t\t\t\t\t\r\n\t\t\t\t\t\t\t<p class=\"pie-foto\">Hornos de Acero Martin-Siemens. Ricardo G\u00f3mez Gimeno. Rialia. Industria museoa<\/p>\r\n\t\t\t\t\t\t\t\r\n\t\t\t\t\t\t\t<\/div>\r\n\t\t\t\t\t\t\r\n\t\t\t\t\t\t<div class=\"col-md-6\">\r\n\t\t\t\t\t\t\t\r\n\t\t\t\t\t\t\t<p><strong>Martin-Siemens Altzairu Labeak<\/strong> (Ricardo G\u00f3mez Gimeno, i.1950, 46 x 55 cm.)<\/p>\r\n<p><em>Amaia Barrena Garc\u00edaren<\/em> testua<\/p>\r\n\r\n<p>Beroa ari da behatzen. Bere lana da, bere profesioa eta bere mantentua; burdina erretzen ikusi eta prest noiz dagoen jakitea, ahuakatea helduta noiz dagoen zehazki kalkulatu behar duenak bezala. Bekokiko izerdiaz egiten du lan, alkondaran duen izerdiaz, eta malkoak bailiran aurpegian behera erortzen zaion izerdiaz. Begiratzen duen marmitak hain dirudi magikoa Obelixena haren ondoan hornidura sinple litzatekela. Bere ontzian aurrerabidea ari dira prestatzen. Bizi- baldintzak txispak botatzen ditu, beharrak erre egiten du, eta diruak puslak sortzen ditu, eta ez bereziki ikutzen duenaren eskuetan. Gizonak ontzia begiratzen du eta deskuidatzen da bor-borrean eta sutan dagoen isuriaren zain dauden abandonaturiko lingote- ontziak zenbatuz. Holan ikusita, lurrean zehar, boligrafo- zorro galduak ematen dute, edo hozkailuan utzitako izozki moldeak, edukirik gabeko ontziak. Egurra eta txapa nahasten dira txirikordaturiko kablez eta altzairu berria arrantzatzen duten amu erraldoiz eginiko sabaiaren azpian. Makina handiek penak bezain besteko pisua daukate. Itsaso- arreari aurre eginez irabazten duten ontziak, zorte handia duten familien berogailuak, engranaje pieza ezinezkoak eta zaborra bera sukaldatzen dira energia irakiten duen ontzi horretan. Hainbat langile ikusten dira, errobot metaliko baten sabelean ibiltzen diren inurriak bailiran. Ez dago animo hau altzatuko duen garabirik, pentsatzen du termometroa duen gizonak, altzairu beroa bere tenperaturara heldu baino minutu bat lehenago.<\/p>\r\n\r\n\t<hr>\t\t\t\t\t\t\r\n\t\t\t\t\t\t\t\r\n\t<p><audio class=\"wp-audio-shortcode\" id=\"audio-2753-1\" preload=\"none\" style=\"width: 100%;\" controls=\"controls\"><source type=\"audio\/mpeg\" src=\"https:\/\/rialia.eus\/audio\/30-convertidor_martin_siemens_eu.mp3?_=1\"><\/source><a href=\"https:\/\/rialia.eus\/audio\/30-convertidor_martin_siemens_eu.mp3\">https:\/\/rialia.eus\/audio\/30-convertidor_martin_siemens_eu.mp3<\/a><\/audio> \t\t\t\t\t\t\r\n\t\t\t\t\t\t\t\r\n\t\t\t\t\t\t  <\/p><\/div>\r\n\t\t\t\t\t\t\r\n\t\t\t\t\t\t\r\n\t\t\t\t\t\t<\/div>","protected":false},"excerpt":{"rendered":"<p>Hornos de Acero Martin-Siemens. Ricardo G\u00f3mez Gimeno. Rialia. Industria museoa Martin-Siemens Altzairu Labeak (Ricardo G\u00f3mez Gimeno, i.1950, 46 x 55 cm.) Amaia Barrena Garc\u00edaren testua Beroa ari da behatzen. Bere lana da, bere profesioa eta bere mantentua; burdina erretzen ikusi eta prest noiz dagoen jakitea, ahuakatea helduta noiz dagoen zehazki kalkulatu behar duenak bezala. Bekokiko [&hellip;]<\/p>\n","protected":false},"author":1,"featured_media":0,"parent":2575,"menu_order":0,"comment_status":"closed","ping_status":"closed","template":"templates\/page-interior-expo-permanente.php","meta":{"_acf_changed":false,"footnotes":""},"class_list":["post-2753","page","type-page","status-publish","hentry"],"acf":[],"yoast_head":"<!-- This site is optimized with the Yoast SEO plugin v27.3 - https:\/\/yoast.com\/product\/yoast-seo-wordpress\/ -->\n<title>Martin-Siemens Altzairu Labeak - Rialia<\/title>\n<meta name=\"robots\" content=\"index, follow, max-snippet:-1, max-image-preview:large, max-video-preview:-1\" \/>\n<link rel=\"canonical\" href=\"https:\/\/rialia.eus\/museo\/exposicion-permanente\/hierro\/hornos-de-acero-martin-siemens\/\" \/>\n<meta property=\"og:locale\" content=\"eu_ES\" \/>\n<meta property=\"og:type\" content=\"article\" \/>\n<meta property=\"og:title\" content=\"Martin-Siemens Altzairu Labeak - Rialia\" \/>\n<meta property=\"og:description\" content=\"Hornos de Acero Martin-Siemens. Ricardo G\u00f3mez Gimeno. Rialia. Industria museoa Martin-Siemens Altzairu Labeak (Ricardo G\u00f3mez Gimeno, i.1950, 46 x 55 cm.) Amaia Barrena Garc\u00edaren testua Beroa ari da behatzen. Bere lana da, bere profesioa eta bere mantentua; burdina erretzen ikusi eta prest noiz dagoen jakitea, ahuakatea helduta noiz dagoen zehazki kalkulatu behar duenak bezala. Bekokiko [&hellip;]\" \/>\n<meta property=\"og:url\" content=\"https:\/\/rialia.eus\/museo\/exposicion-permanente\/hierro\/hornos-de-acero-martin-siemens\/\" \/>\n<meta property=\"og:site_name\" content=\"Rialia\" \/>\n<meta property=\"article:modified_time\" content=\"2025-01-22T11:12:49+00:00\" \/>\n<meta property=\"og:image\" content=\"https:\/\/rialia.eus\/wp-content\/uploads\/RIALIA_69-01.jpg\" \/>\n<meta name=\"twitter:card\" content=\"summary_large_image\" \/>\n<meta name=\"twitter:label1\" content=\"Est. reading time\" \/>\n\t<meta name=\"twitter:data1\" content=\"2 minutes\" \/>\n<script type=\"application\/ld+json\" class=\"yoast-schema-graph\">{\"@context\":\"https:\\\/\\\/schema.org\",\"@graph\":[{\"@type\":\"WebPage\",\"@id\":\"https:\\\/\\\/rialia.eus\\\/museo\\\/exposicion-permanente\\\/hierro\\\/hornos-de-acero-martin-siemens\\\/\",\"url\":\"https:\\\/\\\/rialia.eus\\\/museo\\\/exposicion-permanente\\\/hierro\\\/hornos-de-acero-martin-siemens\\\/\",\"name\":\"Martin-Siemens Altzairu Labeak - Rialia\",\"isPartOf\":{\"@id\":\"https:\\\/\\\/rialia.eus\\\/#website\"},\"primaryImageOfPage\":{\"@id\":\"https:\\\/\\\/rialia.eus\\\/museo\\\/exposicion-permanente\\\/hierro\\\/hornos-de-acero-martin-siemens\\\/#primaryimage\"},\"image\":{\"@id\":\"https:\\\/\\\/rialia.eus\\\/museo\\\/exposicion-permanente\\\/hierro\\\/hornos-de-acero-martin-siemens\\\/#primaryimage\"},\"thumbnailUrl\":\"https:\\\/\\\/rialia.eus\\\/wp-content\\\/uploads\\\/RIALIA_69-01.jpg\",\"datePublished\":\"2024-12-03T08:55:38+00:00\",\"dateModified\":\"2025-01-22T11:12:49+00:00\",\"breadcrumb\":{\"@id\":\"https:\\\/\\\/rialia.eus\\\/museo\\\/exposicion-permanente\\\/hierro\\\/hornos-de-acero-martin-siemens\\\/#breadcrumb\"},\"inLanguage\":\"eu-ES\",\"potentialAction\":[{\"@type\":\"ReadAction\",\"target\":[\"https:\\\/\\\/rialia.eus\\\/museo\\\/exposicion-permanente\\\/hierro\\\/hornos-de-acero-martin-siemens\\\/\"]}]},{\"@type\":\"ImageObject\",\"inLanguage\":\"eu-ES\",\"@id\":\"https:\\\/\\\/rialia.eus\\\/museo\\\/exposicion-permanente\\\/hierro\\\/hornos-de-acero-martin-siemens\\\/#primaryimage\",\"url\":\"https:\\\/\\\/rialia.eus\\\/wp-content\\\/uploads\\\/RIALIA_69-01.jpg\",\"contentUrl\":\"https:\\\/\\\/rialia.eus\\\/wp-content\\\/uploads\\\/RIALIA_69-01.jpg\"},{\"@type\":\"BreadcrumbList\",\"@id\":\"https:\\\/\\\/rialia.eus\\\/museo\\\/exposicion-permanente\\\/hierro\\\/hornos-de-acero-martin-siemens\\\/#breadcrumb\",\"itemListElement\":[{\"@type\":\"ListItem\",\"position\":1,\"name\":\"Portada\",\"item\":\"https:\\\/\\\/rialia.eus\\\/eu\\\/\"},{\"@type\":\"ListItem\",\"position\":2,\"name\":\"Museoa\",\"item\":\"https:\\\/\\\/rialia.eus\\\/eu\\\/museoa\\\/\"},{\"@type\":\"ListItem\",\"position\":3,\"name\":\"Erakusketa iraunkorra\",\"item\":\"https:\\\/\\\/rialia.eus\\\/eu\\\/museoa\\\/erakusketa-iraunkorra\\\/\"},{\"@type\":\"ListItem\",\"position\":4,\"name\":\"Burdina\",\"item\":\"https:\\\/\\\/rialia.eus\\\/museo\\\/exposicion-permanente\\\/hierro\\\/\"},{\"@type\":\"ListItem\",\"position\":5,\"name\":\"Martin-Siemens Altzairu Labeak\"}]},{\"@type\":\"WebSite\",\"@id\":\"https:\\\/\\\/rialia.eus\\\/#website\",\"url\":\"https:\\\/\\\/rialia.eus\\\/\",\"name\":\"Rialia\",\"description\":\"Industria Museoa \u2013 Museo de la Industria\",\"potentialAction\":[{\"@type\":\"SearchAction\",\"target\":{\"@type\":\"EntryPoint\",\"urlTemplate\":\"https:\\\/\\\/rialia.eus\\\/?s={search_term_string}\"},\"query-input\":{\"@type\":\"PropertyValueSpecification\",\"valueRequired\":true,\"valueName\":\"search_term_string\"}}],\"inLanguage\":\"eu-ES\"}]}<\/script>\n<!-- \/ Yoast SEO plugin. -->","yoast_head_json":{"title":"Martin-Siemens Altzairu Labeak - Rialia","robots":{"index":"index","follow":"follow","max-snippet":"max-snippet:-1","max-image-preview":"max-image-preview:large","max-video-preview":"max-video-preview:-1"},"canonical":"https:\/\/rialia.eus\/museo\/exposicion-permanente\/hierro\/hornos-de-acero-martin-siemens\/","og_locale":"eu_ES","og_type":"article","og_title":"Martin-Siemens Altzairu Labeak - Rialia","og_description":"Hornos de Acero Martin-Siemens. Ricardo G\u00f3mez Gimeno. Rialia. Industria museoa Martin-Siemens Altzairu Labeak (Ricardo G\u00f3mez Gimeno, i.1950, 46 x 55 cm.) Amaia Barrena Garc\u00edaren testua Beroa ari da behatzen. Bere lana da, bere profesioa eta bere mantentua; burdina erretzen ikusi eta prest noiz dagoen jakitea, ahuakatea helduta noiz dagoen zehazki kalkulatu behar duenak bezala. Bekokiko [&hellip;]","og_url":"https:\/\/rialia.eus\/museo\/exposicion-permanente\/hierro\/hornos-de-acero-martin-siemens\/","og_site_name":"Rialia","article_modified_time":"2025-01-22T11:12:49+00:00","og_image":[{"url":"https:\/\/rialia.eus\/wp-content\/uploads\/RIALIA_69-01.jpg","type":"","width":"","height":""}],"twitter_card":"summary_large_image","twitter_misc":{"Est. reading time":"2 minutes"},"schema":{"@context":"https:\/\/schema.org","@graph":[{"@type":"WebPage","@id":"https:\/\/rialia.eus\/museo\/exposicion-permanente\/hierro\/hornos-de-acero-martin-siemens\/","url":"https:\/\/rialia.eus\/museo\/exposicion-permanente\/hierro\/hornos-de-acero-martin-siemens\/","name":"Martin-Siemens Altzairu Labeak - Rialia","isPartOf":{"@id":"https:\/\/rialia.eus\/#website"},"primaryImageOfPage":{"@id":"https:\/\/rialia.eus\/museo\/exposicion-permanente\/hierro\/hornos-de-acero-martin-siemens\/#primaryimage"},"image":{"@id":"https:\/\/rialia.eus\/museo\/exposicion-permanente\/hierro\/hornos-de-acero-martin-siemens\/#primaryimage"},"thumbnailUrl":"https:\/\/rialia.eus\/wp-content\/uploads\/RIALIA_69-01.jpg","datePublished":"2024-12-03T08:55:38+00:00","dateModified":"2025-01-22T11:12:49+00:00","breadcrumb":{"@id":"https:\/\/rialia.eus\/museo\/exposicion-permanente\/hierro\/hornos-de-acero-martin-siemens\/#breadcrumb"},"inLanguage":"eu-ES","potentialAction":[{"@type":"ReadAction","target":["https:\/\/rialia.eus\/museo\/exposicion-permanente\/hierro\/hornos-de-acero-martin-siemens\/"]}]},{"@type":"ImageObject","inLanguage":"eu-ES","@id":"https:\/\/rialia.eus\/museo\/exposicion-permanente\/hierro\/hornos-de-acero-martin-siemens\/#primaryimage","url":"https:\/\/rialia.eus\/wp-content\/uploads\/RIALIA_69-01.jpg","contentUrl":"https:\/\/rialia.eus\/wp-content\/uploads\/RIALIA_69-01.jpg"},{"@type":"BreadcrumbList","@id":"https:\/\/rialia.eus\/museo\/exposicion-permanente\/hierro\/hornos-de-acero-martin-siemens\/#breadcrumb","itemListElement":[{"@type":"ListItem","position":1,"name":"Portada","item":"https:\/\/rialia.eus\/eu\/"},{"@type":"ListItem","position":2,"name":"Museoa","item":"https:\/\/rialia.eus\/eu\/museoa\/"},{"@type":"ListItem","position":3,"name":"Erakusketa iraunkorra","item":"https:\/\/rialia.eus\/eu\/museoa\/erakusketa-iraunkorra\/"},{"@type":"ListItem","position":4,"name":"Burdina","item":"https:\/\/rialia.eus\/museo\/exposicion-permanente\/hierro\/"},{"@type":"ListItem","position":5,"name":"Martin-Siemens Altzairu Labeak"}]},{"@type":"WebSite","@id":"https:\/\/rialia.eus\/#website","url":"https:\/\/rialia.eus\/","name":"Rialia","description":"Industria Museoa \u2013 Museo de la Industria","potentialAction":[{"@type":"SearchAction","target":{"@type":"EntryPoint","urlTemplate":"https:\/\/rialia.eus\/?s={search_term_string}"},"query-input":{"@type":"PropertyValueSpecification","valueRequired":true,"valueName":"search_term_string"}}],"inLanguage":"eu-ES"}]}},"_links":{"self":[{"href":"https:\/\/rialia.eus\/eu\/wp-json\/wp\/v2\/pages\/2753","targetHints":{"allow":["GET"]}}],"collection":[{"href":"https:\/\/rialia.eus\/eu\/wp-json\/wp\/v2\/pages"}],"about":[{"href":"https:\/\/rialia.eus\/eu\/wp-json\/wp\/v2\/types\/page"}],"author":[{"embeddable":true,"href":"https:\/\/rialia.eus\/eu\/wp-json\/wp\/v2\/users\/1"}],"replies":[{"embeddable":true,"href":"https:\/\/rialia.eus\/eu\/wp-json\/wp\/v2\/comments?post=2753"}],"version-history":[{"count":1,"href":"https:\/\/rialia.eus\/eu\/wp-json\/wp\/v2\/pages\/2753\/revisions"}],"predecessor-version":[{"id":2754,"href":"https:\/\/rialia.eus\/eu\/wp-json\/wp\/v2\/pages\/2753\/revisions\/2754"}],"up":[{"embeddable":true,"href":"https:\/\/rialia.eus\/eu\/wp-json\/wp\/v2\/pages\/2575"}],"wp:attachment":[{"href":"https:\/\/rialia.eus\/eu\/wp-json\/wp\/v2\/media?parent=2753"}],"curies":[{"name":"wp","href":"https:\/\/api.w.org\/{rel}","templated":true}]}}