 {"id":2738,"date":"2024-12-02T17:18:36","date_gmt":"2024-12-02T16:18:36","guid":{"rendered":"https:\/\/rialia.eus\/burdina\/convertidor-bessemer-de-nicolas-martinez-ortiz-de-zarate\/"},"modified":"2025-01-22T12:10:43","modified_gmt":"2025-01-22T11:10:43","slug":"bessemer-bihurgailua-nicolas-martinez-ortiz-de-zarate","status":"publish","type":"page","link":"https:\/\/rialia.eus\/eu\/museoa\/erakusketa-iraunkorra\/burdina\/bessemer-bihurgailua-nicolas-martinez-ortiz-de-zarate\/","title":{"rendered":"Bessemer Bihurgailua (Nicol\u00e1s Mart\u00ednez Ortiz de Z\u00e1rate)"},"content":{"rendered":"\t<div class=\"row\">\r\n\t\t\t\t\t\t<div class=\"col-md-6\"><a rel=\"single-photo\" href=\"https:\/\/rialia.eus\/wp-content\/uploads\/RIALIA_112-01.jpg\"><img width=\"100%\" height=\"auto\" alt=\"\" data-src=\"https:\/\/rialia.eus\/wp-content\/uploads\/RIALIA_112-01.jpg\" class=\" lazyload\"><\/a>\r\n\t\t\t\t\t\t\t\r\n\t\t\t\t\t\t\t<p class=\"pie-foto\">Convertidor Bessemer de Nicol\u00e1s Mart\u00ednez Ortiz de Z\u00e1rate. Rialia. Industria museoa<\/p>\r\n\t\t\t\t\t\t\t\r\n\t\t\t\t\t\t\t<\/div>\r\n\t\t\t\t\t\t\r\n\t\t\t\t\t\t<div class=\"col-md-6\">\r\n\t\t\t\t\t\t\t<p><strong>Bessemer Bihurgailua<\/strong> (Nicol\u00e1s Mart\u00ednez Ortiz de Z\u00e1rate, 1952)<\/p>\r\n\t\t\t\t\t\t\t<p><em>Amaia Barrena Garc\u00edaren<\/em> testua<\/p>\r\n\r\n<p>Irudi geometrikoak ematen dute haien arropa gabeko giharrek, haien esfortzua ariketa matematiko zehaztugabea bailitzan. Izerdiak lan-prekarietateak lagun egin dituen gizonen gorputzak garbitzen ditu, dutxan baleude moduan. Batzuek haien alkondarak izkinaren batean utzi dituzte eta azala besterik ez dute zaurien aurkako babes. Ez dago uniformeren beharrik mila saunen berotasunak estutzen zaituenean. Burdinolak xakean jolasten du aurrerabidea pultsuan bultzatzearren sakrifikatzen diren peoi nekatuen aurka. Industrializazioa ezinezkoaren garaipena da; gizakiak natura eta makinen aurka irabazitako pultsua. Ezer gizatiarrik badago arnasa eta indarrak galduz langileek enpresaren pisua sorbalden gainean daramaten moduan. Ez da pisu metaforikoa, ez. Burdinezko kateak eutsi behar dituzte , mineral beraren harriak haiek bezain handiak diren palez mugitu behar dituzte, eta idiei negarra eragingo lieken gurdiak bultzatu. Sua instrumentu eta arriskua da, kea oxigeno falta bezain normala. Birikiek soldatek baino garestiago ordaintzen dute eta ez diote justiziari ordainagiririk esakatzen. Garai honetan.<\/p>\r\n<p>Laztasuna arrausi egitea bezain naturala da. Haiek, sumendi metalikoan langile goriak, ez dute txintik esaten nahiz eta logura izan. Ametsik izan.<\/p>\r\n\r\n\t<hr>\t\t\t\t\t\t\r\n\t\t\t\t\t\t\t\r\n\t<p><audio class=\"wp-audio-shortcode\" id=\"audio-2738-1\" preload=\"none\" style=\"width: 100%;\" controls=\"controls\"><source type=\"audio\/mpeg\" src=\"https:\/\/rialia.eus\/audio\/31-convertidores_bessemer_eu.mp3?_=1\"><\/source><a href=\"https:\/\/rialia.eus\/audio\/31-convertidores_bessemer_eu.mp3\">https:\/\/rialia.eus\/audio\/31-convertidores_bessemer_eu.mp3<\/a><\/audio> \t\t\t\t\t\t\r\n\t\t\t\t\t\t\t\r\n\t\t\t\t\t\t  <\/p><\/div>\r\n\t\t\t\t\t\t\r\n\t\t\t\t\t\t\r\n\t\t\t\t\t\t<\/div>","protected":false},"excerpt":{"rendered":"<p>Convertidor Bessemer de Nicol\u00e1s Mart\u00ednez Ortiz de Z\u00e1rate. Rialia. Industria museoa Bessemer Bihurgailua (Nicol\u00e1s Mart\u00ednez Ortiz de Z\u00e1rate, 1952) Amaia Barrena Garc\u00edaren testua Irudi geometrikoak ematen dute haien arropa gabeko giharrek, haien esfortzua ariketa matematiko zehaztugabea bailitzan. Izerdiak lan-prekarietateak lagun egin dituen gizonen gorputzak garbitzen ditu, dutxan baleude moduan. Batzuek haien alkondarak izkinaren batean utzi [&hellip;]<\/p>\n","protected":false},"author":1,"featured_media":0,"parent":2575,"menu_order":0,"comment_status":"closed","ping_status":"closed","template":"templates\/page-interior-expo-permanente.php","meta":{"_acf_changed":false,"footnotes":""},"class_list":["post-2738","page","type-page","status-publish","hentry"],"acf":[],"yoast_head":"<!-- This site is optimized with the Yoast SEO plugin v27.3 - https:\/\/yoast.com\/product\/yoast-seo-wordpress\/ -->\n<title>Bessemer Bihurgailua (Nicol\u00e1s Mart\u00ednez Ortiz de Z\u00e1rate) - Rialia<\/title>\n<meta name=\"robots\" content=\"index, follow, max-snippet:-1, max-image-preview:large, max-video-preview:-1\" \/>\n<link rel=\"canonical\" href=\"https:\/\/rialia.eus\/museo\/exposicion-permanente\/hierro\/convertidor-bessemer-de-nicolas-martinez-ortiz-de-zarate\/\" \/>\n<meta property=\"og:locale\" content=\"eu_ES\" \/>\n<meta property=\"og:type\" content=\"article\" \/>\n<meta property=\"og:title\" content=\"Bessemer Bihurgailua (Nicol\u00e1s Mart\u00ednez Ortiz de Z\u00e1rate) - Rialia\" \/>\n<meta property=\"og:description\" content=\"Convertidor Bessemer de Nicol\u00e1s Mart\u00ednez Ortiz de Z\u00e1rate. Rialia. Industria museoa Bessemer Bihurgailua (Nicol\u00e1s Mart\u00ednez Ortiz de Z\u00e1rate, 1952) Amaia Barrena Garc\u00edaren testua Irudi geometrikoak ematen dute haien arropa gabeko giharrek, haien esfortzua ariketa matematiko zehaztugabea bailitzan. Izerdiak lan-prekarietateak lagun egin dituen gizonen gorputzak garbitzen ditu, dutxan baleude moduan. Batzuek haien alkondarak izkinaren batean utzi [&hellip;]\" \/>\n<meta property=\"og:url\" content=\"https:\/\/rialia.eus\/museo\/exposicion-permanente\/hierro\/convertidor-bessemer-de-nicolas-martinez-ortiz-de-zarate\/\" \/>\n<meta property=\"og:site_name\" content=\"Rialia\" \/>\n<meta property=\"article:modified_time\" content=\"2025-01-22T11:10:43+00:00\" \/>\n<meta property=\"og:image\" content=\"https:\/\/rialia.eus\/wp-content\/uploads\/RIALIA_112-01.jpg\" \/>\n<meta name=\"twitter:card\" content=\"summary_large_image\" \/>\n<meta name=\"twitter:label1\" content=\"Est. reading time\" \/>\n\t<meta name=\"twitter:data1\" content=\"2 minutes\" \/>\n<script type=\"application\/ld+json\" class=\"yoast-schema-graph\">{\"@context\":\"https:\\\/\\\/schema.org\",\"@graph\":[{\"@type\":\"WebPage\",\"@id\":\"https:\\\/\\\/rialia.eus\\\/museo\\\/exposicion-permanente\\\/hierro\\\/convertidor-bessemer-de-nicolas-martinez-ortiz-de-zarate\\\/\",\"url\":\"https:\\\/\\\/rialia.eus\\\/museo\\\/exposicion-permanente\\\/hierro\\\/convertidor-bessemer-de-nicolas-martinez-ortiz-de-zarate\\\/\",\"name\":\"Bessemer Bihurgailua (Nicol\u00e1s Mart\u00ednez Ortiz de Z\u00e1rate) - Rialia\",\"isPartOf\":{\"@id\":\"https:\\\/\\\/rialia.eus\\\/#website\"},\"primaryImageOfPage\":{\"@id\":\"https:\\\/\\\/rialia.eus\\\/museo\\\/exposicion-permanente\\\/hierro\\\/convertidor-bessemer-de-nicolas-martinez-ortiz-de-zarate\\\/#primaryimage\"},\"image\":{\"@id\":\"https:\\\/\\\/rialia.eus\\\/museo\\\/exposicion-permanente\\\/hierro\\\/convertidor-bessemer-de-nicolas-martinez-ortiz-de-zarate\\\/#primaryimage\"},\"thumbnailUrl\":\"https:\\\/\\\/rialia.eus\\\/wp-content\\\/uploads\\\/RIALIA_112-01.jpg\",\"datePublished\":\"2024-12-02T16:18:36+00:00\",\"dateModified\":\"2025-01-22T11:10:43+00:00\",\"breadcrumb\":{\"@id\":\"https:\\\/\\\/rialia.eus\\\/museo\\\/exposicion-permanente\\\/hierro\\\/convertidor-bessemer-de-nicolas-martinez-ortiz-de-zarate\\\/#breadcrumb\"},\"inLanguage\":\"eu-ES\",\"potentialAction\":[{\"@type\":\"ReadAction\",\"target\":[\"https:\\\/\\\/rialia.eus\\\/museo\\\/exposicion-permanente\\\/hierro\\\/convertidor-bessemer-de-nicolas-martinez-ortiz-de-zarate\\\/\"]}]},{\"@type\":\"ImageObject\",\"inLanguage\":\"eu-ES\",\"@id\":\"https:\\\/\\\/rialia.eus\\\/museo\\\/exposicion-permanente\\\/hierro\\\/convertidor-bessemer-de-nicolas-martinez-ortiz-de-zarate\\\/#primaryimage\",\"url\":\"https:\\\/\\\/rialia.eus\\\/wp-content\\\/uploads\\\/RIALIA_112-01.jpg\",\"contentUrl\":\"https:\\\/\\\/rialia.eus\\\/wp-content\\\/uploads\\\/RIALIA_112-01.jpg\"},{\"@type\":\"BreadcrumbList\",\"@id\":\"https:\\\/\\\/rialia.eus\\\/museo\\\/exposicion-permanente\\\/hierro\\\/convertidor-bessemer-de-nicolas-martinez-ortiz-de-zarate\\\/#breadcrumb\",\"itemListElement\":[{\"@type\":\"ListItem\",\"position\":1,\"name\":\"Portada\",\"item\":\"https:\\\/\\\/rialia.eus\\\/eu\\\/\"},{\"@type\":\"ListItem\",\"position\":2,\"name\":\"Museoa\",\"item\":\"https:\\\/\\\/rialia.eus\\\/eu\\\/museoa\\\/\"},{\"@type\":\"ListItem\",\"position\":3,\"name\":\"Erakusketa iraunkorra\",\"item\":\"https:\\\/\\\/rialia.eus\\\/eu\\\/museoa\\\/erakusketa-iraunkorra\\\/\"},{\"@type\":\"ListItem\",\"position\":4,\"name\":\"Burdina\",\"item\":\"https:\\\/\\\/rialia.eus\\\/museo\\\/exposicion-permanente\\\/hierro\\\/\"},{\"@type\":\"ListItem\",\"position\":5,\"name\":\"Bessemer Bihurgailua (Nicol\u00e1s Mart\u00ednez Ortiz de Z\u00e1rate)\"}]},{\"@type\":\"WebSite\",\"@id\":\"https:\\\/\\\/rialia.eus\\\/#website\",\"url\":\"https:\\\/\\\/rialia.eus\\\/\",\"name\":\"Rialia\",\"description\":\"Industria Museoa \u2013 Museo de la Industria\",\"potentialAction\":[{\"@type\":\"SearchAction\",\"target\":{\"@type\":\"EntryPoint\",\"urlTemplate\":\"https:\\\/\\\/rialia.eus\\\/?s={search_term_string}\"},\"query-input\":{\"@type\":\"PropertyValueSpecification\",\"valueRequired\":true,\"valueName\":\"search_term_string\"}}],\"inLanguage\":\"eu-ES\"}]}<\/script>\n<!-- \/ Yoast SEO plugin. -->","yoast_head_json":{"title":"Bessemer Bihurgailua (Nicol\u00e1s Mart\u00ednez Ortiz de Z\u00e1rate) - Rialia","robots":{"index":"index","follow":"follow","max-snippet":"max-snippet:-1","max-image-preview":"max-image-preview:large","max-video-preview":"max-video-preview:-1"},"canonical":"https:\/\/rialia.eus\/museo\/exposicion-permanente\/hierro\/convertidor-bessemer-de-nicolas-martinez-ortiz-de-zarate\/","og_locale":"eu_ES","og_type":"article","og_title":"Bessemer Bihurgailua (Nicol\u00e1s Mart\u00ednez Ortiz de Z\u00e1rate) - Rialia","og_description":"Convertidor Bessemer de Nicol\u00e1s Mart\u00ednez Ortiz de Z\u00e1rate. Rialia. Industria museoa Bessemer Bihurgailua (Nicol\u00e1s Mart\u00ednez Ortiz de Z\u00e1rate, 1952) Amaia Barrena Garc\u00edaren testua Irudi geometrikoak ematen dute haien arropa gabeko giharrek, haien esfortzua ariketa matematiko zehaztugabea bailitzan. Izerdiak lan-prekarietateak lagun egin dituen gizonen gorputzak garbitzen ditu, dutxan baleude moduan. Batzuek haien alkondarak izkinaren batean utzi [&hellip;]","og_url":"https:\/\/rialia.eus\/museo\/exposicion-permanente\/hierro\/convertidor-bessemer-de-nicolas-martinez-ortiz-de-zarate\/","og_site_name":"Rialia","article_modified_time":"2025-01-22T11:10:43+00:00","og_image":[{"url":"https:\/\/rialia.eus\/wp-content\/uploads\/RIALIA_112-01.jpg","type":"","width":"","height":""}],"twitter_card":"summary_large_image","twitter_misc":{"Est. reading time":"2 minutes"},"schema":{"@context":"https:\/\/schema.org","@graph":[{"@type":"WebPage","@id":"https:\/\/rialia.eus\/museo\/exposicion-permanente\/hierro\/convertidor-bessemer-de-nicolas-martinez-ortiz-de-zarate\/","url":"https:\/\/rialia.eus\/museo\/exposicion-permanente\/hierro\/convertidor-bessemer-de-nicolas-martinez-ortiz-de-zarate\/","name":"Bessemer Bihurgailua (Nicol\u00e1s Mart\u00ednez Ortiz de Z\u00e1rate) - Rialia","isPartOf":{"@id":"https:\/\/rialia.eus\/#website"},"primaryImageOfPage":{"@id":"https:\/\/rialia.eus\/museo\/exposicion-permanente\/hierro\/convertidor-bessemer-de-nicolas-martinez-ortiz-de-zarate\/#primaryimage"},"image":{"@id":"https:\/\/rialia.eus\/museo\/exposicion-permanente\/hierro\/convertidor-bessemer-de-nicolas-martinez-ortiz-de-zarate\/#primaryimage"},"thumbnailUrl":"https:\/\/rialia.eus\/wp-content\/uploads\/RIALIA_112-01.jpg","datePublished":"2024-12-02T16:18:36+00:00","dateModified":"2025-01-22T11:10:43+00:00","breadcrumb":{"@id":"https:\/\/rialia.eus\/museo\/exposicion-permanente\/hierro\/convertidor-bessemer-de-nicolas-martinez-ortiz-de-zarate\/#breadcrumb"},"inLanguage":"eu-ES","potentialAction":[{"@type":"ReadAction","target":["https:\/\/rialia.eus\/museo\/exposicion-permanente\/hierro\/convertidor-bessemer-de-nicolas-martinez-ortiz-de-zarate\/"]}]},{"@type":"ImageObject","inLanguage":"eu-ES","@id":"https:\/\/rialia.eus\/museo\/exposicion-permanente\/hierro\/convertidor-bessemer-de-nicolas-martinez-ortiz-de-zarate\/#primaryimage","url":"https:\/\/rialia.eus\/wp-content\/uploads\/RIALIA_112-01.jpg","contentUrl":"https:\/\/rialia.eus\/wp-content\/uploads\/RIALIA_112-01.jpg"},{"@type":"BreadcrumbList","@id":"https:\/\/rialia.eus\/museo\/exposicion-permanente\/hierro\/convertidor-bessemer-de-nicolas-martinez-ortiz-de-zarate\/#breadcrumb","itemListElement":[{"@type":"ListItem","position":1,"name":"Portada","item":"https:\/\/rialia.eus\/eu\/"},{"@type":"ListItem","position":2,"name":"Museoa","item":"https:\/\/rialia.eus\/eu\/museoa\/"},{"@type":"ListItem","position":3,"name":"Erakusketa iraunkorra","item":"https:\/\/rialia.eus\/eu\/museoa\/erakusketa-iraunkorra\/"},{"@type":"ListItem","position":4,"name":"Burdina","item":"https:\/\/rialia.eus\/museo\/exposicion-permanente\/hierro\/"},{"@type":"ListItem","position":5,"name":"Bessemer Bihurgailua (Nicol\u00e1s Mart\u00ednez Ortiz de Z\u00e1rate)"}]},{"@type":"WebSite","@id":"https:\/\/rialia.eus\/#website","url":"https:\/\/rialia.eus\/","name":"Rialia","description":"Industria Museoa \u2013 Museo de la Industria","potentialAction":[{"@type":"SearchAction","target":{"@type":"EntryPoint","urlTemplate":"https:\/\/rialia.eus\/?s={search_term_string}"},"query-input":{"@type":"PropertyValueSpecification","valueRequired":true,"valueName":"search_term_string"}}],"inLanguage":"eu-ES"}]}},"_links":{"self":[{"href":"https:\/\/rialia.eus\/eu\/wp-json\/wp\/v2\/pages\/2738","targetHints":{"allow":["GET"]}}],"collection":[{"href":"https:\/\/rialia.eus\/eu\/wp-json\/wp\/v2\/pages"}],"about":[{"href":"https:\/\/rialia.eus\/eu\/wp-json\/wp\/v2\/types\/page"}],"author":[{"embeddable":true,"href":"https:\/\/rialia.eus\/eu\/wp-json\/wp\/v2\/users\/1"}],"replies":[{"embeddable":true,"href":"https:\/\/rialia.eus\/eu\/wp-json\/wp\/v2\/comments?post=2738"}],"version-history":[{"count":3,"href":"https:\/\/rialia.eus\/eu\/wp-json\/wp\/v2\/pages\/2738\/revisions"}],"predecessor-version":[{"id":2925,"href":"https:\/\/rialia.eus\/eu\/wp-json\/wp\/v2\/pages\/2738\/revisions\/2925"}],"up":[{"embeddable":true,"href":"https:\/\/rialia.eus\/eu\/wp-json\/wp\/v2\/pages\/2575"}],"wp:attachment":[{"href":"https:\/\/rialia.eus\/eu\/wp-json\/wp\/v2\/media?parent=2738"}],"curies":[{"name":"wp","href":"https:\/\/api.w.org\/{rel}","templated":true}]}}