 {"id":2732,"date":"2024-12-02T17:14:24","date_gmt":"2024-12-02T16:14:24","guid":{"rendered":"https:\/\/rialia.eus\/burdina\/susurros-junto-al-cuadro-convertidor-bessemer\/"},"modified":"2025-01-22T12:14:23","modified_gmt":"2025-01-22T11:14:23","slug":"xuxurlak-koadroaren-ondoan-bessemer-bihurgailua","status":"publish","type":"page","link":"https:\/\/rialia.eus\/eu\/museoa\/erakusketa-iraunkorra\/burdina\/xuxurlak-koadroaren-ondoan-bessemer-bihurgailua\/","title":{"rendered":"Xuxurlak koadroaren ondoan Bessemer Bihurgailua"},"content":{"rendered":"\t<div class=\"row\">\r\n\t\t\t\t\t\t<div class=\"col-md-6\"><a rel=\"single-photo\" href=\"https:\/\/rialia.eus\/wp-content\/uploads\/1-bessemer_bn.jpg\"><img width=\"100%\" height=\"auto\" alt=\"\" data-src=\"https:\/\/rialia.eus\/wp-content\/uploads\/1-bessemer_bn.jpg\" class=\" lazyload\"><\/a>\r\n\t\t\t\t\t\t\t\r\n\t\t\t\t\t\t\t<p class=\"pie-foto\">Convertidor Bessemer de Nicol\u00e1s Mart\u00ednez Ortiz de Z\u00e1rate. Rialia. Industria museoa<\/p>\r\n\t\t\t\t\t\t\t\r\n\t\t\t\t\t\t\t<\/div>\r\n\t\t\t\t\t\t\r\n\t\t\t\t\t\t<div class=\"col-md-6\">\r\n\t\t\t\t\t\t\t\r\n\t\t\t\t\t\t\t<p>Jarduera siderurgikoa aurkezten duen eszena da hau. Koadroaren ezkerraldean bi gizon daude, giharrak argi eta garbi zehazturik, katez loturiko burdinezko edukiontzi bat ari dira maneiatzen. Bitartean, lankideak, aurrean, erdialdean, beste bat ari dira mineral- harriz betetzen. Irudiaren erdi-aldean, goian, atzean, hiru Bessmer bihurgailu ikus daitezke.<\/p>\r\n\r\n\t<hr>\t\t\t\t\t\t\r\n\t\t\t\t\t\t\t\r\n\t<p><audio class=\"wp-audio-shortcode\" id=\"audio-2732-1\" preload=\"none\" style=\"width: 100%;\" controls=\"controls\"><source type=\"audio\/mpeg\" src=\"https:\/\/rialia.eus\/audio\/31-susurro_convertidores_bessemer_eu.mp3?_=1\"><\/source><a href=\"https:\/\/rialia.eus\/audio\/31-susurro_convertidores_bessemer_eu.mp3\">https:\/\/rialia.eus\/audio\/31-susurro_convertidores_bessemer_eu.mp3<\/a><\/audio> \t\t\t\t\t\t\r\n\t\t\t\t\t\t\t\r\n\t\t\t\t\t\t  <\/p><\/div>\r\n\t\t\t\t\t\t\r\n\t\t\t\t\t\t\r\n\t\t\t\t\t\t<\/div>","protected":false},"excerpt":{"rendered":"<p>Convertidor Bessemer de Nicol\u00e1s Mart\u00ednez Ortiz de Z\u00e1rate. Rialia. Industria museoa Jarduera siderurgikoa aurkezten duen eszena da hau. Koadroaren ezkerraldean bi gizon daude, giharrak argi eta garbi zehazturik, katez loturiko burdinezko edukiontzi bat ari dira maneiatzen. Bitartean, lankideak, aurrean, erdialdean, beste bat ari dira mineral- harriz betetzen. Irudiaren erdi-aldean, goian, atzean, hiru Bessmer bihurgailu ikus [&hellip;]<\/p>\n","protected":false},"author":1,"featured_media":0,"parent":2575,"menu_order":0,"comment_status":"closed","ping_status":"closed","template":"templates\/page-interior-expo-permanente.php","meta":{"_acf_changed":false,"footnotes":""},"class_list":["post-2732","page","type-page","status-publish","hentry"],"acf":[],"yoast_head":"<!-- This site is optimized with the Yoast SEO plugin v27.3 - https:\/\/yoast.com\/product\/yoast-seo-wordpress\/ -->\n<title>Xuxurlak koadroaren ondoan Bessemer Bihurgailua - Rialia<\/title>\n<meta name=\"robots\" content=\"index, follow, max-snippet:-1, max-image-preview:large, max-video-preview:-1\" \/>\n<link rel=\"canonical\" href=\"https:\/\/rialia.eus\/museo\/exposicion-permanente\/hierro\/susurros-junto-al-cuadro-convertidor-bessemer\/\" \/>\n<meta property=\"og:locale\" content=\"eu_ES\" \/>\n<meta property=\"og:type\" content=\"article\" \/>\n<meta property=\"og:title\" content=\"Xuxurlak koadroaren ondoan Bessemer Bihurgailua - Rialia\" \/>\n<meta property=\"og:description\" content=\"Convertidor Bessemer de Nicol\u00e1s Mart\u00ednez Ortiz de Z\u00e1rate. Rialia. Industria museoa Jarduera siderurgikoa aurkezten duen eszena da hau. Koadroaren ezkerraldean bi gizon daude, giharrak argi eta garbi zehazturik, katez loturiko burdinezko edukiontzi bat ari dira maneiatzen. Bitartean, lankideak, aurrean, erdialdean, beste bat ari dira mineral- harriz betetzen. Irudiaren erdi-aldean, goian, atzean, hiru Bessmer bihurgailu ikus [&hellip;]\" \/>\n<meta property=\"og:url\" content=\"https:\/\/rialia.eus\/museo\/exposicion-permanente\/hierro\/susurros-junto-al-cuadro-convertidor-bessemer\/\" \/>\n<meta property=\"og:site_name\" content=\"Rialia\" \/>\n<meta property=\"article:modified_time\" content=\"2025-01-22T11:14:23+00:00\" \/>\n<meta property=\"og:image\" content=\"https:\/\/rialia.eus\/wp-content\/uploads\/1-bessemer_bn.jpg\" \/>\n<meta name=\"twitter:card\" content=\"summary_large_image\" \/>\n<meta name=\"twitter:label1\" content=\"Est. reading time\" \/>\n\t<meta name=\"twitter:data1\" content=\"1 minute\" \/>\n<script type=\"application\/ld+json\" class=\"yoast-schema-graph\">{\"@context\":\"https:\\\/\\\/schema.org\",\"@graph\":[{\"@type\":\"WebPage\",\"@id\":\"https:\\\/\\\/rialia.eus\\\/museo\\\/exposicion-permanente\\\/hierro\\\/susurros-junto-al-cuadro-convertidor-bessemer\\\/\",\"url\":\"https:\\\/\\\/rialia.eus\\\/museo\\\/exposicion-permanente\\\/hierro\\\/susurros-junto-al-cuadro-convertidor-bessemer\\\/\",\"name\":\"Xuxurlak koadroaren ondoan Bessemer Bihurgailua - Rialia\",\"isPartOf\":{\"@id\":\"https:\\\/\\\/rialia.eus\\\/#website\"},\"primaryImageOfPage\":{\"@id\":\"https:\\\/\\\/rialia.eus\\\/museo\\\/exposicion-permanente\\\/hierro\\\/susurros-junto-al-cuadro-convertidor-bessemer\\\/#primaryimage\"},\"image\":{\"@id\":\"https:\\\/\\\/rialia.eus\\\/museo\\\/exposicion-permanente\\\/hierro\\\/susurros-junto-al-cuadro-convertidor-bessemer\\\/#primaryimage\"},\"thumbnailUrl\":\"https:\\\/\\\/rialia.eus\\\/wp-content\\\/uploads\\\/1-bessemer_bn.jpg\",\"datePublished\":\"2024-12-02T16:14:24+00:00\",\"dateModified\":\"2025-01-22T11:14:23+00:00\",\"breadcrumb\":{\"@id\":\"https:\\\/\\\/rialia.eus\\\/museo\\\/exposicion-permanente\\\/hierro\\\/susurros-junto-al-cuadro-convertidor-bessemer\\\/#breadcrumb\"},\"inLanguage\":\"eu-ES\",\"potentialAction\":[{\"@type\":\"ReadAction\",\"target\":[\"https:\\\/\\\/rialia.eus\\\/museo\\\/exposicion-permanente\\\/hierro\\\/susurros-junto-al-cuadro-convertidor-bessemer\\\/\"]}]},{\"@type\":\"ImageObject\",\"inLanguage\":\"eu-ES\",\"@id\":\"https:\\\/\\\/rialia.eus\\\/museo\\\/exposicion-permanente\\\/hierro\\\/susurros-junto-al-cuadro-convertidor-bessemer\\\/#primaryimage\",\"url\":\"https:\\\/\\\/rialia.eus\\\/wp-content\\\/uploads\\\/1-bessemer_bn.jpg\",\"contentUrl\":\"https:\\\/\\\/rialia.eus\\\/wp-content\\\/uploads\\\/1-bessemer_bn.jpg\"},{\"@type\":\"BreadcrumbList\",\"@id\":\"https:\\\/\\\/rialia.eus\\\/museo\\\/exposicion-permanente\\\/hierro\\\/susurros-junto-al-cuadro-convertidor-bessemer\\\/#breadcrumb\",\"itemListElement\":[{\"@type\":\"ListItem\",\"position\":1,\"name\":\"Portada\",\"item\":\"https:\\\/\\\/rialia.eus\\\/eu\\\/\"},{\"@type\":\"ListItem\",\"position\":2,\"name\":\"Museoa\",\"item\":\"https:\\\/\\\/rialia.eus\\\/eu\\\/museoa\\\/\"},{\"@type\":\"ListItem\",\"position\":3,\"name\":\"Erakusketa iraunkorra\",\"item\":\"https:\\\/\\\/rialia.eus\\\/eu\\\/museoa\\\/erakusketa-iraunkorra\\\/\"},{\"@type\":\"ListItem\",\"position\":4,\"name\":\"Burdina\",\"item\":\"https:\\\/\\\/rialia.eus\\\/museo\\\/exposicion-permanente\\\/hierro\\\/\"},{\"@type\":\"ListItem\",\"position\":5,\"name\":\"Xuxurlak koadroaren ondoan Bessemer Bihurgailua\"}]},{\"@type\":\"WebSite\",\"@id\":\"https:\\\/\\\/rialia.eus\\\/#website\",\"url\":\"https:\\\/\\\/rialia.eus\\\/\",\"name\":\"Rialia\",\"description\":\"Industria Museoa \u2013 Museo de la Industria\",\"potentialAction\":[{\"@type\":\"SearchAction\",\"target\":{\"@type\":\"EntryPoint\",\"urlTemplate\":\"https:\\\/\\\/rialia.eus\\\/?s={search_term_string}\"},\"query-input\":{\"@type\":\"PropertyValueSpecification\",\"valueRequired\":true,\"valueName\":\"search_term_string\"}}],\"inLanguage\":\"eu-ES\"}]}<\/script>\n<!-- \/ Yoast SEO plugin. -->","yoast_head_json":{"title":"Xuxurlak koadroaren ondoan Bessemer Bihurgailua - Rialia","robots":{"index":"index","follow":"follow","max-snippet":"max-snippet:-1","max-image-preview":"max-image-preview:large","max-video-preview":"max-video-preview:-1"},"canonical":"https:\/\/rialia.eus\/museo\/exposicion-permanente\/hierro\/susurros-junto-al-cuadro-convertidor-bessemer\/","og_locale":"eu_ES","og_type":"article","og_title":"Xuxurlak koadroaren ondoan Bessemer Bihurgailua - Rialia","og_description":"Convertidor Bessemer de Nicol\u00e1s Mart\u00ednez Ortiz de Z\u00e1rate. Rialia. Industria museoa Jarduera siderurgikoa aurkezten duen eszena da hau. Koadroaren ezkerraldean bi gizon daude, giharrak argi eta garbi zehazturik, katez loturiko burdinezko edukiontzi bat ari dira maneiatzen. Bitartean, lankideak, aurrean, erdialdean, beste bat ari dira mineral- harriz betetzen. Irudiaren erdi-aldean, goian, atzean, hiru Bessmer bihurgailu ikus [&hellip;]","og_url":"https:\/\/rialia.eus\/museo\/exposicion-permanente\/hierro\/susurros-junto-al-cuadro-convertidor-bessemer\/","og_site_name":"Rialia","article_modified_time":"2025-01-22T11:14:23+00:00","og_image":[{"url":"https:\/\/rialia.eus\/wp-content\/uploads\/1-bessemer_bn.jpg","type":"","width":"","height":""}],"twitter_card":"summary_large_image","twitter_misc":{"Est. reading time":"1 minute"},"schema":{"@context":"https:\/\/schema.org","@graph":[{"@type":"WebPage","@id":"https:\/\/rialia.eus\/museo\/exposicion-permanente\/hierro\/susurros-junto-al-cuadro-convertidor-bessemer\/","url":"https:\/\/rialia.eus\/museo\/exposicion-permanente\/hierro\/susurros-junto-al-cuadro-convertidor-bessemer\/","name":"Xuxurlak koadroaren ondoan Bessemer Bihurgailua - Rialia","isPartOf":{"@id":"https:\/\/rialia.eus\/#website"},"primaryImageOfPage":{"@id":"https:\/\/rialia.eus\/museo\/exposicion-permanente\/hierro\/susurros-junto-al-cuadro-convertidor-bessemer\/#primaryimage"},"image":{"@id":"https:\/\/rialia.eus\/museo\/exposicion-permanente\/hierro\/susurros-junto-al-cuadro-convertidor-bessemer\/#primaryimage"},"thumbnailUrl":"https:\/\/rialia.eus\/wp-content\/uploads\/1-bessemer_bn.jpg","datePublished":"2024-12-02T16:14:24+00:00","dateModified":"2025-01-22T11:14:23+00:00","breadcrumb":{"@id":"https:\/\/rialia.eus\/museo\/exposicion-permanente\/hierro\/susurros-junto-al-cuadro-convertidor-bessemer\/#breadcrumb"},"inLanguage":"eu-ES","potentialAction":[{"@type":"ReadAction","target":["https:\/\/rialia.eus\/museo\/exposicion-permanente\/hierro\/susurros-junto-al-cuadro-convertidor-bessemer\/"]}]},{"@type":"ImageObject","inLanguage":"eu-ES","@id":"https:\/\/rialia.eus\/museo\/exposicion-permanente\/hierro\/susurros-junto-al-cuadro-convertidor-bessemer\/#primaryimage","url":"https:\/\/rialia.eus\/wp-content\/uploads\/1-bessemer_bn.jpg","contentUrl":"https:\/\/rialia.eus\/wp-content\/uploads\/1-bessemer_bn.jpg"},{"@type":"BreadcrumbList","@id":"https:\/\/rialia.eus\/museo\/exposicion-permanente\/hierro\/susurros-junto-al-cuadro-convertidor-bessemer\/#breadcrumb","itemListElement":[{"@type":"ListItem","position":1,"name":"Portada","item":"https:\/\/rialia.eus\/eu\/"},{"@type":"ListItem","position":2,"name":"Museoa","item":"https:\/\/rialia.eus\/eu\/museoa\/"},{"@type":"ListItem","position":3,"name":"Erakusketa iraunkorra","item":"https:\/\/rialia.eus\/eu\/museoa\/erakusketa-iraunkorra\/"},{"@type":"ListItem","position":4,"name":"Burdina","item":"https:\/\/rialia.eus\/museo\/exposicion-permanente\/hierro\/"},{"@type":"ListItem","position":5,"name":"Xuxurlak koadroaren ondoan Bessemer Bihurgailua"}]},{"@type":"WebSite","@id":"https:\/\/rialia.eus\/#website","url":"https:\/\/rialia.eus\/","name":"Rialia","description":"Industria Museoa \u2013 Museo de la Industria","potentialAction":[{"@type":"SearchAction","target":{"@type":"EntryPoint","urlTemplate":"https:\/\/rialia.eus\/?s={search_term_string}"},"query-input":{"@type":"PropertyValueSpecification","valueRequired":true,"valueName":"search_term_string"}}],"inLanguage":"eu-ES"}]}},"_links":{"self":[{"href":"https:\/\/rialia.eus\/eu\/wp-json\/wp\/v2\/pages\/2732","targetHints":{"allow":["GET"]}}],"collection":[{"href":"https:\/\/rialia.eus\/eu\/wp-json\/wp\/v2\/pages"}],"about":[{"href":"https:\/\/rialia.eus\/eu\/wp-json\/wp\/v2\/types\/page"}],"author":[{"embeddable":true,"href":"https:\/\/rialia.eus\/eu\/wp-json\/wp\/v2\/users\/1"}],"replies":[{"embeddable":true,"href":"https:\/\/rialia.eus\/eu\/wp-json\/wp\/v2\/comments?post=2732"}],"version-history":[{"count":1,"href":"https:\/\/rialia.eus\/eu\/wp-json\/wp\/v2\/pages\/2732\/revisions"}],"predecessor-version":[{"id":2733,"href":"https:\/\/rialia.eus\/eu\/wp-json\/wp\/v2\/pages\/2732\/revisions\/2733"}],"up":[{"embeddable":true,"href":"https:\/\/rialia.eus\/eu\/wp-json\/wp\/v2\/pages\/2575"}],"wp:attachment":[{"href":"https:\/\/rialia.eus\/eu\/wp-json\/wp\/v2\/media?parent=2732"}],"curies":[{"name":"wp","href":"https:\/\/api.w.org\/{rel}","templated":true}]}}