 {"id":3590,"date":"2024-12-12T09:17:26","date_gmt":"2024-12-12T08:17:26","guid":{"rendered":"https:\/\/rialia.eus\/museo\/linea-del-tiempo\/2000-2010\/"},"modified":"2025-01-28T15:02:49","modified_gmt":"2025-01-28T14:02:49","slug":"2000-2010","status":"publish","type":"page","link":"https:\/\/rialia.eus\/en\/museum\/timeline\/2000-2010\/","title":{"rendered":"2000-2010"},"content":{"rendered":"<section class=\"module-sm\"><div class=\"container-fluid\">\t\t<section class=\"timeline\">\r\n\t\t\t<div class=\"swiper-container\" data-background=\"https:\/\/rialia.eus\/assets\/media\/Ventana-al-Puente-Colgante.jpg\">\r\n\t\t\t\t<main class=\"swiper-wrapper\">\r\n\t\t\t\t\t\t\t        \t\t<article class=\"swiper-slide\" data-year=\"2000\">\r\n\t\t        \t\t\t<div class=\"swiper-slide-content\">\r\n\t\t\t        \t\t\t<span class=\"timeline-year\">2000<\/span>\r\n\t\t\t        \t\t\t \r\n\t\t\t                      <div class=\"timeline-text\"><p>The AESA civil shipyards merge with the Empresa Nacional Baz\u00e1n. Dedicated to constructing military ships: the new company will be called IZAR<\/p>\n<\/div>\r\n\t\t\t                    \t\t                \t<\/div>\r\n\t\t        \t\t<\/article>\r\n\t\t        \t\t\t\t        \t\t<article class=\"swiper-slide\" data-year=\"2003\">\r\n\t\t        \t\t\t<div class=\"swiper-slide-content\">\r\n\t\t\t        \t\t\t<span class=\"timeline-year\">2003<\/span>\r\n\t\t\t        \t\t\t \r\n\t\t\t                      <div class=\"timeline-text\"><p>The I\u00f1igo Tapias gas tanker passes through the R\u00eda del Nervi\u00f3n, under the suspension bridge, for the first time<\/p>\n<\/div>\r\n\t\t\t                    \t\t                \t<\/div>\r\n\t\t        \t\t<\/article>\r\n\t\t        \t\t\t\t        \t\t<article class=\"swiper-slide\" data-year=\"2005\">\r\n\t\t        \t\t\t<div class=\"swiper-slide-content\">\r\n\t\t\t        \t\t\t<span class=\"timeline-year\">2005<\/span>\r\n\t\t\t        \t\t\t \r\n\t\t\t                      <div class=\"timeline-text\"><p>Several companies and investors constitute the company Construcciones Navales del Norte (CNN) to opt to purchase the Sestao shipyard. The La Naval lands are sold to the VGP fund, thus ending a century of shipbuilding in Sestao<\/p>\n<\/div>\r\n\t\t\t                    \t\t                \t<\/div>\r\n\t\t        \t\t<\/article>\r\n\t\t        \t\t\t\t        \t\t<article class=\"swiper-slide\" data-year=\"2006\">\r\n\t\t        \t\t\t<div class=\"swiper-slide-content\">\r\n\t\t\t        \t\t\t<span class=\"timeline-year\">2006<\/span>\r\n\t\t\t        \t\t\t \r\n\t\t\t                      <div class=\"timeline-text\"><p>The Vizcaya Bridge has been declared a World Heritage Site by UNESCO<\/p>\n<\/div>\r\n\t\t\t                    \t\t                \t<\/div>\r\n\t\t        \t\t<\/article>\r\n\t\t        \t\t\t\t        \t\t<article class=\"swiper-slide\" data-year=\"2006\">\r\n\t\t        \t\t\t<div class=\"swiper-slide-content\">\r\n\t\t\t        \t\t\t<span class=\"timeline-year\">2006<\/span>\r\n\t\t\t        \t\t\t \r\n\t\t\t                      <div class=\"timeline-text\"><p>Inauguration of RIALIA, Museum of Industry<\/p>\n<\/div>\r\n\t\t\t                    \t\t                \t<\/div>\r\n\t\t        \t\t<\/article>\r\n\t\t        \t\t\t\t        \t\t<article class=\"swiper-slide\" data-year=\"2010\">\r\n\t\t        \t\t\t<div class=\"swiper-slide-content\">\r\n\t\t\t        \t\t\t<span class=\"timeline-year\">2010<\/span>\r\n\t\t\t        \t\t\t \r\n\t\t\t                      <div class=\"timeline-text\"><p>The Suspendion Bridge is painted \u201cSomorrostro red vein\u201d after a popular consultation, after 100 years of being black<\/p>\n<\/div>\r\n\t\t\t                    \t\t                \t<\/div>\r\n\t\t        \t\t<\/article>\r\n\t\t        \t\t\t\t\t\t<\/main>\r\n\t\t\t\t<div class=\"swiper-button-prev\"><\/div>\r\n                <div class=\"swiper-button-next\"><\/div>\r\n                <div class=\"swiper-pagination\"><\/div>\r\n\t\t\t<\/div>\r\n\t\t<\/section>\r\n\t\t<\/div><\/section>","protected":false},"excerpt":{"rendered":"","protected":false},"author":1,"featured_media":0,"parent":3267,"menu_order":0,"comment_status":"closed","ping_status":"closed","template":"templates\/page-interior-linea-tiempo.php","meta":{"_acf_changed":false,"footnotes":""},"class_list":["post-3590","page","type-page","status-publish","hentry"],"acf":[],"yoast_head":"<!-- This site is optimized with the Yoast SEO plugin v27.3 - https:\/\/yoast.com\/product\/yoast-seo-wordpress\/ -->\n<title>2000-2010 - Rialia<\/title>\n<meta name=\"robots\" content=\"index, follow, max-snippet:-1, max-image-preview:large, max-video-preview:-1\" \/>\n<link rel=\"canonical\" href=\"https:\/\/rialia.eus\/museo\/linea-del-tiempo\/2000-2010\/\" \/>\n<meta property=\"og:locale\" content=\"en_US\" \/>\n<meta property=\"og:type\" content=\"article\" \/>\n<meta property=\"og:title\" content=\"2000-2010 - Rialia\" \/>\n<meta property=\"og:url\" content=\"https:\/\/rialia.eus\/museo\/linea-del-tiempo\/2000-2010\/\" \/>\n<meta property=\"og:site_name\" content=\"Rialia\" \/>\n<meta property=\"article:modified_time\" content=\"2025-01-28T14:02:49+00:00\" \/>\n<meta name=\"twitter:card\" content=\"summary_large_image\" \/>\n<meta name=\"twitter:label1\" content=\"Est. reading time\" \/>\n\t<meta name=\"twitter:data1\" content=\"1 minute\" \/>\n<script type=\"application\/ld+json\" class=\"yoast-schema-graph\">{\"@context\":\"https:\\\/\\\/schema.org\",\"@graph\":[{\"@type\":\"WebPage\",\"@id\":\"https:\\\/\\\/rialia.eus\\\/museo\\\/linea-del-tiempo\\\/2000-2010\\\/\",\"url\":\"https:\\\/\\\/rialia.eus\\\/museo\\\/linea-del-tiempo\\\/2000-2010\\\/\",\"name\":\"2000-2010 - Rialia\",\"isPartOf\":{\"@id\":\"https:\\\/\\\/rialia.eus\\\/#website\"},\"datePublished\":\"2024-12-12T08:17:26+00:00\",\"dateModified\":\"2025-01-28T14:02:49+00:00\",\"breadcrumb\":{\"@id\":\"https:\\\/\\\/rialia.eus\\\/museo\\\/linea-del-tiempo\\\/2000-2010\\\/#breadcrumb\"},\"inLanguage\":\"en-US\",\"potentialAction\":[{\"@type\":\"ReadAction\",\"target\":[\"https:\\\/\\\/rialia.eus\\\/museo\\\/linea-del-tiempo\\\/2000-2010\\\/\"]}]},{\"@type\":\"BreadcrumbList\",\"@id\":\"https:\\\/\\\/rialia.eus\\\/museo\\\/linea-del-tiempo\\\/2000-2010\\\/#breadcrumb\",\"itemListElement\":[{\"@type\":\"ListItem\",\"position\":1,\"name\":\"Portada\",\"item\":\"https:\\\/\\\/rialia.eus\\\/en\\\/\"},{\"@type\":\"ListItem\",\"position\":2,\"name\":\"Museum\",\"item\":\"https:\\\/\\\/rialia.eus\\\/en\\\/museum\\\/\"},{\"@type\":\"ListItem\",\"position\":3,\"name\":\"Timeline\",\"item\":\"https:\\\/\\\/rialia.eus\\\/museo\\\/linea-del-tiempo\\\/\"},{\"@type\":\"ListItem\",\"position\":4,\"name\":\"2000-2010\"}]},{\"@type\":\"WebSite\",\"@id\":\"https:\\\/\\\/rialia.eus\\\/#website\",\"url\":\"https:\\\/\\\/rialia.eus\\\/\",\"name\":\"Rialia\",\"description\":\"Industria Museoa \u2013 Museo de la Industria\",\"potentialAction\":[{\"@type\":\"SearchAction\",\"target\":{\"@type\":\"EntryPoint\",\"urlTemplate\":\"https:\\\/\\\/rialia.eus\\\/?s={search_term_string}\"},\"query-input\":{\"@type\":\"PropertyValueSpecification\",\"valueRequired\":true,\"valueName\":\"search_term_string\"}}],\"inLanguage\":\"en-US\"}]}<\/script>\n<!-- \/ Yoast SEO plugin. -->","yoast_head_json":{"title":"2000-2010 - Rialia","robots":{"index":"index","follow":"follow","max-snippet":"max-snippet:-1","max-image-preview":"max-image-preview:large","max-video-preview":"max-video-preview:-1"},"canonical":"https:\/\/rialia.eus\/museo\/linea-del-tiempo\/2000-2010\/","og_locale":"en_US","og_type":"article","og_title":"2000-2010 - Rialia","og_url":"https:\/\/rialia.eus\/museo\/linea-del-tiempo\/2000-2010\/","og_site_name":"Rialia","article_modified_time":"2025-01-28T14:02:49+00:00","twitter_card":"summary_large_image","twitter_misc":{"Est. reading time":"1 minute"},"schema":{"@context":"https:\/\/schema.org","@graph":[{"@type":"WebPage","@id":"https:\/\/rialia.eus\/museo\/linea-del-tiempo\/2000-2010\/","url":"https:\/\/rialia.eus\/museo\/linea-del-tiempo\/2000-2010\/","name":"2000-2010 - Rialia","isPartOf":{"@id":"https:\/\/rialia.eus\/#website"},"datePublished":"2024-12-12T08:17:26+00:00","dateModified":"2025-01-28T14:02:49+00:00","breadcrumb":{"@id":"https:\/\/rialia.eus\/museo\/linea-del-tiempo\/2000-2010\/#breadcrumb"},"inLanguage":"en-US","potentialAction":[{"@type":"ReadAction","target":["https:\/\/rialia.eus\/museo\/linea-del-tiempo\/2000-2010\/"]}]},{"@type":"BreadcrumbList","@id":"https:\/\/rialia.eus\/museo\/linea-del-tiempo\/2000-2010\/#breadcrumb","itemListElement":[{"@type":"ListItem","position":1,"name":"Portada","item":"https:\/\/rialia.eus\/en\/"},{"@type":"ListItem","position":2,"name":"Museum","item":"https:\/\/rialia.eus\/en\/museum\/"},{"@type":"ListItem","position":3,"name":"Timeline","item":"https:\/\/rialia.eus\/museo\/linea-del-tiempo\/"},{"@type":"ListItem","position":4,"name":"2000-2010"}]},{"@type":"WebSite","@id":"https:\/\/rialia.eus\/#website","url":"https:\/\/rialia.eus\/","name":"Rialia","description":"Industria Museoa \u2013 Museo de la Industria","potentialAction":[{"@type":"SearchAction","target":{"@type":"EntryPoint","urlTemplate":"https:\/\/rialia.eus\/?s={search_term_string}"},"query-input":{"@type":"PropertyValueSpecification","valueRequired":true,"valueName":"search_term_string"}}],"inLanguage":"en-US"}]}},"_links":{"self":[{"href":"https:\/\/rialia.eus\/en\/wp-json\/wp\/v2\/pages\/3590","targetHints":{"allow":["GET"]}}],"collection":[{"href":"https:\/\/rialia.eus\/en\/wp-json\/wp\/v2\/pages"}],"about":[{"href":"https:\/\/rialia.eus\/en\/wp-json\/wp\/v2\/types\/page"}],"author":[{"embeddable":true,"href":"https:\/\/rialia.eus\/en\/wp-json\/wp\/v2\/users\/1"}],"replies":[{"embeddable":true,"href":"https:\/\/rialia.eus\/en\/wp-json\/wp\/v2\/comments?post=3590"}],"version-history":[{"count":1,"href":"https:\/\/rialia.eus\/en\/wp-json\/wp\/v2\/pages\/3590\/revisions"}],"predecessor-version":[{"id":3593,"href":"https:\/\/rialia.eus\/en\/wp-json\/wp\/v2\/pages\/3590\/revisions\/3593"}],"up":[{"embeddable":true,"href":"https:\/\/rialia.eus\/en\/wp-json\/wp\/v2\/pages\/3267"}],"wp:attachment":[{"href":"https:\/\/rialia.eus\/en\/wp-json\/wp\/v2\/media?parent=3590"}],"curies":[{"name":"wp","href":"https:\/\/api.w.org\/{rel}","templated":true}]}}