 {"id":3259,"date":"2024-12-12T11:56:55","date_gmt":"2024-12-12T10:56:55","guid":{"rendered":"https:\/\/rialia.eus\/permanent-exhibition\/portugalete\/fotografia\/"},"modified":"2025-06-27T12:21:00","modified_gmt":"2025-06-27T11:21:00","slug":"fotografia","status":"publish","type":"page","link":"https:\/\/rialia.eus\/en\/museum\/permanent-exhibition\/portugalete\/fotografia\/","title":{"rendered":"PHOTOGRAPHY"},"content":{"rendered":"<div class=\"row listado-exposicion\">\r\n    <div class=\"col-md-12 p-b-50\">\r\n        <audio class=\"wp-audio-shortcode\" id=\"audio-3259-1\" preload=\"none\" style=\"width: 100%;\" controls=\"controls\"><source type=\"audio\/mpeg\" src=\"https:\/\/rialia.eus\/audio\/45-b-juegos_y_fotos_en.mp3?_=1\"><\/source><a href=\"https:\/\/rialia.eus\/audio\/45-b-juegos_y_fotos_en.mp3\">https:\/\/rialia.eus\/audio\/45-b-juegos_y_fotos_en.mp3<\/a><\/audio>\r\n    <\/div>\r\n    <div class=\"col-md-4\">\r\n        <div class=\"card\">\r\n            <div class=\"card-actions\">\r\n                <a class=\"card-image\" href=\"https:\/\/rialia.eus\/en\/museum\/permanent-exhibition\/portugalete\/fotografia\/fidel-raso\/\" title=\"M\u00e1s info\">\r\n                    <img width=\"100%\" height=\"auto\" alt=\"\" data-src=\"https:\/\/rialia.eus\/assets\/media\/F1.jpg\" class=\" lazyload\">\r\n                <\/a>\r\n            <\/div>\r\n            <div class=\"card-body\">\r\n                <h3>Fidel Raso<\/h3>\r\n            <\/div>\r\n        <\/div>\r\n    <\/div>\r\n    <div class=\"col-md-4\">\r\n        <div class=\"card\">\r\n            <div class=\"card-actions\">\r\n                <a class=\"card-image\" href=\"https:\/\/rialia.eus\/en\/museum\/permanent-exhibition\/portugalete\/fotografia\/aitor-ortiz\/\" title=\"M\u00e1s info\">\r\n                    <img width=\"100%\" height=\"auto\" alt=\"\" data-src=\"https:\/\/rialia.eus\/assets\/media\/F2.jpg\" class=\" lazyload\">\r\n                <\/a>\r\n            <\/div>\r\n            <div class=\"card-body\">\r\n                <h3>Aitor Ortiz<\/h3>\r\n            <\/div>\r\n        <\/div>\r\n    <\/div>\r\n    <div class=\"col-md-4\">\r\n        <div class=\"card\">\r\n            <div class=\"card-actions\">\r\n                <a class=\"card-image\" href=\"https:\/\/rialia.eus\/en\/museum\/permanent-exhibition\/portugalete\/fotografia\/konrado-mugertza\/\" title=\"M\u00e1s info\">\r\n                    <img width=\"100%\" height=\"auto\" alt=\"\" data-src=\"https:\/\/rialia.eus\/assets\/media\/F3.jpg\" class=\" lazyload\">\r\n                <\/a>\r\n            <\/div>\r\n            <div class=\"card-body\">\r\n                <h3>Konrado Mugertza<\/h3>\r\n            <\/div>\r\n        <\/div>\r\n    <\/div>\r\n    <div class=\"col-md-4\">\r\n        <div class=\"card\">\r\n            <div class=\"card-actions\">\r\n                <a class=\"card-image\" href=\"https:\/\/rialia.eus\/en\/museum\/permanent-exhibition\/portugalete\/fotografia\/javier-rodriguez\/\" title=\"M\u00e1s info\">\r\n                    <img width=\"100%\" height=\"auto\" alt=\"\" data-src=\"https:\/\/rialia.eus\/assets\/media\/F4.jpg\" class=\" lazyload\">\r\n                <\/a>\r\n            <\/div>\r\n            <div class=\"card-body\">\r\n                <h3>Javier Rodr\u00edguez<\/h3>\r\n            <\/div>\r\n        <\/div>\r\n    <\/div>\r\n    <div class=\"col-md-4\">\r\n        <div class=\"card\">\r\n            <div class=\"card-actions\">\r\n                <a class=\"card-image\" href=\"https:\/\/rialia.eus\/en\/museum\/permanent-exhibition\/portugalete\/fotografia\/jesus-de-etxebarria\/\" title=\"M\u00e1s info\">\r\n                    <img width=\"100%\" height=\"auto\" alt=\"\" data-src=\"https:\/\/rialia.eus\/assets\/media\/F5.jpg\" class=\" lazyload\">\r\n                <\/a>\r\n            <\/div>\r\n            <div class=\"card-body\">\r\n                <h3>Jesus de Etxebarria<\/h3>\r\n            <\/div>\r\n        <\/div>\r\n    <\/div>\r\n    <div class=\"col-md-12 p-b-50 p-t-50\">\r\n        <audio class=\"wp-audio-shortcode\" id=\"audio-3259-2\" preload=\"none\" style=\"width: 100%;\" controls=\"controls\"><source type=\"audio\/mpeg\" src=\"https:\/\/rialia.eus\/audio\/44-a-juegos_y_fotos_en.mp3?_=2\"><\/source><a href=\"https:\/\/rialia.eus\/audio\/44-a-juegos_y_fotos_en.mp3\">https:\/\/rialia.eus\/audio\/44-a-juegos_y_fotos_en.mp3<\/a><\/audio>\r\n    <\/div>\r\n    <div class=\"col-md-4\">\r\n        <div class=\"card\">\r\n            <div class=\"card-actions\">\r\n                <a class=\"card-image\" href=\"https:\/\/rialia.eus\/en\/museum\/permanent-exhibition\/portugalete\/fotografia\/juantxu-rodriguez\/\" title=\"M\u00e1s info\">\r\n                    <img width=\"100%\" height=\"auto\" alt=\"\" data-src=\"https:\/\/rialia.eus\/assets\/media\/fotografia.jpg\" class=\" lazyload\">\r\n                <\/a>\r\n            <\/div>\r\n            <div class=\"card-body\">\r\n                <h3>Juantxu Rodr\u00edguez<\/h3>\r\n            <\/div>\r\n        <\/div>\r\n    <\/div>\r\n    <div class=\"col-md-4\">\r\n        <div class=\"card\">\r\n            <div class=\"card-actions\">\r\n                <a class=\"card-image\" href=\"https:\/\/rialia.eus\/en\/museum\/permanent-exhibition\/portugalete\/fotografia\/juantxu-rodriguez-2\/\" title=\"M\u00e1s info\">\r\n                    <img width=\"100%\" height=\"auto\" alt=\"\" data-src=\"https:\/\/rialia.eus\/assets\/media\/F6.jpg\" class=\" lazyload\">\r\n                <\/a>\r\n            <\/div>\r\n            <div class=\"card-body\">\r\n                <h3>Juantxu Rodr\u00edguez<\/h3>\r\n            <\/div>\r\n        <\/div>\r\n    <\/div>\r\n    <div class=\"col-md-4\">\r\n        <div class=\"card\">\r\n            <div class=\"card-actions\">\r\n                <a class=\"card-image\" href=\"https:\/\/rialia.eus\/en\/museum\/permanent-exhibition\/portugalete\/fotografia\/juantxu-rodriguez-3\/\" title=\"M\u00e1s info\">\r\n                    <img width=\"100%\" height=\"auto\" alt=\"\" data-src=\"https:\/\/rialia.eus\/assets\/media\/F7.jpg\" class=\" lazyload\">\r\n                <\/a>\r\n            <\/div>\r\n            <div class=\"card-body\">\r\n                <h3>Juantxu Rodr\u00edguez<\/h3>\r\n            <\/div>\r\n        <\/div>\r\n    <\/div>\r\n    <div class=\"col-md-4\">\r\n        <div class=\"card\">\r\n            <div class=\"card-actions\">\r\n                <a class=\"card-image\" href=\"https:\/\/rialia.eus\/en\/museum\/permanent-exhibition\/portugalete\/fotografia\/diana-terceno\/\" title=\"M\u00e1s info\">\r\n                    <img width=\"100%\" height=\"auto\" alt=\"\" data-src=\"https:\/\/rialia.eus\/assets\/media\/F8.jpg\" class=\" lazyload\">\r\n                <\/a>\r\n            <\/div>\r\n            <div class=\"card-body\">\r\n                <h3>Diana Terce\u00f1o<\/h3>\r\n            <\/div>\r\n        <\/div>\r\n    <\/div>\r\n    <div class=\"col-md-4\">\r\n        <div class=\"card\">\r\n            <div class=\"card-actions\">\r\n                <a class=\"card-image\" href=\"https:\/\/rialia.eus\/en\/museum\/permanent-exhibition\/portugalete\/fotografia\/tamara-vazquez\/\" title=\"M\u00e1s info\">\r\n                    <img width=\"100%\" height=\"auto\" alt=\"\" data-src=\"https:\/\/rialia.eus\/assets\/media\/F9.jpg\" class=\" lazyload\">\r\n                <\/a>\r\n            <\/div>\r\n            <div class=\"card-body\">\r\n                <h3>Tamara V\u00e1zquez<\/h3>\r\n            <\/div>\r\n        <\/div>\r\n    <\/div>\r\n    <div class=\"col-md-4\">\r\n        <div class=\"card\">\r\n            <div class=\"card-actions\">\r\n                <a class=\"card-image\" href=\"https:\/\/rialia.eus\/en\/museum\/permanent-exhibition\/portugalete\/fotografia\/jesus-angel-miranda\/\" title=\"M\u00e1s info\">\r\n                    <img width=\"100%\" height=\"auto\" alt=\"\" data-src=\"https:\/\/rialia.eus\/assets\/media\/F10.jpg\" class=\" lazyload\">\r\n                <\/a>\r\n            <\/div>\r\n            <div class=\"card-body\">\r\n                <h3>Jes\u00fas \u00c1ngel Miranda<\/h3>\r\n            <\/div>\r\n        <\/div>\r\n    <\/div>\r\n<\/div>","protected":false},"excerpt":{"rendered":"<p>Fidel Raso Aitor Ortiz Konrado Mugertza Javier Rodr\u00edguez Jesus de Etxebarria Juantxu Rodr\u00edguez Juantxu Rodr\u00edguez Juantxu Rodr\u00edguez Diana Terce\u00f1o Tamara V\u00e1zquez Jes\u00fas \u00c1ngel Miranda<\/p>\n","protected":false},"author":1,"featured_media":0,"parent":2945,"menu_order":0,"comment_status":"closed","ping_status":"closed","template":"templates\/page-interior-expo-permanente.php","meta":{"_acf_changed":false,"footnotes":""},"class_list":["post-3259","page","type-page","status-publish","hentry"],"acf":[],"yoast_head":"<!-- This site is optimized with the Yoast SEO plugin v27.3 - https:\/\/yoast.com\/product\/yoast-seo-wordpress\/ -->\n<title>PHOTOGRAPHY - Rialia<\/title>\n<meta name=\"robots\" content=\"index, follow, max-snippet:-1, max-image-preview:large, max-video-preview:-1\" \/>\n<link rel=\"canonical\" href=\"https:\/\/rialia.eus\/en\/museum\/permanent-exhibition\/portugalete\/fotografia\/\" \/>\n<meta property=\"og:locale\" content=\"en_US\" \/>\n<meta property=\"og:type\" content=\"article\" \/>\n<meta property=\"og:title\" content=\"PHOTOGRAPHY - Rialia\" \/>\n<meta property=\"og:description\" content=\"Fidel Raso Aitor Ortiz Konrado Mugertza Javier Rodr\u00edguez Jesus de Etxebarria Juantxu Rodr\u00edguez Juantxu Rodr\u00edguez Juantxu Rodr\u00edguez Diana Terce\u00f1o Tamara V\u00e1zquez Jes\u00fas \u00c1ngel Miranda\" \/>\n<meta property=\"og:url\" content=\"https:\/\/rialia.eus\/en\/museum\/permanent-exhibition\/portugalete\/fotografia\/\" \/>\n<meta property=\"og:site_name\" content=\"Rialia\" \/>\n<meta property=\"article:modified_time\" content=\"2025-06-27T11:21:00+00:00\" \/>\n<meta property=\"og:image\" content=\"https:\/\/rialia.eus\/assets\/media\/F1.jpg\" \/>\n<meta name=\"twitter:card\" content=\"summary_large_image\" \/>\n<meta name=\"twitter:label1\" content=\"Est. reading time\" \/>\n\t<meta name=\"twitter:data1\" content=\"3 minutes\" \/>\n<script type=\"application\/ld+json\" class=\"yoast-schema-graph\">{\"@context\":\"https:\\\/\\\/schema.org\",\"@graph\":[{\"@type\":\"WebPage\",\"@id\":\"https:\\\/\\\/rialia.eus\\\/en\\\/museum\\\/permanent-exhibition\\\/portugalete\\\/fotografia\\\/\",\"url\":\"https:\\\/\\\/rialia.eus\\\/en\\\/museum\\\/permanent-exhibition\\\/portugalete\\\/fotografia\\\/\",\"name\":\"PHOTOGRAPHY - Rialia\",\"isPartOf\":{\"@id\":\"https:\\\/\\\/rialia.eus\\\/#website\"},\"primaryImageOfPage\":{\"@id\":\"https:\\\/\\\/rialia.eus\\\/en\\\/museum\\\/permanent-exhibition\\\/portugalete\\\/fotografia\\\/#primaryimage\"},\"image\":{\"@id\":\"https:\\\/\\\/rialia.eus\\\/en\\\/museum\\\/permanent-exhibition\\\/portugalete\\\/fotografia\\\/#primaryimage\"},\"thumbnailUrl\":\"https:\\\/\\\/rialia.eus\\\/assets\\\/media\\\/F1.jpg\",\"datePublished\":\"2024-12-12T10:56:55+00:00\",\"dateModified\":\"2025-06-27T11:21:00+00:00\",\"breadcrumb\":{\"@id\":\"https:\\\/\\\/rialia.eus\\\/en\\\/museum\\\/permanent-exhibition\\\/portugalete\\\/fotografia\\\/#breadcrumb\"},\"inLanguage\":\"en-US\",\"potentialAction\":[{\"@type\":\"ReadAction\",\"target\":[\"https:\\\/\\\/rialia.eus\\\/en\\\/museum\\\/permanent-exhibition\\\/portugalete\\\/fotografia\\\/\"]}]},{\"@type\":\"ImageObject\",\"inLanguage\":\"en-US\",\"@id\":\"https:\\\/\\\/rialia.eus\\\/en\\\/museum\\\/permanent-exhibition\\\/portugalete\\\/fotografia\\\/#primaryimage\",\"url\":\"https:\\\/\\\/rialia.eus\\\/assets\\\/media\\\/F1.jpg\",\"contentUrl\":\"https:\\\/\\\/rialia.eus\\\/assets\\\/media\\\/F1.jpg\"},{\"@type\":\"BreadcrumbList\",\"@id\":\"https:\\\/\\\/rialia.eus\\\/en\\\/museum\\\/permanent-exhibition\\\/portugalete\\\/fotografia\\\/#breadcrumb\",\"itemListElement\":[{\"@type\":\"ListItem\",\"position\":1,\"name\":\"Portada\",\"item\":\"https:\\\/\\\/rialia.eus\\\/en\\\/\"},{\"@type\":\"ListItem\",\"position\":2,\"name\":\"Museum\",\"item\":\"https:\\\/\\\/rialia.eus\\\/en\\\/museum\\\/\"},{\"@type\":\"ListItem\",\"position\":3,\"name\":\"Permanent exhibition\",\"item\":\"https:\\\/\\\/rialia.eus\\\/en\\\/museum\\\/permanent-exhibition\\\/\"},{\"@type\":\"ListItem\",\"position\":4,\"name\":\"Portugalete\",\"item\":\"https:\\\/\\\/rialia.eus\\\/en\\\/museum\\\/permanent-exhibition\\\/portugalete\\\/\"},{\"@type\":\"ListItem\",\"position\":5,\"name\":\"PHOTOGRAPHY\"}]},{\"@type\":\"WebSite\",\"@id\":\"https:\\\/\\\/rialia.eus\\\/#website\",\"url\":\"https:\\\/\\\/rialia.eus\\\/\",\"name\":\"Rialia\",\"description\":\"Industria Museoa \u2013 Museo de la Industria\",\"potentialAction\":[{\"@type\":\"SearchAction\",\"target\":{\"@type\":\"EntryPoint\",\"urlTemplate\":\"https:\\\/\\\/rialia.eus\\\/?s={search_term_string}\"},\"query-input\":{\"@type\":\"PropertyValueSpecification\",\"valueRequired\":true,\"valueName\":\"search_term_string\"}}],\"inLanguage\":\"en-US\"}]}<\/script>\n<!-- \/ Yoast SEO plugin. -->","yoast_head_json":{"title":"PHOTOGRAPHY - Rialia","robots":{"index":"index","follow":"follow","max-snippet":"max-snippet:-1","max-image-preview":"max-image-preview:large","max-video-preview":"max-video-preview:-1"},"canonical":"https:\/\/rialia.eus\/en\/museum\/permanent-exhibition\/portugalete\/fotografia\/","og_locale":"en_US","og_type":"article","og_title":"PHOTOGRAPHY - Rialia","og_description":"Fidel Raso Aitor Ortiz Konrado Mugertza Javier Rodr\u00edguez Jesus de Etxebarria Juantxu Rodr\u00edguez Juantxu Rodr\u00edguez Juantxu Rodr\u00edguez Diana Terce\u00f1o Tamara V\u00e1zquez Jes\u00fas \u00c1ngel Miranda","og_url":"https:\/\/rialia.eus\/en\/museum\/permanent-exhibition\/portugalete\/fotografia\/","og_site_name":"Rialia","article_modified_time":"2025-06-27T11:21:00+00:00","og_image":[{"url":"https:\/\/rialia.eus\/assets\/media\/F1.jpg","type":"","width":"","height":""}],"twitter_card":"summary_large_image","twitter_misc":{"Est. reading time":"3 minutes"},"schema":{"@context":"https:\/\/schema.org","@graph":[{"@type":"WebPage","@id":"https:\/\/rialia.eus\/en\/museum\/permanent-exhibition\/portugalete\/fotografia\/","url":"https:\/\/rialia.eus\/en\/museum\/permanent-exhibition\/portugalete\/fotografia\/","name":"PHOTOGRAPHY - Rialia","isPartOf":{"@id":"https:\/\/rialia.eus\/#website"},"primaryImageOfPage":{"@id":"https:\/\/rialia.eus\/en\/museum\/permanent-exhibition\/portugalete\/fotografia\/#primaryimage"},"image":{"@id":"https:\/\/rialia.eus\/en\/museum\/permanent-exhibition\/portugalete\/fotografia\/#primaryimage"},"thumbnailUrl":"https:\/\/rialia.eus\/assets\/media\/F1.jpg","datePublished":"2024-12-12T10:56:55+00:00","dateModified":"2025-06-27T11:21:00+00:00","breadcrumb":{"@id":"https:\/\/rialia.eus\/en\/museum\/permanent-exhibition\/portugalete\/fotografia\/#breadcrumb"},"inLanguage":"en-US","potentialAction":[{"@type":"ReadAction","target":["https:\/\/rialia.eus\/en\/museum\/permanent-exhibition\/portugalete\/fotografia\/"]}]},{"@type":"ImageObject","inLanguage":"en-US","@id":"https:\/\/rialia.eus\/en\/museum\/permanent-exhibition\/portugalete\/fotografia\/#primaryimage","url":"https:\/\/rialia.eus\/assets\/media\/F1.jpg","contentUrl":"https:\/\/rialia.eus\/assets\/media\/F1.jpg"},{"@type":"BreadcrumbList","@id":"https:\/\/rialia.eus\/en\/museum\/permanent-exhibition\/portugalete\/fotografia\/#breadcrumb","itemListElement":[{"@type":"ListItem","position":1,"name":"Portada","item":"https:\/\/rialia.eus\/en\/"},{"@type":"ListItem","position":2,"name":"Museum","item":"https:\/\/rialia.eus\/en\/museum\/"},{"@type":"ListItem","position":3,"name":"Permanent exhibition","item":"https:\/\/rialia.eus\/en\/museum\/permanent-exhibition\/"},{"@type":"ListItem","position":4,"name":"Portugalete","item":"https:\/\/rialia.eus\/en\/museum\/permanent-exhibition\/portugalete\/"},{"@type":"ListItem","position":5,"name":"PHOTOGRAPHY"}]},{"@type":"WebSite","@id":"https:\/\/rialia.eus\/#website","url":"https:\/\/rialia.eus\/","name":"Rialia","description":"Industria Museoa \u2013 Museo de la Industria","potentialAction":[{"@type":"SearchAction","target":{"@type":"EntryPoint","urlTemplate":"https:\/\/rialia.eus\/?s={search_term_string}"},"query-input":{"@type":"PropertyValueSpecification","valueRequired":true,"valueName":"search_term_string"}}],"inLanguage":"en-US"}]}},"_links":{"self":[{"href":"https:\/\/rialia.eus\/en\/wp-json\/wp\/v2\/pages\/3259","targetHints":{"allow":["GET"]}}],"collection":[{"href":"https:\/\/rialia.eus\/en\/wp-json\/wp\/v2\/pages"}],"about":[{"href":"https:\/\/rialia.eus\/en\/wp-json\/wp\/v2\/types\/page"}],"author":[{"embeddable":true,"href":"https:\/\/rialia.eus\/en\/wp-json\/wp\/v2\/users\/1"}],"replies":[{"embeddable":true,"href":"https:\/\/rialia.eus\/en\/wp-json\/wp\/v2\/comments?post=3259"}],"version-history":[{"count":13,"href":"https:\/\/rialia.eus\/en\/wp-json\/wp\/v2\/pages\/3259\/revisions"}],"predecessor-version":[{"id":6301,"href":"https:\/\/rialia.eus\/en\/wp-json\/wp\/v2\/pages\/3259\/revisions\/6301"}],"up":[{"embeddable":true,"href":"https:\/\/rialia.eus\/en\/wp-json\/wp\/v2\/pages\/2945"}],"wp:attachment":[{"href":"https:\/\/rialia.eus\/en\/wp-json\/wp\/v2\/media?parent=3259"}],"curies":[{"name":"wp","href":"https:\/\/api.w.org\/{rel}","templated":true}]}}