 {"id":3224,"date":"2024-12-04T09:51:10","date_gmt":"2024-12-04T08:51:10","guid":{"rendered":"https:\/\/rialia.eus\/permanent-exhibition\/portugalete\/montes-de-hierro-luis-de-castresana-1982\/"},"modified":"2024-12-04T09:51:10","modified_gmt":"2024-12-04T08:51:10","slug":"montes-de-hierro-luis-de-castresana-1982","status":"publish","type":"page","link":"https:\/\/rialia.eus\/en\/museum\/permanent-exhibition\/portugalete\/literature\/montes-de-hierro-luis-de-castresana-1982\/","title":{"rendered":"Montes de Hierro, Luis de Castresana. 1982"},"content":{"rendered":"<div class=\"row\">\r\n\t\t\t\t\t\t<div class=\"col-md-3\"><a rel=\"single-photo\" href=\"https:\/\/rialia.eus\/wp-content\/uploads\/montes_de_hierro_castresana-1.jpg\"><img width=\"100%\" height=\"auto\" alt=\"\" data-src=\"https:\/\/rialia.eus\/wp-content\/uploads\/montes_de_hierro_castresana-1.jpg\" class=\" lazyload\"><\/a>\r\n<p class=\"pie-foto\">Montes de Hierro. Luis de Castresana. RIALIA. Industria Museoa-Museo de la Industria<\/p>\r\n\t\t\t\t\t\t\t\r\n\t\t\t\t\t\t\t<\/div>\r\n\t\t\t\t\t\t\r\n\t\t\t\t\t\t<div class=\"col-md-9\">\r\n\t\t\t\t\t\t\t\r\n\t\t\t\t\t\t\t<p><strong>Montes de Hierro<\/strong>, Luis de Castresana. 1982<\/p>\r\n\r\n<p>Alguien os dir\u00e1, tal vez, que el Nervi\u00f3n no es un r\u00edo l\u00edrico, sino una r\u00eda gris y sucia. Alguien os dir\u00e1, tal vez, que en sus orillas no se yerguen \u00e1rboles poblados de p\u00e1jaros, sino ferrer\u00edas, altos hornos, chimeneas y gr\u00faas. Decidle que es verdad; pero a\u00f1adid que la r\u00eda vizca\u00edna est\u00e1 llena tambi\u00e9n de calambrazos inefables en los que se combinan la doble emoci\u00f3n de lo sentimental y de lo est\u00e9tico. Decidle que en esta irrefrenable vocaci\u00f3n de nuestra r\u00eda tambi\u00e9n hay poes\u00eda; decidle que estas chimeneas que empurpuran el cielo nocturno con sus bocanadas de fuego, y esta teor\u00eda de gr\u00faas que jalonan sus muelles, y estos barcos que llevan sal de los siete mares en sus quillas y mercanc\u00edas de progreso en sus grandes panzas met\u00e1licas\u2026 decidle que este Nervi\u00f3n hecho r\u00eda a pulso de vocaci\u00f3n y de destino, en fin, tiene unas ra\u00edces tan profundas y tan po\u00e9ticas y verdaderas como el Duero y sus \u00e1lamos cantados por Machado.<\/p>\r\n\r\n<p>Es cierto que la r\u00eda de Bilbao sabe a hierro y a humo y a fango y a industria. Pero cuando se la conoce, cuando se la trata, se da uno cuenta de que tambi\u00e9n est\u00e1 habitada de ternuras, de pudor y de magia.<\/p>\r\n\r\n\t\t\t\t\t\r\n\t\t\t\t\t\t\t\r\n\t\t\t\t\t\t  <\/div>\r\n<hr>\r\n<div class=\"col-md-3\"><a rel=\"single-photo\" href=\"https:\/\/rialia.eus\/wp-content\/uploads\/luis_castresana_otro_arbol.jpg\"><img width=\"100%\" height=\"auto\" alt=\"\" data-src=\"https:\/\/rialia.eus\/wp-content\/uploads\/luis_castresana_otro_arbol.jpg\" class=\" lazyload\"><\/a>\r\n\r\n<p class=\"pie-foto\">El otro \u00e1rbol de Guernica, Luis de Castresana. RIALIA. Industria Museoa-Museo de la Industria<\/p>\r\n\t\t\t\t\t\t\t\r\n\t\t\t\t\t\t\t<\/div>\r\n\t\t\t\t\t\t\r\n\t\t\t\t\t\t<div class=\"col-md-9\">\r\n\t\t\t\t\t\t\t\r\n\t\t\t\t\t\t\t<p><strong>El otro \u00e1rbol de Guernica<\/strong>, Luis de Castresana. 1967<\/p>\r\n\r\n<p>Santi mir\u00f3 a su padre, mir\u00f3 a su madre y supo entonces cu\u00e1nto les quer\u00eda y les necesitaba y qu\u00e9 desamparado se iba a encontrar sin ellos all\u00e1 fuera, lejos de Baracaldo. Pero inmediatamente transfiri\u00f3 estos pensamientos a su hermana y pens\u00f3, como una promesa: \u201cYo te cuidar\u00e9 Bego\u00f1a\u201d. Y le inund\u00f3 una gran ternura hacia la ni\u00f1a de los zapatos de charol y del lazo amarillento doblado sobre el pelo como sobre una caja de bombones.<\/p>\r\n\r\n<p>[\u2026] Acarici\u00f3 a su madre, se desasi\u00f3 de ella -que enseguida le hab\u00eda apretado fuerte una mano, como reteni\u00e9ndole \u2013 y dio media vuelta llev\u00e1ndose a Bego\u00f1a consigo. -\u00a1Maldita guerra, maldita sean todas las guerras!- chill\u00f3 su madre con s\u00fabito furor.<\/p>\r\n\r\n<p>[\u2026]Santi hab\u00eda pensado m\u00e1s de una vez, confusamente, sin poner palabras a sus pensamientos que \u00e9l era como un \u00e1rbol y que cada criatura humana necesitaba tierra propia en la cual echar ra\u00edces muy hondas para crecer y desarrollarse. Tal vez por eso le gustaban tanto los \u00e1rboles. Esta idea del \u201chombre\u00e1rbol\u201d la ten\u00eda Santi tan adentro, era tan sustancial con su naturaleza que, de s\u00fabito, le entr\u00f3 a Santi un temblor angustioso al imaginar la tragedia de los hombres y de las mujeres y de los ni\u00f1os que no pod\u00edan crecer sobre su propia tierra.\u201d<\/p>\r\n\r\n<p>[\u2026] Y de pronto Santi vio a su madre y su padre. La madre corri\u00f3 hacia Bego\u00f1a y la abraz\u00f3 gritando: \u201cHija, hija\u201d, y Santi se abraz\u00f3 a su padre y permaneci\u00f3 inm\u00f3vil, callado. Solloz\u00f3 al abrazar a su madre y al ver que ella, una vez m\u00e1s, le despeinaba. Manol\u00edn, Ferm\u00edn Careaga, Luc\u00eda y Javier estaban tambi\u00e9n con sus padres. Valent\u00edn lloraba sordamente, cogido de la mano de una mujer vestida de luto.<\/p>\r\n\r\n\t\t\t\t\t\r\n\t\t\t\t\t\t\t\r\n\t\t\t\t\t\t  <\/div>\r\n\t\t\t\t\r\n\t\t\t\t\t\t\r\n\t\t\t\t\t\t<\/div>","protected":false},"excerpt":{"rendered":"<p>Montes de Hierro. Luis de Castresana. RIALIA. Industria Museoa-Museo de la Industria Montes de Hierro, Luis de Castresana. 1982 Alguien os dir\u00e1, tal vez, que el Nervi\u00f3n no es un r\u00edo l\u00edrico, sino una r\u00eda gris y sucia. Alguien os dir\u00e1, tal vez, que en sus orillas no se yerguen \u00e1rboles poblados de p\u00e1jaros, sino [&hellip;]<\/p>\n","protected":false},"author":1,"featured_media":0,"parent":3152,"menu_order":0,"comment_status":"closed","ping_status":"closed","template":"templates\/page-interior-expo-permanente.php","meta":{"_acf_changed":false,"footnotes":""},"class_list":["post-3224","page","type-page","status-publish","hentry"],"acf":[],"yoast_head":"<!-- This site is optimized with the Yoast SEO plugin v27.3 - https:\/\/yoast.com\/product\/yoast-seo-wordpress\/ -->\n<title>Montes de Hierro, Luis de Castresana. 1982 - Rialia<\/title>\n<meta name=\"robots\" content=\"index, follow, max-snippet:-1, max-image-preview:large, max-video-preview:-1\" \/>\n<link rel=\"canonical\" href=\"https:\/\/rialia.eus\/museo\/exposicion-permanente\/portugalete\/literatura\/montes-de-hierro-luis-de-castresana-1982\/\" \/>\n<meta property=\"og:locale\" content=\"en_US\" \/>\n<meta property=\"og:type\" content=\"article\" \/>\n<meta property=\"og:title\" content=\"Montes de Hierro, Luis de Castresana. 1982 - Rialia\" \/>\n<meta property=\"og:description\" content=\"Montes de Hierro. Luis de Castresana. RIALIA. Industria Museoa-Museo de la Industria Montes de Hierro, Luis de Castresana. 1982 Alguien os dir\u00e1, tal vez, que el Nervi\u00f3n no es un r\u00edo l\u00edrico, sino una r\u00eda gris y sucia. Alguien os dir\u00e1, tal vez, que en sus orillas no se yerguen \u00e1rboles poblados de p\u00e1jaros, sino [&hellip;]\" \/>\n<meta property=\"og:url\" content=\"https:\/\/rialia.eus\/museo\/exposicion-permanente\/portugalete\/literatura\/montes-de-hierro-luis-de-castresana-1982\/\" \/>\n<meta property=\"og:site_name\" content=\"Rialia\" \/>\n<meta property=\"og:image\" content=\"https:\/\/rialia.eus\/wp-content\/uploads\/montes_de_hierro_castresana-1.jpg\" \/>\n<meta name=\"twitter:card\" content=\"summary_large_image\" \/>\n<meta name=\"twitter:label1\" content=\"Est. reading time\" \/>\n\t<meta name=\"twitter:data1\" content=\"3 minutes\" \/>\n<script type=\"application\/ld+json\" class=\"yoast-schema-graph\">{\"@context\":\"https:\\\/\\\/schema.org\",\"@graph\":[{\"@type\":\"WebPage\",\"@id\":\"https:\\\/\\\/rialia.eus\\\/museo\\\/exposicion-permanente\\\/portugalete\\\/literatura\\\/montes-de-hierro-luis-de-castresana-1982\\\/\",\"url\":\"https:\\\/\\\/rialia.eus\\\/museo\\\/exposicion-permanente\\\/portugalete\\\/literatura\\\/montes-de-hierro-luis-de-castresana-1982\\\/\",\"name\":\"Montes de Hierro, Luis de Castresana. 1982 - Rialia\",\"isPartOf\":{\"@id\":\"https:\\\/\\\/rialia.eus\\\/#website\"},\"primaryImageOfPage\":{\"@id\":\"https:\\\/\\\/rialia.eus\\\/museo\\\/exposicion-permanente\\\/portugalete\\\/literatura\\\/montes-de-hierro-luis-de-castresana-1982\\\/#primaryimage\"},\"image\":{\"@id\":\"https:\\\/\\\/rialia.eus\\\/museo\\\/exposicion-permanente\\\/portugalete\\\/literatura\\\/montes-de-hierro-luis-de-castresana-1982\\\/#primaryimage\"},\"thumbnailUrl\":\"https:\\\/\\\/rialia.eus\\\/wp-content\\\/uploads\\\/montes_de_hierro_castresana-1.jpg\",\"datePublished\":\"2024-12-04T08:51:10+00:00\",\"breadcrumb\":{\"@id\":\"https:\\\/\\\/rialia.eus\\\/museo\\\/exposicion-permanente\\\/portugalete\\\/literatura\\\/montes-de-hierro-luis-de-castresana-1982\\\/#breadcrumb\"},\"inLanguage\":\"en-US\",\"potentialAction\":[{\"@type\":\"ReadAction\",\"target\":[\"https:\\\/\\\/rialia.eus\\\/museo\\\/exposicion-permanente\\\/portugalete\\\/literatura\\\/montes-de-hierro-luis-de-castresana-1982\\\/\"]}]},{\"@type\":\"ImageObject\",\"inLanguage\":\"en-US\",\"@id\":\"https:\\\/\\\/rialia.eus\\\/museo\\\/exposicion-permanente\\\/portugalete\\\/literatura\\\/montes-de-hierro-luis-de-castresana-1982\\\/#primaryimage\",\"url\":\"https:\\\/\\\/rialia.eus\\\/wp-content\\\/uploads\\\/montes_de_hierro_castresana-1.jpg\",\"contentUrl\":\"https:\\\/\\\/rialia.eus\\\/wp-content\\\/uploads\\\/montes_de_hierro_castresana-1.jpg\"},{\"@type\":\"BreadcrumbList\",\"@id\":\"https:\\\/\\\/rialia.eus\\\/museo\\\/exposicion-permanente\\\/portugalete\\\/literatura\\\/montes-de-hierro-luis-de-castresana-1982\\\/#breadcrumb\",\"itemListElement\":[{\"@type\":\"ListItem\",\"position\":1,\"name\":\"Portada\",\"item\":\"https:\\\/\\\/rialia.eus\\\/en\\\/\"},{\"@type\":\"ListItem\",\"position\":2,\"name\":\"Museum\",\"item\":\"https:\\\/\\\/rialia.eus\\\/en\\\/museum\\\/\"},{\"@type\":\"ListItem\",\"position\":3,\"name\":\"Permanent exhibition\",\"item\":\"https:\\\/\\\/rialia.eus\\\/en\\\/museum\\\/permanent-exhibition\\\/\"},{\"@type\":\"ListItem\",\"position\":4,\"name\":\"Portugalete\",\"item\":\"https:\\\/\\\/rialia.eus\\\/en\\\/museum\\\/permanent-exhibition\\\/portugalete\\\/\"},{\"@type\":\"ListItem\",\"position\":5,\"name\":\"LITERATURE\",\"item\":\"https:\\\/\\\/rialia.eus\\\/museo\\\/exposicion-permanente\\\/portugalete\\\/literatura\\\/\"},{\"@type\":\"ListItem\",\"position\":6,\"name\":\"Montes de Hierro, Luis de Castresana. 1982\"}]},{\"@type\":\"WebSite\",\"@id\":\"https:\\\/\\\/rialia.eus\\\/#website\",\"url\":\"https:\\\/\\\/rialia.eus\\\/\",\"name\":\"Rialia\",\"description\":\"Industria Museoa \u2013 Museo de la Industria\",\"potentialAction\":[{\"@type\":\"SearchAction\",\"target\":{\"@type\":\"EntryPoint\",\"urlTemplate\":\"https:\\\/\\\/rialia.eus\\\/?s={search_term_string}\"},\"query-input\":{\"@type\":\"PropertyValueSpecification\",\"valueRequired\":true,\"valueName\":\"search_term_string\"}}],\"inLanguage\":\"en-US\"}]}<\/script>\n<!-- \/ Yoast SEO plugin. -->","yoast_head_json":{"title":"Montes de Hierro, Luis de Castresana. 1982 - Rialia","robots":{"index":"index","follow":"follow","max-snippet":"max-snippet:-1","max-image-preview":"max-image-preview:large","max-video-preview":"max-video-preview:-1"},"canonical":"https:\/\/rialia.eus\/museo\/exposicion-permanente\/portugalete\/literatura\/montes-de-hierro-luis-de-castresana-1982\/","og_locale":"en_US","og_type":"article","og_title":"Montes de Hierro, Luis de Castresana. 1982 - Rialia","og_description":"Montes de Hierro. Luis de Castresana. RIALIA. Industria Museoa-Museo de la Industria Montes de Hierro, Luis de Castresana. 1982 Alguien os dir\u00e1, tal vez, que el Nervi\u00f3n no es un r\u00edo l\u00edrico, sino una r\u00eda gris y sucia. Alguien os dir\u00e1, tal vez, que en sus orillas no se yerguen \u00e1rboles poblados de p\u00e1jaros, sino [&hellip;]","og_url":"https:\/\/rialia.eus\/museo\/exposicion-permanente\/portugalete\/literatura\/montes-de-hierro-luis-de-castresana-1982\/","og_site_name":"Rialia","og_image":[{"url":"https:\/\/rialia.eus\/wp-content\/uploads\/montes_de_hierro_castresana-1.jpg","type":"","width":"","height":""}],"twitter_card":"summary_large_image","twitter_misc":{"Est. reading time":"3 minutes"},"schema":{"@context":"https:\/\/schema.org","@graph":[{"@type":"WebPage","@id":"https:\/\/rialia.eus\/museo\/exposicion-permanente\/portugalete\/literatura\/montes-de-hierro-luis-de-castresana-1982\/","url":"https:\/\/rialia.eus\/museo\/exposicion-permanente\/portugalete\/literatura\/montes-de-hierro-luis-de-castresana-1982\/","name":"Montes de Hierro, Luis de Castresana. 1982 - Rialia","isPartOf":{"@id":"https:\/\/rialia.eus\/#website"},"primaryImageOfPage":{"@id":"https:\/\/rialia.eus\/museo\/exposicion-permanente\/portugalete\/literatura\/montes-de-hierro-luis-de-castresana-1982\/#primaryimage"},"image":{"@id":"https:\/\/rialia.eus\/museo\/exposicion-permanente\/portugalete\/literatura\/montes-de-hierro-luis-de-castresana-1982\/#primaryimage"},"thumbnailUrl":"https:\/\/rialia.eus\/wp-content\/uploads\/montes_de_hierro_castresana-1.jpg","datePublished":"2024-12-04T08:51:10+00:00","breadcrumb":{"@id":"https:\/\/rialia.eus\/museo\/exposicion-permanente\/portugalete\/literatura\/montes-de-hierro-luis-de-castresana-1982\/#breadcrumb"},"inLanguage":"en-US","potentialAction":[{"@type":"ReadAction","target":["https:\/\/rialia.eus\/museo\/exposicion-permanente\/portugalete\/literatura\/montes-de-hierro-luis-de-castresana-1982\/"]}]},{"@type":"ImageObject","inLanguage":"en-US","@id":"https:\/\/rialia.eus\/museo\/exposicion-permanente\/portugalete\/literatura\/montes-de-hierro-luis-de-castresana-1982\/#primaryimage","url":"https:\/\/rialia.eus\/wp-content\/uploads\/montes_de_hierro_castresana-1.jpg","contentUrl":"https:\/\/rialia.eus\/wp-content\/uploads\/montes_de_hierro_castresana-1.jpg"},{"@type":"BreadcrumbList","@id":"https:\/\/rialia.eus\/museo\/exposicion-permanente\/portugalete\/literatura\/montes-de-hierro-luis-de-castresana-1982\/#breadcrumb","itemListElement":[{"@type":"ListItem","position":1,"name":"Portada","item":"https:\/\/rialia.eus\/en\/"},{"@type":"ListItem","position":2,"name":"Museum","item":"https:\/\/rialia.eus\/en\/museum\/"},{"@type":"ListItem","position":3,"name":"Permanent exhibition","item":"https:\/\/rialia.eus\/en\/museum\/permanent-exhibition\/"},{"@type":"ListItem","position":4,"name":"Portugalete","item":"https:\/\/rialia.eus\/en\/museum\/permanent-exhibition\/portugalete\/"},{"@type":"ListItem","position":5,"name":"LITERATURE","item":"https:\/\/rialia.eus\/museo\/exposicion-permanente\/portugalete\/literatura\/"},{"@type":"ListItem","position":6,"name":"Montes de Hierro, Luis de Castresana. 1982"}]},{"@type":"WebSite","@id":"https:\/\/rialia.eus\/#website","url":"https:\/\/rialia.eus\/","name":"Rialia","description":"Industria Museoa \u2013 Museo de la Industria","potentialAction":[{"@type":"SearchAction","target":{"@type":"EntryPoint","urlTemplate":"https:\/\/rialia.eus\/?s={search_term_string}"},"query-input":{"@type":"PropertyValueSpecification","valueRequired":true,"valueName":"search_term_string"}}],"inLanguage":"en-US"}]}},"_links":{"self":[{"href":"https:\/\/rialia.eus\/en\/wp-json\/wp\/v2\/pages\/3224","targetHints":{"allow":["GET"]}}],"collection":[{"href":"https:\/\/rialia.eus\/en\/wp-json\/wp\/v2\/pages"}],"about":[{"href":"https:\/\/rialia.eus\/en\/wp-json\/wp\/v2\/types\/page"}],"author":[{"embeddable":true,"href":"https:\/\/rialia.eus\/en\/wp-json\/wp\/v2\/users\/1"}],"replies":[{"embeddable":true,"href":"https:\/\/rialia.eus\/en\/wp-json\/wp\/v2\/comments?post=3224"}],"version-history":[{"count":0,"href":"https:\/\/rialia.eus\/en\/wp-json\/wp\/v2\/pages\/3224\/revisions"}],"up":[{"embeddable":true,"href":"https:\/\/rialia.eus\/en\/wp-json\/wp\/v2\/pages\/3152"}],"wp:attachment":[{"href":"https:\/\/rialia.eus\/en\/wp-json\/wp\/v2\/media?parent=3224"}],"curies":[{"name":"wp","href":"https:\/\/api.w.org\/{rel}","templated":true}]}}