 {"id":3216,"date":"2024-12-04T09:40:30","date_gmt":"2024-12-04T08:40:30","guid":{"rendered":"https:\/\/rialia.eus\/permanent-exhibition\/portugalete\/mary-lavelle-kate-obrien-1936\/"},"modified":"2024-12-04T09:40:30","modified_gmt":"2024-12-04T08:40:30","slug":"mary-lavelle-kate-obrien-1936","status":"publish","type":"page","link":"https:\/\/rialia.eus\/en\/museum\/permanent-exhibition\/portugalete\/literature\/mary-lavelle-kate-obrien-1936\/","title":{"rendered":"Mary Lavelle, Kate O\u2019Brien. 1936"},"content":{"rendered":"<div class=\"row\">\r\n\t\t\t\t\t\t<div class=\"col-md-3\"><a rel=\"single-photo\" href=\"https:\/\/rialia.eus\/wp-content\/uploads\/Mary-Lavelle-Kate-OBrien.-19362.jpg\"><img width=\"100%\" height=\"auto\" alt=\"\" data-src=\"https:\/\/rialia.eus\/wp-content\/uploads\/Mary-Lavelle-Kate-OBrien.-19362.jpg\" class=\" lazyload\"><\/a>\r\n\r\n\t\t\t\t\t\t\t\r\n\t\t\t\t\t\t\t<\/div>\r\n\t\t\t\t\t\t\r\n\t\t\t\t\t\t<div class=\"col-md-9\">\r\n\t\t\t\t\t\t\t\r\n\t\t\t\t\t\t\t<p><strong>Mary Lavelle<\/strong>, Kate O\u2019Brien. 1936<\/p>\r\n\r\n<p>Seguramente si te digo que despu\u00e9s de veinticuatro horas de estar aqu\u00ed me parece todo conocido y familiar, pensar\u00e1s que estoy loca. Pero lo digo en serio. Tal vez sea el mar bajo mi ventana lo que hace nacer en m\u00ed esta ilusi\u00f3n, porque ahora que la marea est\u00e1 baja y el olor de las algas entra en mi cuarto, exactamente igual que si estuviera en Kilbeggan, me siento menos aislada, menos alejada de todo lo m\u00edo. Desde mi ventana tengo una vista magn\u00edfica de la bah\u00eda, que es muy atractiva. Tiene dos rompeolas, uno sale del final del paseo mar\u00edtimo y el otro de Torcal, justo enfrente. Barcos procedentes de todas partes, barcos grandes, tan grandes como los que llegan a Mellick, pasan por delante de mis ojos en direcci\u00f3n a Altorno (Bilbao). Las ni\u00f1as dicen que si los observo con atenci\u00f3n me aprender\u00e9 de memoria las banderas de todos los pa\u00edses del mundo. Pero a m\u00ed me gusta m\u00e1s observar el bullicio en el muelle de pescadores debajo mismo de mi ventana. La casa est\u00e1 construida sobre el mismo muelle y los pescadores se sientan en el muro de nuestra terraza durante horas y horas. Los transbordadores que van a Torcal (Algorta) salen de aqu\u00ed; es divertido verlos cargar. Tambi\u00e9n llegan aqu\u00ed las traineras, barcos que vienen de pescar la sardina. Cuando llega uno de \u00e9stos, se toca una ruidosa campana y las sardineras vienen corriendo como locas desde el mercado. \u00a1Tendr\u00edas que o\u00edr el griter\u00edo y las peleas durante por lo menos quince minutos!<\/p>\r\n\r\n<p>[\u2026]<\/p>\r\n\r\n<p>Hay monta\u00f1as detr\u00e1s de Cabantes (Portugalete) llenas de minas de hierro, origen de la mayor\u00eda de las fortunas por estos alrededores. Las ni\u00f1as me dicen que muchos ingleses trabajan en esas minas y fundiciones -ingenieros y otras profesiones-, y hay una numerosa colonia inglesa en Altorno (Bilbao). Pero las monta\u00f1as que se pueden ver desde aqu\u00ed, al otro lado del agua, son s\u00f3lo peque\u00f1as colinas. Torcal (Algorta) es un lugar atractivo, de casas blancas que descienden desde lo alto de la colina hasta el nivel del mar, y tambi\u00e9n lo es Playablanca (Las Arenas). Las ni\u00f1as me llevaron esta ma\u00f1ana a que viera Playablanca (Las Arenas). Estos dos sitios son poco m\u00e1s que lugares de veraneo, sobre todo Playablanca (Las Arenas), que lo \u00fanico que tiene son chal\u00e9s modernos; seg\u00fan dicen las ni\u00f1as, es un lugar sin vida durante diez meses del a\u00f1o. Todo est\u00e1 tranquilo ahora; la estaci\u00f3n veraniega son los meses de agosto y septiembre. Todas las casas est\u00e1n entonces ocupadas y la playa llena de ni\u00f1os, y hay multitud de yates en la bah\u00eda. El Club N\u00e1utico est\u00e1 construido sobre el mismo mar.\r\n<\/p>\r\n\r\n\t\t\t\t\t\r\n\t\t\t\t\t\t\t\r\n\t\t\t\t\t\t  <\/div>\r\n\r\n\r\n\t\t\t\t\t\t\r\n\t\t\t\t\t\t\r\n\t\t\t\t\t\t<\/div>","protected":false},"excerpt":{"rendered":"<p>Mary Lavelle, Kate O\u2019Brien. 1936 Seguramente si te digo que despu\u00e9s de veinticuatro horas de estar aqu\u00ed me parece todo conocido y familiar, pensar\u00e1s que estoy loca. Pero lo digo en serio. Tal vez sea el mar bajo mi ventana lo que hace nacer en m\u00ed esta ilusi\u00f3n, porque ahora que la marea est\u00e1 baja [&hellip;]<\/p>\n","protected":false},"author":1,"featured_media":0,"parent":3152,"menu_order":0,"comment_status":"closed","ping_status":"closed","template":"templates\/page-interior-expo-permanente.php","meta":{"_acf_changed":false,"footnotes":""},"class_list":["post-3216","page","type-page","status-publish","hentry"],"acf":[],"yoast_head":"<!-- This site is optimized with the Yoast SEO plugin v27.3 - https:\/\/yoast.com\/product\/yoast-seo-wordpress\/ -->\n<title>Mary Lavelle, Kate O\u2019Brien. 1936 - Rialia<\/title>\n<meta name=\"robots\" content=\"index, follow, max-snippet:-1, max-image-preview:large, max-video-preview:-1\" \/>\n<link rel=\"canonical\" href=\"https:\/\/rialia.eus\/museo\/exposicion-permanente\/portugalete\/literatura\/mary-lavelle-kate-obrien-1936\/\" \/>\n<meta property=\"og:locale\" content=\"en_US\" \/>\n<meta property=\"og:type\" content=\"article\" \/>\n<meta property=\"og:title\" content=\"Mary Lavelle, Kate O\u2019Brien. 1936 - Rialia\" \/>\n<meta property=\"og:description\" content=\"Mary Lavelle, Kate O\u2019Brien. 1936 Seguramente si te digo que despu\u00e9s de veinticuatro horas de estar aqu\u00ed me parece todo conocido y familiar, pensar\u00e1s que estoy loca. Pero lo digo en serio. Tal vez sea el mar bajo mi ventana lo que hace nacer en m\u00ed esta ilusi\u00f3n, porque ahora que la marea est\u00e1 baja [&hellip;]\" \/>\n<meta property=\"og:url\" content=\"https:\/\/rialia.eus\/museo\/exposicion-permanente\/portugalete\/literatura\/mary-lavelle-kate-obrien-1936\/\" \/>\n<meta property=\"og:site_name\" content=\"Rialia\" \/>\n<meta property=\"og:image\" content=\"https:\/\/rialia.eus\/wp-content\/uploads\/Mary-Lavelle-Kate-OBrien.-19362.jpg\" \/>\n<meta name=\"twitter:card\" content=\"summary_large_image\" \/>\n<meta name=\"twitter:label1\" content=\"Est. reading time\" \/>\n\t<meta name=\"twitter:data1\" content=\"3 minutes\" \/>\n<script type=\"application\/ld+json\" class=\"yoast-schema-graph\">{\"@context\":\"https:\\\/\\\/schema.org\",\"@graph\":[{\"@type\":\"WebPage\",\"@id\":\"https:\\\/\\\/rialia.eus\\\/museo\\\/exposicion-permanente\\\/portugalete\\\/literatura\\\/mary-lavelle-kate-obrien-1936\\\/\",\"url\":\"https:\\\/\\\/rialia.eus\\\/museo\\\/exposicion-permanente\\\/portugalete\\\/literatura\\\/mary-lavelle-kate-obrien-1936\\\/\",\"name\":\"Mary Lavelle, Kate O\u2019Brien. 1936 - Rialia\",\"isPartOf\":{\"@id\":\"https:\\\/\\\/rialia.eus\\\/#website\"},\"primaryImageOfPage\":{\"@id\":\"https:\\\/\\\/rialia.eus\\\/museo\\\/exposicion-permanente\\\/portugalete\\\/literatura\\\/mary-lavelle-kate-obrien-1936\\\/#primaryimage\"},\"image\":{\"@id\":\"https:\\\/\\\/rialia.eus\\\/museo\\\/exposicion-permanente\\\/portugalete\\\/literatura\\\/mary-lavelle-kate-obrien-1936\\\/#primaryimage\"},\"thumbnailUrl\":\"https:\\\/\\\/rialia.eus\\\/wp-content\\\/uploads\\\/Mary-Lavelle-Kate-OBrien.-19362.jpg\",\"datePublished\":\"2024-12-04T08:40:30+00:00\",\"breadcrumb\":{\"@id\":\"https:\\\/\\\/rialia.eus\\\/museo\\\/exposicion-permanente\\\/portugalete\\\/literatura\\\/mary-lavelle-kate-obrien-1936\\\/#breadcrumb\"},\"inLanguage\":\"en-US\",\"potentialAction\":[{\"@type\":\"ReadAction\",\"target\":[\"https:\\\/\\\/rialia.eus\\\/museo\\\/exposicion-permanente\\\/portugalete\\\/literatura\\\/mary-lavelle-kate-obrien-1936\\\/\"]}]},{\"@type\":\"ImageObject\",\"inLanguage\":\"en-US\",\"@id\":\"https:\\\/\\\/rialia.eus\\\/museo\\\/exposicion-permanente\\\/portugalete\\\/literatura\\\/mary-lavelle-kate-obrien-1936\\\/#primaryimage\",\"url\":\"https:\\\/\\\/rialia.eus\\\/wp-content\\\/uploads\\\/Mary-Lavelle-Kate-OBrien.-19362.jpg\",\"contentUrl\":\"https:\\\/\\\/rialia.eus\\\/wp-content\\\/uploads\\\/Mary-Lavelle-Kate-OBrien.-19362.jpg\"},{\"@type\":\"BreadcrumbList\",\"@id\":\"https:\\\/\\\/rialia.eus\\\/museo\\\/exposicion-permanente\\\/portugalete\\\/literatura\\\/mary-lavelle-kate-obrien-1936\\\/#breadcrumb\",\"itemListElement\":[{\"@type\":\"ListItem\",\"position\":1,\"name\":\"Portada\",\"item\":\"https:\\\/\\\/rialia.eus\\\/en\\\/\"},{\"@type\":\"ListItem\",\"position\":2,\"name\":\"Museum\",\"item\":\"https:\\\/\\\/rialia.eus\\\/en\\\/museum\\\/\"},{\"@type\":\"ListItem\",\"position\":3,\"name\":\"Permanent exhibition\",\"item\":\"https:\\\/\\\/rialia.eus\\\/en\\\/museum\\\/permanent-exhibition\\\/\"},{\"@type\":\"ListItem\",\"position\":4,\"name\":\"Portugalete\",\"item\":\"https:\\\/\\\/rialia.eus\\\/en\\\/museum\\\/permanent-exhibition\\\/portugalete\\\/\"},{\"@type\":\"ListItem\",\"position\":5,\"name\":\"LITERATURE\",\"item\":\"https:\\\/\\\/rialia.eus\\\/museo\\\/exposicion-permanente\\\/portugalete\\\/literatura\\\/\"},{\"@type\":\"ListItem\",\"position\":6,\"name\":\"Mary Lavelle, Kate O\u2019Brien. 1936\"}]},{\"@type\":\"WebSite\",\"@id\":\"https:\\\/\\\/rialia.eus\\\/#website\",\"url\":\"https:\\\/\\\/rialia.eus\\\/\",\"name\":\"Rialia\",\"description\":\"Industria Museoa \u2013 Museo de la Industria\",\"potentialAction\":[{\"@type\":\"SearchAction\",\"target\":{\"@type\":\"EntryPoint\",\"urlTemplate\":\"https:\\\/\\\/rialia.eus\\\/?s={search_term_string}\"},\"query-input\":{\"@type\":\"PropertyValueSpecification\",\"valueRequired\":true,\"valueName\":\"search_term_string\"}}],\"inLanguage\":\"en-US\"}]}<\/script>\n<!-- \/ Yoast SEO plugin. -->","yoast_head_json":{"title":"Mary Lavelle, Kate O\u2019Brien. 1936 - Rialia","robots":{"index":"index","follow":"follow","max-snippet":"max-snippet:-1","max-image-preview":"max-image-preview:large","max-video-preview":"max-video-preview:-1"},"canonical":"https:\/\/rialia.eus\/museo\/exposicion-permanente\/portugalete\/literatura\/mary-lavelle-kate-obrien-1936\/","og_locale":"en_US","og_type":"article","og_title":"Mary Lavelle, Kate O\u2019Brien. 1936 - Rialia","og_description":"Mary Lavelle, Kate O\u2019Brien. 1936 Seguramente si te digo que despu\u00e9s de veinticuatro horas de estar aqu\u00ed me parece todo conocido y familiar, pensar\u00e1s que estoy loca. Pero lo digo en serio. Tal vez sea el mar bajo mi ventana lo que hace nacer en m\u00ed esta ilusi\u00f3n, porque ahora que la marea est\u00e1 baja [&hellip;]","og_url":"https:\/\/rialia.eus\/museo\/exposicion-permanente\/portugalete\/literatura\/mary-lavelle-kate-obrien-1936\/","og_site_name":"Rialia","og_image":[{"url":"https:\/\/rialia.eus\/wp-content\/uploads\/Mary-Lavelle-Kate-OBrien.-19362.jpg","type":"","width":"","height":""}],"twitter_card":"summary_large_image","twitter_misc":{"Est. reading time":"3 minutes"},"schema":{"@context":"https:\/\/schema.org","@graph":[{"@type":"WebPage","@id":"https:\/\/rialia.eus\/museo\/exposicion-permanente\/portugalete\/literatura\/mary-lavelle-kate-obrien-1936\/","url":"https:\/\/rialia.eus\/museo\/exposicion-permanente\/portugalete\/literatura\/mary-lavelle-kate-obrien-1936\/","name":"Mary Lavelle, Kate O\u2019Brien. 1936 - Rialia","isPartOf":{"@id":"https:\/\/rialia.eus\/#website"},"primaryImageOfPage":{"@id":"https:\/\/rialia.eus\/museo\/exposicion-permanente\/portugalete\/literatura\/mary-lavelle-kate-obrien-1936\/#primaryimage"},"image":{"@id":"https:\/\/rialia.eus\/museo\/exposicion-permanente\/portugalete\/literatura\/mary-lavelle-kate-obrien-1936\/#primaryimage"},"thumbnailUrl":"https:\/\/rialia.eus\/wp-content\/uploads\/Mary-Lavelle-Kate-OBrien.-19362.jpg","datePublished":"2024-12-04T08:40:30+00:00","breadcrumb":{"@id":"https:\/\/rialia.eus\/museo\/exposicion-permanente\/portugalete\/literatura\/mary-lavelle-kate-obrien-1936\/#breadcrumb"},"inLanguage":"en-US","potentialAction":[{"@type":"ReadAction","target":["https:\/\/rialia.eus\/museo\/exposicion-permanente\/portugalete\/literatura\/mary-lavelle-kate-obrien-1936\/"]}]},{"@type":"ImageObject","inLanguage":"en-US","@id":"https:\/\/rialia.eus\/museo\/exposicion-permanente\/portugalete\/literatura\/mary-lavelle-kate-obrien-1936\/#primaryimage","url":"https:\/\/rialia.eus\/wp-content\/uploads\/Mary-Lavelle-Kate-OBrien.-19362.jpg","contentUrl":"https:\/\/rialia.eus\/wp-content\/uploads\/Mary-Lavelle-Kate-OBrien.-19362.jpg"},{"@type":"BreadcrumbList","@id":"https:\/\/rialia.eus\/museo\/exposicion-permanente\/portugalete\/literatura\/mary-lavelle-kate-obrien-1936\/#breadcrumb","itemListElement":[{"@type":"ListItem","position":1,"name":"Portada","item":"https:\/\/rialia.eus\/en\/"},{"@type":"ListItem","position":2,"name":"Museum","item":"https:\/\/rialia.eus\/en\/museum\/"},{"@type":"ListItem","position":3,"name":"Permanent exhibition","item":"https:\/\/rialia.eus\/en\/museum\/permanent-exhibition\/"},{"@type":"ListItem","position":4,"name":"Portugalete","item":"https:\/\/rialia.eus\/en\/museum\/permanent-exhibition\/portugalete\/"},{"@type":"ListItem","position":5,"name":"LITERATURE","item":"https:\/\/rialia.eus\/museo\/exposicion-permanente\/portugalete\/literatura\/"},{"@type":"ListItem","position":6,"name":"Mary Lavelle, Kate O\u2019Brien. 1936"}]},{"@type":"WebSite","@id":"https:\/\/rialia.eus\/#website","url":"https:\/\/rialia.eus\/","name":"Rialia","description":"Industria Museoa \u2013 Museo de la Industria","potentialAction":[{"@type":"SearchAction","target":{"@type":"EntryPoint","urlTemplate":"https:\/\/rialia.eus\/?s={search_term_string}"},"query-input":{"@type":"PropertyValueSpecification","valueRequired":true,"valueName":"search_term_string"}}],"inLanguage":"en-US"}]}},"_links":{"self":[{"href":"https:\/\/rialia.eus\/en\/wp-json\/wp\/v2\/pages\/3216","targetHints":{"allow":["GET"]}}],"collection":[{"href":"https:\/\/rialia.eus\/en\/wp-json\/wp\/v2\/pages"}],"about":[{"href":"https:\/\/rialia.eus\/en\/wp-json\/wp\/v2\/types\/page"}],"author":[{"embeddable":true,"href":"https:\/\/rialia.eus\/en\/wp-json\/wp\/v2\/users\/1"}],"replies":[{"embeddable":true,"href":"https:\/\/rialia.eus\/en\/wp-json\/wp\/v2\/comments?post=3216"}],"version-history":[{"count":0,"href":"https:\/\/rialia.eus\/en\/wp-json\/wp\/v2\/pages\/3216\/revisions"}],"up":[{"embeddable":true,"href":"https:\/\/rialia.eus\/en\/wp-json\/wp\/v2\/pages\/3152"}],"wp:attachment":[{"href":"https:\/\/rialia.eus\/en\/wp-json\/wp\/v2\/media?parent=3216"}],"curies":[{"name":"wp","href":"https:\/\/api.w.org\/{rel}","templated":true}]}}