 {"id":3212,"date":"2024-12-04T09:35:46","date_gmt":"2024-12-04T08:35:46","guid":{"rendered":"https:\/\/rialia.eus\/permanent-exhibition\/portugalete\/paz-en-la-guerra-miguel-de-unamuno-1897\/"},"modified":"2024-12-04T09:35:46","modified_gmt":"2024-12-04T08:35:46","slug":"paz-en-la-guerra-miguel-de-unamuno-1897","status":"publish","type":"page","link":"https:\/\/rialia.eus\/en\/museum\/permanent-exhibition\/portugalete\/literature\/paz-en-la-guerra-miguel-de-unamuno-1897\/","title":{"rendered":"Paz en la guerra, Miguel de Unamuno. 1897"},"content":{"rendered":"<div class=\"row\">\r\n\t\t\t\t\t\t<div class=\"col-md-3\"><a rel=\"single-photo\" href=\"https:\/\/rialia.eus\/wp-content\/uploads\/Paz-en-la-guerra-Miguel-de-Unamuno.1897-1.jpg\"><img width=\"100%\" height=\"auto\" alt=\"\" data-src=\"https:\/\/rialia.eus\/wp-content\/uploads\/Paz-en-la-guerra-Miguel-de-Unamuno.1897-1.jpg\" class=\" lazyload\"><\/a>\r\n\r\n\t\t\t\t\t\t\t\r\n\t\t\t\t\t\t\t<\/div>\r\n\t\t\t\t\t\t\r\n\t\t\t\t\t\t<div class=\"col-md-9\">\r\n\t\t\t\t\t\t\t\r\n\t\t\t\t\t\t\t<p><strong>Paz en la guerra,<\/strong> Miguel de Unamuno. 1897<\/p>\r\n\r\n<p>Su paseo favorito es la subida a Bego\u00f1a, por la carretera. Contempla a sus pies Bilbao, muy otro que el que le recibiera el a\u00f1o 26, y ve brillar la sinuosa cinta de plata de la r\u00eda, entre verdura sembrada de viviendas. A la ca\u00edda tibia de la tarde, cuando el cielo arg\u00e9nteo y desnudo, que rojea en el poniente, baja el pecho frescura y al alma paz, contempla c\u00f3mo se dise\u00f1an en el arrebol las siluetas de Monta\u00f1o y de los altos Galdames, veladas a las veces por el humo de las f\u00e1bricas, que envuelve el espl\u00e9ndido panorama. All\u00ed abajo, al pie de aquellos montes, de donde arranca el cielo, duerme su hijo.<\/p>\r\n\r\n<p>\u00a1All\u00ed duerme para siempre, muerto\u2026, muerto, \u00bfpor qu\u00e9? \u00a1Por la Causa! \u00bfPor la Causa? \u00bfY por qu\u00e9 Causa? \u201cLa Causa por que muri\u00f3 mi hijo\u201d, piensa sin palabras, vislumbrando penumbrosamente que esa muerte ha engrandecido e idealizado en su mente la Causa por la que pele\u00f3 el mismo en sus a\u00f1os de verdura y gloria militar. Si se quitara a la Causa la sangre por ella derramada, \u00bfqu\u00e9 le quedar\u00eda de vivo?\r\n\r\n<\/p>\r\n\r\n\t\t\t\t\t\r\n\t\t\t\t\t\t\t\r\n\t\t\t\t\t\t  <\/div>\r\n\r\n\r\n\t\t\t\t\t\t\r\n\t\t\t\t\t\t\r\n\t\t\t\t\t\t<\/div>","protected":false},"excerpt":{"rendered":"<p>Paz en la guerra, Miguel de Unamuno. 1897 Su paseo favorito es la subida a Bego\u00f1a, por la carretera. Contempla a sus pies Bilbao, muy otro que el que le recibiera el a\u00f1o 26, y ve brillar la sinuosa cinta de plata de la r\u00eda, entre verdura sembrada de viviendas. A la ca\u00edda tibia de [&hellip;]<\/p>\n","protected":false},"author":1,"featured_media":0,"parent":3152,"menu_order":0,"comment_status":"closed","ping_status":"closed","template":"templates\/page-interior-expo-permanente.php","meta":{"_acf_changed":false,"footnotes":""},"class_list":["post-3212","page","type-page","status-publish","hentry"],"acf":[],"yoast_head":"<!-- This site is optimized with the Yoast SEO plugin v27.3 - https:\/\/yoast.com\/product\/yoast-seo-wordpress\/ -->\n<title>Paz en la guerra, Miguel de Unamuno. 1897 - Rialia<\/title>\n<meta name=\"robots\" content=\"index, follow, max-snippet:-1, max-image-preview:large, max-video-preview:-1\" \/>\n<link rel=\"canonical\" href=\"https:\/\/rialia.eus\/museo\/exposicion-permanente\/portugalete\/literatura\/paz-en-la-guerra-miguel-de-unamuno-1897\/\" \/>\n<meta property=\"og:locale\" content=\"en_US\" \/>\n<meta property=\"og:type\" content=\"article\" \/>\n<meta property=\"og:title\" content=\"Paz en la guerra, Miguel de Unamuno. 1897 - Rialia\" \/>\n<meta property=\"og:description\" content=\"Paz en la guerra, Miguel de Unamuno. 1897 Su paseo favorito es la subida a Bego\u00f1a, por la carretera. Contempla a sus pies Bilbao, muy otro que el que le recibiera el a\u00f1o 26, y ve brillar la sinuosa cinta de plata de la r\u00eda, entre verdura sembrada de viviendas. A la ca\u00edda tibia de [&hellip;]\" \/>\n<meta property=\"og:url\" content=\"https:\/\/rialia.eus\/museo\/exposicion-permanente\/portugalete\/literatura\/paz-en-la-guerra-miguel-de-unamuno-1897\/\" \/>\n<meta property=\"og:site_name\" content=\"Rialia\" \/>\n<meta property=\"og:image\" content=\"https:\/\/rialia.eus\/wp-content\/uploads\/Paz-en-la-guerra-Miguel-de-Unamuno.1897-1.jpg\" \/>\n<meta name=\"twitter:card\" content=\"summary_large_image\" \/>\n<meta name=\"twitter:label1\" content=\"Est. reading time\" \/>\n\t<meta name=\"twitter:data1\" content=\"2 minutes\" \/>\n<script type=\"application\/ld+json\" class=\"yoast-schema-graph\">{\"@context\":\"https:\\\/\\\/schema.org\",\"@graph\":[{\"@type\":\"WebPage\",\"@id\":\"https:\\\/\\\/rialia.eus\\\/museo\\\/exposicion-permanente\\\/portugalete\\\/literatura\\\/paz-en-la-guerra-miguel-de-unamuno-1897\\\/\",\"url\":\"https:\\\/\\\/rialia.eus\\\/museo\\\/exposicion-permanente\\\/portugalete\\\/literatura\\\/paz-en-la-guerra-miguel-de-unamuno-1897\\\/\",\"name\":\"Paz en la guerra, Miguel de Unamuno. 1897 - Rialia\",\"isPartOf\":{\"@id\":\"https:\\\/\\\/rialia.eus\\\/#website\"},\"primaryImageOfPage\":{\"@id\":\"https:\\\/\\\/rialia.eus\\\/museo\\\/exposicion-permanente\\\/portugalete\\\/literatura\\\/paz-en-la-guerra-miguel-de-unamuno-1897\\\/#primaryimage\"},\"image\":{\"@id\":\"https:\\\/\\\/rialia.eus\\\/museo\\\/exposicion-permanente\\\/portugalete\\\/literatura\\\/paz-en-la-guerra-miguel-de-unamuno-1897\\\/#primaryimage\"},\"thumbnailUrl\":\"https:\\\/\\\/rialia.eus\\\/wp-content\\\/uploads\\\/Paz-en-la-guerra-Miguel-de-Unamuno.1897-1.jpg\",\"datePublished\":\"2024-12-04T08:35:46+00:00\",\"breadcrumb\":{\"@id\":\"https:\\\/\\\/rialia.eus\\\/museo\\\/exposicion-permanente\\\/portugalete\\\/literatura\\\/paz-en-la-guerra-miguel-de-unamuno-1897\\\/#breadcrumb\"},\"inLanguage\":\"en-US\",\"potentialAction\":[{\"@type\":\"ReadAction\",\"target\":[\"https:\\\/\\\/rialia.eus\\\/museo\\\/exposicion-permanente\\\/portugalete\\\/literatura\\\/paz-en-la-guerra-miguel-de-unamuno-1897\\\/\"]}]},{\"@type\":\"ImageObject\",\"inLanguage\":\"en-US\",\"@id\":\"https:\\\/\\\/rialia.eus\\\/museo\\\/exposicion-permanente\\\/portugalete\\\/literatura\\\/paz-en-la-guerra-miguel-de-unamuno-1897\\\/#primaryimage\",\"url\":\"https:\\\/\\\/rialia.eus\\\/wp-content\\\/uploads\\\/Paz-en-la-guerra-Miguel-de-Unamuno.1897-1.jpg\",\"contentUrl\":\"https:\\\/\\\/rialia.eus\\\/wp-content\\\/uploads\\\/Paz-en-la-guerra-Miguel-de-Unamuno.1897-1.jpg\"},{\"@type\":\"BreadcrumbList\",\"@id\":\"https:\\\/\\\/rialia.eus\\\/museo\\\/exposicion-permanente\\\/portugalete\\\/literatura\\\/paz-en-la-guerra-miguel-de-unamuno-1897\\\/#breadcrumb\",\"itemListElement\":[{\"@type\":\"ListItem\",\"position\":1,\"name\":\"Portada\",\"item\":\"https:\\\/\\\/rialia.eus\\\/en\\\/\"},{\"@type\":\"ListItem\",\"position\":2,\"name\":\"Museum\",\"item\":\"https:\\\/\\\/rialia.eus\\\/en\\\/museum\\\/\"},{\"@type\":\"ListItem\",\"position\":3,\"name\":\"Permanent exhibition\",\"item\":\"https:\\\/\\\/rialia.eus\\\/en\\\/museum\\\/permanent-exhibition\\\/\"},{\"@type\":\"ListItem\",\"position\":4,\"name\":\"Portugalete\",\"item\":\"https:\\\/\\\/rialia.eus\\\/en\\\/museum\\\/permanent-exhibition\\\/portugalete\\\/\"},{\"@type\":\"ListItem\",\"position\":5,\"name\":\"LITERATURE\",\"item\":\"https:\\\/\\\/rialia.eus\\\/museo\\\/exposicion-permanente\\\/portugalete\\\/literatura\\\/\"},{\"@type\":\"ListItem\",\"position\":6,\"name\":\"Paz en la guerra, Miguel de Unamuno. 1897\"}]},{\"@type\":\"WebSite\",\"@id\":\"https:\\\/\\\/rialia.eus\\\/#website\",\"url\":\"https:\\\/\\\/rialia.eus\\\/\",\"name\":\"Rialia\",\"description\":\"Industria Museoa \u2013 Museo de la Industria\",\"potentialAction\":[{\"@type\":\"SearchAction\",\"target\":{\"@type\":\"EntryPoint\",\"urlTemplate\":\"https:\\\/\\\/rialia.eus\\\/?s={search_term_string}\"},\"query-input\":{\"@type\":\"PropertyValueSpecification\",\"valueRequired\":true,\"valueName\":\"search_term_string\"}}],\"inLanguage\":\"en-US\"}]}<\/script>\n<!-- \/ Yoast SEO plugin. -->","yoast_head_json":{"title":"Paz en la guerra, Miguel de Unamuno. 1897 - Rialia","robots":{"index":"index","follow":"follow","max-snippet":"max-snippet:-1","max-image-preview":"max-image-preview:large","max-video-preview":"max-video-preview:-1"},"canonical":"https:\/\/rialia.eus\/museo\/exposicion-permanente\/portugalete\/literatura\/paz-en-la-guerra-miguel-de-unamuno-1897\/","og_locale":"en_US","og_type":"article","og_title":"Paz en la guerra, Miguel de Unamuno. 1897 - Rialia","og_description":"Paz en la guerra, Miguel de Unamuno. 1897 Su paseo favorito es la subida a Bego\u00f1a, por la carretera. Contempla a sus pies Bilbao, muy otro que el que le recibiera el a\u00f1o 26, y ve brillar la sinuosa cinta de plata de la r\u00eda, entre verdura sembrada de viviendas. A la ca\u00edda tibia de [&hellip;]","og_url":"https:\/\/rialia.eus\/museo\/exposicion-permanente\/portugalete\/literatura\/paz-en-la-guerra-miguel-de-unamuno-1897\/","og_site_name":"Rialia","og_image":[{"url":"https:\/\/rialia.eus\/wp-content\/uploads\/Paz-en-la-guerra-Miguel-de-Unamuno.1897-1.jpg","type":"","width":"","height":""}],"twitter_card":"summary_large_image","twitter_misc":{"Est. reading time":"2 minutes"},"schema":{"@context":"https:\/\/schema.org","@graph":[{"@type":"WebPage","@id":"https:\/\/rialia.eus\/museo\/exposicion-permanente\/portugalete\/literatura\/paz-en-la-guerra-miguel-de-unamuno-1897\/","url":"https:\/\/rialia.eus\/museo\/exposicion-permanente\/portugalete\/literatura\/paz-en-la-guerra-miguel-de-unamuno-1897\/","name":"Paz en la guerra, Miguel de Unamuno. 1897 - Rialia","isPartOf":{"@id":"https:\/\/rialia.eus\/#website"},"primaryImageOfPage":{"@id":"https:\/\/rialia.eus\/museo\/exposicion-permanente\/portugalete\/literatura\/paz-en-la-guerra-miguel-de-unamuno-1897\/#primaryimage"},"image":{"@id":"https:\/\/rialia.eus\/museo\/exposicion-permanente\/portugalete\/literatura\/paz-en-la-guerra-miguel-de-unamuno-1897\/#primaryimage"},"thumbnailUrl":"https:\/\/rialia.eus\/wp-content\/uploads\/Paz-en-la-guerra-Miguel-de-Unamuno.1897-1.jpg","datePublished":"2024-12-04T08:35:46+00:00","breadcrumb":{"@id":"https:\/\/rialia.eus\/museo\/exposicion-permanente\/portugalete\/literatura\/paz-en-la-guerra-miguel-de-unamuno-1897\/#breadcrumb"},"inLanguage":"en-US","potentialAction":[{"@type":"ReadAction","target":["https:\/\/rialia.eus\/museo\/exposicion-permanente\/portugalete\/literatura\/paz-en-la-guerra-miguel-de-unamuno-1897\/"]}]},{"@type":"ImageObject","inLanguage":"en-US","@id":"https:\/\/rialia.eus\/museo\/exposicion-permanente\/portugalete\/literatura\/paz-en-la-guerra-miguel-de-unamuno-1897\/#primaryimage","url":"https:\/\/rialia.eus\/wp-content\/uploads\/Paz-en-la-guerra-Miguel-de-Unamuno.1897-1.jpg","contentUrl":"https:\/\/rialia.eus\/wp-content\/uploads\/Paz-en-la-guerra-Miguel-de-Unamuno.1897-1.jpg"},{"@type":"BreadcrumbList","@id":"https:\/\/rialia.eus\/museo\/exposicion-permanente\/portugalete\/literatura\/paz-en-la-guerra-miguel-de-unamuno-1897\/#breadcrumb","itemListElement":[{"@type":"ListItem","position":1,"name":"Portada","item":"https:\/\/rialia.eus\/en\/"},{"@type":"ListItem","position":2,"name":"Museum","item":"https:\/\/rialia.eus\/en\/museum\/"},{"@type":"ListItem","position":3,"name":"Permanent exhibition","item":"https:\/\/rialia.eus\/en\/museum\/permanent-exhibition\/"},{"@type":"ListItem","position":4,"name":"Portugalete","item":"https:\/\/rialia.eus\/en\/museum\/permanent-exhibition\/portugalete\/"},{"@type":"ListItem","position":5,"name":"LITERATURE","item":"https:\/\/rialia.eus\/museo\/exposicion-permanente\/portugalete\/literatura\/"},{"@type":"ListItem","position":6,"name":"Paz en la guerra, Miguel de Unamuno. 1897"}]},{"@type":"WebSite","@id":"https:\/\/rialia.eus\/#website","url":"https:\/\/rialia.eus\/","name":"Rialia","description":"Industria Museoa \u2013 Museo de la Industria","potentialAction":[{"@type":"SearchAction","target":{"@type":"EntryPoint","urlTemplate":"https:\/\/rialia.eus\/?s={search_term_string}"},"query-input":{"@type":"PropertyValueSpecification","valueRequired":true,"valueName":"search_term_string"}}],"inLanguage":"en-US"}]}},"_links":{"self":[{"href":"https:\/\/rialia.eus\/en\/wp-json\/wp\/v2\/pages\/3212","targetHints":{"allow":["GET"]}}],"collection":[{"href":"https:\/\/rialia.eus\/en\/wp-json\/wp\/v2\/pages"}],"about":[{"href":"https:\/\/rialia.eus\/en\/wp-json\/wp\/v2\/types\/page"}],"author":[{"embeddable":true,"href":"https:\/\/rialia.eus\/en\/wp-json\/wp\/v2\/users\/1"}],"replies":[{"embeddable":true,"href":"https:\/\/rialia.eus\/en\/wp-json\/wp\/v2\/comments?post=3212"}],"version-history":[{"count":0,"href":"https:\/\/rialia.eus\/en\/wp-json\/wp\/v2\/pages\/3212\/revisions"}],"up":[{"embeddable":true,"href":"https:\/\/rialia.eus\/en\/wp-json\/wp\/v2\/pages\/3152"}],"wp:attachment":[{"href":"https:\/\/rialia.eus\/en\/wp-json\/wp\/v2\/media?parent=3212"}],"curies":[{"name":"wp","href":"https:\/\/api.w.org\/{rel}","templated":true}]}}