 {"id":3176,"date":"2024-12-04T10:48:55","date_gmt":"2024-12-04T09:48:55","guid":{"rendered":"https:\/\/rialia.eus\/permanent-exhibition\/portugalete\/julian-zugazagoitia\/"},"modified":"2024-12-04T10:48:55","modified_gmt":"2024-12-04T09:48:55","slug":"julian-zugazagoitia","status":"publish","type":"page","link":"https:\/\/rialia.eus\/en\/museum\/permanent-exhibition\/portugalete\/literature\/julian-zugazagoitia\/","title":{"rendered":"Juli\u00e1n Zugazagoitia"},"content":{"rendered":"<div class=\"row\">\r\n\t\t\t\t\t\t<div class=\"col-md-3 p-b-20\"><a rel=\"single-photo\" href=\"https:\/\/rialia.eus\/wp-content\/uploads\/El-Asalto-En-la-mina-Julian-Zugazagoitia.-1930.jpg\"><img width=\"100%\" height=\"auto\" alt=\"\" data-src=\"https:\/\/rialia.eus\/wp-content\/uploads\/El-Asalto-En-la-mina-Julian-Zugazagoitia.-1930.jpg\" class=\" lazyload\"><\/a>\r\n\r\n\t\t\t\t\t\t\t\r\n\t\t\t\t\t\t\t<\/div>\r\n\t\t\t\t\t\t\r\n\t\t\t\t\t\t<div class=\"col-md-9\">\r\n\t\t\t\t\t\t\t\r\n\t\t\t\t\t\t\t<p>El Bot\u00edn, Juli\u00e1n Zugazagoitia. 1929<\/p>\r\n\r\n<p>Con todo esto, Antonio se despidi\u00f3 de sus paseos de las tardes con cierta melancol\u00eda. Era uno de los buenos admiradores de El Nervi\u00f3n, admirador joven que no echaba en falta ni a las polacras y urcas ni a las goletas y galeras que en otro tiempo lo navegaron. Le admiraba; no en su pasado, sino en su magn\u00edfico presente. No era un r\u00edo para deliquios de acuarelista, si acaso lo era para el trabajo nervudo y dif\u00edcil del aguafortista. R\u00edo de trabajo, de vitalidad renovada, val\u00eda precisamente por esa su capacidad din\u00e1mica.<\/p>\r\n\r\n\r\n\t\t\t\t\t\r\n\t\t\t\t\t\t\t\r\n\t\t\t\t\t\t  <\/div>\r\n\r\n<div class=\"col-md-12\">\r\n\r\n<p>Justamente era el tiempo de la alta marea para la r\u00eda. Por la boca del Abra entraban en ella, custodiados, escuadrillas de buques mercantes que iban a aplancharse a los cargaderos de mineral, a los muelles de los Altos Hornos o a las m\u00e1quinas de mercanc\u00edas diversas. Buques que aspiraban a pasar en silencio, pintados de negros, ocres, y grises en franjas y porciones de un gusto cubista, o que anhelaban un trato de respeto y pon\u00edan en sus flancos sendas cruces blancas. Cotejaban a estas embarcaciones mayores, de traves\u00eda peligrosa, los bateles de los \u201cchoriceros\u201d, que la r\u00eda era generosa con todos, compradores de los residuos de las carboneras, con los que, \u00a1oh secretos de la pac\u00edfica pirater\u00eda!, se amasaban peque\u00f1as fortunas, principio para los avisados, de otras mayores.<\/p>\r\n\r\n<p>Toda la R\u00eda, desde su boca hasta la sal de la mar cede predomina la linfa aldeana del Ibaizabal, estaba cubierta de bateles enamorados que, a remo flojo o con golpes firmes, favorecidos por la noche, realizaban su obra de pirater\u00eda y contrabando, alcanzando su porci\u00f3n en los generales beneficios de la guerra. Era un comercio tan l\u00edcito como el de la exportaci\u00f3n y los bancos, y desde luego m\u00e1s necesario. Ten\u00eda sus riesgos como toda empresa encantadora; pero el peligro no era extraordinario, porque nunca ha habido demasiado peligro en burlar la vigilancia somnolienta de los carabineros y contramaestres de mar, m\u00e1s amigos del pacto amistoso que de la querella enemiga.<\/p>\r\n\r\n<p>[\u2026] Noche y d\u00eda sonaban los martillos de los remachadores. Los hornos coc\u00edan las veinticuatro horas del d\u00eda. En los astilleros volaban las transmisiones incansables, bat\u00edan los martillos, zumbaban los motores y torneros, ajustadores, fundidores, caldereros y la peonada empalmaban las tres jornadas al d\u00eda. El hombre y la m\u00e1quina rend\u00edan su esfuerzo m\u00e1ximo, y aun as\u00ed, la R\u00eda necesitaba de m\u00e1s tonelaje para descongestionar sus muelles. Se armaban vapores para la navegaci\u00f3n de altura y pataches para el cabotaje.<\/p>\r\n\r\n <hr>\r\n\r\n<p><strong>El Asalto<\/strong>, (En la mina) Juli\u00e1n Zugazagoitia. 1930<\/p>\r\n\r\n \r\n\r\n<p>[\u2026] En Gallarta, en Las Carreras, en San Juli\u00e1n de Musques, en Galdames, en La Arboleda, en Ortuella, en Baracaldo, en cualquier pueblo donde se concentraba una masa de huelguistas, se planteaba la cuesti\u00f3n. S\u00f3lo hac\u00eda falta un peque\u00f1o impulso, una voz que gritase: \u201c\u00a1En marcha!\u201d, y seis o siete mil trabajadores, dispuestos a todo, se descolgar\u00edan sobre Bilbao.<\/p>\r\n\r\n<p>La capital estaba amenazada de ese peligro. Una fuerza joven le asediaba. La prudencia aconsejaba no irritarla, y el orgullo de los patronos descuidaba esa precauci\u00f3n elemental.<\/p><br>\r\n\r\n \r\n\r\n<p>[\u2026] Triano estaba paralizado. Ninguna de sus innumerables minas, \u201cCarrascl\u00e1s\u201d, \u201cCobar\u00f3n\u201d, \u201cLas Mieras\u201d, \u201cLas Conchas\u201d, \u201cElvira\u201d, \u201cSauco\u201d, \u201cLejana\u201d, \u201cSan Miguel\u201d, \u201cUni\u00f3n\u201d, \u201cMora\u201d, \u201cLas Rubias\u201d, \u201cCarolinas\u201d, \u201cCotorrio\u201d, y cien m\u00e1s, trabajaban. En cambio, las de la cintura de Bilbao, \u201cSan Luis\u201d, \u201cMalaespera\u201d, \u201cOllargan\u201d, \u201cCantera Nueva\u201d, y \u201cPrimitiva\u201d continuaban en sus trabajos, por haber sus due\u00f1os accedido al pago semanal.<\/p>\r\n\r\n<p>El paro de Triano afectaba a la actividad de las f\u00e1bricas de la R\u00eda, que se encontraban sin mineral para sus hornos. Las f\u00e1bricas acudieron a las canteras de Bilbao en demanda de materia prima, y los patronos no vieron inconveniente en facilitarla. Se interpuso el concepto de solidaridad. El mineral que consumiesen las factor\u00edas de la r\u00eda no pod\u00eda ser bilba\u00edno. Ello equivaldr\u00eda a una traici\u00f3n para los mineros de Triano. El patrono arguy\u00f3:<br>\r\n\r\n-El mineral es m\u00edo y lo vendo a quien me conviene.<br>\r\n\r\nLa r\u00e9plica obrera fue definitiva:<br>\r\n\r\n-Nuestros brazos nos pertenecen y no arrancar\u00e1n una piedra m\u00e1s, ni cargar\u00e1n una vagoneta.<\/p>\r\n\r\n<p>Y los mineros de la \u201cPrimitiva\u201d, de \u201cOllarg\u00e1n\u201d, de \u201cSan Luis\u201d, de \u201cMalaespera\u201d, de \u201cCantera Nueva\u201d dejaron el trabajo para no volver. Esta complicaci\u00f3n estaba prevista desde el comienzo de la huelga. M\u00e1s pronto o m\u00e1s tarde, inevitable, fatalmente, los mineros de Bilbao se ver\u00edan precisados a acudir en ayuda de sus compa\u00f1eros del monte. Entraba, pues, en la pelea un nuevo contingente de proletarios.<\/p>\r\n<\/div>\r\n\t\t\t\t\t\t\r\n\t\t\t\t\t\t\r\n\t\t\t\t\t\t<\/div>","protected":false},"excerpt":{"rendered":"<p>El Bot\u00edn, Juli\u00e1n Zugazagoitia. 1929 Con todo esto, Antonio se despidi\u00f3 de sus paseos de las tardes con cierta melancol\u00eda. Era uno de los buenos admiradores de El Nervi\u00f3n, admirador joven que no echaba en falta ni a las polacras y urcas ni a las goletas y galeras que en otro tiempo lo navegaron. Le [&hellip;]<\/p>\n","protected":false},"author":1,"featured_media":0,"parent":3152,"menu_order":0,"comment_status":"closed","ping_status":"closed","template":"templates\/page-interior-expo-permanente.php","meta":{"_acf_changed":false,"footnotes":""},"class_list":["post-3176","page","type-page","status-publish","hentry"],"acf":[],"yoast_head":"<!-- This site is optimized with the Yoast SEO plugin v27.3 - https:\/\/yoast.com\/product\/yoast-seo-wordpress\/ -->\n<title>Juli\u00e1n Zugazagoitia - Rialia<\/title>\n<meta name=\"robots\" content=\"index, follow, max-snippet:-1, max-image-preview:large, max-video-preview:-1\" \/>\n<link rel=\"canonical\" href=\"https:\/\/rialia.eus\/museo\/exposicion-permanente\/portugalete\/literatura\/julian-zugazagoitia\/\" \/>\n<meta property=\"og:locale\" content=\"en_US\" \/>\n<meta property=\"og:type\" content=\"article\" \/>\n<meta property=\"og:title\" content=\"Juli\u00e1n Zugazagoitia - Rialia\" \/>\n<meta property=\"og:description\" content=\"El Bot\u00edn, Juli\u00e1n Zugazagoitia. 1929 Con todo esto, Antonio se despidi\u00f3 de sus paseos de las tardes con cierta melancol\u00eda. Era uno de los buenos admiradores de El Nervi\u00f3n, admirador joven que no echaba en falta ni a las polacras y urcas ni a las goletas y galeras que en otro tiempo lo navegaron. Le [&hellip;]\" \/>\n<meta property=\"og:url\" content=\"https:\/\/rialia.eus\/museo\/exposicion-permanente\/portugalete\/literatura\/julian-zugazagoitia\/\" \/>\n<meta property=\"og:site_name\" content=\"Rialia\" \/>\n<meta property=\"og:image\" content=\"https:\/\/rialia.eus\/wp-content\/uploads\/El-Asalto-En-la-mina-Julian-Zugazagoitia.-1930.jpg\" \/>\n<meta name=\"twitter:card\" content=\"summary_large_image\" \/>\n<meta name=\"twitter:label1\" content=\"Est. reading time\" \/>\n\t<meta name=\"twitter:data1\" content=\"4 minutes\" \/>\n<script type=\"application\/ld+json\" class=\"yoast-schema-graph\">{\"@context\":\"https:\\\/\\\/schema.org\",\"@graph\":[{\"@type\":\"WebPage\",\"@id\":\"https:\\\/\\\/rialia.eus\\\/museo\\\/exposicion-permanente\\\/portugalete\\\/literatura\\\/julian-zugazagoitia\\\/\",\"url\":\"https:\\\/\\\/rialia.eus\\\/museo\\\/exposicion-permanente\\\/portugalete\\\/literatura\\\/julian-zugazagoitia\\\/\",\"name\":\"Juli\u00e1n Zugazagoitia - Rialia\",\"isPartOf\":{\"@id\":\"https:\\\/\\\/rialia.eus\\\/#website\"},\"primaryImageOfPage\":{\"@id\":\"https:\\\/\\\/rialia.eus\\\/museo\\\/exposicion-permanente\\\/portugalete\\\/literatura\\\/julian-zugazagoitia\\\/#primaryimage\"},\"image\":{\"@id\":\"https:\\\/\\\/rialia.eus\\\/museo\\\/exposicion-permanente\\\/portugalete\\\/literatura\\\/julian-zugazagoitia\\\/#primaryimage\"},\"thumbnailUrl\":\"https:\\\/\\\/rialia.eus\\\/wp-content\\\/uploads\\\/El-Asalto-En-la-mina-Julian-Zugazagoitia.-1930.jpg\",\"datePublished\":\"2024-12-04T09:48:55+00:00\",\"breadcrumb\":{\"@id\":\"https:\\\/\\\/rialia.eus\\\/museo\\\/exposicion-permanente\\\/portugalete\\\/literatura\\\/julian-zugazagoitia\\\/#breadcrumb\"},\"inLanguage\":\"en-US\",\"potentialAction\":[{\"@type\":\"ReadAction\",\"target\":[\"https:\\\/\\\/rialia.eus\\\/museo\\\/exposicion-permanente\\\/portugalete\\\/literatura\\\/julian-zugazagoitia\\\/\"]}]},{\"@type\":\"ImageObject\",\"inLanguage\":\"en-US\",\"@id\":\"https:\\\/\\\/rialia.eus\\\/museo\\\/exposicion-permanente\\\/portugalete\\\/literatura\\\/julian-zugazagoitia\\\/#primaryimage\",\"url\":\"https:\\\/\\\/rialia.eus\\\/wp-content\\\/uploads\\\/El-Asalto-En-la-mina-Julian-Zugazagoitia.-1930.jpg\",\"contentUrl\":\"https:\\\/\\\/rialia.eus\\\/wp-content\\\/uploads\\\/El-Asalto-En-la-mina-Julian-Zugazagoitia.-1930.jpg\"},{\"@type\":\"BreadcrumbList\",\"@id\":\"https:\\\/\\\/rialia.eus\\\/museo\\\/exposicion-permanente\\\/portugalete\\\/literatura\\\/julian-zugazagoitia\\\/#breadcrumb\",\"itemListElement\":[{\"@type\":\"ListItem\",\"position\":1,\"name\":\"Portada\",\"item\":\"https:\\\/\\\/rialia.eus\\\/en\\\/\"},{\"@type\":\"ListItem\",\"position\":2,\"name\":\"Museum\",\"item\":\"https:\\\/\\\/rialia.eus\\\/en\\\/museum\\\/\"},{\"@type\":\"ListItem\",\"position\":3,\"name\":\"Permanent exhibition\",\"item\":\"https:\\\/\\\/rialia.eus\\\/en\\\/museum\\\/permanent-exhibition\\\/\"},{\"@type\":\"ListItem\",\"position\":4,\"name\":\"Portugalete\",\"item\":\"https:\\\/\\\/rialia.eus\\\/en\\\/museum\\\/permanent-exhibition\\\/portugalete\\\/\"},{\"@type\":\"ListItem\",\"position\":5,\"name\":\"LITERATURE\",\"item\":\"https:\\\/\\\/rialia.eus\\\/museo\\\/exposicion-permanente\\\/portugalete\\\/literatura\\\/\"},{\"@type\":\"ListItem\",\"position\":6,\"name\":\"Juli\u00e1n Zugazagoitia\"}]},{\"@type\":\"WebSite\",\"@id\":\"https:\\\/\\\/rialia.eus\\\/#website\",\"url\":\"https:\\\/\\\/rialia.eus\\\/\",\"name\":\"Rialia\",\"description\":\"Industria Museoa \u2013 Museo de la Industria\",\"potentialAction\":[{\"@type\":\"SearchAction\",\"target\":{\"@type\":\"EntryPoint\",\"urlTemplate\":\"https:\\\/\\\/rialia.eus\\\/?s={search_term_string}\"},\"query-input\":{\"@type\":\"PropertyValueSpecification\",\"valueRequired\":true,\"valueName\":\"search_term_string\"}}],\"inLanguage\":\"en-US\"}]}<\/script>\n<!-- \/ Yoast SEO plugin. -->","yoast_head_json":{"title":"Juli\u00e1n Zugazagoitia - Rialia","robots":{"index":"index","follow":"follow","max-snippet":"max-snippet:-1","max-image-preview":"max-image-preview:large","max-video-preview":"max-video-preview:-1"},"canonical":"https:\/\/rialia.eus\/museo\/exposicion-permanente\/portugalete\/literatura\/julian-zugazagoitia\/","og_locale":"en_US","og_type":"article","og_title":"Juli\u00e1n Zugazagoitia - Rialia","og_description":"El Bot\u00edn, Juli\u00e1n Zugazagoitia. 1929 Con todo esto, Antonio se despidi\u00f3 de sus paseos de las tardes con cierta melancol\u00eda. Era uno de los buenos admiradores de El Nervi\u00f3n, admirador joven que no echaba en falta ni a las polacras y urcas ni a las goletas y galeras que en otro tiempo lo navegaron. Le [&hellip;]","og_url":"https:\/\/rialia.eus\/museo\/exposicion-permanente\/portugalete\/literatura\/julian-zugazagoitia\/","og_site_name":"Rialia","og_image":[{"url":"https:\/\/rialia.eus\/wp-content\/uploads\/El-Asalto-En-la-mina-Julian-Zugazagoitia.-1930.jpg","type":"","width":"","height":""}],"twitter_card":"summary_large_image","twitter_misc":{"Est. reading time":"4 minutes"},"schema":{"@context":"https:\/\/schema.org","@graph":[{"@type":"WebPage","@id":"https:\/\/rialia.eus\/museo\/exposicion-permanente\/portugalete\/literatura\/julian-zugazagoitia\/","url":"https:\/\/rialia.eus\/museo\/exposicion-permanente\/portugalete\/literatura\/julian-zugazagoitia\/","name":"Juli\u00e1n Zugazagoitia - Rialia","isPartOf":{"@id":"https:\/\/rialia.eus\/#website"},"primaryImageOfPage":{"@id":"https:\/\/rialia.eus\/museo\/exposicion-permanente\/portugalete\/literatura\/julian-zugazagoitia\/#primaryimage"},"image":{"@id":"https:\/\/rialia.eus\/museo\/exposicion-permanente\/portugalete\/literatura\/julian-zugazagoitia\/#primaryimage"},"thumbnailUrl":"https:\/\/rialia.eus\/wp-content\/uploads\/El-Asalto-En-la-mina-Julian-Zugazagoitia.-1930.jpg","datePublished":"2024-12-04T09:48:55+00:00","breadcrumb":{"@id":"https:\/\/rialia.eus\/museo\/exposicion-permanente\/portugalete\/literatura\/julian-zugazagoitia\/#breadcrumb"},"inLanguage":"en-US","potentialAction":[{"@type":"ReadAction","target":["https:\/\/rialia.eus\/museo\/exposicion-permanente\/portugalete\/literatura\/julian-zugazagoitia\/"]}]},{"@type":"ImageObject","inLanguage":"en-US","@id":"https:\/\/rialia.eus\/museo\/exposicion-permanente\/portugalete\/literatura\/julian-zugazagoitia\/#primaryimage","url":"https:\/\/rialia.eus\/wp-content\/uploads\/El-Asalto-En-la-mina-Julian-Zugazagoitia.-1930.jpg","contentUrl":"https:\/\/rialia.eus\/wp-content\/uploads\/El-Asalto-En-la-mina-Julian-Zugazagoitia.-1930.jpg"},{"@type":"BreadcrumbList","@id":"https:\/\/rialia.eus\/museo\/exposicion-permanente\/portugalete\/literatura\/julian-zugazagoitia\/#breadcrumb","itemListElement":[{"@type":"ListItem","position":1,"name":"Portada","item":"https:\/\/rialia.eus\/en\/"},{"@type":"ListItem","position":2,"name":"Museum","item":"https:\/\/rialia.eus\/en\/museum\/"},{"@type":"ListItem","position":3,"name":"Permanent exhibition","item":"https:\/\/rialia.eus\/en\/museum\/permanent-exhibition\/"},{"@type":"ListItem","position":4,"name":"Portugalete","item":"https:\/\/rialia.eus\/en\/museum\/permanent-exhibition\/portugalete\/"},{"@type":"ListItem","position":5,"name":"LITERATURE","item":"https:\/\/rialia.eus\/museo\/exposicion-permanente\/portugalete\/literatura\/"},{"@type":"ListItem","position":6,"name":"Juli\u00e1n Zugazagoitia"}]},{"@type":"WebSite","@id":"https:\/\/rialia.eus\/#website","url":"https:\/\/rialia.eus\/","name":"Rialia","description":"Industria Museoa \u2013 Museo de la Industria","potentialAction":[{"@type":"SearchAction","target":{"@type":"EntryPoint","urlTemplate":"https:\/\/rialia.eus\/?s={search_term_string}"},"query-input":{"@type":"PropertyValueSpecification","valueRequired":true,"valueName":"search_term_string"}}],"inLanguage":"en-US"}]}},"_links":{"self":[{"href":"https:\/\/rialia.eus\/en\/wp-json\/wp\/v2\/pages\/3176","targetHints":{"allow":["GET"]}}],"collection":[{"href":"https:\/\/rialia.eus\/en\/wp-json\/wp\/v2\/pages"}],"about":[{"href":"https:\/\/rialia.eus\/en\/wp-json\/wp\/v2\/types\/page"}],"author":[{"embeddable":true,"href":"https:\/\/rialia.eus\/en\/wp-json\/wp\/v2\/users\/1"}],"replies":[{"embeddable":true,"href":"https:\/\/rialia.eus\/en\/wp-json\/wp\/v2\/comments?post=3176"}],"version-history":[{"count":0,"href":"https:\/\/rialia.eus\/en\/wp-json\/wp\/v2\/pages\/3176\/revisions"}],"up":[{"embeddable":true,"href":"https:\/\/rialia.eus\/en\/wp-json\/wp\/v2\/pages\/3152"}],"wp:attachment":[{"href":"https:\/\/rialia.eus\/en\/wp-json\/wp\/v2\/media?parent=3176"}],"curies":[{"name":"wp","href":"https:\/\/api.w.org\/{rel}","templated":true}]}}