 {"id":3167,"date":"2024-12-04T10:37:59","date_gmt":"2024-12-04T09:37:59","guid":{"rendered":"https:\/\/rialia.eus\/permanent-exhibition\/portugalete\/angela-figuera\/"},"modified":"2024-12-04T10:37:59","modified_gmt":"2024-12-04T09:37:59","slug":"angela-figuera","status":"publish","type":"page","link":"https:\/\/rialia.eus\/en\/museum\/permanent-exhibition\/portugalete\/literature\/angela-figuera\/","title":{"rendered":"\u00c1ngela Figuera"},"content":{"rendered":"<div class=\"row text-center\">\r\n\t\t\t\t\t\t<div class=\"col-md-12 p-b-20\"><a rel=\"single-photo\" href=\"https:\/\/rialia.eus\/wp-content\/uploads\/Angela-Figuera-1.jpg\"><img width=\"30%\" height=\"auto\" alt=\"\" data-src=\"https:\/\/rialia.eus\/wp-content\/uploads\/Angela-Figuera-1.jpg\" class=\" lazyload\"><\/a>\r\n\r\n\t\t\t\t\t\t\t\r\n\t\t\t\t\t\t\t<\/div>\r\n\t\t\t\t\t\t\r\n\t\t\t\t\t\t<div class=\"col-md-12\">\r\n\t\t\t\t\t\t\t\r\n\t\t\t\t\t\t\t<p>\r\n\r\n<\/p><p><strong>Etc\u00e9tera, \u00c1ngela Figuera. 1958<\/strong><\/p>\r\n<p>El padre trabajaba en la mina.<br>\r\nLa madre trabajaba por las casas.<br>\r\nEl chico andaba por la calle<br>\r\naprendiendo buena conducta.<br>\r\nAl filo de la noche los tres juntos<br>\r\nalrededor del jarro y de la sopa.<br>\r\nEl padre en su leg\u00edtimo derecho,<br>\r\ntomaba para s\u00ed la mejor parte.<br>\r\nLa madre daba al chico de lo suyo.<br>\r\nEl chico lo sorb\u00eda y terminaba<br>\r\npidiendo chocolate o mandarinas.<br>\r\nEl padre le pegaba cuatro gritos<br>\r\n(siempre beb\u00eda al fin m\u00e1s de la cuenta)<br>\r\ny luego echaba pestes del gobierno<br>\r\ny luego se acostaba con las botas.<br>\r\nEl chico se dorm\u00eda sobre el codo.<br>\r\nLa madre lo acostaba a pescozones<br>\r\ny luego abr\u00eda el grifo y renegaba,<br>\r\nqu\u00e9 vida, Dios, fregando los cacharros,<br>\r\ny luego echaba pestes del marido<br>\r\ny luego le lavaba la camisa<br>\r\ny luego se acostaba como es justo.<br>\r\nMuy de ma\u00f1ana al d\u00eda siguiente<br>\r\nel padre bajaba a los pozos,<br>\r\nla madre sub\u00eda a las casas,<br>\r\nel chico sal\u00eda a la calle.<br>\r\nEtc\u00e9tera, etc\u00e9tera, etc\u00e9tera.<br>\r\n(No s\u00e9 por qu\u00e9 empec\u00e9 a contarlo.<br>\r\nEs una historia fastidiosa<br>\r\ny todos saben c\u00f3mo acaba.)<\/p>\r\n\r\n<p>Libertad, (Belleza cruel) \u00c1ngela Figuera Aymerich. 1958<br>\r\nCrecieron as\u00ed seres de manos atadas.<br>\r\nEMP\u00c9DOCLES<br>\r\nA tiros nos dijeron: cruz y raya.<br>\r\nEn cruz estamos. Raya. Tachadura.<br>\r\nBorr\u00f3n y c\u00e1rcel nueva. Punto en boca.<br>\r\nSi observas la conducta conveniente,<br>\r\npodr\u00e1s decir palabras permitidas:<br>\r\ninvierno, luz, hispanidad, sombrero.<br>\r\n(Si se te cae la lengua de verg\u00fcenza,<br>\r\nte cuelgas un cartel que diga \u00abmudo\u00bb,<br>\r\ntiendes la mano y juntas calderilla.)<br>\r\nSi calzas los zapatos seg\u00fan norma,<br>\r\ntambi\u00e9n podr\u00e1s cruzar a la otra acera<br>\r\nbuscando el sol o un techo que te abrigue.<br>\r\nPagando tus impuestos puntualmente,<br>\r\npodr\u00e1s ir al taller o a la oficina,<br>\r\nquemarte las pesta\u00f1as y las u\u00f1as,<br>\r\npartirte el pecho y alcanzar la gloria<br>\r\nTambi\u00e9n tendr\u00e1s honestas diversiones.<br>\r\nEl paso de un entierro, una pel\u00edcula<br>\r\nde las debidamente autorizadas,<br>\r\nf\u00fatbol del bueno, un vaso de cerveza,<br>\r\nbonitas emisiones en la radio<br>\r\ny misa por la tarde los domingos.<br>\r\nPero no pienses \u00ablibertad\u00bb, no digas,<br>\r\nno escribas \u00ablibertad\u00bb, nunca consientas<br>\r\nque se te asome al blanco de los ojos,<br>\r\nni exhale su olorcillo por tus ropas,<br>\r\nni se te prenda a un rizo del cabello.<br>\r\nY, sobre todo, amigo, al acostarte,<br>\r\nno escondas \u00ablibertad\u00bb bajo tu almohada<br>\r\npor ver si sue\u00f1as con mejores d\u00edas.<br>\r\nNo sea que una noche te incorpores<br>\r\nsonambulando \u00ablibertad\u00bb, y olvides,<br>\r\ny salgas a gritarla por las calles,<br>\r\ndescerrajando puertas y ventanas,<br>\r\nmatando los serenos y los gatos,<br>\r\nrompiendo los faroles y las fuentes,<br>\r\ny el sue\u00f1o de los justos, porque entonces,<br>\r\npunto final, hermano, y Dios te ayude.\r\n\r\n<\/p>\r\n\t\t\t\t\t\r\n\t\t\t\t\t\t\t\r\n\t\t\t\t\t\t  <\/div>\r\n\t\t\t\t\t\t\r\n\t\t\t\t\t\t\r\n\t\t\t\t\t\t<\/div>","protected":false},"excerpt":{"rendered":"<p>Etc\u00e9tera, \u00c1ngela Figuera. 1958 El padre trabajaba en la mina. La madre trabajaba por las casas. El chico andaba por la calle aprendiendo buena conducta. Al filo de la noche los tres juntos alrededor del jarro y de la sopa. El padre en su leg\u00edtimo derecho, tomaba para s\u00ed la mejor parte. La madre daba [&hellip;]<\/p>\n","protected":false},"author":1,"featured_media":0,"parent":3152,"menu_order":0,"comment_status":"closed","ping_status":"closed","template":"templates\/page-interior-expo-permanente.php","meta":{"_acf_changed":false,"footnotes":""},"class_list":["post-3167","page","type-page","status-publish","hentry"],"acf":[],"yoast_head":"<!-- This site is optimized with the Yoast SEO plugin v27.3 - https:\/\/yoast.com\/product\/yoast-seo-wordpress\/ -->\n<title>\u00c1ngela Figuera - Rialia<\/title>\n<meta name=\"robots\" content=\"index, follow, max-snippet:-1, max-image-preview:large, max-video-preview:-1\" \/>\n<link rel=\"canonical\" href=\"https:\/\/rialia.eus\/museo\/exposicion-permanente\/portugalete\/literatura\/angela-figuera\/\" \/>\n<meta property=\"og:locale\" content=\"en_US\" \/>\n<meta property=\"og:type\" content=\"article\" \/>\n<meta property=\"og:title\" content=\"\u00c1ngela Figuera - Rialia\" \/>\n<meta property=\"og:description\" content=\"Etc\u00e9tera, \u00c1ngela Figuera. 1958 El padre trabajaba en la mina. La madre trabajaba por las casas. El chico andaba por la calle aprendiendo buena conducta. Al filo de la noche los tres juntos alrededor del jarro y de la sopa. El padre en su leg\u00edtimo derecho, tomaba para s\u00ed la mejor parte. La madre daba [&hellip;]\" \/>\n<meta property=\"og:url\" content=\"https:\/\/rialia.eus\/museo\/exposicion-permanente\/portugalete\/literatura\/angela-figuera\/\" \/>\n<meta property=\"og:site_name\" content=\"Rialia\" \/>\n<meta property=\"og:image\" content=\"https:\/\/rialia.eus\/wp-content\/uploads\/Angela-Figuera-1.jpg\" \/>\n<meta name=\"twitter:card\" content=\"summary_large_image\" \/>\n<script type=\"application\/ld+json\" class=\"yoast-schema-graph\">{\"@context\":\"https:\\\/\\\/schema.org\",\"@graph\":[{\"@type\":\"WebPage\",\"@id\":\"https:\\\/\\\/rialia.eus\\\/museo\\\/exposicion-permanente\\\/portugalete\\\/literatura\\\/angela-figuera\\\/\",\"url\":\"https:\\\/\\\/rialia.eus\\\/museo\\\/exposicion-permanente\\\/portugalete\\\/literatura\\\/angela-figuera\\\/\",\"name\":\"\u00c1ngela Figuera - Rialia\",\"isPartOf\":{\"@id\":\"https:\\\/\\\/rialia.eus\\\/#website\"},\"primaryImageOfPage\":{\"@id\":\"https:\\\/\\\/rialia.eus\\\/museo\\\/exposicion-permanente\\\/portugalete\\\/literatura\\\/angela-figuera\\\/#primaryimage\"},\"image\":{\"@id\":\"https:\\\/\\\/rialia.eus\\\/museo\\\/exposicion-permanente\\\/portugalete\\\/literatura\\\/angela-figuera\\\/#primaryimage\"},\"thumbnailUrl\":\"https:\\\/\\\/rialia.eus\\\/wp-content\\\/uploads\\\/Angela-Figuera-1.jpg\",\"datePublished\":\"2024-12-04T09:37:59+00:00\",\"breadcrumb\":{\"@id\":\"https:\\\/\\\/rialia.eus\\\/museo\\\/exposicion-permanente\\\/portugalete\\\/literatura\\\/angela-figuera\\\/#breadcrumb\"},\"inLanguage\":\"en-US\",\"potentialAction\":[{\"@type\":\"ReadAction\",\"target\":[\"https:\\\/\\\/rialia.eus\\\/museo\\\/exposicion-permanente\\\/portugalete\\\/literatura\\\/angela-figuera\\\/\"]}]},{\"@type\":\"ImageObject\",\"inLanguage\":\"en-US\",\"@id\":\"https:\\\/\\\/rialia.eus\\\/museo\\\/exposicion-permanente\\\/portugalete\\\/literatura\\\/angela-figuera\\\/#primaryimage\",\"url\":\"https:\\\/\\\/rialia.eus\\\/wp-content\\\/uploads\\\/Angela-Figuera-1.jpg\",\"contentUrl\":\"https:\\\/\\\/rialia.eus\\\/wp-content\\\/uploads\\\/Angela-Figuera-1.jpg\"},{\"@type\":\"BreadcrumbList\",\"@id\":\"https:\\\/\\\/rialia.eus\\\/museo\\\/exposicion-permanente\\\/portugalete\\\/literatura\\\/angela-figuera\\\/#breadcrumb\",\"itemListElement\":[{\"@type\":\"ListItem\",\"position\":1,\"name\":\"Portada\",\"item\":\"https:\\\/\\\/rialia.eus\\\/en\\\/\"},{\"@type\":\"ListItem\",\"position\":2,\"name\":\"Museum\",\"item\":\"https:\\\/\\\/rialia.eus\\\/en\\\/museum\\\/\"},{\"@type\":\"ListItem\",\"position\":3,\"name\":\"Permanent exhibition\",\"item\":\"https:\\\/\\\/rialia.eus\\\/en\\\/museum\\\/permanent-exhibition\\\/\"},{\"@type\":\"ListItem\",\"position\":4,\"name\":\"Portugalete\",\"item\":\"https:\\\/\\\/rialia.eus\\\/en\\\/museum\\\/permanent-exhibition\\\/portugalete\\\/\"},{\"@type\":\"ListItem\",\"position\":5,\"name\":\"LITERATURE\",\"item\":\"https:\\\/\\\/rialia.eus\\\/museo\\\/exposicion-permanente\\\/portugalete\\\/literatura\\\/\"},{\"@type\":\"ListItem\",\"position\":6,\"name\":\"\u00c1ngela Figuera\"}]},{\"@type\":\"WebSite\",\"@id\":\"https:\\\/\\\/rialia.eus\\\/#website\",\"url\":\"https:\\\/\\\/rialia.eus\\\/\",\"name\":\"Rialia\",\"description\":\"Industria Museoa \u2013 Museo de la Industria\",\"potentialAction\":[{\"@type\":\"SearchAction\",\"target\":{\"@type\":\"EntryPoint\",\"urlTemplate\":\"https:\\\/\\\/rialia.eus\\\/?s={search_term_string}\"},\"query-input\":{\"@type\":\"PropertyValueSpecification\",\"valueRequired\":true,\"valueName\":\"search_term_string\"}}],\"inLanguage\":\"en-US\"}]}<\/script>\n<!-- \/ Yoast SEO plugin. -->","yoast_head_json":{"title":"\u00c1ngela Figuera - Rialia","robots":{"index":"index","follow":"follow","max-snippet":"max-snippet:-1","max-image-preview":"max-image-preview:large","max-video-preview":"max-video-preview:-1"},"canonical":"https:\/\/rialia.eus\/museo\/exposicion-permanente\/portugalete\/literatura\/angela-figuera\/","og_locale":"en_US","og_type":"article","og_title":"\u00c1ngela Figuera - Rialia","og_description":"Etc\u00e9tera, \u00c1ngela Figuera. 1958 El padre trabajaba en la mina. La madre trabajaba por las casas. El chico andaba por la calle aprendiendo buena conducta. Al filo de la noche los tres juntos alrededor del jarro y de la sopa. El padre en su leg\u00edtimo derecho, tomaba para s\u00ed la mejor parte. La madre daba [&hellip;]","og_url":"https:\/\/rialia.eus\/museo\/exposicion-permanente\/portugalete\/literatura\/angela-figuera\/","og_site_name":"Rialia","og_image":[{"url":"https:\/\/rialia.eus\/wp-content\/uploads\/Angela-Figuera-1.jpg","type":"","width":"","height":""}],"twitter_card":"summary_large_image","schema":{"@context":"https:\/\/schema.org","@graph":[{"@type":"WebPage","@id":"https:\/\/rialia.eus\/museo\/exposicion-permanente\/portugalete\/literatura\/angela-figuera\/","url":"https:\/\/rialia.eus\/museo\/exposicion-permanente\/portugalete\/literatura\/angela-figuera\/","name":"\u00c1ngela Figuera - Rialia","isPartOf":{"@id":"https:\/\/rialia.eus\/#website"},"primaryImageOfPage":{"@id":"https:\/\/rialia.eus\/museo\/exposicion-permanente\/portugalete\/literatura\/angela-figuera\/#primaryimage"},"image":{"@id":"https:\/\/rialia.eus\/museo\/exposicion-permanente\/portugalete\/literatura\/angela-figuera\/#primaryimage"},"thumbnailUrl":"https:\/\/rialia.eus\/wp-content\/uploads\/Angela-Figuera-1.jpg","datePublished":"2024-12-04T09:37:59+00:00","breadcrumb":{"@id":"https:\/\/rialia.eus\/museo\/exposicion-permanente\/portugalete\/literatura\/angela-figuera\/#breadcrumb"},"inLanguage":"en-US","potentialAction":[{"@type":"ReadAction","target":["https:\/\/rialia.eus\/museo\/exposicion-permanente\/portugalete\/literatura\/angela-figuera\/"]}]},{"@type":"ImageObject","inLanguage":"en-US","@id":"https:\/\/rialia.eus\/museo\/exposicion-permanente\/portugalete\/literatura\/angela-figuera\/#primaryimage","url":"https:\/\/rialia.eus\/wp-content\/uploads\/Angela-Figuera-1.jpg","contentUrl":"https:\/\/rialia.eus\/wp-content\/uploads\/Angela-Figuera-1.jpg"},{"@type":"BreadcrumbList","@id":"https:\/\/rialia.eus\/museo\/exposicion-permanente\/portugalete\/literatura\/angela-figuera\/#breadcrumb","itemListElement":[{"@type":"ListItem","position":1,"name":"Portada","item":"https:\/\/rialia.eus\/en\/"},{"@type":"ListItem","position":2,"name":"Museum","item":"https:\/\/rialia.eus\/en\/museum\/"},{"@type":"ListItem","position":3,"name":"Permanent exhibition","item":"https:\/\/rialia.eus\/en\/museum\/permanent-exhibition\/"},{"@type":"ListItem","position":4,"name":"Portugalete","item":"https:\/\/rialia.eus\/en\/museum\/permanent-exhibition\/portugalete\/"},{"@type":"ListItem","position":5,"name":"LITERATURE","item":"https:\/\/rialia.eus\/museo\/exposicion-permanente\/portugalete\/literatura\/"},{"@type":"ListItem","position":6,"name":"\u00c1ngela Figuera"}]},{"@type":"WebSite","@id":"https:\/\/rialia.eus\/#website","url":"https:\/\/rialia.eus\/","name":"Rialia","description":"Industria Museoa \u2013 Museo de la Industria","potentialAction":[{"@type":"SearchAction","target":{"@type":"EntryPoint","urlTemplate":"https:\/\/rialia.eus\/?s={search_term_string}"},"query-input":{"@type":"PropertyValueSpecification","valueRequired":true,"valueName":"search_term_string"}}],"inLanguage":"en-US"}]}},"_links":{"self":[{"href":"https:\/\/rialia.eus\/en\/wp-json\/wp\/v2\/pages\/3167","targetHints":{"allow":["GET"]}}],"collection":[{"href":"https:\/\/rialia.eus\/en\/wp-json\/wp\/v2\/pages"}],"about":[{"href":"https:\/\/rialia.eus\/en\/wp-json\/wp\/v2\/types\/page"}],"author":[{"embeddable":true,"href":"https:\/\/rialia.eus\/en\/wp-json\/wp\/v2\/users\/1"}],"replies":[{"embeddable":true,"href":"https:\/\/rialia.eus\/en\/wp-json\/wp\/v2\/comments?post=3167"}],"version-history":[{"count":0,"href":"https:\/\/rialia.eus\/en\/wp-json\/wp\/v2\/pages\/3167\/revisions"}],"up":[{"embeddable":true,"href":"https:\/\/rialia.eus\/en\/wp-json\/wp\/v2\/pages\/3152"}],"wp:attachment":[{"href":"https:\/\/rialia.eus\/en\/wp-json\/wp\/v2\/media?parent=3167"}],"curies":[{"name":"wp","href":"https:\/\/api.w.org\/{rel}","templated":true}]}}