 {"id":3163,"date":"2024-12-04T10:32:13","date_gmt":"2024-12-04T09:32:13","guid":{"rendered":"https:\/\/rialia.eus\/permanent-exhibition\/portugalete\/margen-izquierda-de-la-ria-blas-de-otero-1963\/"},"modified":"2024-12-04T10:32:13","modified_gmt":"2024-12-04T09:32:13","slug":"margen-izquierda-de-la-ria-blas-de-otero-1963","status":"publish","type":"page","link":"https:\/\/rialia.eus\/en\/museum\/permanent-exhibition\/portugalete\/literature\/margen-izquierda-de-la-ria-blas-de-otero-1963\/","title":{"rendered":"Margen izquierda de la r\u00eda, Blas de Otero. 1963"},"content":{"rendered":"<div class=\"row text-center\">\r\n\t\t\t\t\t\t<div class=\"col-md-12 p-b-20\"><a rel=\"single-photo\" href=\"https:\/\/rialia.eus\/wp-content\/uploads\/Margen-izquierda-de-la-ria-Blas-de-Otero.-1963-1.jpg\"><img width=\"30%\" height=\"auto\" alt=\"\" data-src=\"https:\/\/rialia.eus\/wp-content\/uploads\/Margen-izquierda-de-la-ria-Blas-de-Otero.-1963-1.jpg\" class=\" lazyload\"><\/a>\r\n\r\n\t\t\t\t\t\t\t\r\n\t\t\t\t\t\t\t<\/div>\r\n\t\t\t\t\t\t\r\n\t\t\t\t\t\t<div class=\"col-md-12\">\r\n\t\t\t\t\t\t\t\r\n\t\t\t\t\t\t\t<p><strong>Margen izquierda de la r\u00eda, Blas de Otero. 1963<\/strong><\/p>\r\n\r\n<p>Pues bien, lo que m\u00e1s amo es Sestao.<br>\r\nLa plaza amplia como la palma de un ajustador.<br>\r\n\u00c1rboles como aprendices de torneros.<br>\r\nSosegada y, a un tiempo, amenazante.<br>\r\nAmo Sestao de abajo arriba, entrando<br>\r\ndesde la estaci\u00f3n, ascendiendo<br>\r\nla recta cuesta de la recia calle.<br>\r\nMiro las cimas de las monta\u00f1as, la parda mordedura<br>\r\nde los alemanes: \u00abmi nombre est\u00e1 en la mina\u00bb<br>\r\ninscrito en letra morada.<br>\r\nTiempos de lucha interna,<br>\r\nde remover el pecho con la excavadora<br>\r\nde la idea que abre galer\u00edas<br>\r\nocres, donde la historia enciende su dial\u00e9ctica.<br>\r\nCerca, la Constructora Naval tropieza con la r\u00eda,<br>\r\nremacha las anchas planchas de los buques,<br>\r\nque, ri\u00e9ndose de Norteam\u00e9rica, se deslizan hacia el Caribe.<br>\r\nCerca, cortada en fr\u00edo por jornales \u00ednfimos,<br>\r\nla Babcock Wilcox coloca<br>\r\nsobre la mesa del Consejo de Administraci\u00f3n<br>\r\nuna locomotora colosal, a punto de explotar.<br>\r\nTodo esto sucede d\u00eda a d\u00eda a partir del puente colgante<br>\r\ny, atravesando a pecho descubierto el gran horno de fundici\u00f3n,<br>\r\nda fin en Euskalduna y, de pronto, retrocede<br>\r\nhasta ascender, hombre a hombre, obrero a obrero, hombro<br>\r\ncon hombro, a la amplia plaza de Sestao,<br>\r\namenazante, sosegada, densa<br>\r\nde un silencio col\u00e9rico que estallar\u00e1 de un momento a otro.\r\n<\/p>\r\n\t\t\t\t\t\r\n\t\t\t\t\t\t\t\r\n\t\t\t\t\t\t  <\/div>\r\n\t\t\t\t\t\t\r\n\t\t\t\t\t\t\r\n\t\t\t\t\t\t<\/div>","protected":false},"excerpt":{"rendered":"<p>Margen izquierda de la r\u00eda, Blas de Otero. 1963 Pues bien, lo que m\u00e1s amo es Sestao. La plaza amplia como la palma de un ajustador. \u00c1rboles como aprendices de torneros. Sosegada y, a un tiempo, amenazante. Amo Sestao de abajo arriba, entrando desde la estaci\u00f3n, ascendiendo la recta cuesta de la recia calle. Miro [&hellip;]<\/p>\n","protected":false},"author":1,"featured_media":0,"parent":3152,"menu_order":0,"comment_status":"closed","ping_status":"closed","template":"templates\/page-interior-expo-permanente.php","meta":{"_acf_changed":false,"footnotes":""},"class_list":["post-3163","page","type-page","status-publish","hentry"],"acf":[],"yoast_head":"<!-- This site is optimized with the Yoast SEO plugin v27.3 - https:\/\/yoast.com\/product\/yoast-seo-wordpress\/ -->\n<title>Margen izquierda de la r\u00eda, Blas de Otero. 1963 - Rialia<\/title>\n<meta name=\"robots\" content=\"index, follow, max-snippet:-1, max-image-preview:large, max-video-preview:-1\" \/>\n<link rel=\"canonical\" href=\"https:\/\/rialia.eus\/museo\/exposicion-permanente\/portugalete\/literatura\/margen-izquierda-de-la-ria-blas-de-otero-1963\/\" \/>\n<meta property=\"og:locale\" content=\"en_US\" \/>\n<meta property=\"og:type\" content=\"article\" \/>\n<meta property=\"og:title\" content=\"Margen izquierda de la r\u00eda, Blas de Otero. 1963 - Rialia\" \/>\n<meta property=\"og:description\" content=\"Margen izquierda de la r\u00eda, Blas de Otero. 1963 Pues bien, lo que m\u00e1s amo es Sestao. La plaza amplia como la palma de un ajustador. \u00c1rboles como aprendices de torneros. Sosegada y, a un tiempo, amenazante. Amo Sestao de abajo arriba, entrando desde la estaci\u00f3n, ascendiendo la recta cuesta de la recia calle. Miro [&hellip;]\" \/>\n<meta property=\"og:url\" content=\"https:\/\/rialia.eus\/museo\/exposicion-permanente\/portugalete\/literatura\/margen-izquierda-de-la-ria-blas-de-otero-1963\/\" \/>\n<meta property=\"og:site_name\" content=\"Rialia\" \/>\n<meta property=\"og:image\" content=\"https:\/\/rialia.eus\/wp-content\/uploads\/Margen-izquierda-de-la-ria-Blas-de-Otero.-1963-1.jpg\" \/>\n<meta name=\"twitter:card\" content=\"summary_large_image\" \/>\n<meta name=\"twitter:label1\" content=\"Est. reading time\" \/>\n\t<meta name=\"twitter:data1\" content=\"2 minutes\" \/>\n<script type=\"application\/ld+json\" class=\"yoast-schema-graph\">{\"@context\":\"https:\\\/\\\/schema.org\",\"@graph\":[{\"@type\":\"WebPage\",\"@id\":\"https:\\\/\\\/rialia.eus\\\/museo\\\/exposicion-permanente\\\/portugalete\\\/literatura\\\/margen-izquierda-de-la-ria-blas-de-otero-1963\\\/\",\"url\":\"https:\\\/\\\/rialia.eus\\\/museo\\\/exposicion-permanente\\\/portugalete\\\/literatura\\\/margen-izquierda-de-la-ria-blas-de-otero-1963\\\/\",\"name\":\"Margen izquierda de la r\u00eda, Blas de Otero. 1963 - Rialia\",\"isPartOf\":{\"@id\":\"https:\\\/\\\/rialia.eus\\\/#website\"},\"primaryImageOfPage\":{\"@id\":\"https:\\\/\\\/rialia.eus\\\/museo\\\/exposicion-permanente\\\/portugalete\\\/literatura\\\/margen-izquierda-de-la-ria-blas-de-otero-1963\\\/#primaryimage\"},\"image\":{\"@id\":\"https:\\\/\\\/rialia.eus\\\/museo\\\/exposicion-permanente\\\/portugalete\\\/literatura\\\/margen-izquierda-de-la-ria-blas-de-otero-1963\\\/#primaryimage\"},\"thumbnailUrl\":\"https:\\\/\\\/rialia.eus\\\/wp-content\\\/uploads\\\/Margen-izquierda-de-la-ria-Blas-de-Otero.-1963-1.jpg\",\"datePublished\":\"2024-12-04T09:32:13+00:00\",\"breadcrumb\":{\"@id\":\"https:\\\/\\\/rialia.eus\\\/museo\\\/exposicion-permanente\\\/portugalete\\\/literatura\\\/margen-izquierda-de-la-ria-blas-de-otero-1963\\\/#breadcrumb\"},\"inLanguage\":\"en-US\",\"potentialAction\":[{\"@type\":\"ReadAction\",\"target\":[\"https:\\\/\\\/rialia.eus\\\/museo\\\/exposicion-permanente\\\/portugalete\\\/literatura\\\/margen-izquierda-de-la-ria-blas-de-otero-1963\\\/\"]}]},{\"@type\":\"ImageObject\",\"inLanguage\":\"en-US\",\"@id\":\"https:\\\/\\\/rialia.eus\\\/museo\\\/exposicion-permanente\\\/portugalete\\\/literatura\\\/margen-izquierda-de-la-ria-blas-de-otero-1963\\\/#primaryimage\",\"url\":\"https:\\\/\\\/rialia.eus\\\/wp-content\\\/uploads\\\/Margen-izquierda-de-la-ria-Blas-de-Otero.-1963-1.jpg\",\"contentUrl\":\"https:\\\/\\\/rialia.eus\\\/wp-content\\\/uploads\\\/Margen-izquierda-de-la-ria-Blas-de-Otero.-1963-1.jpg\"},{\"@type\":\"BreadcrumbList\",\"@id\":\"https:\\\/\\\/rialia.eus\\\/museo\\\/exposicion-permanente\\\/portugalete\\\/literatura\\\/margen-izquierda-de-la-ria-blas-de-otero-1963\\\/#breadcrumb\",\"itemListElement\":[{\"@type\":\"ListItem\",\"position\":1,\"name\":\"Portada\",\"item\":\"https:\\\/\\\/rialia.eus\\\/en\\\/\"},{\"@type\":\"ListItem\",\"position\":2,\"name\":\"Museum\",\"item\":\"https:\\\/\\\/rialia.eus\\\/en\\\/museum\\\/\"},{\"@type\":\"ListItem\",\"position\":3,\"name\":\"Permanent exhibition\",\"item\":\"https:\\\/\\\/rialia.eus\\\/en\\\/museum\\\/permanent-exhibition\\\/\"},{\"@type\":\"ListItem\",\"position\":4,\"name\":\"Portugalete\",\"item\":\"https:\\\/\\\/rialia.eus\\\/en\\\/museum\\\/permanent-exhibition\\\/portugalete\\\/\"},{\"@type\":\"ListItem\",\"position\":5,\"name\":\"LITERATURE\",\"item\":\"https:\\\/\\\/rialia.eus\\\/museo\\\/exposicion-permanente\\\/portugalete\\\/literatura\\\/\"},{\"@type\":\"ListItem\",\"position\":6,\"name\":\"Margen izquierda de la r\u00eda, Blas de Otero. 1963\"}]},{\"@type\":\"WebSite\",\"@id\":\"https:\\\/\\\/rialia.eus\\\/#website\",\"url\":\"https:\\\/\\\/rialia.eus\\\/\",\"name\":\"Rialia\",\"description\":\"Industria Museoa \u2013 Museo de la Industria\",\"potentialAction\":[{\"@type\":\"SearchAction\",\"target\":{\"@type\":\"EntryPoint\",\"urlTemplate\":\"https:\\\/\\\/rialia.eus\\\/?s={search_term_string}\"},\"query-input\":{\"@type\":\"PropertyValueSpecification\",\"valueRequired\":true,\"valueName\":\"search_term_string\"}}],\"inLanguage\":\"en-US\"}]}<\/script>\n<!-- \/ Yoast SEO plugin. -->","yoast_head_json":{"title":"Margen izquierda de la r\u00eda, Blas de Otero. 1963 - Rialia","robots":{"index":"index","follow":"follow","max-snippet":"max-snippet:-1","max-image-preview":"max-image-preview:large","max-video-preview":"max-video-preview:-1"},"canonical":"https:\/\/rialia.eus\/museo\/exposicion-permanente\/portugalete\/literatura\/margen-izquierda-de-la-ria-blas-de-otero-1963\/","og_locale":"en_US","og_type":"article","og_title":"Margen izquierda de la r\u00eda, Blas de Otero. 1963 - Rialia","og_description":"Margen izquierda de la r\u00eda, Blas de Otero. 1963 Pues bien, lo que m\u00e1s amo es Sestao. La plaza amplia como la palma de un ajustador. \u00c1rboles como aprendices de torneros. Sosegada y, a un tiempo, amenazante. Amo Sestao de abajo arriba, entrando desde la estaci\u00f3n, ascendiendo la recta cuesta de la recia calle. Miro [&hellip;]","og_url":"https:\/\/rialia.eus\/museo\/exposicion-permanente\/portugalete\/literatura\/margen-izquierda-de-la-ria-blas-de-otero-1963\/","og_site_name":"Rialia","og_image":[{"url":"https:\/\/rialia.eus\/wp-content\/uploads\/Margen-izquierda-de-la-ria-Blas-de-Otero.-1963-1.jpg","type":"","width":"","height":""}],"twitter_card":"summary_large_image","twitter_misc":{"Est. reading time":"2 minutes"},"schema":{"@context":"https:\/\/schema.org","@graph":[{"@type":"WebPage","@id":"https:\/\/rialia.eus\/museo\/exposicion-permanente\/portugalete\/literatura\/margen-izquierda-de-la-ria-blas-de-otero-1963\/","url":"https:\/\/rialia.eus\/museo\/exposicion-permanente\/portugalete\/literatura\/margen-izquierda-de-la-ria-blas-de-otero-1963\/","name":"Margen izquierda de la r\u00eda, Blas de Otero. 1963 - Rialia","isPartOf":{"@id":"https:\/\/rialia.eus\/#website"},"primaryImageOfPage":{"@id":"https:\/\/rialia.eus\/museo\/exposicion-permanente\/portugalete\/literatura\/margen-izquierda-de-la-ria-blas-de-otero-1963\/#primaryimage"},"image":{"@id":"https:\/\/rialia.eus\/museo\/exposicion-permanente\/portugalete\/literatura\/margen-izquierda-de-la-ria-blas-de-otero-1963\/#primaryimage"},"thumbnailUrl":"https:\/\/rialia.eus\/wp-content\/uploads\/Margen-izquierda-de-la-ria-Blas-de-Otero.-1963-1.jpg","datePublished":"2024-12-04T09:32:13+00:00","breadcrumb":{"@id":"https:\/\/rialia.eus\/museo\/exposicion-permanente\/portugalete\/literatura\/margen-izquierda-de-la-ria-blas-de-otero-1963\/#breadcrumb"},"inLanguage":"en-US","potentialAction":[{"@type":"ReadAction","target":["https:\/\/rialia.eus\/museo\/exposicion-permanente\/portugalete\/literatura\/margen-izquierda-de-la-ria-blas-de-otero-1963\/"]}]},{"@type":"ImageObject","inLanguage":"en-US","@id":"https:\/\/rialia.eus\/museo\/exposicion-permanente\/portugalete\/literatura\/margen-izquierda-de-la-ria-blas-de-otero-1963\/#primaryimage","url":"https:\/\/rialia.eus\/wp-content\/uploads\/Margen-izquierda-de-la-ria-Blas-de-Otero.-1963-1.jpg","contentUrl":"https:\/\/rialia.eus\/wp-content\/uploads\/Margen-izquierda-de-la-ria-Blas-de-Otero.-1963-1.jpg"},{"@type":"BreadcrumbList","@id":"https:\/\/rialia.eus\/museo\/exposicion-permanente\/portugalete\/literatura\/margen-izquierda-de-la-ria-blas-de-otero-1963\/#breadcrumb","itemListElement":[{"@type":"ListItem","position":1,"name":"Portada","item":"https:\/\/rialia.eus\/en\/"},{"@type":"ListItem","position":2,"name":"Museum","item":"https:\/\/rialia.eus\/en\/museum\/"},{"@type":"ListItem","position":3,"name":"Permanent exhibition","item":"https:\/\/rialia.eus\/en\/museum\/permanent-exhibition\/"},{"@type":"ListItem","position":4,"name":"Portugalete","item":"https:\/\/rialia.eus\/en\/museum\/permanent-exhibition\/portugalete\/"},{"@type":"ListItem","position":5,"name":"LITERATURE","item":"https:\/\/rialia.eus\/museo\/exposicion-permanente\/portugalete\/literatura\/"},{"@type":"ListItem","position":6,"name":"Margen izquierda de la r\u00eda, Blas de Otero. 1963"}]},{"@type":"WebSite","@id":"https:\/\/rialia.eus\/#website","url":"https:\/\/rialia.eus\/","name":"Rialia","description":"Industria Museoa \u2013 Museo de la Industria","potentialAction":[{"@type":"SearchAction","target":{"@type":"EntryPoint","urlTemplate":"https:\/\/rialia.eus\/?s={search_term_string}"},"query-input":{"@type":"PropertyValueSpecification","valueRequired":true,"valueName":"search_term_string"}}],"inLanguage":"en-US"}]}},"_links":{"self":[{"href":"https:\/\/rialia.eus\/en\/wp-json\/wp\/v2\/pages\/3163","targetHints":{"allow":["GET"]}}],"collection":[{"href":"https:\/\/rialia.eus\/en\/wp-json\/wp\/v2\/pages"}],"about":[{"href":"https:\/\/rialia.eus\/en\/wp-json\/wp\/v2\/types\/page"}],"author":[{"embeddable":true,"href":"https:\/\/rialia.eus\/en\/wp-json\/wp\/v2\/users\/1"}],"replies":[{"embeddable":true,"href":"https:\/\/rialia.eus\/en\/wp-json\/wp\/v2\/comments?post=3163"}],"version-history":[{"count":0,"href":"https:\/\/rialia.eus\/en\/wp-json\/wp\/v2\/pages\/3163\/revisions"}],"up":[{"embeddable":true,"href":"https:\/\/rialia.eus\/en\/wp-json\/wp\/v2\/pages\/3152"}],"wp:attachment":[{"href":"https:\/\/rialia.eus\/en\/wp-json\/wp\/v2\/media?parent=3163"}],"curies":[{"name":"wp","href":"https:\/\/api.w.org\/{rel}","templated":true}]}}