 {"id":3105,"date":"2024-12-10T10:56:42","date_gmt":"2024-12-10T09:56:42","guid":{"rendered":"https:\/\/rialia.eus\/permanent-exhibition\/portugalete\/gris-perla-corazon-de-metal\/"},"modified":"2024-12-18T13:56:06","modified_gmt":"2024-12-18T12:56:06","slug":"gris-perla-corazon-de-metal","status":"publish","type":"page","link":"https:\/\/rialia.eus\/en\/museum\/permanent-exhibition\/portugalete\/the-train-of-bands\/gris-perla-corazon-de-metal\/","title":{"rendered":"Gris Perla \u2013 Coraz\u00f3n de metal"},"content":{"rendered":"<iframe loading=\"lazy\" title=\"Coraz\u00f3n De Metal\" width=\"1140\" height=\"855\" src=\"https:\/\/www.youtube.com\/embed\/JvGUdLfAQbM?feature=oembed\" frameborder=\"0\" allow=\"accelerometer; autoplay; clipboard-write; encrypted-media; gyroscope; picture-in-picture; web-share\" allowfullscreen=\"\"><\/iframe>\r\n\r\n\r\n\t\t\t\t\t\t\t\t<!-- Accordion -->\r\n\t\t\t\t\t\t\t\t<div class=\"accordion p-t-50\" id=\"accordionExample\">\r\n  <div class=\"accordion-item\">\r\n    <h2 class=\"accordion-header\">\r\n      <button class=\"accordion-button collapsed\" type=\"button\" data-bs-toggle=\"collapse\" data-bs-target=\"#collapseOne\" aria-expanded=\"false\" aria-controls=\"collapseOne\">\r\n       Lyrics\r\n      <\/button>\r\n    <\/h2>\r\n    <div id=\"collapseOne\" class=\"accordion-collapse collapse\" data-bs-parent=\"#accordionExample\">\r\n      <div class=\"accordion-body\">\r\n      <h3>CORAZ\u00d3N DE METAL<\/h3>\r\n\r\n<p>Muere Altos Hornos, despierta el Nervi\u00f3n<br>\r\nJusto en el acto final.<br>\r\nY con su traje marr\u00f3n se pone a temblar.<br>\r\nMargen Izquierda que va a ser de ti<br>\r\nSi te roban el pan.<br>\r\nTe hemos visto crecer y ahora reventar.<\/p>\r\n\r\n<p>Mientras todo avanza hacia atr\u00e1s,<br>\r\nCoraz\u00f3n de Metal, nunca te has rendido sin luchar<\/p>\r\n\r\n<p>Esto es Europa hay que competir,<br>\r\nnos lo han dicho en Madrid,<br>\r\npero ni Dios quiere hablar del verbo invertir.<\/p>\r\n\r\n<p>Nubes de paro entristecen Bilbao,<br>\r\njusto en el acto final.<br>\r\nSi ayer le vimos crecer, ahora reventar.<\/p>\r\n\r\n<p>Mientras todo avanza hacia atr\u00e1s,<br>\r\nCoraz\u00f3n de Metal, nunca te has rendido sin luchar<\/p>\r\n\r\n<p>El Norte sufre la Reconversi\u00f3n,<br>\r\ny el Hierro funde en dolor\u2026<\/p>\r\n\r\n<p>Coraz\u00f3n de Metal, nunca te has rendido sin luchar.<\/p>\r\n\r\n<p>Coraz\u00f3n de Metal, nunca te has rendido sin luchar.<\/p>\r\n\r\n<p>Coraz\u00f3n de Metal, nunca te has rendido sin luchar.<\/p>\r\n\r\n<p>Coraz\u00f3n de Metal, nunca te has rendido sin luchar.<\/p>\r\n      <\/div>\r\n    <\/div>\r\n  <\/div>\r\n \r\n \r\n<\/div>","protected":false},"excerpt":{"rendered":"<p>Lyrics CORAZ\u00d3N DE METAL Muere Altos Hornos, despierta el Nervi\u00f3n Justo en el acto final. Y con su traje marr\u00f3n se pone a temblar. Margen Izquierda que va a ser de ti Si te roban el pan. Te hemos visto crecer y ahora reventar. Mientras todo avanza hacia atr\u00e1s, Coraz\u00f3n de Metal, nunca te has [&hellip;]<\/p>\n","protected":false},"author":1,"featured_media":0,"parent":2934,"menu_order":0,"comment_status":"closed","ping_status":"closed","template":"templates\/page-interior-expo-permanente.php","meta":{"_acf_changed":false,"footnotes":""},"class_list":["post-3105","page","type-page","status-publish","hentry"],"acf":[],"yoast_head":"<!-- This site is optimized with the Yoast SEO plugin v27.3 - https:\/\/yoast.com\/product\/yoast-seo-wordpress\/ -->\n<title>Gris Perla \u2013 Coraz\u00f3n de metal - Rialia<\/title>\n<meta name=\"robots\" content=\"index, follow, max-snippet:-1, max-image-preview:large, max-video-preview:-1\" \/>\n<link rel=\"canonical\" href=\"https:\/\/rialia.eus\/museo\/exposicion-permanente\/portugalete\/musica\/gris-perla-corazon-de-metal\/\" \/>\n<meta property=\"og:locale\" content=\"en_US\" \/>\n<meta property=\"og:type\" content=\"article\" \/>\n<meta property=\"og:title\" content=\"Gris Perla \u2013 Coraz\u00f3n de metal - Rialia\" \/>\n<meta property=\"og:description\" content=\"Lyrics CORAZ\u00d3N DE METAL Muere Altos Hornos, despierta el Nervi\u00f3n Justo en el acto final. Y con su traje marr\u00f3n se pone a temblar. Margen Izquierda que va a ser de ti Si te roban el pan. Te hemos visto crecer y ahora reventar. Mientras todo avanza hacia atr\u00e1s, Coraz\u00f3n de Metal, nunca te has [&hellip;]\" \/>\n<meta property=\"og:url\" content=\"https:\/\/rialia.eus\/museo\/exposicion-permanente\/portugalete\/musica\/gris-perla-corazon-de-metal\/\" \/>\n<meta property=\"og:site_name\" content=\"Rialia\" \/>\n<meta property=\"article:modified_time\" content=\"2024-12-18T12:56:06+00:00\" \/>\n<meta name=\"twitter:card\" content=\"summary_large_image\" \/>\n<meta name=\"twitter:label1\" content=\"Est. reading time\" \/>\n\t<meta name=\"twitter:data1\" content=\"1 minute\" \/>\n<script type=\"application\/ld+json\" class=\"yoast-schema-graph\">{\"@context\":\"https:\\\/\\\/schema.org\",\"@graph\":[{\"@type\":\"WebPage\",\"@id\":\"https:\\\/\\\/rialia.eus\\\/museo\\\/exposicion-permanente\\\/portugalete\\\/musica\\\/gris-perla-corazon-de-metal\\\/\",\"url\":\"https:\\\/\\\/rialia.eus\\\/museo\\\/exposicion-permanente\\\/portugalete\\\/musica\\\/gris-perla-corazon-de-metal\\\/\",\"name\":\"Gris Perla \u2013 Coraz\u00f3n de metal - Rialia\",\"isPartOf\":{\"@id\":\"https:\\\/\\\/rialia.eus\\\/#website\"},\"datePublished\":\"2024-12-10T09:56:42+00:00\",\"dateModified\":\"2024-12-18T12:56:06+00:00\",\"breadcrumb\":{\"@id\":\"https:\\\/\\\/rialia.eus\\\/museo\\\/exposicion-permanente\\\/portugalete\\\/musica\\\/gris-perla-corazon-de-metal\\\/#breadcrumb\"},\"inLanguage\":\"en-US\",\"potentialAction\":[{\"@type\":\"ReadAction\",\"target\":[\"https:\\\/\\\/rialia.eus\\\/museo\\\/exposicion-permanente\\\/portugalete\\\/musica\\\/gris-perla-corazon-de-metal\\\/\"]}]},{\"@type\":\"BreadcrumbList\",\"@id\":\"https:\\\/\\\/rialia.eus\\\/museo\\\/exposicion-permanente\\\/portugalete\\\/musica\\\/gris-perla-corazon-de-metal\\\/#breadcrumb\",\"itemListElement\":[{\"@type\":\"ListItem\",\"position\":1,\"name\":\"Portada\",\"item\":\"https:\\\/\\\/rialia.eus\\\/en\\\/\"},{\"@type\":\"ListItem\",\"position\":2,\"name\":\"Museum\",\"item\":\"https:\\\/\\\/rialia.eus\\\/en\\\/museum\\\/\"},{\"@type\":\"ListItem\",\"position\":3,\"name\":\"Permanent exhibition\",\"item\":\"https:\\\/\\\/rialia.eus\\\/en\\\/museum\\\/permanent-exhibition\\\/\"},{\"@type\":\"ListItem\",\"position\":4,\"name\":\"Portugalete\",\"item\":\"https:\\\/\\\/rialia.eus\\\/en\\\/museum\\\/permanent-exhibition\\\/portugalete\\\/\"},{\"@type\":\"ListItem\",\"position\":5,\"name\":\"THE TRAIN OF BANDS\",\"item\":\"https:\\\/\\\/rialia.eus\\\/en\\\/museum\\\/permanent-exhibition\\\/portugalete\\\/the-train-of-bands\\\/\"},{\"@type\":\"ListItem\",\"position\":6,\"name\":\"Gris Perla \u2013 Coraz\u00f3n de metal\"}]},{\"@type\":\"WebSite\",\"@id\":\"https:\\\/\\\/rialia.eus\\\/#website\",\"url\":\"https:\\\/\\\/rialia.eus\\\/\",\"name\":\"Rialia\",\"description\":\"Industria Museoa \u2013 Museo de la Industria\",\"potentialAction\":[{\"@type\":\"SearchAction\",\"target\":{\"@type\":\"EntryPoint\",\"urlTemplate\":\"https:\\\/\\\/rialia.eus\\\/?s={search_term_string}\"},\"query-input\":{\"@type\":\"PropertyValueSpecification\",\"valueRequired\":true,\"valueName\":\"search_term_string\"}}],\"inLanguage\":\"en-US\"}]}<\/script>\n<!-- \/ Yoast SEO plugin. -->","yoast_head_json":{"title":"Gris Perla \u2013 Coraz\u00f3n de metal - Rialia","robots":{"index":"index","follow":"follow","max-snippet":"max-snippet:-1","max-image-preview":"max-image-preview:large","max-video-preview":"max-video-preview:-1"},"canonical":"https:\/\/rialia.eus\/museo\/exposicion-permanente\/portugalete\/musica\/gris-perla-corazon-de-metal\/","og_locale":"en_US","og_type":"article","og_title":"Gris Perla \u2013 Coraz\u00f3n de metal - Rialia","og_description":"Lyrics CORAZ\u00d3N DE METAL Muere Altos Hornos, despierta el Nervi\u00f3n Justo en el acto final. Y con su traje marr\u00f3n se pone a temblar. Margen Izquierda que va a ser de ti Si te roban el pan. Te hemos visto crecer y ahora reventar. Mientras todo avanza hacia atr\u00e1s, Coraz\u00f3n de Metal, nunca te has [&hellip;]","og_url":"https:\/\/rialia.eus\/museo\/exposicion-permanente\/portugalete\/musica\/gris-perla-corazon-de-metal\/","og_site_name":"Rialia","article_modified_time":"2024-12-18T12:56:06+00:00","twitter_card":"summary_large_image","twitter_misc":{"Est. reading time":"1 minute"},"schema":{"@context":"https:\/\/schema.org","@graph":[{"@type":"WebPage","@id":"https:\/\/rialia.eus\/museo\/exposicion-permanente\/portugalete\/musica\/gris-perla-corazon-de-metal\/","url":"https:\/\/rialia.eus\/museo\/exposicion-permanente\/portugalete\/musica\/gris-perla-corazon-de-metal\/","name":"Gris Perla \u2013 Coraz\u00f3n de metal - Rialia","isPartOf":{"@id":"https:\/\/rialia.eus\/#website"},"datePublished":"2024-12-10T09:56:42+00:00","dateModified":"2024-12-18T12:56:06+00:00","breadcrumb":{"@id":"https:\/\/rialia.eus\/museo\/exposicion-permanente\/portugalete\/musica\/gris-perla-corazon-de-metal\/#breadcrumb"},"inLanguage":"en-US","potentialAction":[{"@type":"ReadAction","target":["https:\/\/rialia.eus\/museo\/exposicion-permanente\/portugalete\/musica\/gris-perla-corazon-de-metal\/"]}]},{"@type":"BreadcrumbList","@id":"https:\/\/rialia.eus\/museo\/exposicion-permanente\/portugalete\/musica\/gris-perla-corazon-de-metal\/#breadcrumb","itemListElement":[{"@type":"ListItem","position":1,"name":"Portada","item":"https:\/\/rialia.eus\/en\/"},{"@type":"ListItem","position":2,"name":"Museum","item":"https:\/\/rialia.eus\/en\/museum\/"},{"@type":"ListItem","position":3,"name":"Permanent exhibition","item":"https:\/\/rialia.eus\/en\/museum\/permanent-exhibition\/"},{"@type":"ListItem","position":4,"name":"Portugalete","item":"https:\/\/rialia.eus\/en\/museum\/permanent-exhibition\/portugalete\/"},{"@type":"ListItem","position":5,"name":"THE TRAIN OF BANDS","item":"https:\/\/rialia.eus\/en\/museum\/permanent-exhibition\/portugalete\/the-train-of-bands\/"},{"@type":"ListItem","position":6,"name":"Gris Perla \u2013 Coraz\u00f3n de metal"}]},{"@type":"WebSite","@id":"https:\/\/rialia.eus\/#website","url":"https:\/\/rialia.eus\/","name":"Rialia","description":"Industria Museoa \u2013 Museo de la Industria","potentialAction":[{"@type":"SearchAction","target":{"@type":"EntryPoint","urlTemplate":"https:\/\/rialia.eus\/?s={search_term_string}"},"query-input":{"@type":"PropertyValueSpecification","valueRequired":true,"valueName":"search_term_string"}}],"inLanguage":"en-US"}]}},"_links":{"self":[{"href":"https:\/\/rialia.eus\/en\/wp-json\/wp\/v2\/pages\/3105","targetHints":{"allow":["GET"]}}],"collection":[{"href":"https:\/\/rialia.eus\/en\/wp-json\/wp\/v2\/pages"}],"about":[{"href":"https:\/\/rialia.eus\/en\/wp-json\/wp\/v2\/types\/page"}],"author":[{"embeddable":true,"href":"https:\/\/rialia.eus\/en\/wp-json\/wp\/v2\/users\/1"}],"replies":[{"embeddable":true,"href":"https:\/\/rialia.eus\/en\/wp-json\/wp\/v2\/comments?post=3105"}],"version-history":[{"count":1,"href":"https:\/\/rialia.eus\/en\/wp-json\/wp\/v2\/pages\/3105\/revisions"}],"predecessor-version":[{"id":3106,"href":"https:\/\/rialia.eus\/en\/wp-json\/wp\/v2\/pages\/3105\/revisions\/3106"}],"up":[{"embeddable":true,"href":"https:\/\/rialia.eus\/en\/wp-json\/wp\/v2\/pages\/2934"}],"wp:attachment":[{"href":"https:\/\/rialia.eus\/en\/wp-json\/wp\/v2\/media?parent=3105"}],"curies":[{"name":"wp","href":"https:\/\/api.w.org\/{rel}","templated":true}]}}