 {"id":3099,"date":"2024-12-10T10:53:10","date_gmt":"2024-12-10T09:53:10","guid":{"rendered":"https:\/\/rialia.eus\/permanent-exhibition\/portugalete\/16-valvulas-disparo-contra-disparo\/"},"modified":"2024-12-18T13:54:07","modified_gmt":"2024-12-18T12:54:07","slug":"16-valvulas-disparo-contra-disparo","status":"publish","type":"page","link":"https:\/\/rialia.eus\/en\/museum\/permanent-exhibition\/portugalete\/the-train-of-bands\/16-valvulas-disparo-contra-disparo\/","title":{"rendered":"16 V\u00e1lvulas \u2013 Disparo contra disparo"},"content":{"rendered":"<iframe loading=\"lazy\" title=\"16 V\u00c1LVULAS - Disparo Contra Disparo\" width=\"1140\" height=\"855\" src=\"https:\/\/www.youtube.com\/embed\/gL2gpqmd3DY?feature=oembed\" frameborder=\"0\" allow=\"accelerometer; autoplay; clipboard-write; encrypted-media; gyroscope; picture-in-picture; web-share\" allowfullscreen=\"\"><\/iframe>\r\n\r\n\r\n\r\n\t\t\t\t\t\t\t\t<!-- Accordion -->\r\n\t\t\t\t\t\t\t\t<div class=\"accordion p-t-50\" id=\"accordionExample\">\r\n  <div class=\"accordion-item\">\r\n    <h2 class=\"accordion-header\">\r\n      <button class=\"accordion-button collapsed\" type=\"button\" data-bs-toggle=\"collapse\" data-bs-target=\"#collapseOne\" aria-expanded=\"false\" aria-controls=\"collapseOne\">\r\n        Lyrics\r\n      <\/button>\r\n    <\/h2>\r\n    <div id=\"collapseOne\" class=\"accordion-collapse collapse\" data-bs-parent=\"#accordionExample\">\r\n      <div class=\"accordion-body\">\r\n      <h3>DISPARO CONTRA DISPARO<\/h3>\r\n<p><em>La letra de este tema est\u00e1 dedicada al fot\u00f3grafo de guerra Juantxu Rodr\u00edguez, que fue alcanzado por una bala de un norteamericano en un conflicto en Panam\u00e1, porque \u00absacaba fotos\u00bb.<\/em><\/p>\r\n\r\n<p>Empe\u00f1ado en capturar el tiempo,<br>\r\ny guardarlo en trozos de papel,<br>\r\na caballo entre el blanco y el negro,<br>\r\nhay matices que mejor no ver.<\/p>\r\n\r\n<p>Primera l\u00ednea, fuego y muerte.<br>\r\nPrimera p\u00e1gina desde el frente.<br>\r\nDisparo, contra Disparo.<br>\r\nLas balas contra tus manos.<\/p>\r\n\r\n<p>Disparo, contra Disparo.<br>\r\nEl cielo contra el asfalto.<br>\r\nNo hubo elecci\u00f3n,<br>\r\nantes que tu vida estaba tu profesi\u00f3n.<\/p>\r\n\r\n<p>Preparado y listo el objetivo,<br>\r\nun segundo de inmortalidad.<br>\r\nNo hay amigo o enemigo,<br>\r\ns\u00f3lo historias que contar.<\/p>\r\n\r\n<p>Primera l\u00ednea, fuego y muerte.<br>\r\nPrimera p\u00e1gina desde el frente.<br>\r\nDisparo, contra Disparo.<br>\r\nLas balas contra tus manos.<\/p>\r\n\r\n<p>Disparo, contra Disparo.<br>\r\nEl cielo contra el asfalto.<br>\r\nNo hubo elecci\u00f3n,<br>\r\nantes que tu vida estaba tu profesi\u00f3n.<\/p>\r\n      <\/div>\r\n    <\/div>\r\n  <\/div>\r\n \r\n \r\n<\/div>","protected":false},"excerpt":{"rendered":"<p>Lyrics DISPARO CONTRA DISPARO La letra de este tema est\u00e1 dedicada al fot\u00f3grafo de guerra Juantxu Rodr\u00edguez, que fue alcanzado por una bala de un norteamericano en un conflicto en Panam\u00e1, porque \u00absacaba fotos\u00bb. Empe\u00f1ado en capturar el tiempo, y guardarlo en trozos de papel, a caballo entre el blanco y el negro, hay matices [&hellip;]<\/p>\n","protected":false},"author":1,"featured_media":0,"parent":2934,"menu_order":0,"comment_status":"closed","ping_status":"closed","template":"templates\/page-interior-expo-permanente.php","meta":{"_acf_changed":false,"footnotes":""},"class_list":["post-3099","page","type-page","status-publish","hentry"],"acf":[],"yoast_head":"<!-- This site is optimized with the Yoast SEO plugin v27.3 - https:\/\/yoast.com\/product\/yoast-seo-wordpress\/ -->\n<title>16 V\u00e1lvulas \u2013 Disparo contra disparo - Rialia<\/title>\n<meta name=\"robots\" content=\"index, follow, max-snippet:-1, max-image-preview:large, max-video-preview:-1\" \/>\n<link rel=\"canonical\" href=\"https:\/\/rialia.eus\/museo\/exposicion-permanente\/portugalete\/musica\/16-valvulas-disparo-contra-disparo\/\" \/>\n<meta property=\"og:locale\" content=\"en_US\" \/>\n<meta property=\"og:type\" content=\"article\" \/>\n<meta property=\"og:title\" content=\"16 V\u00e1lvulas \u2013 Disparo contra disparo - Rialia\" \/>\n<meta property=\"og:description\" content=\"Lyrics DISPARO CONTRA DISPARO La letra de este tema est\u00e1 dedicada al fot\u00f3grafo de guerra Juantxu Rodr\u00edguez, que fue alcanzado por una bala de un norteamericano en un conflicto en Panam\u00e1, porque \u00absacaba fotos\u00bb. Empe\u00f1ado en capturar el tiempo, y guardarlo en trozos de papel, a caballo entre el blanco y el negro, hay matices [&hellip;]\" \/>\n<meta property=\"og:url\" content=\"https:\/\/rialia.eus\/museo\/exposicion-permanente\/portugalete\/musica\/16-valvulas-disparo-contra-disparo\/\" \/>\n<meta property=\"og:site_name\" content=\"Rialia\" \/>\n<meta property=\"article:modified_time\" content=\"2024-12-18T12:54:07+00:00\" \/>\n<meta name=\"twitter:card\" content=\"summary_large_image\" \/>\n<meta name=\"twitter:label1\" content=\"Est. reading time\" \/>\n\t<meta name=\"twitter:data1\" content=\"1 minute\" \/>\n<script type=\"application\/ld+json\" class=\"yoast-schema-graph\">{\"@context\":\"https:\\\/\\\/schema.org\",\"@graph\":[{\"@type\":\"WebPage\",\"@id\":\"https:\\\/\\\/rialia.eus\\\/museo\\\/exposicion-permanente\\\/portugalete\\\/musica\\\/16-valvulas-disparo-contra-disparo\\\/\",\"url\":\"https:\\\/\\\/rialia.eus\\\/museo\\\/exposicion-permanente\\\/portugalete\\\/musica\\\/16-valvulas-disparo-contra-disparo\\\/\",\"name\":\"16 V\u00e1lvulas \u2013 Disparo contra disparo - Rialia\",\"isPartOf\":{\"@id\":\"https:\\\/\\\/rialia.eus\\\/#website\"},\"datePublished\":\"2024-12-10T09:53:10+00:00\",\"dateModified\":\"2024-12-18T12:54:07+00:00\",\"breadcrumb\":{\"@id\":\"https:\\\/\\\/rialia.eus\\\/museo\\\/exposicion-permanente\\\/portugalete\\\/musica\\\/16-valvulas-disparo-contra-disparo\\\/#breadcrumb\"},\"inLanguage\":\"en-US\",\"potentialAction\":[{\"@type\":\"ReadAction\",\"target\":[\"https:\\\/\\\/rialia.eus\\\/museo\\\/exposicion-permanente\\\/portugalete\\\/musica\\\/16-valvulas-disparo-contra-disparo\\\/\"]}]},{\"@type\":\"BreadcrumbList\",\"@id\":\"https:\\\/\\\/rialia.eus\\\/museo\\\/exposicion-permanente\\\/portugalete\\\/musica\\\/16-valvulas-disparo-contra-disparo\\\/#breadcrumb\",\"itemListElement\":[{\"@type\":\"ListItem\",\"position\":1,\"name\":\"Portada\",\"item\":\"https:\\\/\\\/rialia.eus\\\/en\\\/\"},{\"@type\":\"ListItem\",\"position\":2,\"name\":\"Museum\",\"item\":\"https:\\\/\\\/rialia.eus\\\/en\\\/museum\\\/\"},{\"@type\":\"ListItem\",\"position\":3,\"name\":\"Permanent exhibition\",\"item\":\"https:\\\/\\\/rialia.eus\\\/en\\\/museum\\\/permanent-exhibition\\\/\"},{\"@type\":\"ListItem\",\"position\":4,\"name\":\"Portugalete\",\"item\":\"https:\\\/\\\/rialia.eus\\\/en\\\/museum\\\/permanent-exhibition\\\/portugalete\\\/\"},{\"@type\":\"ListItem\",\"position\":5,\"name\":\"THE TRAIN OF BANDS\",\"item\":\"https:\\\/\\\/rialia.eus\\\/en\\\/museum\\\/permanent-exhibition\\\/portugalete\\\/the-train-of-bands\\\/\"},{\"@type\":\"ListItem\",\"position\":6,\"name\":\"16 V\u00e1lvulas \u2013 Disparo contra disparo\"}]},{\"@type\":\"WebSite\",\"@id\":\"https:\\\/\\\/rialia.eus\\\/#website\",\"url\":\"https:\\\/\\\/rialia.eus\\\/\",\"name\":\"Rialia\",\"description\":\"Industria Museoa \u2013 Museo de la Industria\",\"potentialAction\":[{\"@type\":\"SearchAction\",\"target\":{\"@type\":\"EntryPoint\",\"urlTemplate\":\"https:\\\/\\\/rialia.eus\\\/?s={search_term_string}\"},\"query-input\":{\"@type\":\"PropertyValueSpecification\",\"valueRequired\":true,\"valueName\":\"search_term_string\"}}],\"inLanguage\":\"en-US\"}]}<\/script>\n<!-- \/ Yoast SEO plugin. -->","yoast_head_json":{"title":"16 V\u00e1lvulas \u2013 Disparo contra disparo - Rialia","robots":{"index":"index","follow":"follow","max-snippet":"max-snippet:-1","max-image-preview":"max-image-preview:large","max-video-preview":"max-video-preview:-1"},"canonical":"https:\/\/rialia.eus\/museo\/exposicion-permanente\/portugalete\/musica\/16-valvulas-disparo-contra-disparo\/","og_locale":"en_US","og_type":"article","og_title":"16 V\u00e1lvulas \u2013 Disparo contra disparo - Rialia","og_description":"Lyrics DISPARO CONTRA DISPARO La letra de este tema est\u00e1 dedicada al fot\u00f3grafo de guerra Juantxu Rodr\u00edguez, que fue alcanzado por una bala de un norteamericano en un conflicto en Panam\u00e1, porque \u00absacaba fotos\u00bb. Empe\u00f1ado en capturar el tiempo, y guardarlo en trozos de papel, a caballo entre el blanco y el negro, hay matices [&hellip;]","og_url":"https:\/\/rialia.eus\/museo\/exposicion-permanente\/portugalete\/musica\/16-valvulas-disparo-contra-disparo\/","og_site_name":"Rialia","article_modified_time":"2024-12-18T12:54:07+00:00","twitter_card":"summary_large_image","twitter_misc":{"Est. reading time":"1 minute"},"schema":{"@context":"https:\/\/schema.org","@graph":[{"@type":"WebPage","@id":"https:\/\/rialia.eus\/museo\/exposicion-permanente\/portugalete\/musica\/16-valvulas-disparo-contra-disparo\/","url":"https:\/\/rialia.eus\/museo\/exposicion-permanente\/portugalete\/musica\/16-valvulas-disparo-contra-disparo\/","name":"16 V\u00e1lvulas \u2013 Disparo contra disparo - Rialia","isPartOf":{"@id":"https:\/\/rialia.eus\/#website"},"datePublished":"2024-12-10T09:53:10+00:00","dateModified":"2024-12-18T12:54:07+00:00","breadcrumb":{"@id":"https:\/\/rialia.eus\/museo\/exposicion-permanente\/portugalete\/musica\/16-valvulas-disparo-contra-disparo\/#breadcrumb"},"inLanguage":"en-US","potentialAction":[{"@type":"ReadAction","target":["https:\/\/rialia.eus\/museo\/exposicion-permanente\/portugalete\/musica\/16-valvulas-disparo-contra-disparo\/"]}]},{"@type":"BreadcrumbList","@id":"https:\/\/rialia.eus\/museo\/exposicion-permanente\/portugalete\/musica\/16-valvulas-disparo-contra-disparo\/#breadcrumb","itemListElement":[{"@type":"ListItem","position":1,"name":"Portada","item":"https:\/\/rialia.eus\/en\/"},{"@type":"ListItem","position":2,"name":"Museum","item":"https:\/\/rialia.eus\/en\/museum\/"},{"@type":"ListItem","position":3,"name":"Permanent exhibition","item":"https:\/\/rialia.eus\/en\/museum\/permanent-exhibition\/"},{"@type":"ListItem","position":4,"name":"Portugalete","item":"https:\/\/rialia.eus\/en\/museum\/permanent-exhibition\/portugalete\/"},{"@type":"ListItem","position":5,"name":"THE TRAIN OF BANDS","item":"https:\/\/rialia.eus\/en\/museum\/permanent-exhibition\/portugalete\/the-train-of-bands\/"},{"@type":"ListItem","position":6,"name":"16 V\u00e1lvulas \u2013 Disparo contra disparo"}]},{"@type":"WebSite","@id":"https:\/\/rialia.eus\/#website","url":"https:\/\/rialia.eus\/","name":"Rialia","description":"Industria Museoa \u2013 Museo de la Industria","potentialAction":[{"@type":"SearchAction","target":{"@type":"EntryPoint","urlTemplate":"https:\/\/rialia.eus\/?s={search_term_string}"},"query-input":{"@type":"PropertyValueSpecification","valueRequired":true,"valueName":"search_term_string"}}],"inLanguage":"en-US"}]}},"_links":{"self":[{"href":"https:\/\/rialia.eus\/en\/wp-json\/wp\/v2\/pages\/3099","targetHints":{"allow":["GET"]}}],"collection":[{"href":"https:\/\/rialia.eus\/en\/wp-json\/wp\/v2\/pages"}],"about":[{"href":"https:\/\/rialia.eus\/en\/wp-json\/wp\/v2\/types\/page"}],"author":[{"embeddable":true,"href":"https:\/\/rialia.eus\/en\/wp-json\/wp\/v2\/users\/1"}],"replies":[{"embeddable":true,"href":"https:\/\/rialia.eus\/en\/wp-json\/wp\/v2\/comments?post=3099"}],"version-history":[{"count":1,"href":"https:\/\/rialia.eus\/en\/wp-json\/wp\/v2\/pages\/3099\/revisions"}],"predecessor-version":[{"id":3100,"href":"https:\/\/rialia.eus\/en\/wp-json\/wp\/v2\/pages\/3099\/revisions\/3100"}],"up":[{"embeddable":true,"href":"https:\/\/rialia.eus\/en\/wp-json\/wp\/v2\/pages\/2934"}],"wp:attachment":[{"href":"https:\/\/rialia.eus\/en\/wp-json\/wp\/v2\/media?parent=3099"}],"curies":[{"name":"wp","href":"https:\/\/api.w.org\/{rel}","templated":true}]}}