 {"id":3063,"date":"2024-12-10T10:39:25","date_gmt":"2024-12-10T09:39:25","guid":{"rendered":"https:\/\/rialia.eus\/portugalete\/16-valvulas-el-rock-del-obrero\/"},"modified":"2024-12-18T13:25:51","modified_gmt":"2024-12-18T12:25:51","slug":"16-valvulas-el-rock-del-obrero","status":"publish","type":"page","link":"https:\/\/rialia.eus\/en\/museum\/permanent-exhibition\/portugalete\/the-train-of-bands\/16-valvulas-el-rock-del-obrero\/","title":{"rendered":"16 V\u00e1lvulas \u2013 El rock del obrero"},"content":{"rendered":"<iframe loading=\"lazy\" title=\"16 V\u00c1LVULAS - Rock Del Obrero\" width=\"1140\" height=\"855\" src=\"https:\/\/www.youtube.com\/embed\/2k-JTfjJ4AA?feature=oembed\" frameborder=\"0\" allow=\"accelerometer; autoplay; clipboard-write; encrypted-media; gyroscope; picture-in-picture; web-share\" allowfullscreen=\"\"><\/iframe>\r\n\r\n\r\n\r\n\t\t\t\t\t\t\t\t<!-- Accordion -->\r\n\t\t\t\t\t\t\t\t<div class=\"accordion p-t-50\" id=\"accordionExample\">\r\n  <div class=\"accordion-item\">\r\n    <h2 class=\"accordion-header\">\r\n      <button class=\"accordion-button collapsed\" type=\"button\" data-bs-toggle=\"collapse\" data-bs-target=\"#collapseOne\" aria-expanded=\"false\" aria-controls=\"collapseOne\">\r\n        Lyrics\r\n      <\/button>\r\n    <\/h2>\r\n    <div id=\"collapseOne\" class=\"accordion-collapse collapse\" data-bs-parent=\"#accordionExample\">\r\n      <div class=\"accordion-body\">\r\n      <h3>EL ROCK DEL OBRERO<\/h3>\r\n\r\n<p>Siento que mis pies se mueven sin parar<br>\r\nal ritmo de la hormigonera,<br>\r\nmientras sigo su comp\u00e1s,<br>\r\nvoy echando arena.<\/p>\r\n\r\n<p>Con la carretilla tengo que llevar unos tubos y un tabl\u00f3n.<br>\r\nY no paro de silbar el rock de la prisi\u00f3n.<br>\r\n\u00a1\u00a1Uh, sudor y cerveza!!<br>\r\n\u00a1\u00a1Na,na\u2026 Hormig\u00f3n y pobreza!!<\/p>\r\n\r\n<p>Soy un obrero, trabajo de pe\u00f3n en lo que puedo,<br>\r\nme gusta tanto que bailo rock and roll en el andamio.<\/p>\r\n\r\n<p>Soy un obrero, las zapatillas llenas de cemento.<br>\r\nEsto es lo m\u00edo: la pala, el rock and roll y los ladrillos.<\/p>\r\n\r\n<p>Antes de las diez me acerco por el bar, el bocata ya me espera.<br>\r\nHay que ver que buena est\u00e1 la camarera.<br>\r\nLlega ya la hora, vamos a empezar.<br>\r\nEsta vida me apasiona.<br>\r\nHoy me dejar\u00e1n llevar una excavadora.<\/p>\r\n\r\n<p>\u00a1\u00a1Uh, sudor y cerveza!!<br>\r\n\u00a1\u00a1Na,na\u2026 Hormig\u00f3n y pobreza!!<\/p>\r\n\r\n<p>Soy un obrero, trabajo de pe\u00f3n en lo que puedo,<br>\r\nme gusta tanto que bailo rock and roll en el andamio.<\/p>\r\n\r\n<p>Soy un obrero, las zapatillas llenas de cemento.<br>\r\nEsto es lo m\u00edo, la pala, el rock and roll y los ladrillos.<\/p>\r\n      <\/div>\r\n    <\/div>\r\n  <\/div>\r\n \r\n \r\n<\/div>","protected":false},"excerpt":{"rendered":"<p>Lyrics EL ROCK DEL OBRERO Siento que mis pies se mueven sin parar al ritmo de la hormigonera, mientras sigo su comp\u00e1s, voy echando arena. Con la carretilla tengo que llevar unos tubos y un tabl\u00f3n. Y no paro de silbar el rock de la prisi\u00f3n. \u00a1\u00a1Uh, sudor y cerveza!! \u00a1\u00a1Na,na\u2026 Hormig\u00f3n y pobreza!! Soy [&hellip;]<\/p>\n","protected":false},"author":1,"featured_media":0,"parent":2934,"menu_order":0,"comment_status":"closed","ping_status":"closed","template":"templates\/page-interior-expo-permanente.php","meta":{"_acf_changed":false,"footnotes":""},"class_list":["post-3063","page","type-page","status-publish","hentry"],"acf":[],"yoast_head":"<!-- This site is optimized with the Yoast SEO plugin v27.3 - https:\/\/yoast.com\/product\/yoast-seo-wordpress\/ -->\n<title>16 V\u00e1lvulas \u2013 El rock del obrero - Rialia<\/title>\n<meta name=\"robots\" content=\"index, follow, max-snippet:-1, max-image-preview:large, max-video-preview:-1\" \/>\n<link rel=\"canonical\" href=\"https:\/\/rialia.eus\/museo\/exposicion-permanente\/portugalete\/musica\/16-valvulas-el-rock-del-obrero\/\" \/>\n<meta property=\"og:locale\" content=\"en_US\" \/>\n<meta property=\"og:type\" content=\"article\" \/>\n<meta property=\"og:title\" content=\"16 V\u00e1lvulas \u2013 El rock del obrero - Rialia\" \/>\n<meta property=\"og:description\" content=\"Lyrics EL ROCK DEL OBRERO Siento que mis pies se mueven sin parar al ritmo de la hormigonera, mientras sigo su comp\u00e1s, voy echando arena. Con la carretilla tengo que llevar unos tubos y un tabl\u00f3n. Y no paro de silbar el rock de la prisi\u00f3n. \u00a1\u00a1Uh, sudor y cerveza!! \u00a1\u00a1Na,na\u2026 Hormig\u00f3n y pobreza!! Soy [&hellip;]\" \/>\n<meta property=\"og:url\" content=\"https:\/\/rialia.eus\/museo\/exposicion-permanente\/portugalete\/musica\/16-valvulas-el-rock-del-obrero\/\" \/>\n<meta property=\"og:site_name\" content=\"Rialia\" \/>\n<meta property=\"article:modified_time\" content=\"2024-12-18T12:25:51+00:00\" \/>\n<meta name=\"twitter:card\" content=\"summary_large_image\" \/>\n<meta name=\"twitter:label1\" content=\"Est. reading time\" \/>\n\t<meta name=\"twitter:data1\" content=\"1 minute\" \/>\n<script type=\"application\/ld+json\" class=\"yoast-schema-graph\">{\"@context\":\"https:\\\/\\\/schema.org\",\"@graph\":[{\"@type\":\"WebPage\",\"@id\":\"https:\\\/\\\/rialia.eus\\\/museo\\\/exposicion-permanente\\\/portugalete\\\/musica\\\/16-valvulas-el-rock-del-obrero\\\/\",\"url\":\"https:\\\/\\\/rialia.eus\\\/museo\\\/exposicion-permanente\\\/portugalete\\\/musica\\\/16-valvulas-el-rock-del-obrero\\\/\",\"name\":\"16 V\u00e1lvulas \u2013 El rock del obrero - Rialia\",\"isPartOf\":{\"@id\":\"https:\\\/\\\/rialia.eus\\\/#website\"},\"datePublished\":\"2024-12-10T09:39:25+00:00\",\"dateModified\":\"2024-12-18T12:25:51+00:00\",\"breadcrumb\":{\"@id\":\"https:\\\/\\\/rialia.eus\\\/museo\\\/exposicion-permanente\\\/portugalete\\\/musica\\\/16-valvulas-el-rock-del-obrero\\\/#breadcrumb\"},\"inLanguage\":\"en-US\",\"potentialAction\":[{\"@type\":\"ReadAction\",\"target\":[\"https:\\\/\\\/rialia.eus\\\/museo\\\/exposicion-permanente\\\/portugalete\\\/musica\\\/16-valvulas-el-rock-del-obrero\\\/\"]}]},{\"@type\":\"BreadcrumbList\",\"@id\":\"https:\\\/\\\/rialia.eus\\\/museo\\\/exposicion-permanente\\\/portugalete\\\/musica\\\/16-valvulas-el-rock-del-obrero\\\/#breadcrumb\",\"itemListElement\":[{\"@type\":\"ListItem\",\"position\":1,\"name\":\"Portada\",\"item\":\"https:\\\/\\\/rialia.eus\\\/en\\\/\"},{\"@type\":\"ListItem\",\"position\":2,\"name\":\"Museum\",\"item\":\"https:\\\/\\\/rialia.eus\\\/en\\\/museum\\\/\"},{\"@type\":\"ListItem\",\"position\":3,\"name\":\"Permanent exhibition\",\"item\":\"https:\\\/\\\/rialia.eus\\\/en\\\/museum\\\/permanent-exhibition\\\/\"},{\"@type\":\"ListItem\",\"position\":4,\"name\":\"Portugalete\",\"item\":\"https:\\\/\\\/rialia.eus\\\/en\\\/museum\\\/permanent-exhibition\\\/portugalete\\\/\"},{\"@type\":\"ListItem\",\"position\":5,\"name\":\"THE TRAIN OF BANDS\",\"item\":\"https:\\\/\\\/rialia.eus\\\/en\\\/museum\\\/permanent-exhibition\\\/portugalete\\\/the-train-of-bands\\\/\"},{\"@type\":\"ListItem\",\"position\":6,\"name\":\"16 V\u00e1lvulas \u2013 El rock del obrero\"}]},{\"@type\":\"WebSite\",\"@id\":\"https:\\\/\\\/rialia.eus\\\/#website\",\"url\":\"https:\\\/\\\/rialia.eus\\\/\",\"name\":\"Rialia\",\"description\":\"Industria Museoa \u2013 Museo de la Industria\",\"potentialAction\":[{\"@type\":\"SearchAction\",\"target\":{\"@type\":\"EntryPoint\",\"urlTemplate\":\"https:\\\/\\\/rialia.eus\\\/?s={search_term_string}\"},\"query-input\":{\"@type\":\"PropertyValueSpecification\",\"valueRequired\":true,\"valueName\":\"search_term_string\"}}],\"inLanguage\":\"en-US\"}]}<\/script>\n<!-- \/ Yoast SEO plugin. -->","yoast_head_json":{"title":"16 V\u00e1lvulas \u2013 El rock del obrero - Rialia","robots":{"index":"index","follow":"follow","max-snippet":"max-snippet:-1","max-image-preview":"max-image-preview:large","max-video-preview":"max-video-preview:-1"},"canonical":"https:\/\/rialia.eus\/museo\/exposicion-permanente\/portugalete\/musica\/16-valvulas-el-rock-del-obrero\/","og_locale":"en_US","og_type":"article","og_title":"16 V\u00e1lvulas \u2013 El rock del obrero - Rialia","og_description":"Lyrics EL ROCK DEL OBRERO Siento que mis pies se mueven sin parar al ritmo de la hormigonera, mientras sigo su comp\u00e1s, voy echando arena. Con la carretilla tengo que llevar unos tubos y un tabl\u00f3n. Y no paro de silbar el rock de la prisi\u00f3n. \u00a1\u00a1Uh, sudor y cerveza!! \u00a1\u00a1Na,na\u2026 Hormig\u00f3n y pobreza!! Soy [&hellip;]","og_url":"https:\/\/rialia.eus\/museo\/exposicion-permanente\/portugalete\/musica\/16-valvulas-el-rock-del-obrero\/","og_site_name":"Rialia","article_modified_time":"2024-12-18T12:25:51+00:00","twitter_card":"summary_large_image","twitter_misc":{"Est. reading time":"1 minute"},"schema":{"@context":"https:\/\/schema.org","@graph":[{"@type":"WebPage","@id":"https:\/\/rialia.eus\/museo\/exposicion-permanente\/portugalete\/musica\/16-valvulas-el-rock-del-obrero\/","url":"https:\/\/rialia.eus\/museo\/exposicion-permanente\/portugalete\/musica\/16-valvulas-el-rock-del-obrero\/","name":"16 V\u00e1lvulas \u2013 El rock del obrero - Rialia","isPartOf":{"@id":"https:\/\/rialia.eus\/#website"},"datePublished":"2024-12-10T09:39:25+00:00","dateModified":"2024-12-18T12:25:51+00:00","breadcrumb":{"@id":"https:\/\/rialia.eus\/museo\/exposicion-permanente\/portugalete\/musica\/16-valvulas-el-rock-del-obrero\/#breadcrumb"},"inLanguage":"en-US","potentialAction":[{"@type":"ReadAction","target":["https:\/\/rialia.eus\/museo\/exposicion-permanente\/portugalete\/musica\/16-valvulas-el-rock-del-obrero\/"]}]},{"@type":"BreadcrumbList","@id":"https:\/\/rialia.eus\/museo\/exposicion-permanente\/portugalete\/musica\/16-valvulas-el-rock-del-obrero\/#breadcrumb","itemListElement":[{"@type":"ListItem","position":1,"name":"Portada","item":"https:\/\/rialia.eus\/en\/"},{"@type":"ListItem","position":2,"name":"Museum","item":"https:\/\/rialia.eus\/en\/museum\/"},{"@type":"ListItem","position":3,"name":"Permanent exhibition","item":"https:\/\/rialia.eus\/en\/museum\/permanent-exhibition\/"},{"@type":"ListItem","position":4,"name":"Portugalete","item":"https:\/\/rialia.eus\/en\/museum\/permanent-exhibition\/portugalete\/"},{"@type":"ListItem","position":5,"name":"THE TRAIN OF BANDS","item":"https:\/\/rialia.eus\/en\/museum\/permanent-exhibition\/portugalete\/the-train-of-bands\/"},{"@type":"ListItem","position":6,"name":"16 V\u00e1lvulas \u2013 El rock del obrero"}]},{"@type":"WebSite","@id":"https:\/\/rialia.eus\/#website","url":"https:\/\/rialia.eus\/","name":"Rialia","description":"Industria Museoa \u2013 Museo de la Industria","potentialAction":[{"@type":"SearchAction","target":{"@type":"EntryPoint","urlTemplate":"https:\/\/rialia.eus\/?s={search_term_string}"},"query-input":{"@type":"PropertyValueSpecification","valueRequired":true,"valueName":"search_term_string"}}],"inLanguage":"en-US"}]}},"_links":{"self":[{"href":"https:\/\/rialia.eus\/en\/wp-json\/wp\/v2\/pages\/3063","targetHints":{"allow":["GET"]}}],"collection":[{"href":"https:\/\/rialia.eus\/en\/wp-json\/wp\/v2\/pages"}],"about":[{"href":"https:\/\/rialia.eus\/en\/wp-json\/wp\/v2\/types\/page"}],"author":[{"embeddable":true,"href":"https:\/\/rialia.eus\/en\/wp-json\/wp\/v2\/users\/1"}],"replies":[{"embeddable":true,"href":"https:\/\/rialia.eus\/en\/wp-json\/wp\/v2\/comments?post=3063"}],"version-history":[{"count":1,"href":"https:\/\/rialia.eus\/en\/wp-json\/wp\/v2\/pages\/3063\/revisions"}],"predecessor-version":[{"id":3064,"href":"https:\/\/rialia.eus\/en\/wp-json\/wp\/v2\/pages\/3063\/revisions\/3064"}],"up":[{"embeddable":true,"href":"https:\/\/rialia.eus\/en\/wp-json\/wp\/v2\/pages\/2934"}],"wp:attachment":[{"href":"https:\/\/rialia.eus\/en\/wp-json\/wp\/v2\/media?parent=3063"}],"curies":[{"name":"wp","href":"https:\/\/api.w.org\/{rel}","templated":true}]}}