 {"id":2980,"date":"2024-12-10T10:01:29","date_gmt":"2024-12-10T09:01:29","guid":{"rendered":"https:\/\/rialia.eus\/portugalete\/eskorbuto-ratas-de-bizkaia\/"},"modified":"2024-12-18T12:43:40","modified_gmt":"2024-12-18T11:43:40","slug":"eskorbuto-ratas-de-bizkaia","status":"publish","type":"page","link":"https:\/\/rialia.eus\/en\/museum\/permanent-exhibition\/portugalete\/the-train-of-bands\/eskorbuto-ratas-de-bizkaia\/","title":{"rendered":"Eskorbuto \u2013 Ratas de Bizkaia"},"content":{"rendered":"<iframe loading=\"lazy\" title=\"Ratas en Bizkaia\" width=\"1140\" height=\"855\" src=\"https:\/\/www.youtube.com\/embed\/3XnQ1BBXpMQ?feature=oembed\" frameborder=\"0\" allow=\"accelerometer; autoplay; clipboard-write; encrypted-media; gyroscope; picture-in-picture; web-share\" allowfullscreen=\"\"><\/iframe>\r\n\r\n\r\n\r\n\t\t\t\t\t\t\t\t<!-- Accordion -->\r\n\t\t\t\t\t\t\t\t<div class=\"accordion p-t-50\" id=\"accordionExample\">\r\n  <div class=\"accordion-item\">\r\n    <h2 class=\"accordion-header\">\r\n      <button class=\"accordion-button collapsed\" type=\"button\" data-bs-toggle=\"collapse\" data-bs-target=\"#collapseOne\" aria-expanded=\"false\" aria-controls=\"collapseOne\">\r\n        Lyrics\r\n      <\/button>\r\n    <\/h2>\r\n    <div id=\"collapseOne\" class=\"accordion-collapse collapse\" data-bs-parent=\"#accordionExample\">\r\n      <div class=\"accordion-body\">\r\n      <h3>RATAS DE BIZKAIA<\/h3>\r\n\r\n<p>Desde Santurce a Bilbao.<br>\r\nvengo por toda la orilla.<\/p>\r\n\r\n<p>Mirar\u00e1s al cielo y ver\u00e1s,<br>\r\nuna gran nube sucia.<br>\r\nNo lo pienses, no lo dudes:<br>\r\nAltos Hornos de nuestra ciudad.<\/p>\r\n\r\n<p>Mirar\u00e1s las fachadas,<br>\r\nllenas de mierda, llenas de mierda.<\/p>\r\n\r\n<p>Desde Santurce a Bilbao,<br>\r\nvengo por toda la orilla.<\/p>\r\n\r\n<p>Somos ratas en Bizkaia.<br>\r\nSomos ratas contaminadas.<br>\r\nY vivimos en un pueblo,<br>\r\nque naufraga, que naufraga, Fraga, Fraga.<\/p>\r\n\r\n<p>El orgulloso Puente Colgante,<br>\r\npor debajo el Gran Nervi\u00f3n,<br>\r\ndonde reposan los excrementos<br>\r\ndespidiendo mal olor.<br>\r\nEn sus orillas cu\u00e1nta gente,<br>\r\nlucha por subsistir.<\/p>\r\n\r\n<p>Desde Santurce a Bilbao,<br>\r\nvengo por toda la orilla.<\/p>\r\n\r\n<p>Somos ratas en Bizkaia.<br>\r\nSomos ratas contaminadas.<br>\r\nY vivimos en un pueblo,<br>\r\nque naufraga, que naufraga, Fraga, Fraga<br>\r\nFraga, naufraga\u2026<\/p>\r\n      <\/div>\r\n    <\/div>\r\n  <\/div>\r\n \r\n \r\n<\/div>","protected":false},"excerpt":{"rendered":"<p>Lyrics RATAS DE BIZKAIA Desde Santurce a Bilbao. vengo por toda la orilla. Mirar\u00e1s al cielo y ver\u00e1s, una gran nube sucia. No lo pienses, no lo dudes: Altos Hornos de nuestra ciudad. Mirar\u00e1s las fachadas, llenas de mierda, llenas de mierda. Desde Santurce a Bilbao, vengo por toda la orilla. Somos ratas en Bizkaia. [&hellip;]<\/p>\n","protected":false},"author":1,"featured_media":0,"parent":2934,"menu_order":0,"comment_status":"closed","ping_status":"closed","template":"templates\/page-interior-expo-permanente.php","meta":{"_acf_changed":false,"footnotes":""},"class_list":["post-2980","page","type-page","status-publish","hentry"],"acf":[],"yoast_head":"<!-- This site is optimized with the Yoast SEO plugin v27.3 - https:\/\/yoast.com\/product\/yoast-seo-wordpress\/ -->\n<title>Eskorbuto \u2013 Ratas de Bizkaia - Rialia<\/title>\n<meta name=\"robots\" content=\"index, follow, max-snippet:-1, max-image-preview:large, max-video-preview:-1\" \/>\n<link rel=\"canonical\" href=\"https:\/\/rialia.eus\/museo\/exposicion-permanente\/portugalete\/musica\/eskorbuto-ratas-de-bizkaia\/\" \/>\n<meta property=\"og:locale\" content=\"en_US\" \/>\n<meta property=\"og:type\" content=\"article\" \/>\n<meta property=\"og:title\" content=\"Eskorbuto \u2013 Ratas de Bizkaia - Rialia\" \/>\n<meta property=\"og:description\" content=\"Lyrics RATAS DE BIZKAIA Desde Santurce a Bilbao. vengo por toda la orilla. Mirar\u00e1s al cielo y ver\u00e1s, una gran nube sucia. No lo pienses, no lo dudes: Altos Hornos de nuestra ciudad. Mirar\u00e1s las fachadas, llenas de mierda, llenas de mierda. Desde Santurce a Bilbao, vengo por toda la orilla. Somos ratas en Bizkaia. [&hellip;]\" \/>\n<meta property=\"og:url\" content=\"https:\/\/rialia.eus\/museo\/exposicion-permanente\/portugalete\/musica\/eskorbuto-ratas-de-bizkaia\/\" \/>\n<meta property=\"og:site_name\" content=\"Rialia\" \/>\n<meta property=\"article:modified_time\" content=\"2024-12-18T11:43:40+00:00\" \/>\n<meta name=\"twitter:card\" content=\"summary_large_image\" \/>\n<meta name=\"twitter:label1\" content=\"Est. reading time\" \/>\n\t<meta name=\"twitter:data1\" content=\"1 minute\" \/>\n<script type=\"application\/ld+json\" class=\"yoast-schema-graph\">{\"@context\":\"https:\\\/\\\/schema.org\",\"@graph\":[{\"@type\":\"WebPage\",\"@id\":\"https:\\\/\\\/rialia.eus\\\/museo\\\/exposicion-permanente\\\/portugalete\\\/musica\\\/eskorbuto-ratas-de-bizkaia\\\/\",\"url\":\"https:\\\/\\\/rialia.eus\\\/museo\\\/exposicion-permanente\\\/portugalete\\\/musica\\\/eskorbuto-ratas-de-bizkaia\\\/\",\"name\":\"Eskorbuto \u2013 Ratas de Bizkaia - Rialia\",\"isPartOf\":{\"@id\":\"https:\\\/\\\/rialia.eus\\\/#website\"},\"datePublished\":\"2024-12-10T09:01:29+00:00\",\"dateModified\":\"2024-12-18T11:43:40+00:00\",\"breadcrumb\":{\"@id\":\"https:\\\/\\\/rialia.eus\\\/museo\\\/exposicion-permanente\\\/portugalete\\\/musica\\\/eskorbuto-ratas-de-bizkaia\\\/#breadcrumb\"},\"inLanguage\":\"en-US\",\"potentialAction\":[{\"@type\":\"ReadAction\",\"target\":[\"https:\\\/\\\/rialia.eus\\\/museo\\\/exposicion-permanente\\\/portugalete\\\/musica\\\/eskorbuto-ratas-de-bizkaia\\\/\"]}]},{\"@type\":\"BreadcrumbList\",\"@id\":\"https:\\\/\\\/rialia.eus\\\/museo\\\/exposicion-permanente\\\/portugalete\\\/musica\\\/eskorbuto-ratas-de-bizkaia\\\/#breadcrumb\",\"itemListElement\":[{\"@type\":\"ListItem\",\"position\":1,\"name\":\"Portada\",\"item\":\"https:\\\/\\\/rialia.eus\\\/en\\\/\"},{\"@type\":\"ListItem\",\"position\":2,\"name\":\"Museum\",\"item\":\"https:\\\/\\\/rialia.eus\\\/en\\\/museum\\\/\"},{\"@type\":\"ListItem\",\"position\":3,\"name\":\"Permanent exhibition\",\"item\":\"https:\\\/\\\/rialia.eus\\\/en\\\/museum\\\/permanent-exhibition\\\/\"},{\"@type\":\"ListItem\",\"position\":4,\"name\":\"Portugalete\",\"item\":\"https:\\\/\\\/rialia.eus\\\/en\\\/museum\\\/permanent-exhibition\\\/portugalete\\\/\"},{\"@type\":\"ListItem\",\"position\":5,\"name\":\"THE TRAIN OF BANDS\",\"item\":\"https:\\\/\\\/rialia.eus\\\/en\\\/museum\\\/permanent-exhibition\\\/portugalete\\\/the-train-of-bands\\\/\"},{\"@type\":\"ListItem\",\"position\":6,\"name\":\"Eskorbuto \u2013 Ratas de Bizkaia\"}]},{\"@type\":\"WebSite\",\"@id\":\"https:\\\/\\\/rialia.eus\\\/#website\",\"url\":\"https:\\\/\\\/rialia.eus\\\/\",\"name\":\"Rialia\",\"description\":\"Industria Museoa \u2013 Museo de la Industria\",\"potentialAction\":[{\"@type\":\"SearchAction\",\"target\":{\"@type\":\"EntryPoint\",\"urlTemplate\":\"https:\\\/\\\/rialia.eus\\\/?s={search_term_string}\"},\"query-input\":{\"@type\":\"PropertyValueSpecification\",\"valueRequired\":true,\"valueName\":\"search_term_string\"}}],\"inLanguage\":\"en-US\"}]}<\/script>\n<!-- \/ Yoast SEO plugin. -->","yoast_head_json":{"title":"Eskorbuto \u2013 Ratas de Bizkaia - Rialia","robots":{"index":"index","follow":"follow","max-snippet":"max-snippet:-1","max-image-preview":"max-image-preview:large","max-video-preview":"max-video-preview:-1"},"canonical":"https:\/\/rialia.eus\/museo\/exposicion-permanente\/portugalete\/musica\/eskorbuto-ratas-de-bizkaia\/","og_locale":"en_US","og_type":"article","og_title":"Eskorbuto \u2013 Ratas de Bizkaia - Rialia","og_description":"Lyrics RATAS DE BIZKAIA Desde Santurce a Bilbao. vengo por toda la orilla. Mirar\u00e1s al cielo y ver\u00e1s, una gran nube sucia. No lo pienses, no lo dudes: Altos Hornos de nuestra ciudad. Mirar\u00e1s las fachadas, llenas de mierda, llenas de mierda. Desde Santurce a Bilbao, vengo por toda la orilla. Somos ratas en Bizkaia. [&hellip;]","og_url":"https:\/\/rialia.eus\/museo\/exposicion-permanente\/portugalete\/musica\/eskorbuto-ratas-de-bizkaia\/","og_site_name":"Rialia","article_modified_time":"2024-12-18T11:43:40+00:00","twitter_card":"summary_large_image","twitter_misc":{"Est. reading time":"1 minute"},"schema":{"@context":"https:\/\/schema.org","@graph":[{"@type":"WebPage","@id":"https:\/\/rialia.eus\/museo\/exposicion-permanente\/portugalete\/musica\/eskorbuto-ratas-de-bizkaia\/","url":"https:\/\/rialia.eus\/museo\/exposicion-permanente\/portugalete\/musica\/eskorbuto-ratas-de-bizkaia\/","name":"Eskorbuto \u2013 Ratas de Bizkaia - Rialia","isPartOf":{"@id":"https:\/\/rialia.eus\/#website"},"datePublished":"2024-12-10T09:01:29+00:00","dateModified":"2024-12-18T11:43:40+00:00","breadcrumb":{"@id":"https:\/\/rialia.eus\/museo\/exposicion-permanente\/portugalete\/musica\/eskorbuto-ratas-de-bizkaia\/#breadcrumb"},"inLanguage":"en-US","potentialAction":[{"@type":"ReadAction","target":["https:\/\/rialia.eus\/museo\/exposicion-permanente\/portugalete\/musica\/eskorbuto-ratas-de-bizkaia\/"]}]},{"@type":"BreadcrumbList","@id":"https:\/\/rialia.eus\/museo\/exposicion-permanente\/portugalete\/musica\/eskorbuto-ratas-de-bizkaia\/#breadcrumb","itemListElement":[{"@type":"ListItem","position":1,"name":"Portada","item":"https:\/\/rialia.eus\/en\/"},{"@type":"ListItem","position":2,"name":"Museum","item":"https:\/\/rialia.eus\/en\/museum\/"},{"@type":"ListItem","position":3,"name":"Permanent exhibition","item":"https:\/\/rialia.eus\/en\/museum\/permanent-exhibition\/"},{"@type":"ListItem","position":4,"name":"Portugalete","item":"https:\/\/rialia.eus\/en\/museum\/permanent-exhibition\/portugalete\/"},{"@type":"ListItem","position":5,"name":"THE TRAIN OF BANDS","item":"https:\/\/rialia.eus\/en\/museum\/permanent-exhibition\/portugalete\/the-train-of-bands\/"},{"@type":"ListItem","position":6,"name":"Eskorbuto \u2013 Ratas de Bizkaia"}]},{"@type":"WebSite","@id":"https:\/\/rialia.eus\/#website","url":"https:\/\/rialia.eus\/","name":"Rialia","description":"Industria Museoa \u2013 Museo de la Industria","potentialAction":[{"@type":"SearchAction","target":{"@type":"EntryPoint","urlTemplate":"https:\/\/rialia.eus\/?s={search_term_string}"},"query-input":{"@type":"PropertyValueSpecification","valueRequired":true,"valueName":"search_term_string"}}],"inLanguage":"en-US"}]}},"_links":{"self":[{"href":"https:\/\/rialia.eus\/en\/wp-json\/wp\/v2\/pages\/2980","targetHints":{"allow":["GET"]}}],"collection":[{"href":"https:\/\/rialia.eus\/en\/wp-json\/wp\/v2\/pages"}],"about":[{"href":"https:\/\/rialia.eus\/en\/wp-json\/wp\/v2\/types\/page"}],"author":[{"embeddable":true,"href":"https:\/\/rialia.eus\/en\/wp-json\/wp\/v2\/users\/1"}],"replies":[{"embeddable":true,"href":"https:\/\/rialia.eus\/en\/wp-json\/wp\/v2\/comments?post=2980"}],"version-history":[{"count":1,"href":"https:\/\/rialia.eus\/en\/wp-json\/wp\/v2\/pages\/2980\/revisions"}],"predecessor-version":[{"id":3000,"href":"https:\/\/rialia.eus\/en\/wp-json\/wp\/v2\/pages\/2980\/revisions\/3000"}],"up":[{"embeddable":true,"href":"https:\/\/rialia.eus\/en\/wp-json\/wp\/v2\/pages\/2934"}],"wp:attachment":[{"href":"https:\/\/rialia.eus\/en\/wp-json\/wp\/v2\/media?parent=2980"}],"curies":[{"name":"wp","href":"https:\/\/api.w.org\/{rel}","templated":true}]}}