 {"id":2974,"date":"2024-12-10T09:58:39","date_gmt":"2024-12-10T08:58:39","guid":{"rendered":"https:\/\/rialia.eus\/portugalete\/los-whitos-semos-de-sestao\/"},"modified":"2024-12-18T12:42:56","modified_gmt":"2024-12-18T11:42:56","slug":"los-whitos-semos-de-sestao","status":"publish","type":"page","link":"https:\/\/rialia.eus\/en\/museum\/permanent-exhibition\/portugalete\/the-train-of-bands\/los-whitos-semos-de-sestao\/","title":{"rendered":"Los whitos \u2013 Semos de Sestao"},"content":{"rendered":"<iframe loading=\"lazy\" title=\"Semos de Sestao\" width=\"1140\" height=\"855\" src=\"https:\/\/www.youtube.com\/embed\/He6veXL0jzc?feature=oembed\" frameborder=\"0\" allow=\"accelerometer; autoplay; clipboard-write; encrypted-media; gyroscope; picture-in-picture; web-share\" allowfullscreen=\"\"><\/iframe>\r\n\r\n\r\n\r\n\t\t\t\t\t\t\t\t<!-- Accordion -->\r\n\t\t\t\t\t\t\t\t<div class=\"accordion p-t-50\" id=\"accordionExample\">\r\n  <div class=\"accordion-item\">\r\n    <h2 class=\"accordion-header\">\r\n      <button class=\"accordion-button collapsed\" type=\"button\" data-bs-toggle=\"collapse\" data-bs-target=\"#collapseOne\" aria-expanded=\"false\" aria-controls=\"collapseOne\">\r\n        Lyrics\r\n      <\/button>\r\n    <\/h2>\r\n    <div id=\"collapseOne\" class=\"accordion-collapse collapse\" data-bs-parent=\"#accordionExample\">\r\n      <div class=\"accordion-body\">\r\n      <h3>SEMOS DE SESTAO<\/h3>\r\n\r\n<p>Entre Portu y Barakaldo,<br>\r\nun pueblo muy rutinario.<br>\r\nPor el d\u00eda hay pocas crestas,<br>\r\npor las noches aberrando.<\/p>\r\n\r\n<p>Aupa River, Pe\u00f1a Norte<br>\r\nLa afici\u00f3n est\u00e1 que rompe.<br>\r\n\u00a1\u00a1Siempre, que rompe!!<\/p>\r\n\r\n<p>Porque semos de Sestado,<br>\r\nno nos gusta el bakalado\u2026<br>\r\nDo, do , re, mi, fa sol\u2026<br>\r\nPorque semos de Sestado<br>\r\n\u00a1\u00a1Ay, Ay, que no!!<br>\r\nno nos gusta el bakalado\u2026<\/p>\r\n      <\/div>\r\n    <\/div>\r\n  <\/div>\r\n \r\n \r\n<\/div>","protected":false},"excerpt":{"rendered":"<p>Lyrics SEMOS DE SESTAO Entre Portu y Barakaldo, un pueblo muy rutinario. Por el d\u00eda hay pocas crestas, por las noches aberrando. Aupa River, Pe\u00f1a Norte La afici\u00f3n est\u00e1 que rompe. \u00a1\u00a1Siempre, que rompe!! Porque semos de Sestado, no nos gusta el bakalado\u2026 Do, do , re, mi, fa sol\u2026 Porque semos de Sestado \u00a1\u00a1Ay, [&hellip;]<\/p>\n","protected":false},"author":1,"featured_media":0,"parent":2934,"menu_order":0,"comment_status":"closed","ping_status":"closed","template":"templates\/page-interior-expo-permanente.php","meta":{"_acf_changed":false,"footnotes":""},"class_list":["post-2974","page","type-page","status-publish","hentry"],"acf":[],"yoast_head":"<!-- This site is optimized with the Yoast SEO plugin v27.3 - https:\/\/yoast.com\/product\/yoast-seo-wordpress\/ -->\n<title>Los whitos \u2013 Semos de Sestao - Rialia<\/title>\n<meta name=\"robots\" content=\"index, follow, max-snippet:-1, max-image-preview:large, max-video-preview:-1\" \/>\n<link rel=\"canonical\" href=\"https:\/\/rialia.eus\/museo\/exposicion-permanente\/portugalete\/musica\/los-whitos-semos-de-sestao\/\" \/>\n<meta property=\"og:locale\" content=\"en_US\" \/>\n<meta property=\"og:type\" content=\"article\" \/>\n<meta property=\"og:title\" content=\"Los whitos \u2013 Semos de Sestao - Rialia\" \/>\n<meta property=\"og:description\" content=\"Lyrics SEMOS DE SESTAO Entre Portu y Barakaldo, un pueblo muy rutinario. Por el d\u00eda hay pocas crestas, por las noches aberrando. Aupa River, Pe\u00f1a Norte La afici\u00f3n est\u00e1 que rompe. \u00a1\u00a1Siempre, que rompe!! Porque semos de Sestado, no nos gusta el bakalado\u2026 Do, do , re, mi, fa sol\u2026 Porque semos de Sestado \u00a1\u00a1Ay, [&hellip;]\" \/>\n<meta property=\"og:url\" content=\"https:\/\/rialia.eus\/museo\/exposicion-permanente\/portugalete\/musica\/los-whitos-semos-de-sestao\/\" \/>\n<meta property=\"og:site_name\" content=\"Rialia\" \/>\n<meta property=\"article:modified_time\" content=\"2024-12-18T11:42:56+00:00\" \/>\n<meta name=\"twitter:card\" content=\"summary_large_image\" \/>\n<meta name=\"twitter:label1\" content=\"Est. reading time\" \/>\n\t<meta name=\"twitter:data1\" content=\"1 minute\" \/>\n<script type=\"application\/ld+json\" class=\"yoast-schema-graph\">{\"@context\":\"https:\\\/\\\/schema.org\",\"@graph\":[{\"@type\":\"WebPage\",\"@id\":\"https:\\\/\\\/rialia.eus\\\/museo\\\/exposicion-permanente\\\/portugalete\\\/musica\\\/los-whitos-semos-de-sestao\\\/\",\"url\":\"https:\\\/\\\/rialia.eus\\\/museo\\\/exposicion-permanente\\\/portugalete\\\/musica\\\/los-whitos-semos-de-sestao\\\/\",\"name\":\"Los whitos \u2013 Semos de Sestao - Rialia\",\"isPartOf\":{\"@id\":\"https:\\\/\\\/rialia.eus\\\/#website\"},\"datePublished\":\"2024-12-10T08:58:39+00:00\",\"dateModified\":\"2024-12-18T11:42:56+00:00\",\"breadcrumb\":{\"@id\":\"https:\\\/\\\/rialia.eus\\\/museo\\\/exposicion-permanente\\\/portugalete\\\/musica\\\/los-whitos-semos-de-sestao\\\/#breadcrumb\"},\"inLanguage\":\"en-US\",\"potentialAction\":[{\"@type\":\"ReadAction\",\"target\":[\"https:\\\/\\\/rialia.eus\\\/museo\\\/exposicion-permanente\\\/portugalete\\\/musica\\\/los-whitos-semos-de-sestao\\\/\"]}]},{\"@type\":\"BreadcrumbList\",\"@id\":\"https:\\\/\\\/rialia.eus\\\/museo\\\/exposicion-permanente\\\/portugalete\\\/musica\\\/los-whitos-semos-de-sestao\\\/#breadcrumb\",\"itemListElement\":[{\"@type\":\"ListItem\",\"position\":1,\"name\":\"Portada\",\"item\":\"https:\\\/\\\/rialia.eus\\\/en\\\/\"},{\"@type\":\"ListItem\",\"position\":2,\"name\":\"Museum\",\"item\":\"https:\\\/\\\/rialia.eus\\\/en\\\/museum\\\/\"},{\"@type\":\"ListItem\",\"position\":3,\"name\":\"Permanent exhibition\",\"item\":\"https:\\\/\\\/rialia.eus\\\/en\\\/museum\\\/permanent-exhibition\\\/\"},{\"@type\":\"ListItem\",\"position\":4,\"name\":\"Portugalete\",\"item\":\"https:\\\/\\\/rialia.eus\\\/en\\\/museum\\\/permanent-exhibition\\\/portugalete\\\/\"},{\"@type\":\"ListItem\",\"position\":5,\"name\":\"THE TRAIN OF BANDS\",\"item\":\"https:\\\/\\\/rialia.eus\\\/en\\\/museum\\\/permanent-exhibition\\\/portugalete\\\/the-train-of-bands\\\/\"},{\"@type\":\"ListItem\",\"position\":6,\"name\":\"Los whitos \u2013 Semos de Sestao\"}]},{\"@type\":\"WebSite\",\"@id\":\"https:\\\/\\\/rialia.eus\\\/#website\",\"url\":\"https:\\\/\\\/rialia.eus\\\/\",\"name\":\"Rialia\",\"description\":\"Industria Museoa \u2013 Museo de la Industria\",\"potentialAction\":[{\"@type\":\"SearchAction\",\"target\":{\"@type\":\"EntryPoint\",\"urlTemplate\":\"https:\\\/\\\/rialia.eus\\\/?s={search_term_string}\"},\"query-input\":{\"@type\":\"PropertyValueSpecification\",\"valueRequired\":true,\"valueName\":\"search_term_string\"}}],\"inLanguage\":\"en-US\"}]}<\/script>\n<!-- \/ Yoast SEO plugin. -->","yoast_head_json":{"title":"Los whitos \u2013 Semos de Sestao - Rialia","robots":{"index":"index","follow":"follow","max-snippet":"max-snippet:-1","max-image-preview":"max-image-preview:large","max-video-preview":"max-video-preview:-1"},"canonical":"https:\/\/rialia.eus\/museo\/exposicion-permanente\/portugalete\/musica\/los-whitos-semos-de-sestao\/","og_locale":"en_US","og_type":"article","og_title":"Los whitos \u2013 Semos de Sestao - Rialia","og_description":"Lyrics SEMOS DE SESTAO Entre Portu y Barakaldo, un pueblo muy rutinario. Por el d\u00eda hay pocas crestas, por las noches aberrando. Aupa River, Pe\u00f1a Norte La afici\u00f3n est\u00e1 que rompe. \u00a1\u00a1Siempre, que rompe!! Porque semos de Sestado, no nos gusta el bakalado\u2026 Do, do , re, mi, fa sol\u2026 Porque semos de Sestado \u00a1\u00a1Ay, [&hellip;]","og_url":"https:\/\/rialia.eus\/museo\/exposicion-permanente\/portugalete\/musica\/los-whitos-semos-de-sestao\/","og_site_name":"Rialia","article_modified_time":"2024-12-18T11:42:56+00:00","twitter_card":"summary_large_image","twitter_misc":{"Est. reading time":"1 minute"},"schema":{"@context":"https:\/\/schema.org","@graph":[{"@type":"WebPage","@id":"https:\/\/rialia.eus\/museo\/exposicion-permanente\/portugalete\/musica\/los-whitos-semos-de-sestao\/","url":"https:\/\/rialia.eus\/museo\/exposicion-permanente\/portugalete\/musica\/los-whitos-semos-de-sestao\/","name":"Los whitos \u2013 Semos de Sestao - Rialia","isPartOf":{"@id":"https:\/\/rialia.eus\/#website"},"datePublished":"2024-12-10T08:58:39+00:00","dateModified":"2024-12-18T11:42:56+00:00","breadcrumb":{"@id":"https:\/\/rialia.eus\/museo\/exposicion-permanente\/portugalete\/musica\/los-whitos-semos-de-sestao\/#breadcrumb"},"inLanguage":"en-US","potentialAction":[{"@type":"ReadAction","target":["https:\/\/rialia.eus\/museo\/exposicion-permanente\/portugalete\/musica\/los-whitos-semos-de-sestao\/"]}]},{"@type":"BreadcrumbList","@id":"https:\/\/rialia.eus\/museo\/exposicion-permanente\/portugalete\/musica\/los-whitos-semos-de-sestao\/#breadcrumb","itemListElement":[{"@type":"ListItem","position":1,"name":"Portada","item":"https:\/\/rialia.eus\/en\/"},{"@type":"ListItem","position":2,"name":"Museum","item":"https:\/\/rialia.eus\/en\/museum\/"},{"@type":"ListItem","position":3,"name":"Permanent exhibition","item":"https:\/\/rialia.eus\/en\/museum\/permanent-exhibition\/"},{"@type":"ListItem","position":4,"name":"Portugalete","item":"https:\/\/rialia.eus\/en\/museum\/permanent-exhibition\/portugalete\/"},{"@type":"ListItem","position":5,"name":"THE TRAIN OF BANDS","item":"https:\/\/rialia.eus\/en\/museum\/permanent-exhibition\/portugalete\/the-train-of-bands\/"},{"@type":"ListItem","position":6,"name":"Los whitos \u2013 Semos de Sestao"}]},{"@type":"WebSite","@id":"https:\/\/rialia.eus\/#website","url":"https:\/\/rialia.eus\/","name":"Rialia","description":"Industria Museoa \u2013 Museo de la Industria","potentialAction":[{"@type":"SearchAction","target":{"@type":"EntryPoint","urlTemplate":"https:\/\/rialia.eus\/?s={search_term_string}"},"query-input":{"@type":"PropertyValueSpecification","valueRequired":true,"valueName":"search_term_string"}}],"inLanguage":"en-US"}]}},"_links":{"self":[{"href":"https:\/\/rialia.eus\/en\/wp-json\/wp\/v2\/pages\/2974","targetHints":{"allow":["GET"]}}],"collection":[{"href":"https:\/\/rialia.eus\/en\/wp-json\/wp\/v2\/pages"}],"about":[{"href":"https:\/\/rialia.eus\/en\/wp-json\/wp\/v2\/types\/page"}],"author":[{"embeddable":true,"href":"https:\/\/rialia.eus\/en\/wp-json\/wp\/v2\/users\/1"}],"replies":[{"embeddable":true,"href":"https:\/\/rialia.eus\/en\/wp-json\/wp\/v2\/comments?post=2974"}],"version-history":[{"count":2,"href":"https:\/\/rialia.eus\/en\/wp-json\/wp\/v2\/pages\/2974\/revisions"}],"predecessor-version":[{"id":2998,"href":"https:\/\/rialia.eus\/en\/wp-json\/wp\/v2\/pages\/2974\/revisions\/2998"}],"up":[{"embeddable":true,"href":"https:\/\/rialia.eus\/en\/wp-json\/wp\/v2\/pages\/2934"}],"wp:attachment":[{"href":"https:\/\/rialia.eus\/en\/wp-json\/wp\/v2\/media?parent=2974"}],"curies":[{"name":"wp","href":"https:\/\/api.w.org\/{rel}","templated":true}]}}