 {"id":2968,"date":"2024-12-10T09:55:51","date_gmt":"2024-12-10T08:55:51","guid":{"rendered":"https:\/\/rialia.eus\/portugalete\/gris-perla-siempre-gris\/"},"modified":"2024-12-18T12:42:18","modified_gmt":"2024-12-18T11:42:18","slug":"gris-perla-siempre-gris","status":"publish","type":"page","link":"https:\/\/rialia.eus\/en\/museum\/permanent-exhibition\/portugalete\/the-train-of-bands\/gris-perla-siempre-gris\/","title":{"rendered":"Gris perla \u2013 Siempre gris"},"content":{"rendered":"<iframe loading=\"lazy\" title=\"Siempre Gris - Videoclip.mp4\" width=\"1140\" height=\"855\" src=\"https:\/\/www.youtube.com\/embed\/qVOqa9LwRxA?feature=oembed\" frameborder=\"0\" allow=\"accelerometer; autoplay; clipboard-write; encrypted-media; gyroscope; picture-in-picture; web-share\" allowfullscreen=\"\"><\/iframe>\r\n\r\n\r\n\t\t\t\t\t\t\t\t<!-- Accordion -->\r\n\t\t\t\t\t\t\t\t<div class=\"accordion p-t-50\" id=\"accordionExample\">\r\n  <div class=\"accordion-item\">\r\n    <h2 class=\"accordion-header\">\r\n      <button class=\"accordion-button collapsed\" type=\"button\" data-bs-toggle=\"collapse\" data-bs-target=\"#collapseOne\" aria-expanded=\"false\" aria-controls=\"collapseOne\">\r\n        Lyrics\r\n      <\/button>\r\n    <\/h2>\r\n    <div id=\"collapseOne\" class=\"accordion-collapse collapse\" data-bs-parent=\"#accordionExample\">\r\n      <div class=\"accordion-body\">\r\n      <h3>SIEMPRE GRIS<\/h3>\r\n\r\n<p>En un rinc\u00f3n de una oscura calle<br>\r\nde una ciudad que no duerme en la noche<br>\r\nen la estaci\u00f3n de los sue\u00f1os dorados<br>\r\ndonde los trenes llegan retrasados<br>\r\nen el lugar donde el ciego ve el miedo<br>\r\nen la ciudad donde el cielo llora.<\/p>\r\n\r\n<p>Un sentimiento perdido en el tiempo<br>\r\nrosa marchita esperando su entierro<br>\r\ny en las paredes destellos de odio<br>\r\nen la ciudad donde el cielo llora<br>\r\ngris, gris que te encuentro<br>\r\ncada ma\u00f1ana cuando despierto<br>\r\nsiempre gris, gris que te encuentro<br>\r\ncada ma\u00f1ana cuando despierto<br>\r\n\u00a1siempre gris!<\/p>\r\n\r\n<p>Almas perdidas lejos del encuentro<br>\r\n\u00bfQui\u00e9n dijo enga\u00f1o? Esto no es un cuento<br>\r\nsangre inyectada de polvo y veneno<br>\r\nen la ciudad donde el cielo llora<br>\r\ngris, gris que te encuentro<br>\r\ncada ma\u00f1ana cuando despierto<br>\r\nsiempre gris, gris que te encuentro<br>\r\ncada ma\u00f1ana cuando despierto<br>\r\ngris, gris que te encuentro<br>\r\ncada ma\u00f1ana cuando despierto<br>\r\nsiempre gris, gris que te encuentro<br>\r\ncada ma\u00f1ana cuando despierto<br>\r\nsiempre gris, siempre gris,<br>\r\nsiempre gris uooo<br>\r\nsiempre gris, gris que te encuentro<br>\r\ncada ma\u00f1ana cuando despierto.<\/p>\r\n\r\n<p>En un rinc\u00f3n de una oscura calle<br>\r\nde una ciudad que no duerme en la noche<br>\r\nen la estaci\u00f3n de los sue\u00f1os dorados<br>\r\ndonde los trenes llegan con retraso.<\/p>\r\n      <\/div>\r\n    <\/div>\r\n  <\/div>\r\n \r\n \r\n<\/div>","protected":false},"excerpt":{"rendered":"<p>Lyrics SIEMPRE GRIS En un rinc\u00f3n de una oscura calle de una ciudad que no duerme en la noche en la estaci\u00f3n de los sue\u00f1os dorados donde los trenes llegan retrasados en el lugar donde el ciego ve el miedo en la ciudad donde el cielo llora. Un sentimiento perdido en el tiempo rosa marchita [&hellip;]<\/p>\n","protected":false},"author":1,"featured_media":0,"parent":2934,"menu_order":0,"comment_status":"closed","ping_status":"closed","template":"templates\/page-interior-expo-permanente.php","meta":{"_acf_changed":false,"footnotes":""},"class_list":["post-2968","page","type-page","status-publish","hentry"],"acf":[],"yoast_head":"<!-- This site is optimized with the Yoast SEO plugin v27.3 - https:\/\/yoast.com\/product\/yoast-seo-wordpress\/ -->\n<title>Gris perla \u2013 Siempre gris - Rialia<\/title>\n<meta name=\"robots\" content=\"index, follow, max-snippet:-1, max-image-preview:large, max-video-preview:-1\" \/>\n<link rel=\"canonical\" href=\"https:\/\/rialia.eus\/museo\/exposicion-permanente\/portugalete\/musica\/gris-perla-siempre-gris\/\" \/>\n<meta property=\"og:locale\" content=\"en_US\" \/>\n<meta property=\"og:type\" content=\"article\" \/>\n<meta property=\"og:title\" content=\"Gris perla \u2013 Siempre gris - Rialia\" \/>\n<meta property=\"og:description\" content=\"Lyrics SIEMPRE GRIS En un rinc\u00f3n de una oscura calle de una ciudad que no duerme en la noche en la estaci\u00f3n de los sue\u00f1os dorados donde los trenes llegan retrasados en el lugar donde el ciego ve el miedo en la ciudad donde el cielo llora. Un sentimiento perdido en el tiempo rosa marchita [&hellip;]\" \/>\n<meta property=\"og:url\" content=\"https:\/\/rialia.eus\/museo\/exposicion-permanente\/portugalete\/musica\/gris-perla-siempre-gris\/\" \/>\n<meta property=\"og:site_name\" content=\"Rialia\" \/>\n<meta property=\"article:modified_time\" content=\"2024-12-18T11:42:18+00:00\" \/>\n<meta name=\"twitter:card\" content=\"summary_large_image\" \/>\n<meta name=\"twitter:label1\" content=\"Est. reading time\" \/>\n\t<meta name=\"twitter:data1\" content=\"1 minute\" \/>\n<script type=\"application\/ld+json\" class=\"yoast-schema-graph\">{\"@context\":\"https:\\\/\\\/schema.org\",\"@graph\":[{\"@type\":\"WebPage\",\"@id\":\"https:\\\/\\\/rialia.eus\\\/museo\\\/exposicion-permanente\\\/portugalete\\\/musica\\\/gris-perla-siempre-gris\\\/\",\"url\":\"https:\\\/\\\/rialia.eus\\\/museo\\\/exposicion-permanente\\\/portugalete\\\/musica\\\/gris-perla-siempre-gris\\\/\",\"name\":\"Gris perla \u2013 Siempre gris - Rialia\",\"isPartOf\":{\"@id\":\"https:\\\/\\\/rialia.eus\\\/#website\"},\"datePublished\":\"2024-12-10T08:55:51+00:00\",\"dateModified\":\"2024-12-18T11:42:18+00:00\",\"breadcrumb\":{\"@id\":\"https:\\\/\\\/rialia.eus\\\/museo\\\/exposicion-permanente\\\/portugalete\\\/musica\\\/gris-perla-siempre-gris\\\/#breadcrumb\"},\"inLanguage\":\"en-US\",\"potentialAction\":[{\"@type\":\"ReadAction\",\"target\":[\"https:\\\/\\\/rialia.eus\\\/museo\\\/exposicion-permanente\\\/portugalete\\\/musica\\\/gris-perla-siempre-gris\\\/\"]}]},{\"@type\":\"BreadcrumbList\",\"@id\":\"https:\\\/\\\/rialia.eus\\\/museo\\\/exposicion-permanente\\\/portugalete\\\/musica\\\/gris-perla-siempre-gris\\\/#breadcrumb\",\"itemListElement\":[{\"@type\":\"ListItem\",\"position\":1,\"name\":\"Portada\",\"item\":\"https:\\\/\\\/rialia.eus\\\/en\\\/\"},{\"@type\":\"ListItem\",\"position\":2,\"name\":\"Museum\",\"item\":\"https:\\\/\\\/rialia.eus\\\/en\\\/museum\\\/\"},{\"@type\":\"ListItem\",\"position\":3,\"name\":\"Permanent exhibition\",\"item\":\"https:\\\/\\\/rialia.eus\\\/en\\\/museum\\\/permanent-exhibition\\\/\"},{\"@type\":\"ListItem\",\"position\":4,\"name\":\"Portugalete\",\"item\":\"https:\\\/\\\/rialia.eus\\\/en\\\/museum\\\/permanent-exhibition\\\/portugalete\\\/\"},{\"@type\":\"ListItem\",\"position\":5,\"name\":\"THE TRAIN OF BANDS\",\"item\":\"https:\\\/\\\/rialia.eus\\\/en\\\/museum\\\/permanent-exhibition\\\/portugalete\\\/the-train-of-bands\\\/\"},{\"@type\":\"ListItem\",\"position\":6,\"name\":\"Gris perla \u2013 Siempre gris\"}]},{\"@type\":\"WebSite\",\"@id\":\"https:\\\/\\\/rialia.eus\\\/#website\",\"url\":\"https:\\\/\\\/rialia.eus\\\/\",\"name\":\"Rialia\",\"description\":\"Industria Museoa \u2013 Museo de la Industria\",\"potentialAction\":[{\"@type\":\"SearchAction\",\"target\":{\"@type\":\"EntryPoint\",\"urlTemplate\":\"https:\\\/\\\/rialia.eus\\\/?s={search_term_string}\"},\"query-input\":{\"@type\":\"PropertyValueSpecification\",\"valueRequired\":true,\"valueName\":\"search_term_string\"}}],\"inLanguage\":\"en-US\"}]}<\/script>\n<!-- \/ Yoast SEO plugin. -->","yoast_head_json":{"title":"Gris perla \u2013 Siempre gris - Rialia","robots":{"index":"index","follow":"follow","max-snippet":"max-snippet:-1","max-image-preview":"max-image-preview:large","max-video-preview":"max-video-preview:-1"},"canonical":"https:\/\/rialia.eus\/museo\/exposicion-permanente\/portugalete\/musica\/gris-perla-siempre-gris\/","og_locale":"en_US","og_type":"article","og_title":"Gris perla \u2013 Siempre gris - Rialia","og_description":"Lyrics SIEMPRE GRIS En un rinc\u00f3n de una oscura calle de una ciudad que no duerme en la noche en la estaci\u00f3n de los sue\u00f1os dorados donde los trenes llegan retrasados en el lugar donde el ciego ve el miedo en la ciudad donde el cielo llora. Un sentimiento perdido en el tiempo rosa marchita [&hellip;]","og_url":"https:\/\/rialia.eus\/museo\/exposicion-permanente\/portugalete\/musica\/gris-perla-siempre-gris\/","og_site_name":"Rialia","article_modified_time":"2024-12-18T11:42:18+00:00","twitter_card":"summary_large_image","twitter_misc":{"Est. reading time":"1 minute"},"schema":{"@context":"https:\/\/schema.org","@graph":[{"@type":"WebPage","@id":"https:\/\/rialia.eus\/museo\/exposicion-permanente\/portugalete\/musica\/gris-perla-siempre-gris\/","url":"https:\/\/rialia.eus\/museo\/exposicion-permanente\/portugalete\/musica\/gris-perla-siempre-gris\/","name":"Gris perla \u2013 Siempre gris - Rialia","isPartOf":{"@id":"https:\/\/rialia.eus\/#website"},"datePublished":"2024-12-10T08:55:51+00:00","dateModified":"2024-12-18T11:42:18+00:00","breadcrumb":{"@id":"https:\/\/rialia.eus\/museo\/exposicion-permanente\/portugalete\/musica\/gris-perla-siempre-gris\/#breadcrumb"},"inLanguage":"en-US","potentialAction":[{"@type":"ReadAction","target":["https:\/\/rialia.eus\/museo\/exposicion-permanente\/portugalete\/musica\/gris-perla-siempre-gris\/"]}]},{"@type":"BreadcrumbList","@id":"https:\/\/rialia.eus\/museo\/exposicion-permanente\/portugalete\/musica\/gris-perla-siempre-gris\/#breadcrumb","itemListElement":[{"@type":"ListItem","position":1,"name":"Portada","item":"https:\/\/rialia.eus\/en\/"},{"@type":"ListItem","position":2,"name":"Museum","item":"https:\/\/rialia.eus\/en\/museum\/"},{"@type":"ListItem","position":3,"name":"Permanent exhibition","item":"https:\/\/rialia.eus\/en\/museum\/permanent-exhibition\/"},{"@type":"ListItem","position":4,"name":"Portugalete","item":"https:\/\/rialia.eus\/en\/museum\/permanent-exhibition\/portugalete\/"},{"@type":"ListItem","position":5,"name":"THE TRAIN OF BANDS","item":"https:\/\/rialia.eus\/en\/museum\/permanent-exhibition\/portugalete\/the-train-of-bands\/"},{"@type":"ListItem","position":6,"name":"Gris perla \u2013 Siempre gris"}]},{"@type":"WebSite","@id":"https:\/\/rialia.eus\/#website","url":"https:\/\/rialia.eus\/","name":"Rialia","description":"Industria Museoa \u2013 Museo de la Industria","potentialAction":[{"@type":"SearchAction","target":{"@type":"EntryPoint","urlTemplate":"https:\/\/rialia.eus\/?s={search_term_string}"},"query-input":{"@type":"PropertyValueSpecification","valueRequired":true,"valueName":"search_term_string"}}],"inLanguage":"en-US"}]}},"_links":{"self":[{"href":"https:\/\/rialia.eus\/en\/wp-json\/wp\/v2\/pages\/2968","targetHints":{"allow":["GET"]}}],"collection":[{"href":"https:\/\/rialia.eus\/en\/wp-json\/wp\/v2\/pages"}],"about":[{"href":"https:\/\/rialia.eus\/en\/wp-json\/wp\/v2\/types\/page"}],"author":[{"embeddable":true,"href":"https:\/\/rialia.eus\/en\/wp-json\/wp\/v2\/users\/1"}],"replies":[{"embeddable":true,"href":"https:\/\/rialia.eus\/en\/wp-json\/wp\/v2\/comments?post=2968"}],"version-history":[{"count":2,"href":"https:\/\/rialia.eus\/en\/wp-json\/wp\/v2\/pages\/2968\/revisions"}],"predecessor-version":[{"id":2996,"href":"https:\/\/rialia.eus\/en\/wp-json\/wp\/v2\/pages\/2968\/revisions\/2996"}],"up":[{"embeddable":true,"href":"https:\/\/rialia.eus\/en\/wp-json\/wp\/v2\/pages\/2934"}],"wp:attachment":[{"href":"https:\/\/rialia.eus\/en\/wp-json\/wp\/v2\/media?parent=2968"}],"curies":[{"name":"wp","href":"https:\/\/api.w.org\/{rel}","templated":true}]}}