 {"id":2920,"date":"2024-12-03T11:53:06","date_gmt":"2024-12-03T10:53:06","guid":{"rendered":"https:\/\/rialia.eus\/iron\/eulalia-de-abaitua-allende-salazar\/"},"modified":"2025-06-27T12:04:26","modified_gmt":"2025-06-27T11:04:26","slug":"eulalia-de-abaitua-allende-salazar","status":"publish","type":"page","link":"https:\/\/rialia.eus\/en\/museum\/permanent-exhibition\/sea\/eulalia-de-abaitua-allende-salazar\/","title":{"rendered":"Eulalia de Abaitua Allende-Salazar"},"content":{"rendered":"<div class=\"row\">\r\n\t\t\t\t\t\t<div class=\"col-md-6\"><a rel=\"single-photo\" href=\"https:\/\/rialia.eus\/assets\/media\/Eulalia-Abaitua_sardineras_en_Portugalete.jpg\"><img width=\"100%\" height=\"auto\" alt=\"\" data-src=\"https:\/\/rialia.eus\/assets\/media\/Eulalia-Abaitua_sardineras_en_Portugalete.jpg\" class=\" lazyload\"><\/a>\r\n\t\t\t\t\t\t\t\r\n\t\t\t\t\t\t\t<p class=\"pie-foto\">Una de las fotograf\u00edas estereosc\u00f3picas de Eulalia de Abaitua que puede verse en la exposici\u00f3n permanente de RIALIA. Industria Museoa-Museo de la Industria<\/p>\r\n\t\t\t\t\t\t\t\r\n\t\t\t\t\t\t\t<\/div>\r\n\t\t\t\t\t\t\r\n\t\t\t\t\t\t<div class=\"col-md-6\">\r\n\t\t\t\t\t\t\t\r\n\t\t\t\t\t\t\t<p>Baptized as Mar\u00eda Elvira Juliana, they always called her Eulalia because it was her mother\u2019s name, who died a month after she was born. She married Juan Narciso de Olano when she was 18 in Liverpool and lived in England until 1879, when she returned to Bilbao. She had six children.<\/p>\r\n\r\n<p>Looking at the world without artifice and always with the human element as its protagonist, she recorded daily events in their natural context in her photographs.<\/p>\r\n\r\n<p>She captured a great diversity of occupations and trades, mainly women, peasant labour, sardine sellers, milkmaids, washerwomen, spinners, seamstresses, social celebrations, marine and urban corners, people of all ages, jobs, social statuses and locations.<\/p>\r\n\r\n<p>She always photographed in natural light and, most of the time, outdoors. Her favourite material was stereoscopic glass plates, both positive and negative. The Basque Museum has 2,500 plates, of which 2,000 are stereoscopic.<\/p>\r\n\r\n<p>On these walls, you will find various stereoscopic photographs taken by her, lent by the Basque Museum.<\/p>\r\n\r\n\t<hr>\t\t\t\t\t\t\r\n\t\t\t\t\t\t\t\r\n\t<p><audio class=\"wp-audio-shortcode\" id=\"audio-2920-1\" preload=\"none\" style=\"width: 100%;\" controls=\"controls\"><source type=\"audio\/mpeg\" src=\"https:\/\/rialia.eus\/audio\/10-fotos_eulalia_abaitua_en.mp3?_=1\"><\/source><a href=\"https:\/\/rialia.eus\/audio\/10-fotos_eulalia_abaitua_en.mp3\">https:\/\/rialia.eus\/audio\/10-fotos_eulalia_abaitua_en.mp3<\/a><\/audio> \t\t\t\t\t\t\r\n\t\t\t\t\t\t\t\r\n\t\t\t\t\t\t  <\/p><\/div>\r\n\t\t\t\t\t\t\r\n\t\t\t\t\t\t\r\n\t\t\t\t\t\t<\/div>","protected":false},"excerpt":{"rendered":"<p>Una de las fotograf\u00edas estereosc\u00f3picas de Eulalia de Abaitua que puede verse en la exposici\u00f3n permanente de RIALIA. Industria Museoa-Museo de la Industria Baptized as Mar\u00eda Elvira Juliana, they always called her Eulalia because it was her mother\u2019s name, who died a month after she was born. She married Juan Narciso de Olano when she [&hellip;]<\/p>\n","protected":false},"author":1,"featured_media":0,"parent":3076,"menu_order":0,"comment_status":"closed","ping_status":"closed","template":"templates\/page-interior-expo-permanente.php","meta":{"_acf_changed":false,"footnotes":""},"class_list":["post-2920","page","type-page","status-publish","hentry"],"acf":[],"yoast_head":"<!-- This site is optimized with the Yoast SEO plugin v27.3 - https:\/\/yoast.com\/product\/yoast-seo-wordpress\/ -->\n<title>Eulalia de Abaitua Allende-Salazar - Rialia<\/title>\n<meta name=\"robots\" content=\"index, follow, max-snippet:-1, max-image-preview:large, max-video-preview:-1\" \/>\n<link rel=\"canonical\" href=\"https:\/\/rialia.eus\/en\/museum\/permanent-exhibition\/sea\/eulalia-de-abaitua-allende-salazar\/\" \/>\n<meta property=\"og:locale\" content=\"en_US\" \/>\n<meta property=\"og:type\" content=\"article\" \/>\n<meta property=\"og:title\" content=\"Eulalia de Abaitua Allende-Salazar - Rialia\" \/>\n<meta property=\"og:description\" content=\"Una de las fotograf\u00edas estereosc\u00f3picas de Eulalia de Abaitua que puede verse en la exposici\u00f3n permanente de RIALIA. Industria Museoa-Museo de la Industria Baptized as Mar\u00eda Elvira Juliana, they always called her Eulalia because it was her mother\u2019s name, who died a month after she was born. She married Juan Narciso de Olano when she [&hellip;]\" \/>\n<meta property=\"og:url\" content=\"https:\/\/rialia.eus\/en\/museum\/permanent-exhibition\/sea\/eulalia-de-abaitua-allende-salazar\/\" \/>\n<meta property=\"og:site_name\" content=\"Rialia\" \/>\n<meta property=\"article:modified_time\" content=\"2025-06-27T11:04:26+00:00\" \/>\n<meta property=\"og:image\" content=\"https:\/\/rialia.eus\/assets\/media\/Eulalia-Abaitua_sardineras_en_Portugalete.jpg\" \/>\n<meta name=\"twitter:card\" content=\"summary_large_image\" \/>\n<meta name=\"twitter:label1\" content=\"Est. reading time\" \/>\n\t<meta name=\"twitter:data1\" content=\"2 minutes\" \/>\n<script type=\"application\/ld+json\" class=\"yoast-schema-graph\">{\"@context\":\"https:\\\/\\\/schema.org\",\"@graph\":[{\"@type\":\"WebPage\",\"@id\":\"https:\\\/\\\/rialia.eus\\\/en\\\/museum\\\/permanent-exhibition\\\/sea\\\/eulalia-de-abaitua-allende-salazar\\\/\",\"url\":\"https:\\\/\\\/rialia.eus\\\/en\\\/museum\\\/permanent-exhibition\\\/sea\\\/eulalia-de-abaitua-allende-salazar\\\/\",\"name\":\"Eulalia de Abaitua Allende-Salazar - Rialia\",\"isPartOf\":{\"@id\":\"https:\\\/\\\/rialia.eus\\\/#website\"},\"primaryImageOfPage\":{\"@id\":\"https:\\\/\\\/rialia.eus\\\/en\\\/museum\\\/permanent-exhibition\\\/sea\\\/eulalia-de-abaitua-allende-salazar\\\/#primaryimage\"},\"image\":{\"@id\":\"https:\\\/\\\/rialia.eus\\\/en\\\/museum\\\/permanent-exhibition\\\/sea\\\/eulalia-de-abaitua-allende-salazar\\\/#primaryimage\"},\"thumbnailUrl\":\"https:\\\/\\\/rialia.eus\\\/assets\\\/media\\\/Eulalia-Abaitua_sardineras_en_Portugalete.jpg\",\"datePublished\":\"2024-12-03T10:53:06+00:00\",\"dateModified\":\"2025-06-27T11:04:26+00:00\",\"breadcrumb\":{\"@id\":\"https:\\\/\\\/rialia.eus\\\/en\\\/museum\\\/permanent-exhibition\\\/sea\\\/eulalia-de-abaitua-allende-salazar\\\/#breadcrumb\"},\"inLanguage\":\"en-US\",\"potentialAction\":[{\"@type\":\"ReadAction\",\"target\":[\"https:\\\/\\\/rialia.eus\\\/en\\\/museum\\\/permanent-exhibition\\\/sea\\\/eulalia-de-abaitua-allende-salazar\\\/\"]}]},{\"@type\":\"ImageObject\",\"inLanguage\":\"en-US\",\"@id\":\"https:\\\/\\\/rialia.eus\\\/en\\\/museum\\\/permanent-exhibition\\\/sea\\\/eulalia-de-abaitua-allende-salazar\\\/#primaryimage\",\"url\":\"https:\\\/\\\/rialia.eus\\\/assets\\\/media\\\/Eulalia-Abaitua_sardineras_en_Portugalete.jpg\",\"contentUrl\":\"https:\\\/\\\/rialia.eus\\\/assets\\\/media\\\/Eulalia-Abaitua_sardineras_en_Portugalete.jpg\"},{\"@type\":\"BreadcrumbList\",\"@id\":\"https:\\\/\\\/rialia.eus\\\/en\\\/museum\\\/permanent-exhibition\\\/sea\\\/eulalia-de-abaitua-allende-salazar\\\/#breadcrumb\",\"itemListElement\":[{\"@type\":\"ListItem\",\"position\":1,\"name\":\"Portada\",\"item\":\"https:\\\/\\\/rialia.eus\\\/en\\\/\"},{\"@type\":\"ListItem\",\"position\":2,\"name\":\"Museum\",\"item\":\"https:\\\/\\\/rialia.eus\\\/en\\\/museum\\\/\"},{\"@type\":\"ListItem\",\"position\":3,\"name\":\"Permanent exhibition\",\"item\":\"https:\\\/\\\/rialia.eus\\\/en\\\/museum\\\/permanent-exhibition\\\/\"},{\"@type\":\"ListItem\",\"position\":4,\"name\":\"Sea\",\"item\":\"https:\\\/\\\/rialia.eus\\\/museo\\\/exposicion-permanente\\\/mar\\\/\"},{\"@type\":\"ListItem\",\"position\":5,\"name\":\"Eulalia de Abaitua Allende-Salazar\"}]},{\"@type\":\"WebSite\",\"@id\":\"https:\\\/\\\/rialia.eus\\\/#website\",\"url\":\"https:\\\/\\\/rialia.eus\\\/\",\"name\":\"Rialia\",\"description\":\"Industria Museoa \u2013 Museo de la Industria\",\"potentialAction\":[{\"@type\":\"SearchAction\",\"target\":{\"@type\":\"EntryPoint\",\"urlTemplate\":\"https:\\\/\\\/rialia.eus\\\/?s={search_term_string}\"},\"query-input\":{\"@type\":\"PropertyValueSpecification\",\"valueRequired\":true,\"valueName\":\"search_term_string\"}}],\"inLanguage\":\"en-US\"}]}<\/script>\n<!-- \/ Yoast SEO plugin. -->","yoast_head_json":{"title":"Eulalia de Abaitua Allende-Salazar - Rialia","robots":{"index":"index","follow":"follow","max-snippet":"max-snippet:-1","max-image-preview":"max-image-preview:large","max-video-preview":"max-video-preview:-1"},"canonical":"https:\/\/rialia.eus\/en\/museum\/permanent-exhibition\/sea\/eulalia-de-abaitua-allende-salazar\/","og_locale":"en_US","og_type":"article","og_title":"Eulalia de Abaitua Allende-Salazar - Rialia","og_description":"Una de las fotograf\u00edas estereosc\u00f3picas de Eulalia de Abaitua que puede verse en la exposici\u00f3n permanente de RIALIA. Industria Museoa-Museo de la Industria Baptized as Mar\u00eda Elvira Juliana, they always called her Eulalia because it was her mother\u2019s name, who died a month after she was born. She married Juan Narciso de Olano when she [&hellip;]","og_url":"https:\/\/rialia.eus\/en\/museum\/permanent-exhibition\/sea\/eulalia-de-abaitua-allende-salazar\/","og_site_name":"Rialia","article_modified_time":"2025-06-27T11:04:26+00:00","og_image":[{"url":"https:\/\/rialia.eus\/assets\/media\/Eulalia-Abaitua_sardineras_en_Portugalete.jpg","type":"","width":"","height":""}],"twitter_card":"summary_large_image","twitter_misc":{"Est. reading time":"2 minutes"},"schema":{"@context":"https:\/\/schema.org","@graph":[{"@type":"WebPage","@id":"https:\/\/rialia.eus\/en\/museum\/permanent-exhibition\/sea\/eulalia-de-abaitua-allende-salazar\/","url":"https:\/\/rialia.eus\/en\/museum\/permanent-exhibition\/sea\/eulalia-de-abaitua-allende-salazar\/","name":"Eulalia de Abaitua Allende-Salazar - Rialia","isPartOf":{"@id":"https:\/\/rialia.eus\/#website"},"primaryImageOfPage":{"@id":"https:\/\/rialia.eus\/en\/museum\/permanent-exhibition\/sea\/eulalia-de-abaitua-allende-salazar\/#primaryimage"},"image":{"@id":"https:\/\/rialia.eus\/en\/museum\/permanent-exhibition\/sea\/eulalia-de-abaitua-allende-salazar\/#primaryimage"},"thumbnailUrl":"https:\/\/rialia.eus\/assets\/media\/Eulalia-Abaitua_sardineras_en_Portugalete.jpg","datePublished":"2024-12-03T10:53:06+00:00","dateModified":"2025-06-27T11:04:26+00:00","breadcrumb":{"@id":"https:\/\/rialia.eus\/en\/museum\/permanent-exhibition\/sea\/eulalia-de-abaitua-allende-salazar\/#breadcrumb"},"inLanguage":"en-US","potentialAction":[{"@type":"ReadAction","target":["https:\/\/rialia.eus\/en\/museum\/permanent-exhibition\/sea\/eulalia-de-abaitua-allende-salazar\/"]}]},{"@type":"ImageObject","inLanguage":"en-US","@id":"https:\/\/rialia.eus\/en\/museum\/permanent-exhibition\/sea\/eulalia-de-abaitua-allende-salazar\/#primaryimage","url":"https:\/\/rialia.eus\/assets\/media\/Eulalia-Abaitua_sardineras_en_Portugalete.jpg","contentUrl":"https:\/\/rialia.eus\/assets\/media\/Eulalia-Abaitua_sardineras_en_Portugalete.jpg"},{"@type":"BreadcrumbList","@id":"https:\/\/rialia.eus\/en\/museum\/permanent-exhibition\/sea\/eulalia-de-abaitua-allende-salazar\/#breadcrumb","itemListElement":[{"@type":"ListItem","position":1,"name":"Portada","item":"https:\/\/rialia.eus\/en\/"},{"@type":"ListItem","position":2,"name":"Museum","item":"https:\/\/rialia.eus\/en\/museum\/"},{"@type":"ListItem","position":3,"name":"Permanent exhibition","item":"https:\/\/rialia.eus\/en\/museum\/permanent-exhibition\/"},{"@type":"ListItem","position":4,"name":"Sea","item":"https:\/\/rialia.eus\/museo\/exposicion-permanente\/mar\/"},{"@type":"ListItem","position":5,"name":"Eulalia de Abaitua Allende-Salazar"}]},{"@type":"WebSite","@id":"https:\/\/rialia.eus\/#website","url":"https:\/\/rialia.eus\/","name":"Rialia","description":"Industria Museoa \u2013 Museo de la Industria","potentialAction":[{"@type":"SearchAction","target":{"@type":"EntryPoint","urlTemplate":"https:\/\/rialia.eus\/?s={search_term_string}"},"query-input":{"@type":"PropertyValueSpecification","valueRequired":true,"valueName":"search_term_string"}}],"inLanguage":"en-US"}]}},"_links":{"self":[{"href":"https:\/\/rialia.eus\/en\/wp-json\/wp\/v2\/pages\/2920","targetHints":{"allow":["GET"]}}],"collection":[{"href":"https:\/\/rialia.eus\/en\/wp-json\/wp\/v2\/pages"}],"about":[{"href":"https:\/\/rialia.eus\/en\/wp-json\/wp\/v2\/types\/page"}],"author":[{"embeddable":true,"href":"https:\/\/rialia.eus\/en\/wp-json\/wp\/v2\/users\/1"}],"replies":[{"embeddable":true,"href":"https:\/\/rialia.eus\/en\/wp-json\/wp\/v2\/comments?post=2920"}],"version-history":[{"count":2,"href":"https:\/\/rialia.eus\/en\/wp-json\/wp\/v2\/pages\/2920\/revisions"}],"predecessor-version":[{"id":6296,"href":"https:\/\/rialia.eus\/en\/wp-json\/wp\/v2\/pages\/2920\/revisions\/6296"}],"up":[{"embeddable":true,"href":"https:\/\/rialia.eus\/en\/wp-json\/wp\/v2\/pages\/3076"}],"wp:attachment":[{"href":"https:\/\/rialia.eus\/en\/wp-json\/wp\/v2\/media?parent=2920"}],"curies":[{"name":"wp","href":"https:\/\/api.w.org\/{rel}","templated":true}]}}