 {"id":2913,"date":"2024-12-03T11:51:41","date_gmt":"2024-12-03T10:51:41","guid":{"rendered":"https:\/\/rialia.eus\/iron\/la-zona-minera\/"},"modified":"2025-01-22T11:47:40","modified_gmt":"2025-01-22T10:47:40","slug":"the-mining-area","status":"publish","type":"page","link":"https:\/\/rialia.eus\/en\/museum\/permanent-exhibition\/iron\/the-mining-area\/","title":{"rendered":"The Mining Area"},"content":{"rendered":"\t<div class=\"row\">\r\n\t\t\t\t\t\t<div class=\"col-md-6\"><a rel=\"single-photo\" href=\"https:\/\/rialia.eus\/wp-content\/uploads\/po0044_0.jpg\"><img width=\"100%\" height=\"auto\" alt=\"\" data-src=\"https:\/\/rialia.eus\/wp-content\/uploads\/po0044_0.jpg\" class=\" lazyload\"><\/a>\r\n\t\t\t\t\t\t\t\r\n\t\t\t\t\t\t\t\r\n\t\t\t\t\t\t\t<\/div>\r\n\t\t\t\t\t\t\r\n\t\t\t\t\t\t<div class=\"col-md-6\">\r\n\t\t\t\t\t\t\t\r\n\t\t\t\t\t\t\t<p>The iron mines of Biscay were communal mountains in which the ore was presented on the surface in huge masses. The minerals were: red hematite (vein and goethite), brown hematite (gold-coloured) and spathic iron (carbonate).<\/p>\r\n\r\n<p>Until the mid-nineteenth century, only the vein was exploited in Biscay, which was the only one used in the forges. The use of these mining mountains was not regulated. Thus, by the foundational charters, the exploitation of the mines was kept exclusively for the inhabitants of Bizkaia, as long as they wouldn\u2019t stop working the reserve for a year. This was full and indefinite usufruct and did not amount to a title deed.  In 1863 the export of iron ore was liberalized, which was prohibited by the Fueros.<\/p>\r\n\r\n<p>In 1865 the Provincial Council of Biscay inaugurated the mining railway of Triano. In 1868 the register of concessions was completely liberalized. In 1876 the unlimited exploitation of iron mines by private companies was allowed.<\/p><br>\r\n\r\n \r\n\r\n \r\n\r\n<p><em>Image source above: Ministry of Culture and Sports of Spain. Archive of the Royal Chancery of Valladolid, PLANS, OILS, 44: \u00abCarta topogr\u00e1fica del apeo de la villa de Portugalete con los Tres Concejos del Valle de Somorrostro: S.Jorge de Santurce, Sta. Mar\u00eda de Sestao y S.Salvador del Valle de Tr\u00e1paga (Vizcaya)\u00bb. Date: 1761.<\/em><\/p>\r\n\t\t\t\t\t\t  <\/div>\r\n\t\t\t\t\t\t\r\n\t\t\t\t\t\t\r\n\t\t\t\t\t\t<\/div>","protected":false},"excerpt":{"rendered":"<p>The iron mines of Biscay were communal mountains in which the ore was presented on the surface in huge masses. The minerals were: red hematite (vein and goethite), brown hematite (gold-coloured) and spathic iron (carbonate). Until the mid-nineteenth century, only the vein was exploited in Biscay, which was the only one used in the forges. [&hellip;]<\/p>\n","protected":false},"author":1,"featured_media":0,"parent":2587,"menu_order":0,"comment_status":"closed","ping_status":"closed","template":"templates\/page-interior-expo-permanente.php","meta":{"_acf_changed":false,"footnotes":""},"class_list":["post-2913","page","type-page","status-publish","hentry"],"acf":[],"yoast_head":"<!-- This site is optimized with the Yoast SEO plugin v27.3 - https:\/\/yoast.com\/product\/yoast-seo-wordpress\/ -->\n<title>The Mining Area - Rialia<\/title>\n<meta name=\"robots\" content=\"index, follow, max-snippet:-1, max-image-preview:large, max-video-preview:-1\" \/>\n<link rel=\"canonical\" href=\"https:\/\/rialia.eus\/museo\/exposicion-permanente\/hierro\/la-zona-minera\/\" \/>\n<meta property=\"og:locale\" content=\"en_US\" \/>\n<meta property=\"og:type\" content=\"article\" \/>\n<meta property=\"og:title\" content=\"The Mining Area - Rialia\" \/>\n<meta property=\"og:description\" content=\"The iron mines of Biscay were communal mountains in which the ore was presented on the surface in huge masses. The minerals were: red hematite (vein and goethite), brown hematite (gold-coloured) and spathic iron (carbonate). Until the mid-nineteenth century, only the vein was exploited in Biscay, which was the only one used in the forges. [&hellip;]\" \/>\n<meta property=\"og:url\" content=\"https:\/\/rialia.eus\/museo\/exposicion-permanente\/hierro\/la-zona-minera\/\" \/>\n<meta property=\"og:site_name\" content=\"Rialia\" \/>\n<meta property=\"article:modified_time\" content=\"2025-01-22T10:47:40+00:00\" \/>\n<meta property=\"og:image\" content=\"https:\/\/rialia.eus\/wp-content\/uploads\/po0044_0.jpg\" \/>\n<meta name=\"twitter:card\" content=\"summary_large_image\" \/>\n<meta name=\"twitter:label1\" content=\"Est. reading time\" \/>\n\t<meta name=\"twitter:data1\" content=\"1 minute\" \/>\n<script type=\"application\/ld+json\" class=\"yoast-schema-graph\">{\"@context\":\"https:\\\/\\\/schema.org\",\"@graph\":[{\"@type\":\"WebPage\",\"@id\":\"https:\\\/\\\/rialia.eus\\\/museo\\\/exposicion-permanente\\\/hierro\\\/la-zona-minera\\\/\",\"url\":\"https:\\\/\\\/rialia.eus\\\/museo\\\/exposicion-permanente\\\/hierro\\\/la-zona-minera\\\/\",\"name\":\"The Mining Area - Rialia\",\"isPartOf\":{\"@id\":\"https:\\\/\\\/rialia.eus\\\/#website\"},\"primaryImageOfPage\":{\"@id\":\"https:\\\/\\\/rialia.eus\\\/museo\\\/exposicion-permanente\\\/hierro\\\/la-zona-minera\\\/#primaryimage\"},\"image\":{\"@id\":\"https:\\\/\\\/rialia.eus\\\/museo\\\/exposicion-permanente\\\/hierro\\\/la-zona-minera\\\/#primaryimage\"},\"thumbnailUrl\":\"https:\\\/\\\/rialia.eus\\\/wp-content\\\/uploads\\\/po0044_0.jpg\",\"datePublished\":\"2024-12-03T10:51:41+00:00\",\"dateModified\":\"2025-01-22T10:47:40+00:00\",\"breadcrumb\":{\"@id\":\"https:\\\/\\\/rialia.eus\\\/museo\\\/exposicion-permanente\\\/hierro\\\/la-zona-minera\\\/#breadcrumb\"},\"inLanguage\":\"en-US\",\"potentialAction\":[{\"@type\":\"ReadAction\",\"target\":[\"https:\\\/\\\/rialia.eus\\\/museo\\\/exposicion-permanente\\\/hierro\\\/la-zona-minera\\\/\"]}]},{\"@type\":\"ImageObject\",\"inLanguage\":\"en-US\",\"@id\":\"https:\\\/\\\/rialia.eus\\\/museo\\\/exposicion-permanente\\\/hierro\\\/la-zona-minera\\\/#primaryimage\",\"url\":\"https:\\\/\\\/rialia.eus\\\/wp-content\\\/uploads\\\/po0044_0.jpg\",\"contentUrl\":\"https:\\\/\\\/rialia.eus\\\/wp-content\\\/uploads\\\/po0044_0.jpg\"},{\"@type\":\"BreadcrumbList\",\"@id\":\"https:\\\/\\\/rialia.eus\\\/museo\\\/exposicion-permanente\\\/hierro\\\/la-zona-minera\\\/#breadcrumb\",\"itemListElement\":[{\"@type\":\"ListItem\",\"position\":1,\"name\":\"Portada\",\"item\":\"https:\\\/\\\/rialia.eus\\\/en\\\/\"},{\"@type\":\"ListItem\",\"position\":2,\"name\":\"Museum\",\"item\":\"https:\\\/\\\/rialia.eus\\\/en\\\/museum\\\/\"},{\"@type\":\"ListItem\",\"position\":3,\"name\":\"Permanent exhibition\",\"item\":\"https:\\\/\\\/rialia.eus\\\/en\\\/museum\\\/permanent-exhibition\\\/\"},{\"@type\":\"ListItem\",\"position\":4,\"name\":\"IRON\",\"item\":\"https:\\\/\\\/rialia.eus\\\/en\\\/museum\\\/permanent-exhibition\\\/iron\\\/\"},{\"@type\":\"ListItem\",\"position\":5,\"name\":\"The Mining Area\"}]},{\"@type\":\"WebSite\",\"@id\":\"https:\\\/\\\/rialia.eus\\\/#website\",\"url\":\"https:\\\/\\\/rialia.eus\\\/\",\"name\":\"Rialia\",\"description\":\"Industria Museoa \u2013 Museo de la Industria\",\"potentialAction\":[{\"@type\":\"SearchAction\",\"target\":{\"@type\":\"EntryPoint\",\"urlTemplate\":\"https:\\\/\\\/rialia.eus\\\/?s={search_term_string}\"},\"query-input\":{\"@type\":\"PropertyValueSpecification\",\"valueRequired\":true,\"valueName\":\"search_term_string\"}}],\"inLanguage\":\"en-US\"}]}<\/script>\n<!-- \/ Yoast SEO plugin. -->","yoast_head_json":{"title":"The Mining Area - Rialia","robots":{"index":"index","follow":"follow","max-snippet":"max-snippet:-1","max-image-preview":"max-image-preview:large","max-video-preview":"max-video-preview:-1"},"canonical":"https:\/\/rialia.eus\/museo\/exposicion-permanente\/hierro\/la-zona-minera\/","og_locale":"en_US","og_type":"article","og_title":"The Mining Area - Rialia","og_description":"The iron mines of Biscay were communal mountains in which the ore was presented on the surface in huge masses. The minerals were: red hematite (vein and goethite), brown hematite (gold-coloured) and spathic iron (carbonate). Until the mid-nineteenth century, only the vein was exploited in Biscay, which was the only one used in the forges. [&hellip;]","og_url":"https:\/\/rialia.eus\/museo\/exposicion-permanente\/hierro\/la-zona-minera\/","og_site_name":"Rialia","article_modified_time":"2025-01-22T10:47:40+00:00","og_image":[{"url":"https:\/\/rialia.eus\/wp-content\/uploads\/po0044_0.jpg","type":"","width":"","height":""}],"twitter_card":"summary_large_image","twitter_misc":{"Est. reading time":"1 minute"},"schema":{"@context":"https:\/\/schema.org","@graph":[{"@type":"WebPage","@id":"https:\/\/rialia.eus\/museo\/exposicion-permanente\/hierro\/la-zona-minera\/","url":"https:\/\/rialia.eus\/museo\/exposicion-permanente\/hierro\/la-zona-minera\/","name":"The Mining Area - Rialia","isPartOf":{"@id":"https:\/\/rialia.eus\/#website"},"primaryImageOfPage":{"@id":"https:\/\/rialia.eus\/museo\/exposicion-permanente\/hierro\/la-zona-minera\/#primaryimage"},"image":{"@id":"https:\/\/rialia.eus\/museo\/exposicion-permanente\/hierro\/la-zona-minera\/#primaryimage"},"thumbnailUrl":"https:\/\/rialia.eus\/wp-content\/uploads\/po0044_0.jpg","datePublished":"2024-12-03T10:51:41+00:00","dateModified":"2025-01-22T10:47:40+00:00","breadcrumb":{"@id":"https:\/\/rialia.eus\/museo\/exposicion-permanente\/hierro\/la-zona-minera\/#breadcrumb"},"inLanguage":"en-US","potentialAction":[{"@type":"ReadAction","target":["https:\/\/rialia.eus\/museo\/exposicion-permanente\/hierro\/la-zona-minera\/"]}]},{"@type":"ImageObject","inLanguage":"en-US","@id":"https:\/\/rialia.eus\/museo\/exposicion-permanente\/hierro\/la-zona-minera\/#primaryimage","url":"https:\/\/rialia.eus\/wp-content\/uploads\/po0044_0.jpg","contentUrl":"https:\/\/rialia.eus\/wp-content\/uploads\/po0044_0.jpg"},{"@type":"BreadcrumbList","@id":"https:\/\/rialia.eus\/museo\/exposicion-permanente\/hierro\/la-zona-minera\/#breadcrumb","itemListElement":[{"@type":"ListItem","position":1,"name":"Portada","item":"https:\/\/rialia.eus\/en\/"},{"@type":"ListItem","position":2,"name":"Museum","item":"https:\/\/rialia.eus\/en\/museum\/"},{"@type":"ListItem","position":3,"name":"Permanent exhibition","item":"https:\/\/rialia.eus\/en\/museum\/permanent-exhibition\/"},{"@type":"ListItem","position":4,"name":"IRON","item":"https:\/\/rialia.eus\/en\/museum\/permanent-exhibition\/iron\/"},{"@type":"ListItem","position":5,"name":"The Mining Area"}]},{"@type":"WebSite","@id":"https:\/\/rialia.eus\/#website","url":"https:\/\/rialia.eus\/","name":"Rialia","description":"Industria Museoa \u2013 Museo de la Industria","potentialAction":[{"@type":"SearchAction","target":{"@type":"EntryPoint","urlTemplate":"https:\/\/rialia.eus\/?s={search_term_string}"},"query-input":{"@type":"PropertyValueSpecification","valueRequired":true,"valueName":"search_term_string"}}],"inLanguage":"en-US"}]}},"_links":{"self":[{"href":"https:\/\/rialia.eus\/en\/wp-json\/wp\/v2\/pages\/2913","targetHints":{"allow":["GET"]}}],"collection":[{"href":"https:\/\/rialia.eus\/en\/wp-json\/wp\/v2\/pages"}],"about":[{"href":"https:\/\/rialia.eus\/en\/wp-json\/wp\/v2\/types\/page"}],"author":[{"embeddable":true,"href":"https:\/\/rialia.eus\/en\/wp-json\/wp\/v2\/users\/1"}],"replies":[{"embeddable":true,"href":"https:\/\/rialia.eus\/en\/wp-json\/wp\/v2\/comments?post=2913"}],"version-history":[{"count":1,"href":"https:\/\/rialia.eus\/en\/wp-json\/wp\/v2\/pages\/2913\/revisions"}],"predecessor-version":[{"id":2914,"href":"https:\/\/rialia.eus\/en\/wp-json\/wp\/v2\/pages\/2913\/revisions\/2914"}],"up":[{"embeddable":true,"href":"https:\/\/rialia.eus\/en\/wp-json\/wp\/v2\/pages\/2587"}],"wp:attachment":[{"href":"https:\/\/rialia.eus\/en\/wp-json\/wp\/v2\/media?parent=2913"}],"curies":[{"name":"wp","href":"https:\/\/api.w.org\/{rel}","templated":true}]}}