 {"id":2805,"date":"2024-12-03T10:31:26","date_gmt":"2024-12-03T09:31:26","guid":{"rendered":"https:\/\/rialia.eus\/iron\/sotera-de-la-mier-elorriaga\/"},"modified":"2024-12-18T09:35:52","modified_gmt":"2024-12-18T08:35:52","slug":"sotera-de-la-mier-elorriaga","status":"publish","type":"page","link":"https:\/\/rialia.eus\/en\/museum\/permanent-exhibition\/iron\/sotera-de-la-mier-elorriaga\/","title":{"rendered":"Sotera de la Mier Elorriaga"},"content":{"rendered":"\t<div class=\"row\">\r\n\t\t\t\t\t\t<div class=\"col-md-6\"><a rel=\"single-photo\" href=\"https:\/\/rialia.eus\/wp-content\/uploads\/sotera-de-la-mier-2.jpg\"><img width=\"100%\" height=\"auto\" alt=\"\" data-src=\"https:\/\/rialia.eus\/wp-content\/uploads\/sotera-de-la-mier-2.jpg\" class=\" lazyload\"><\/a>\r\n\t\t\t\t\t\t\t\r\n\t\t\t\r\n\t\t\t\t\t\t\t\r\n\t\t\t\t\t\t\t<\/div>\r\n\t\t\t\t\t\t\r\n\t\t\t\t\t\t<div class=\"col-md-6\">\r\n\t\t\t\t\t\t\t\r\n\t\t\t\t\t\t\t<p><strong>Sotera De La Mier Elorriaga <\/strong>(1821-1900)<\/p>\r\n<p>She was one of the first people from Portugalete who were part of that nineteenth-century industrial bourgeoisie. Married to the businessman Jos\u00e9 de Gorostiza y Casal (1808-1876) from Sestao, she was more than a shrewd businesswoman, fighting the conventions of her time after being widowed in 1876.<\/p>\r\n\r\n<p>She was part of the mining and steel business world of her paternal family and their partners, the Ybarra, with whom she had to become strong so that they would not marginalise her from the factory in <em>El Carmen<\/em> by eliminating her surname, Mier. 1882, after several disagreements due to bad liquidations, she abandoned the Ybarras as her manager. She entrusted her financial interests to her brother-in-law F\u00e9lix Ch\u00e1varri del Alisal (1831-1905), uncle of V\u00edctor Ch\u00e1varri Salazar.<\/p>\r\n\r\n<p>She became one of the great benefactors of the Villa de Portugalete. Aware of the social problems of the orphaned daughters of the mines, she founded the Colegio de Nuestra Se\u00f1ora del Carmen between Abatxolo and Azeta.<\/p>\r\n\r\n<p>She also contributed part of her capital to restore the tower of the Basilica of Santa Maria and finance its organ. As a philanthropist, she supported the nursing home of Rebonza and Mello in Sestao and was part of the Santo Hospital Asilo in Portugalete. She died without descendants on December 9, 1900, in Portugalete.<\/p>\r\n\r\n\t<hr>\t\t\t\t\t\t\r\n\t\t\t\t\t\t\t\r\n\t<p><audio class=\"wp-audio-shortcode\" id=\"audio-2805-1\" preload=\"none\" style=\"width: 100%;\" controls=\"controls\"><source type=\"audio\/mpeg\" src=\"https:\/\/rialia.eus\/audio\/25qr-sotera_de_la_mier_en.mp3?_=1\"><\/source><a href=\"https:\/\/rialia.eus\/audio\/25qr-sotera_de_la_mier_en.mp3\">https:\/\/rialia.eus\/audio\/25qr-sotera_de_la_mier_en.mp3<\/a><\/audio> \t\t\t\t\t\t\r\n\t\t\t\t\t\t\t\r\n\t\t\t\t\t\t  <\/p><\/div>\r\n\t\t\t\t\t\t\r\n\t\t\t\t\t\t\r\n\t\t\t\t\t\t<\/div>","protected":false},"excerpt":{"rendered":"<p>Sotera De La Mier Elorriaga (1821-1900) She was one of the first people from Portugalete who were part of that nineteenth-century industrial bourgeoisie. Married to the businessman Jos\u00e9 de Gorostiza y Casal (1808-1876) from Sestao, she was more than a shrewd businesswoman, fighting the conventions of her time after being widowed in 1876. She was [&hellip;]<\/p>\n","protected":false},"author":1,"featured_media":0,"parent":2587,"menu_order":0,"comment_status":"closed","ping_status":"closed","template":"templates\/page-interior-expo-permanente.php","meta":{"_acf_changed":false,"footnotes":""},"class_list":["post-2805","page","type-page","status-publish","hentry"],"acf":[],"yoast_head":"<!-- This site is optimized with the Yoast SEO plugin v27.3 - https:\/\/yoast.com\/product\/yoast-seo-wordpress\/ -->\n<title>Sotera de la Mier Elorriaga - Rialia<\/title>\n<meta name=\"robots\" content=\"index, follow, max-snippet:-1, max-image-preview:large, max-video-preview:-1\" \/>\n<link rel=\"canonical\" href=\"https:\/\/rialia.eus\/museo\/exposicion-permanente\/hierro\/sotera-de-la-mier-elorriaga\/\" \/>\n<meta property=\"og:locale\" content=\"en_US\" \/>\n<meta property=\"og:type\" content=\"article\" \/>\n<meta property=\"og:title\" content=\"Sotera de la Mier Elorriaga - Rialia\" \/>\n<meta property=\"og:description\" content=\"Sotera De La Mier Elorriaga (1821-1900) She was one of the first people from Portugalete who were part of that nineteenth-century industrial bourgeoisie. Married to the businessman Jos\u00e9 de Gorostiza y Casal (1808-1876) from Sestao, she was more than a shrewd businesswoman, fighting the conventions of her time after being widowed in 1876. She was [&hellip;]\" \/>\n<meta property=\"og:url\" content=\"https:\/\/rialia.eus\/museo\/exposicion-permanente\/hierro\/sotera-de-la-mier-elorriaga\/\" \/>\n<meta property=\"og:site_name\" content=\"Rialia\" \/>\n<meta property=\"article:modified_time\" content=\"2024-12-18T08:35:52+00:00\" \/>\n<meta property=\"og:image\" content=\"https:\/\/rialia.eus\/wp-content\/uploads\/sotera-de-la-mier-2.jpg\" \/>\n<meta name=\"twitter:card\" content=\"summary_large_image\" \/>\n<meta name=\"twitter:label1\" content=\"Est. reading time\" \/>\n\t<meta name=\"twitter:data1\" content=\"2 minutes\" \/>\n<script type=\"application\/ld+json\" class=\"yoast-schema-graph\">{\"@context\":\"https:\\\/\\\/schema.org\",\"@graph\":[{\"@type\":\"WebPage\",\"@id\":\"https:\\\/\\\/rialia.eus\\\/museo\\\/exposicion-permanente\\\/hierro\\\/sotera-de-la-mier-elorriaga\\\/\",\"url\":\"https:\\\/\\\/rialia.eus\\\/museo\\\/exposicion-permanente\\\/hierro\\\/sotera-de-la-mier-elorriaga\\\/\",\"name\":\"Sotera de la Mier Elorriaga - Rialia\",\"isPartOf\":{\"@id\":\"https:\\\/\\\/rialia.eus\\\/#website\"},\"primaryImageOfPage\":{\"@id\":\"https:\\\/\\\/rialia.eus\\\/museo\\\/exposicion-permanente\\\/hierro\\\/sotera-de-la-mier-elorriaga\\\/#primaryimage\"},\"image\":{\"@id\":\"https:\\\/\\\/rialia.eus\\\/museo\\\/exposicion-permanente\\\/hierro\\\/sotera-de-la-mier-elorriaga\\\/#primaryimage\"},\"thumbnailUrl\":\"https:\\\/\\\/rialia.eus\\\/wp-content\\\/uploads\\\/sotera-de-la-mier-2.jpg\",\"datePublished\":\"2024-12-03T09:31:26+00:00\",\"dateModified\":\"2024-12-18T08:35:52+00:00\",\"breadcrumb\":{\"@id\":\"https:\\\/\\\/rialia.eus\\\/museo\\\/exposicion-permanente\\\/hierro\\\/sotera-de-la-mier-elorriaga\\\/#breadcrumb\"},\"inLanguage\":\"en-US\",\"potentialAction\":[{\"@type\":\"ReadAction\",\"target\":[\"https:\\\/\\\/rialia.eus\\\/museo\\\/exposicion-permanente\\\/hierro\\\/sotera-de-la-mier-elorriaga\\\/\"]}]},{\"@type\":\"ImageObject\",\"inLanguage\":\"en-US\",\"@id\":\"https:\\\/\\\/rialia.eus\\\/museo\\\/exposicion-permanente\\\/hierro\\\/sotera-de-la-mier-elorriaga\\\/#primaryimage\",\"url\":\"https:\\\/\\\/rialia.eus\\\/wp-content\\\/uploads\\\/sotera-de-la-mier-2.jpg\",\"contentUrl\":\"https:\\\/\\\/rialia.eus\\\/wp-content\\\/uploads\\\/sotera-de-la-mier-2.jpg\"},{\"@type\":\"BreadcrumbList\",\"@id\":\"https:\\\/\\\/rialia.eus\\\/museo\\\/exposicion-permanente\\\/hierro\\\/sotera-de-la-mier-elorriaga\\\/#breadcrumb\",\"itemListElement\":[{\"@type\":\"ListItem\",\"position\":1,\"name\":\"Portada\",\"item\":\"https:\\\/\\\/rialia.eus\\\/en\\\/\"},{\"@type\":\"ListItem\",\"position\":2,\"name\":\"Museum\",\"item\":\"https:\\\/\\\/rialia.eus\\\/en\\\/museum\\\/\"},{\"@type\":\"ListItem\",\"position\":3,\"name\":\"Permanent exhibition\",\"item\":\"https:\\\/\\\/rialia.eus\\\/en\\\/museum\\\/permanent-exhibition\\\/\"},{\"@type\":\"ListItem\",\"position\":4,\"name\":\"IRON\",\"item\":\"https:\\\/\\\/rialia.eus\\\/en\\\/museum\\\/permanent-exhibition\\\/iron\\\/\"},{\"@type\":\"ListItem\",\"position\":5,\"name\":\"Sotera de la Mier Elorriaga\"}]},{\"@type\":\"WebSite\",\"@id\":\"https:\\\/\\\/rialia.eus\\\/#website\",\"url\":\"https:\\\/\\\/rialia.eus\\\/\",\"name\":\"Rialia\",\"description\":\"Industria Museoa \u2013 Museo de la Industria\",\"potentialAction\":[{\"@type\":\"SearchAction\",\"target\":{\"@type\":\"EntryPoint\",\"urlTemplate\":\"https:\\\/\\\/rialia.eus\\\/?s={search_term_string}\"},\"query-input\":{\"@type\":\"PropertyValueSpecification\",\"valueRequired\":true,\"valueName\":\"search_term_string\"}}],\"inLanguage\":\"en-US\"}]}<\/script>\n<!-- \/ Yoast SEO plugin. -->","yoast_head_json":{"title":"Sotera de la Mier Elorriaga - Rialia","robots":{"index":"index","follow":"follow","max-snippet":"max-snippet:-1","max-image-preview":"max-image-preview:large","max-video-preview":"max-video-preview:-1"},"canonical":"https:\/\/rialia.eus\/museo\/exposicion-permanente\/hierro\/sotera-de-la-mier-elorriaga\/","og_locale":"en_US","og_type":"article","og_title":"Sotera de la Mier Elorriaga - Rialia","og_description":"Sotera De La Mier Elorriaga (1821-1900) She was one of the first people from Portugalete who were part of that nineteenth-century industrial bourgeoisie. Married to the businessman Jos\u00e9 de Gorostiza y Casal (1808-1876) from Sestao, she was more than a shrewd businesswoman, fighting the conventions of her time after being widowed in 1876. She was [&hellip;]","og_url":"https:\/\/rialia.eus\/museo\/exposicion-permanente\/hierro\/sotera-de-la-mier-elorriaga\/","og_site_name":"Rialia","article_modified_time":"2024-12-18T08:35:52+00:00","og_image":[{"url":"https:\/\/rialia.eus\/wp-content\/uploads\/sotera-de-la-mier-2.jpg","type":"","width":"","height":""}],"twitter_card":"summary_large_image","twitter_misc":{"Est. reading time":"2 minutes"},"schema":{"@context":"https:\/\/schema.org","@graph":[{"@type":"WebPage","@id":"https:\/\/rialia.eus\/museo\/exposicion-permanente\/hierro\/sotera-de-la-mier-elorriaga\/","url":"https:\/\/rialia.eus\/museo\/exposicion-permanente\/hierro\/sotera-de-la-mier-elorriaga\/","name":"Sotera de la Mier Elorriaga - Rialia","isPartOf":{"@id":"https:\/\/rialia.eus\/#website"},"primaryImageOfPage":{"@id":"https:\/\/rialia.eus\/museo\/exposicion-permanente\/hierro\/sotera-de-la-mier-elorriaga\/#primaryimage"},"image":{"@id":"https:\/\/rialia.eus\/museo\/exposicion-permanente\/hierro\/sotera-de-la-mier-elorriaga\/#primaryimage"},"thumbnailUrl":"https:\/\/rialia.eus\/wp-content\/uploads\/sotera-de-la-mier-2.jpg","datePublished":"2024-12-03T09:31:26+00:00","dateModified":"2024-12-18T08:35:52+00:00","breadcrumb":{"@id":"https:\/\/rialia.eus\/museo\/exposicion-permanente\/hierro\/sotera-de-la-mier-elorriaga\/#breadcrumb"},"inLanguage":"en-US","potentialAction":[{"@type":"ReadAction","target":["https:\/\/rialia.eus\/museo\/exposicion-permanente\/hierro\/sotera-de-la-mier-elorriaga\/"]}]},{"@type":"ImageObject","inLanguage":"en-US","@id":"https:\/\/rialia.eus\/museo\/exposicion-permanente\/hierro\/sotera-de-la-mier-elorriaga\/#primaryimage","url":"https:\/\/rialia.eus\/wp-content\/uploads\/sotera-de-la-mier-2.jpg","contentUrl":"https:\/\/rialia.eus\/wp-content\/uploads\/sotera-de-la-mier-2.jpg"},{"@type":"BreadcrumbList","@id":"https:\/\/rialia.eus\/museo\/exposicion-permanente\/hierro\/sotera-de-la-mier-elorriaga\/#breadcrumb","itemListElement":[{"@type":"ListItem","position":1,"name":"Portada","item":"https:\/\/rialia.eus\/en\/"},{"@type":"ListItem","position":2,"name":"Museum","item":"https:\/\/rialia.eus\/en\/museum\/"},{"@type":"ListItem","position":3,"name":"Permanent exhibition","item":"https:\/\/rialia.eus\/en\/museum\/permanent-exhibition\/"},{"@type":"ListItem","position":4,"name":"IRON","item":"https:\/\/rialia.eus\/en\/museum\/permanent-exhibition\/iron\/"},{"@type":"ListItem","position":5,"name":"Sotera de la Mier Elorriaga"}]},{"@type":"WebSite","@id":"https:\/\/rialia.eus\/#website","url":"https:\/\/rialia.eus\/","name":"Rialia","description":"Industria Museoa \u2013 Museo de la Industria","potentialAction":[{"@type":"SearchAction","target":{"@type":"EntryPoint","urlTemplate":"https:\/\/rialia.eus\/?s={search_term_string}"},"query-input":{"@type":"PropertyValueSpecification","valueRequired":true,"valueName":"search_term_string"}}],"inLanguage":"en-US"}]}},"_links":{"self":[{"href":"https:\/\/rialia.eus\/en\/wp-json\/wp\/v2\/pages\/2805","targetHints":{"allow":["GET"]}}],"collection":[{"href":"https:\/\/rialia.eus\/en\/wp-json\/wp\/v2\/pages"}],"about":[{"href":"https:\/\/rialia.eus\/en\/wp-json\/wp\/v2\/types\/page"}],"author":[{"embeddable":true,"href":"https:\/\/rialia.eus\/en\/wp-json\/wp\/v2\/users\/1"}],"replies":[{"embeddable":true,"href":"https:\/\/rialia.eus\/en\/wp-json\/wp\/v2\/comments?post=2805"}],"version-history":[{"count":2,"href":"https:\/\/rialia.eus\/en\/wp-json\/wp\/v2\/pages\/2805\/revisions"}],"predecessor-version":[{"id":2807,"href":"https:\/\/rialia.eus\/en\/wp-json\/wp\/v2\/pages\/2805\/revisions\/2807"}],"up":[{"embeddable":true,"href":"https:\/\/rialia.eus\/en\/wp-json\/wp\/v2\/pages\/2587"}],"wp:attachment":[{"href":"https:\/\/rialia.eus\/en\/wp-json\/wp\/v2\/media?parent=2805"}],"curies":[{"name":"wp","href":"https:\/\/api.w.org\/{rel}","templated":true}]}}