 {"id":2742,"date":"2024-12-02T17:18:36","date_gmt":"2024-12-02T16:18:36","guid":{"rendered":"https:\/\/rialia.eus\/iron\/convertidor-bessemer-de-nicolas-martinez-ortiz-de-zarate\/"},"modified":"2025-01-22T11:47:20","modified_gmt":"2025-01-22T10:47:20","slug":"the-bessemer-converter-nicolas-martinez-ortiz-de-zarate","status":"publish","type":"page","link":"https:\/\/rialia.eus\/en\/museum\/permanent-exhibition\/iron\/the-bessemer-converter-nicolas-martinez-ortiz-de-zarate\/","title":{"rendered":"The Bessemer Converter (Nicol\u00e1s Mart\u00ednez Ortiz de Z\u00e1rate)"},"content":{"rendered":"\t<div class=\"row\">\r\n\t\t\t\t\t\t<div class=\"col-md-6\"><a rel=\"single-photo\" href=\"https:\/\/rialia.eus\/wp-content\/uploads\/RIALIA_112-01.jpg\"><img width=\"100%\" height=\"auto\" alt=\"\" data-src=\"https:\/\/rialia.eus\/wp-content\/uploads\/RIALIA_112-01.jpg\" class=\" lazyload\"><\/a>\r\n\t\t\t\t\t\t\t\r\n\t\t\t\t\t\t\t<p class=\"pie-foto\">Convertidor Bessemer de Nicol\u00e1s Mart\u00ednez Ortiz de Z\u00e1rate. Rialia. Industria museoa<\/p>\r\n\t\t\t\t\t\t\t\r\n\t\t\t\t\t\t\t<\/div>\r\n\t\t\t\t\t\t\r\n\t\t\t\t\t\t<div class=\"col-md-6\">\r\n\t\t\t\t\t\t\t<p><strong>The Bessemer Converter<\/strong> (Nicol\u00e1s Mart\u00ednez Ortiz de Z\u00e1rate, 1952)<\/p>\r\n\t\t\t\t\t\t\t<p>Texto by <em>Amaia Barrena Garc\u00eda<\/em><\/p>\r\n\r\n<p>Their naked muscles almost look like geometrical figures, as if their effort gestures were almost an inexact mathematical calculus. Sweat bathes some men\u2019s bodies as if it were a dirty shower, friends now due to the scarcity of the job. Some of them have left their shirts aside, in some corner, and are showing their naked skin, defenceless, facing wounds. There is no need for uniforms when the heat of ten saunas presses hard. The foundry plays chess with the pawns, exhausted due to the daily sacrifice to raise the progress. Industrialisation is the triumph of the impossible, the domination of men over nature and machinery. If there is any humanity in the way in which they lose their breath and strength, loading the company\u2019s weight. This is not a metaphoric weight when they have to hold iron chains, or move mineral stones with spades as big as themselves, or pull wagons that would make oxen cry if they had to pull them. Fire is both the instrument and the danger, smoke, as normal as oxygen itself. Lungs pay the higher bills than their owners\u2019 salary, and they do not ask for a receipt from justice. It is a time when harshness is as natural as yawning.<\/p>\r\n<p>The operators of the incandescent metal volcanos do not open their mouths regardless of their sleepiness. Dreams.<\/p>\r\n\r\n\t<hr>\t\t\t\t\t\t\r\n\t\t\t\t\t\t\t\r\n\t<p><audio class=\"wp-audio-shortcode\" id=\"audio-2742-1\" preload=\"none\" style=\"width: 100%;\" controls=\"controls\"><source type=\"audio\/mpeg\" src=\"https:\/\/rialia.eus\/audio\/31-convertidores_bessemer_en.mp3?_=1\"><\/source><a href=\"https:\/\/rialia.eus\/audio\/31-convertidores_bessemer_en.mp3\">https:\/\/rialia.eus\/audio\/31-convertidores_bessemer_en.mp3<\/a><\/audio> \t\t\t\t\t\t\r\n\t\t\t\t\t\t\t\r\n\t\t\t\t\t\t  <\/p><\/div>\r\n\t\t\t\t\t\t\r\n\t\t\t\t\t\t\r\n\t\t\t\t\t\t<\/div>","protected":false},"excerpt":{"rendered":"<p>Convertidor Bessemer de Nicol\u00e1s Mart\u00ednez Ortiz de Z\u00e1rate. Rialia. Industria museoa The Bessemer Converter (Nicol\u00e1s Mart\u00ednez Ortiz de Z\u00e1rate, 1952) Texto by Amaia Barrena Garc\u00eda Their naked muscles almost look like geometrical figures, as if their effort gestures were almost an inexact mathematical calculus. Sweat bathes some men\u2019s bodies as if it were a dirty [&hellip;]<\/p>\n","protected":false},"author":1,"featured_media":0,"parent":2587,"menu_order":0,"comment_status":"closed","ping_status":"closed","template":"templates\/page-interior-expo-permanente.php","meta":{"_acf_changed":false,"footnotes":""},"class_list":["post-2742","page","type-page","status-publish","hentry"],"acf":[],"yoast_head":"<!-- This site is optimized with the Yoast SEO plugin v27.3 - https:\/\/yoast.com\/product\/yoast-seo-wordpress\/ -->\n<title>The Bessemer Converter (Nicol\u00e1s Mart\u00ednez Ortiz de Z\u00e1rate) - Rialia<\/title>\n<meta name=\"robots\" content=\"index, follow, max-snippet:-1, max-image-preview:large, max-video-preview:-1\" \/>\n<link rel=\"canonical\" href=\"https:\/\/rialia.eus\/museo\/exposicion-permanente\/hierro\/convertidor-bessemer-de-nicolas-martinez-ortiz-de-zarate\/\" \/>\n<meta property=\"og:locale\" content=\"en_US\" \/>\n<meta property=\"og:type\" content=\"article\" \/>\n<meta property=\"og:title\" content=\"The Bessemer Converter (Nicol\u00e1s Mart\u00ednez Ortiz de Z\u00e1rate) - Rialia\" \/>\n<meta property=\"og:description\" content=\"Convertidor Bessemer de Nicol\u00e1s Mart\u00ednez Ortiz de Z\u00e1rate. Rialia. Industria museoa The Bessemer Converter (Nicol\u00e1s Mart\u00ednez Ortiz de Z\u00e1rate, 1952) Texto by Amaia Barrena Garc\u00eda Their naked muscles almost look like geometrical figures, as if their effort gestures were almost an inexact mathematical calculus. Sweat bathes some men\u2019s bodies as if it were a dirty [&hellip;]\" \/>\n<meta property=\"og:url\" content=\"https:\/\/rialia.eus\/museo\/exposicion-permanente\/hierro\/convertidor-bessemer-de-nicolas-martinez-ortiz-de-zarate\/\" \/>\n<meta property=\"og:site_name\" content=\"Rialia\" \/>\n<meta property=\"article:modified_time\" content=\"2025-01-22T10:47:20+00:00\" \/>\n<meta property=\"og:image\" content=\"https:\/\/rialia.eus\/wp-content\/uploads\/RIALIA_112-01.jpg\" \/>\n<meta name=\"twitter:card\" content=\"summary_large_image\" \/>\n<meta name=\"twitter:label1\" content=\"Est. reading time\" \/>\n\t<meta name=\"twitter:data1\" content=\"2 minutes\" \/>\n<script type=\"application\/ld+json\" class=\"yoast-schema-graph\">{\"@context\":\"https:\\\/\\\/schema.org\",\"@graph\":[{\"@type\":\"WebPage\",\"@id\":\"https:\\\/\\\/rialia.eus\\\/museo\\\/exposicion-permanente\\\/hierro\\\/convertidor-bessemer-de-nicolas-martinez-ortiz-de-zarate\\\/\",\"url\":\"https:\\\/\\\/rialia.eus\\\/museo\\\/exposicion-permanente\\\/hierro\\\/convertidor-bessemer-de-nicolas-martinez-ortiz-de-zarate\\\/\",\"name\":\"The Bessemer Converter (Nicol\u00e1s Mart\u00ednez Ortiz de Z\u00e1rate) - Rialia\",\"isPartOf\":{\"@id\":\"https:\\\/\\\/rialia.eus\\\/#website\"},\"primaryImageOfPage\":{\"@id\":\"https:\\\/\\\/rialia.eus\\\/museo\\\/exposicion-permanente\\\/hierro\\\/convertidor-bessemer-de-nicolas-martinez-ortiz-de-zarate\\\/#primaryimage\"},\"image\":{\"@id\":\"https:\\\/\\\/rialia.eus\\\/museo\\\/exposicion-permanente\\\/hierro\\\/convertidor-bessemer-de-nicolas-martinez-ortiz-de-zarate\\\/#primaryimage\"},\"thumbnailUrl\":\"https:\\\/\\\/rialia.eus\\\/wp-content\\\/uploads\\\/RIALIA_112-01.jpg\",\"datePublished\":\"2024-12-02T16:18:36+00:00\",\"dateModified\":\"2025-01-22T10:47:20+00:00\",\"breadcrumb\":{\"@id\":\"https:\\\/\\\/rialia.eus\\\/museo\\\/exposicion-permanente\\\/hierro\\\/convertidor-bessemer-de-nicolas-martinez-ortiz-de-zarate\\\/#breadcrumb\"},\"inLanguage\":\"en-US\",\"potentialAction\":[{\"@type\":\"ReadAction\",\"target\":[\"https:\\\/\\\/rialia.eus\\\/museo\\\/exposicion-permanente\\\/hierro\\\/convertidor-bessemer-de-nicolas-martinez-ortiz-de-zarate\\\/\"]}]},{\"@type\":\"ImageObject\",\"inLanguage\":\"en-US\",\"@id\":\"https:\\\/\\\/rialia.eus\\\/museo\\\/exposicion-permanente\\\/hierro\\\/convertidor-bessemer-de-nicolas-martinez-ortiz-de-zarate\\\/#primaryimage\",\"url\":\"https:\\\/\\\/rialia.eus\\\/wp-content\\\/uploads\\\/RIALIA_112-01.jpg\",\"contentUrl\":\"https:\\\/\\\/rialia.eus\\\/wp-content\\\/uploads\\\/RIALIA_112-01.jpg\"},{\"@type\":\"BreadcrumbList\",\"@id\":\"https:\\\/\\\/rialia.eus\\\/museo\\\/exposicion-permanente\\\/hierro\\\/convertidor-bessemer-de-nicolas-martinez-ortiz-de-zarate\\\/#breadcrumb\",\"itemListElement\":[{\"@type\":\"ListItem\",\"position\":1,\"name\":\"Portada\",\"item\":\"https:\\\/\\\/rialia.eus\\\/en\\\/\"},{\"@type\":\"ListItem\",\"position\":2,\"name\":\"Museum\",\"item\":\"https:\\\/\\\/rialia.eus\\\/en\\\/museum\\\/\"},{\"@type\":\"ListItem\",\"position\":3,\"name\":\"Permanent exhibition\",\"item\":\"https:\\\/\\\/rialia.eus\\\/en\\\/museum\\\/permanent-exhibition\\\/\"},{\"@type\":\"ListItem\",\"position\":4,\"name\":\"IRON\",\"item\":\"https:\\\/\\\/rialia.eus\\\/en\\\/museum\\\/permanent-exhibition\\\/iron\\\/\"},{\"@type\":\"ListItem\",\"position\":5,\"name\":\"The Bessemer Converter (Nicol\u00e1s Mart\u00ednez Ortiz de Z\u00e1rate)\"}]},{\"@type\":\"WebSite\",\"@id\":\"https:\\\/\\\/rialia.eus\\\/#website\",\"url\":\"https:\\\/\\\/rialia.eus\\\/\",\"name\":\"Rialia\",\"description\":\"Industria Museoa \u2013 Museo de la Industria\",\"potentialAction\":[{\"@type\":\"SearchAction\",\"target\":{\"@type\":\"EntryPoint\",\"urlTemplate\":\"https:\\\/\\\/rialia.eus\\\/?s={search_term_string}\"},\"query-input\":{\"@type\":\"PropertyValueSpecification\",\"valueRequired\":true,\"valueName\":\"search_term_string\"}}],\"inLanguage\":\"en-US\"}]}<\/script>\n<!-- \/ Yoast SEO plugin. -->","yoast_head_json":{"title":"The Bessemer Converter (Nicol\u00e1s Mart\u00ednez Ortiz de Z\u00e1rate) - Rialia","robots":{"index":"index","follow":"follow","max-snippet":"max-snippet:-1","max-image-preview":"max-image-preview:large","max-video-preview":"max-video-preview:-1"},"canonical":"https:\/\/rialia.eus\/museo\/exposicion-permanente\/hierro\/convertidor-bessemer-de-nicolas-martinez-ortiz-de-zarate\/","og_locale":"en_US","og_type":"article","og_title":"The Bessemer Converter (Nicol\u00e1s Mart\u00ednez Ortiz de Z\u00e1rate) - Rialia","og_description":"Convertidor Bessemer de Nicol\u00e1s Mart\u00ednez Ortiz de Z\u00e1rate. Rialia. Industria museoa The Bessemer Converter (Nicol\u00e1s Mart\u00ednez Ortiz de Z\u00e1rate, 1952) Texto by Amaia Barrena Garc\u00eda Their naked muscles almost look like geometrical figures, as if their effort gestures were almost an inexact mathematical calculus. Sweat bathes some men\u2019s bodies as if it were a dirty [&hellip;]","og_url":"https:\/\/rialia.eus\/museo\/exposicion-permanente\/hierro\/convertidor-bessemer-de-nicolas-martinez-ortiz-de-zarate\/","og_site_name":"Rialia","article_modified_time":"2025-01-22T10:47:20+00:00","og_image":[{"url":"https:\/\/rialia.eus\/wp-content\/uploads\/RIALIA_112-01.jpg","type":"","width":"","height":""}],"twitter_card":"summary_large_image","twitter_misc":{"Est. reading time":"2 minutes"},"schema":{"@context":"https:\/\/schema.org","@graph":[{"@type":"WebPage","@id":"https:\/\/rialia.eus\/museo\/exposicion-permanente\/hierro\/convertidor-bessemer-de-nicolas-martinez-ortiz-de-zarate\/","url":"https:\/\/rialia.eus\/museo\/exposicion-permanente\/hierro\/convertidor-bessemer-de-nicolas-martinez-ortiz-de-zarate\/","name":"The Bessemer Converter (Nicol\u00e1s Mart\u00ednez Ortiz de Z\u00e1rate) - Rialia","isPartOf":{"@id":"https:\/\/rialia.eus\/#website"},"primaryImageOfPage":{"@id":"https:\/\/rialia.eus\/museo\/exposicion-permanente\/hierro\/convertidor-bessemer-de-nicolas-martinez-ortiz-de-zarate\/#primaryimage"},"image":{"@id":"https:\/\/rialia.eus\/museo\/exposicion-permanente\/hierro\/convertidor-bessemer-de-nicolas-martinez-ortiz-de-zarate\/#primaryimage"},"thumbnailUrl":"https:\/\/rialia.eus\/wp-content\/uploads\/RIALIA_112-01.jpg","datePublished":"2024-12-02T16:18:36+00:00","dateModified":"2025-01-22T10:47:20+00:00","breadcrumb":{"@id":"https:\/\/rialia.eus\/museo\/exposicion-permanente\/hierro\/convertidor-bessemer-de-nicolas-martinez-ortiz-de-zarate\/#breadcrumb"},"inLanguage":"en-US","potentialAction":[{"@type":"ReadAction","target":["https:\/\/rialia.eus\/museo\/exposicion-permanente\/hierro\/convertidor-bessemer-de-nicolas-martinez-ortiz-de-zarate\/"]}]},{"@type":"ImageObject","inLanguage":"en-US","@id":"https:\/\/rialia.eus\/museo\/exposicion-permanente\/hierro\/convertidor-bessemer-de-nicolas-martinez-ortiz-de-zarate\/#primaryimage","url":"https:\/\/rialia.eus\/wp-content\/uploads\/RIALIA_112-01.jpg","contentUrl":"https:\/\/rialia.eus\/wp-content\/uploads\/RIALIA_112-01.jpg"},{"@type":"BreadcrumbList","@id":"https:\/\/rialia.eus\/museo\/exposicion-permanente\/hierro\/convertidor-bessemer-de-nicolas-martinez-ortiz-de-zarate\/#breadcrumb","itemListElement":[{"@type":"ListItem","position":1,"name":"Portada","item":"https:\/\/rialia.eus\/en\/"},{"@type":"ListItem","position":2,"name":"Museum","item":"https:\/\/rialia.eus\/en\/museum\/"},{"@type":"ListItem","position":3,"name":"Permanent exhibition","item":"https:\/\/rialia.eus\/en\/museum\/permanent-exhibition\/"},{"@type":"ListItem","position":4,"name":"IRON","item":"https:\/\/rialia.eus\/en\/museum\/permanent-exhibition\/iron\/"},{"@type":"ListItem","position":5,"name":"The Bessemer Converter (Nicol\u00e1s Mart\u00ednez Ortiz de Z\u00e1rate)"}]},{"@type":"WebSite","@id":"https:\/\/rialia.eus\/#website","url":"https:\/\/rialia.eus\/","name":"Rialia","description":"Industria Museoa \u2013 Museo de la Industria","potentialAction":[{"@type":"SearchAction","target":{"@type":"EntryPoint","urlTemplate":"https:\/\/rialia.eus\/?s={search_term_string}"},"query-input":{"@type":"PropertyValueSpecification","valueRequired":true,"valueName":"search_term_string"}}],"inLanguage":"en-US"}]}},"_links":{"self":[{"href":"https:\/\/rialia.eus\/en\/wp-json\/wp\/v2\/pages\/2742","targetHints":{"allow":["GET"]}}],"collection":[{"href":"https:\/\/rialia.eus\/en\/wp-json\/wp\/v2\/pages"}],"about":[{"href":"https:\/\/rialia.eus\/en\/wp-json\/wp\/v2\/types\/page"}],"author":[{"embeddable":true,"href":"https:\/\/rialia.eus\/en\/wp-json\/wp\/v2\/users\/1"}],"replies":[{"embeddable":true,"href":"https:\/\/rialia.eus\/en\/wp-json\/wp\/v2\/comments?post=2742"}],"version-history":[{"count":1,"href":"https:\/\/rialia.eus\/en\/wp-json\/wp\/v2\/pages\/2742\/revisions"}],"predecessor-version":[{"id":2743,"href":"https:\/\/rialia.eus\/en\/wp-json\/wp\/v2\/pages\/2742\/revisions\/2743"}],"up":[{"embeddable":true,"href":"https:\/\/rialia.eus\/en\/wp-json\/wp\/v2\/pages\/2587"}],"wp:attachment":[{"href":"https:\/\/rialia.eus\/en\/wp-json\/wp\/v2\/media?parent=2742"}],"curies":[{"name":"wp","href":"https:\/\/api.w.org\/{rel}","templated":true}]}}