 {"id":2735,"date":"2024-12-02T17:14:24","date_gmt":"2024-12-02T16:14:24","guid":{"rendered":"https:\/\/rialia.eus\/iron\/susurros-junto-al-cuadro-convertidor-bessemer\/"},"modified":"2025-01-22T11:48:46","modified_gmt":"2025-01-22T10:48:46","slug":"whispers-next-to-the-painting-the-bessemer-converter","status":"publish","type":"page","link":"https:\/\/rialia.eus\/en\/museum\/permanent-exhibition\/iron\/whispers-next-to-the-painting-the-bessemer-converter\/","title":{"rendered":"Whispers next to the painting The Bessemer Converter"},"content":{"rendered":"\t<div class=\"row\">\r\n\t\t\t\t\t\t<div class=\"col-md-6\"><a rel=\"single-photo\" href=\"https:\/\/rialia.eus\/wp-content\/uploads\/1-bessemer_bn.jpg\"><img width=\"100%\" height=\"auto\" alt=\"\" data-src=\"https:\/\/rialia.eus\/wp-content\/uploads\/1-bessemer_bn.jpg\" class=\" lazyload\"><\/a>\r\n\t\t\t\t\t\t\t\r\n\t\t\t\t\t\t\t<p class=\"pie-foto\">Convertidor Bessemer de Nicol\u00e1s Mart\u00ednez Ortiz de Z\u00e1rate. Rialia. Industria museoa<\/p>\r\n\t\t\t\t\t\t\t\r\n\t\t\t\t\t\t\t<\/div>\r\n\t\t\t\t\t\t\r\n\t\t\t\t\t\t<div class=\"col-md-6\">\r\n\t\t\t\t\t\t\t\r\n\t\t\t\t\t\t\t<p>A steel-work scene. On the left-hand side of the picture are two men with defined muscles, handling an iron container held by heavy chains, while their colleagues, in the front, towards the centre, fill another one using spades full of mineral stones. In the centre of the image, on the top, in the background, three Bessemer converters can be seen.<\/p>\r\n\r\n\t<hr>\t\t\t\t\t\t\r\n\t\t\t\t\t\t\t\r\n\t<p><audio class=\"wp-audio-shortcode\" id=\"audio-2735-1\" preload=\"none\" style=\"width: 100%;\" controls=\"controls\"><source type=\"audio\/mpeg\" src=\"https:\/\/rialia.eus\/audio\/31-susurro_convertidores_bessemer_en.mp3?_=1\"><\/source><a href=\"https:\/\/rialia.eus\/audio\/31-susurro_convertidores_bessemer_en.mp3\">https:\/\/rialia.eus\/audio\/31-susurro_convertidores_bessemer_en.mp3<\/a><\/audio> \t\t\t\t\t\t\r\n\t\t\t\t\t\t\t\r\n\t\t\t\t\t\t  <\/p><\/div>\r\n\t\t\t\t\t\t\r\n\t\t\t\t\t\t\r\n\t\t\t\t\t\t<\/div>","protected":false},"excerpt":{"rendered":"<p>Convertidor Bessemer de Nicol\u00e1s Mart\u00ednez Ortiz de Z\u00e1rate. Rialia. Industria museoa A steel-work scene. On the left-hand side of the picture are two men with defined muscles, handling an iron container held by heavy chains, while their colleagues, in the front, towards the centre, fill another one using spades full of mineral stones. In the [&hellip;]<\/p>\n","protected":false},"author":1,"featured_media":0,"parent":2587,"menu_order":0,"comment_status":"closed","ping_status":"closed","template":"templates\/page-interior-expo-permanente.php","meta":{"_acf_changed":false,"footnotes":""},"class_list":["post-2735","page","type-page","status-publish","hentry"],"acf":[],"yoast_head":"<!-- This site is optimized with the Yoast SEO plugin v27.3 - https:\/\/yoast.com\/product\/yoast-seo-wordpress\/ -->\n<title>Whispers next to the painting The Bessemer Converter - Rialia<\/title>\n<meta name=\"robots\" content=\"index, follow, max-snippet:-1, max-image-preview:large, max-video-preview:-1\" \/>\n<link rel=\"canonical\" href=\"https:\/\/rialia.eus\/museo\/exposicion-permanente\/hierro\/susurros-junto-al-cuadro-convertidor-bessemer\/\" \/>\n<meta property=\"og:locale\" content=\"en_US\" \/>\n<meta property=\"og:type\" content=\"article\" \/>\n<meta property=\"og:title\" content=\"Whispers next to the painting The Bessemer Converter - Rialia\" \/>\n<meta property=\"og:description\" content=\"Convertidor Bessemer de Nicol\u00e1s Mart\u00ednez Ortiz de Z\u00e1rate. Rialia. Industria museoa A steel-work scene. On the left-hand side of the picture are two men with defined muscles, handling an iron container held by heavy chains, while their colleagues, in the front, towards the centre, fill another one using spades full of mineral stones. In the [&hellip;]\" \/>\n<meta property=\"og:url\" content=\"https:\/\/rialia.eus\/museo\/exposicion-permanente\/hierro\/susurros-junto-al-cuadro-convertidor-bessemer\/\" \/>\n<meta property=\"og:site_name\" content=\"Rialia\" \/>\n<meta property=\"article:modified_time\" content=\"2025-01-22T10:48:46+00:00\" \/>\n<meta property=\"og:image\" content=\"https:\/\/rialia.eus\/wp-content\/uploads\/1-bessemer_bn.jpg\" \/>\n<meta name=\"twitter:card\" content=\"summary_large_image\" \/>\n<meta name=\"twitter:label1\" content=\"Est. reading time\" \/>\n\t<meta name=\"twitter:data1\" content=\"1 minute\" \/>\n<script type=\"application\/ld+json\" class=\"yoast-schema-graph\">{\"@context\":\"https:\\\/\\\/schema.org\",\"@graph\":[{\"@type\":\"WebPage\",\"@id\":\"https:\\\/\\\/rialia.eus\\\/museo\\\/exposicion-permanente\\\/hierro\\\/susurros-junto-al-cuadro-convertidor-bessemer\\\/\",\"url\":\"https:\\\/\\\/rialia.eus\\\/museo\\\/exposicion-permanente\\\/hierro\\\/susurros-junto-al-cuadro-convertidor-bessemer\\\/\",\"name\":\"Whispers next to the painting The Bessemer Converter - Rialia\",\"isPartOf\":{\"@id\":\"https:\\\/\\\/rialia.eus\\\/#website\"},\"primaryImageOfPage\":{\"@id\":\"https:\\\/\\\/rialia.eus\\\/museo\\\/exposicion-permanente\\\/hierro\\\/susurros-junto-al-cuadro-convertidor-bessemer\\\/#primaryimage\"},\"image\":{\"@id\":\"https:\\\/\\\/rialia.eus\\\/museo\\\/exposicion-permanente\\\/hierro\\\/susurros-junto-al-cuadro-convertidor-bessemer\\\/#primaryimage\"},\"thumbnailUrl\":\"https:\\\/\\\/rialia.eus\\\/wp-content\\\/uploads\\\/1-bessemer_bn.jpg\",\"datePublished\":\"2024-12-02T16:14:24+00:00\",\"dateModified\":\"2025-01-22T10:48:46+00:00\",\"breadcrumb\":{\"@id\":\"https:\\\/\\\/rialia.eus\\\/museo\\\/exposicion-permanente\\\/hierro\\\/susurros-junto-al-cuadro-convertidor-bessemer\\\/#breadcrumb\"},\"inLanguage\":\"en-US\",\"potentialAction\":[{\"@type\":\"ReadAction\",\"target\":[\"https:\\\/\\\/rialia.eus\\\/museo\\\/exposicion-permanente\\\/hierro\\\/susurros-junto-al-cuadro-convertidor-bessemer\\\/\"]}]},{\"@type\":\"ImageObject\",\"inLanguage\":\"en-US\",\"@id\":\"https:\\\/\\\/rialia.eus\\\/museo\\\/exposicion-permanente\\\/hierro\\\/susurros-junto-al-cuadro-convertidor-bessemer\\\/#primaryimage\",\"url\":\"https:\\\/\\\/rialia.eus\\\/wp-content\\\/uploads\\\/1-bessemer_bn.jpg\",\"contentUrl\":\"https:\\\/\\\/rialia.eus\\\/wp-content\\\/uploads\\\/1-bessemer_bn.jpg\"},{\"@type\":\"BreadcrumbList\",\"@id\":\"https:\\\/\\\/rialia.eus\\\/museo\\\/exposicion-permanente\\\/hierro\\\/susurros-junto-al-cuadro-convertidor-bessemer\\\/#breadcrumb\",\"itemListElement\":[{\"@type\":\"ListItem\",\"position\":1,\"name\":\"Portada\",\"item\":\"https:\\\/\\\/rialia.eus\\\/en\\\/\"},{\"@type\":\"ListItem\",\"position\":2,\"name\":\"Museum\",\"item\":\"https:\\\/\\\/rialia.eus\\\/en\\\/museum\\\/\"},{\"@type\":\"ListItem\",\"position\":3,\"name\":\"Permanent exhibition\",\"item\":\"https:\\\/\\\/rialia.eus\\\/en\\\/museum\\\/permanent-exhibition\\\/\"},{\"@type\":\"ListItem\",\"position\":4,\"name\":\"IRON\",\"item\":\"https:\\\/\\\/rialia.eus\\\/en\\\/museum\\\/permanent-exhibition\\\/iron\\\/\"},{\"@type\":\"ListItem\",\"position\":5,\"name\":\"Whispers next to the painting The Bessemer Converter\"}]},{\"@type\":\"WebSite\",\"@id\":\"https:\\\/\\\/rialia.eus\\\/#website\",\"url\":\"https:\\\/\\\/rialia.eus\\\/\",\"name\":\"Rialia\",\"description\":\"Industria Museoa \u2013 Museo de la Industria\",\"potentialAction\":[{\"@type\":\"SearchAction\",\"target\":{\"@type\":\"EntryPoint\",\"urlTemplate\":\"https:\\\/\\\/rialia.eus\\\/?s={search_term_string}\"},\"query-input\":{\"@type\":\"PropertyValueSpecification\",\"valueRequired\":true,\"valueName\":\"search_term_string\"}}],\"inLanguage\":\"en-US\"}]}<\/script>\n<!-- \/ Yoast SEO plugin. -->","yoast_head_json":{"title":"Whispers next to the painting The Bessemer Converter - Rialia","robots":{"index":"index","follow":"follow","max-snippet":"max-snippet:-1","max-image-preview":"max-image-preview:large","max-video-preview":"max-video-preview:-1"},"canonical":"https:\/\/rialia.eus\/museo\/exposicion-permanente\/hierro\/susurros-junto-al-cuadro-convertidor-bessemer\/","og_locale":"en_US","og_type":"article","og_title":"Whispers next to the painting The Bessemer Converter - Rialia","og_description":"Convertidor Bessemer de Nicol\u00e1s Mart\u00ednez Ortiz de Z\u00e1rate. Rialia. Industria museoa A steel-work scene. On the left-hand side of the picture are two men with defined muscles, handling an iron container held by heavy chains, while their colleagues, in the front, towards the centre, fill another one using spades full of mineral stones. In the [&hellip;]","og_url":"https:\/\/rialia.eus\/museo\/exposicion-permanente\/hierro\/susurros-junto-al-cuadro-convertidor-bessemer\/","og_site_name":"Rialia","article_modified_time":"2025-01-22T10:48:46+00:00","og_image":[{"url":"https:\/\/rialia.eus\/wp-content\/uploads\/1-bessemer_bn.jpg","type":"","width":"","height":""}],"twitter_card":"summary_large_image","twitter_misc":{"Est. reading time":"1 minute"},"schema":{"@context":"https:\/\/schema.org","@graph":[{"@type":"WebPage","@id":"https:\/\/rialia.eus\/museo\/exposicion-permanente\/hierro\/susurros-junto-al-cuadro-convertidor-bessemer\/","url":"https:\/\/rialia.eus\/museo\/exposicion-permanente\/hierro\/susurros-junto-al-cuadro-convertidor-bessemer\/","name":"Whispers next to the painting The Bessemer Converter - Rialia","isPartOf":{"@id":"https:\/\/rialia.eus\/#website"},"primaryImageOfPage":{"@id":"https:\/\/rialia.eus\/museo\/exposicion-permanente\/hierro\/susurros-junto-al-cuadro-convertidor-bessemer\/#primaryimage"},"image":{"@id":"https:\/\/rialia.eus\/museo\/exposicion-permanente\/hierro\/susurros-junto-al-cuadro-convertidor-bessemer\/#primaryimage"},"thumbnailUrl":"https:\/\/rialia.eus\/wp-content\/uploads\/1-bessemer_bn.jpg","datePublished":"2024-12-02T16:14:24+00:00","dateModified":"2025-01-22T10:48:46+00:00","breadcrumb":{"@id":"https:\/\/rialia.eus\/museo\/exposicion-permanente\/hierro\/susurros-junto-al-cuadro-convertidor-bessemer\/#breadcrumb"},"inLanguage":"en-US","potentialAction":[{"@type":"ReadAction","target":["https:\/\/rialia.eus\/museo\/exposicion-permanente\/hierro\/susurros-junto-al-cuadro-convertidor-bessemer\/"]}]},{"@type":"ImageObject","inLanguage":"en-US","@id":"https:\/\/rialia.eus\/museo\/exposicion-permanente\/hierro\/susurros-junto-al-cuadro-convertidor-bessemer\/#primaryimage","url":"https:\/\/rialia.eus\/wp-content\/uploads\/1-bessemer_bn.jpg","contentUrl":"https:\/\/rialia.eus\/wp-content\/uploads\/1-bessemer_bn.jpg"},{"@type":"BreadcrumbList","@id":"https:\/\/rialia.eus\/museo\/exposicion-permanente\/hierro\/susurros-junto-al-cuadro-convertidor-bessemer\/#breadcrumb","itemListElement":[{"@type":"ListItem","position":1,"name":"Portada","item":"https:\/\/rialia.eus\/en\/"},{"@type":"ListItem","position":2,"name":"Museum","item":"https:\/\/rialia.eus\/en\/museum\/"},{"@type":"ListItem","position":3,"name":"Permanent exhibition","item":"https:\/\/rialia.eus\/en\/museum\/permanent-exhibition\/"},{"@type":"ListItem","position":4,"name":"IRON","item":"https:\/\/rialia.eus\/en\/museum\/permanent-exhibition\/iron\/"},{"@type":"ListItem","position":5,"name":"Whispers next to the painting The Bessemer Converter"}]},{"@type":"WebSite","@id":"https:\/\/rialia.eus\/#website","url":"https:\/\/rialia.eus\/","name":"Rialia","description":"Industria Museoa \u2013 Museo de la Industria","potentialAction":[{"@type":"SearchAction","target":{"@type":"EntryPoint","urlTemplate":"https:\/\/rialia.eus\/?s={search_term_string}"},"query-input":{"@type":"PropertyValueSpecification","valueRequired":true,"valueName":"search_term_string"}}],"inLanguage":"en-US"}]}},"_links":{"self":[{"href":"https:\/\/rialia.eus\/en\/wp-json\/wp\/v2\/pages\/2735","targetHints":{"allow":["GET"]}}],"collection":[{"href":"https:\/\/rialia.eus\/en\/wp-json\/wp\/v2\/pages"}],"about":[{"href":"https:\/\/rialia.eus\/en\/wp-json\/wp\/v2\/types\/page"}],"author":[{"embeddable":true,"href":"https:\/\/rialia.eus\/en\/wp-json\/wp\/v2\/users\/1"}],"replies":[{"embeddable":true,"href":"https:\/\/rialia.eus\/en\/wp-json\/wp\/v2\/comments?post=2735"}],"version-history":[{"count":1,"href":"https:\/\/rialia.eus\/en\/wp-json\/wp\/v2\/pages\/2735\/revisions"}],"predecessor-version":[{"id":2736,"href":"https:\/\/rialia.eus\/en\/wp-json\/wp\/v2\/pages\/2735\/revisions\/2736"}],"up":[{"embeddable":true,"href":"https:\/\/rialia.eus\/en\/wp-json\/wp\/v2\/pages\/2587"}],"wp:attachment":[{"href":"https:\/\/rialia.eus\/en\/wp-json\/wp\/v2\/media?parent=2735"}],"curies":[{"name":"wp","href":"https:\/\/api.w.org\/{rel}","templated":true}]}}